{"id":1294,"date":"2015-03-22T14:01:48","date_gmt":"2015-03-22T17:01:48","guid":{"rendered":"http:\/\/efagundes.com.br\/artigos\/?page_id=1294"},"modified":"2015-03-22T14:01:48","modified_gmt":"2015-03-22T17:01:48","slug":"como-podemos-conceituar-uma-rede-intranet","status":"publish","type":"page","link":"https:\/\/efagundes.com\/artigos\/como-podemos-conceituar-uma-rede-intranet\/","title":{"rendered":"Como podemos conceituar uma rede Intranet?"},"content":{"rendered":"<p class=\"page_content\">Chama-se Intranet o uso da tecnologia da Internet numa rede privada de computadores. Com o r\u00e1pido desenvolvimento de ferramentas e aplica\u00e7\u00f5es para a Internet as empresas observaram que poderiam aproveitar essas tecnologias para aumentar a produtividade dos seus neg\u00f3cios. A Intranet \u00e9 algo novo, por\u00e9m seu uso vem crescendo a passos largos. O maior benef\u00edcio do uso de Intranet \u00e9 a facilidade do trabalho em grupo \u2013 groupware. Devido as caracter\u00edsticas da infraestrutura \u00e9 poss\u00edvel trabalhar com computadores de m\u00e9dio poder de processamento. Uma Intranet pode ser implementada em rede de computadores multiprotocolares, ou seja, em redes heterog\u00eaneas de computadores. Com isso, pode-se dizer que uma rede Intranet \u00e9 o mesmo que uma LAN, uma rede local de computadores.<\/p>\n<p class=\"page_content\">As tecnologias que operam atrav\u00e9s da Internet proveem de facilidades multim\u00eddia em computadores das mais diversas plataformas. Atrav\u00e9s de um software de visualiza\u00e7\u00e3o e reprodu\u00e7\u00e3o de efeitos multim\u00eddia, o browser, \u00e9 interagir com diversos servidores de dados, conhecidos com &#8220;Servidores Web&#8221; atrav\u00e9s de uma rede local de computadores (LANs) ou atrav\u00e9s de uma rede de computadores de longa dist\u00e2ncias (WANs). Os protocolos TCP\/IP e HTTP podem ser implementados em qualquer computador que execute Windows, UNIX, OS\/2, AS\/400 ou at\u00e9 mesmo o OS\/390, o sistemas operacional dos mainframes da IBM. Essa interoperacionalidade vem a resolver um dos grandes problemas das empresas para a integra\u00e7\u00e3o de sistemas.<\/p>\n<p class=\"page_content\">O trabalho em grupo \u00e9 sem d\u00favida a fun\u00e7\u00e3o mais atrativa para as empresas usarem a Intranet. Com a possibilidade de publica\u00e7\u00e3o de documentos na rede, os softwares de controle de fluxo de documentos, acesso \u00e0 banco de dados, reprodu\u00e7\u00e3o de imagens, v\u00eddeos e sons, uso de videoconfer\u00eancia e telefonia atrav\u00e9s da rede a comunica\u00e7\u00e3o entre as pessoas aumentaram e a troca de informa\u00e7\u00f5es \u00e9 mais intensa. A poucos anos atr\u00e1s um relat\u00f3rio de um projeto bem sucedido ia para um arquivo, hoje ele \u00e9 publicado na rede Intranet da empresa e compartilhado por todos os funcion\u00e1rios.<\/p>\n<p class=\"page_content\">As tecnologias de redes mais difundidas s\u00e3o o TCP\/IP, SPX\/IPX e SNA. O TCP\/IP \u00e9 o padr\u00e3o Internet e est\u00e1 sendo adotada em praticamente todas as redes de computadores para permitir a interoperacionalidade dos sistemas de aplica\u00e7\u00e3o. Entretanto, ainda existem grandes redes de computadores que utilizam outras tecnologias, a Novell com sua rede Netware que utiliza os protocolos SPX\/IPX e a IBM com sua rede SNA, al\u00e9m da sua rede local Token-ring. Para se alinharem com as tend\u00eancias de mercado e os requerimentos dos usu\u00e1rios foram criados gateways para converter do protocolo propriet\u00e1rio para o TCP\/IP. As vers\u00f5es mais recentes de software j\u00e1 trazem o TCP\/IP no modo nativo entre as op\u00e7\u00f5es de redes.<\/p>\n<p class=\"page_content\">Com essa converg\u00eancia para o protocolo TCP\/IP pode-se concluir que a rede Intranet ser\u00e1 a pr\u00f3pria rede de comunica\u00e7\u00e3o das empresas, tanto a LAN como a WAN. Os conceitos no futuro se confundir\u00e3o, pois ficar\u00e1 impl\u00edcito que uma rede de computadores tratar\u00e1 entre suas facilidades a capacidade de interoperacionalidade e uso de ferramentas multim\u00eddia n\u00e3o importando a plataforma de hardware e software adotada pela empresa.<\/p>\n","protected":false},"excerpt":{"rendered":"<p>Chama-se Intranet o uso da tecnologia da Internet numa rede privada de computadores. Com o r\u00e1pido desenvolvimento de ferramentas e aplica\u00e7\u00f5es para a Internet as empresas observaram que poderiam aproveitar essas tecnologias para aumentar a produtividade dos seus neg\u00f3cios. A Intranet \u00e9 algo novo, por\u00e9m seu uso vem crescendo a passos largos. O maior benef\u00edcio [&hellip;]<\/p>\n","protected":false},"author":1,"featured_media":0,"parent":0,"menu_order":0,"comment_status":"open","ping_status":"open","template":"","meta":{"jetpack_post_was_ever_published":false,"footnotes":""},"class_list":["post-1294","page","type-page","status-publish","hentry"],"jetpack_shortlink":"https:\/\/wp.me\/P8yInB-kS","jetpack-related-posts":[{"id":1277,"url":"https:\/\/efagundes.com\/artigos\/quais-sao-os-passos-para-se-implementar-uma-rede-intranet\/","url_meta":{"origin":1294,"position":0},"title":"Quais s\u00e3o os passos para se implementar uma rede Intranet?","author":"Eduardo Fagundes","date":"22 de mar\u00e7o de 2015","format":false,"excerpt":"O primeiro passo na implementa\u00e7\u00e3o de uma rede Intranet \u00e9 dispor da infraestrutura de rede de computador compat\u00edvel. Os demais passos s\u00e3o: Definir a miss\u00e3o da Intranet na empresa; Criar uma estrat\u00e9gia para o envolvimento do pessoal; Selecionar os padr\u00f5es de software para a rede; Adotar um processo para avalia\u00e7\u00e3o\u2026","rel":"","context":"Post similar","block_context":{"text":"Post similar","link":""},"img":{"alt_text":"","src":"","width":0,"height":0},"classes":[]},{"id":1303,"url":"https:\/\/efagundes.com\/artigos\/como-funciona-a-internet\/","url_meta":{"origin":1294,"position":1},"title":"Como funciona a Internet?","author":"Eduardo Fagundes","date":"22 de mar\u00e7o de 2015","format":false,"excerpt":"A Internet \u00e9 uma rede de computadores mundial de acesso de p\u00fablico ilimitado que utiliza uma infra-estrutura de telecomunica\u00e7\u00f5es homog\u00eanea. Atualmente qualquer pessoa f\u00edsica ou jur\u00eddica pode participar da Internet, incluindo empresas privadas, governos, escolas e organiza\u00e7\u00f5es n\u00e3o-governamentais. Os requisitos s\u00e3o possuir um computador, um software compat\u00edvel com a Internet\u2026","rel":"","context":"Post similar","block_context":{"text":"Post similar","link":""},"img":{"alt_text":"","src":"https:\/\/i0.wp.com\/img.youtube.com\/vi\/pufxMP4ssCE\/0.jpg?resize=350%2C200","width":350,"height":200},"classes":[]},{"id":1308,"url":"https:\/\/efagundes.com\/artigos\/como-definir-a-tecnologia-de-desenvolvimento-de-aplicacao-em-uma-intranet\/","url_meta":{"origin":1294,"position":2},"title":"Como definir a tecnologia de desenvolvimento de aplica\u00e7\u00e3o em uma Intranet?","author":"Eduardo Fagundes","date":"22 de mar\u00e7o de 2015","format":false,"excerpt":"As aplica\u00e7\u00f5es desenvolvidas para a Intranet t\u00eam a inten\u00e7\u00e3o de tornar mais flex\u00edvel o processamento de informa\u00e7\u00f5es do que as aplica\u00e7\u00f5es monol\u00edticas legadas de antigas plataformas de hardware e software. O ambiente computacional JAVA \u2013 JAVA Computing - da Sun Microsystem (adquirida pela Oracle) est\u00e1 sendo considerada \u00e0 tecnologia emergente\u2026","rel":"","context":"Post similar","block_context":{"text":"Post similar","link":""},"img":{"alt_text":"","src":"","width":0,"height":0},"classes":[]},{"id":1330,"url":"https:\/\/efagundes.com\/artigos\/grid-computing\/","url_meta":{"origin":1294,"position":3},"title":"Grid Computing","author":"Eduardo Fagundes","date":"22 de mar\u00e7o de 2015","format":false,"excerpt":"A pr\u00f3xima gera\u00e7\u00e3o de processamento Atualmente, algumas fun\u00e7\u00f5es de processamento s\u00e3o limitadas pelas restri\u00e7\u00f5es de seu computador pessoal ou mesmo dos servidores e mainframes de sua empresa. Entretanto, imagine um cen\u00e1rio onde seria poss\u00edvel solicitar a solu\u00e7\u00e3o de qualquer problema e que se isso exigisse processamento extra e a medida\u2026","rel":"","context":"Post similar","block_context":{"text":"Post similar","link":""},"img":{"alt_text":"GRID001","src":"https:\/\/i0.wp.com\/efagundes.com\/artigos\/wp-content\/uploads\/sites\/2\/2015\/03\/GRID0011.gif?resize=350%2C200","width":350,"height":200},"classes":[]},{"id":1583,"url":"https:\/\/efagundes.com\/artigos\/em-quais-tecnologias-devemos-apostar-ate-2010\/","url_meta":{"origin":1294,"position":4},"title":"Em quais tecnologias devemos apostar at\u00e9 2010?","author":"Eduardo Fagundes","date":"22 de mar\u00e7o de 2015","format":false,"excerpt":"Publicado em 14 de mar\u00e7o de 2004 At\u00e9 2010, doze tecnologias devem ser o foco de desenvolvimento da industria de inform\u00e1tica e telecomunica\u00e7\u00f5es, com \u00eanfase na comunica\u00e7\u00e3o sem fio, reconhecimento de voz, uso de software por demanda, ferramentas de pesquisa multim\u00eddia e tecnologias para pagamentos on-line. XML - eXtensible Markup\u2026","rel":"","context":"Post similar","block_context":{"text":"Post similar","link":""},"img":{"alt_text":"","src":"","width":0,"height":0},"classes":[]},{"id":1340,"url":"https:\/\/efagundes.com\/artigos\/internet-gratis\/","url_meta":{"origin":1294,"position":5},"title":"Internet Gr\u00e1tis","author":"Eduardo Fagundes","date":"22 de mar\u00e7o de 2015","format":false,"excerpt":"Introdu\u00e7\u00e3o A Internet gr\u00e1tis \u00e9 um assunto pol\u00eamico no Brasil. A associa\u00e7\u00e3o dos provedores de internet no Brasil acusa os provedores de Internet gr\u00e1tis de pr\u00e1ticas n\u00e3o competitivas, alegando que s\u00e3o subsidiados por empresas de telefonia. E, reivindicam as mesmas tarifas oferecidas aos provedores de internet gr\u00e1tis. E n\u00e3o \u00e9\u2026","rel":"","context":"Post similar","block_context":{"text":"Post similar","link":""},"img":{"alt_text":"","src":"","width":0,"height":0},"classes":[]}],"jetpack_sharing_enabled":true,"_links":{"self":[{"href":"https:\/\/efagundes.com\/artigos\/wp-json\/wp\/v2\/pages\/1294","targetHints":{"allow":["GET"]}}],"collection":[{"href":"https:\/\/efagundes.com\/artigos\/wp-json\/wp\/v2\/pages"}],"about":[{"href":"https:\/\/efagundes.com\/artigos\/wp-json\/wp\/v2\/types\/page"}],"author":[{"embeddable":true,"href":"https:\/\/efagundes.com\/artigos\/wp-json\/wp\/v2\/users\/1"}],"replies":[{"embeddable":true,"href":"https:\/\/efagundes.com\/artigos\/wp-json\/wp\/v2\/comments?post=1294"}],"version-history":[{"count":0,"href":"https:\/\/efagundes.com\/artigos\/wp-json\/wp\/v2\/pages\/1294\/revisions"}],"wp:attachment":[{"href":"https:\/\/efagundes.com\/artigos\/wp-json\/wp\/v2\/media?parent=1294"}],"curies":[{"name":"wp","href":"https:\/\/api.w.org\/{rel}","templated":true}]}}