{"id":1334,"date":"2015-03-22T14:46:03","date_gmt":"2015-03-22T17:46:03","guid":{"rendered":"http:\/\/efagundes.com.br\/artigos\/?page_id=1334"},"modified":"2015-03-30T00:17:45","modified_gmt":"2015-03-30T03:17:45","slug":"convergencia-de-dados-e-voz-na-proxima-geracao-de-redes","status":"publish","type":"page","link":"https:\/\/efagundes.com\/artigos\/convergencia-de-dados-e-voz-na-proxima-geracao-de-redes\/","title":{"rendered":"Converg\u00eancia de Dados e Voz na Pr\u00f3xima Gera\u00e7\u00e3o de Redes"},"content":{"rendered":"<p class=\"page_content\">A converg\u00eancia, atualmente um dos temas mais discutidos na ind\u00fastria de redes, nos apresenta uma nova vis\u00e3o sobre o futuro da pr\u00f3xima gera\u00e7\u00e3o das redes (NGN \u2013 N<em>ext Generation Network<\/em>) e de aplica\u00e7\u00f5es multim\u00eddia. Ser\u00e1 concretizado o velho sonho de uma plataforma de transporte comum para v\u00eddeo, voz e dados. A NGN permitir\u00e1 aplica\u00e7\u00f5es do tipo telefonia via IP, acesso a Web atrav\u00e9s de telefones m\u00f3veis e o streaming de v\u00eddeo se tornar\u00e1 uma realidade.<\/p>\n<p class=\"page_content\">Os protocolos da Internet suportam o transporte de dados, praticamente, de qualquer tipo de rede, desde pequenas LAN de escrit\u00f3rios at\u00e9 redes globais com v\u00e1rios provedores de redes. Embora as tradicionais redes de dados, como o SNA da IBM e das redes legadas de alguns provedores de telecomunica\u00e7\u00f5es (X.25, Frame Relay), estejam fazendo um grande esfor\u00e7o para se acomodarem nas redes IP, esse artigo concentra-se apenas nos novos protocolos de suporte aos servi\u00e7os de telefonia.<\/p>\n<p class=\"page_content\">Um dos desafios da NGN \u00e9 a complexidade de testes para a determina\u00e7\u00e3o de problemas e garantia de disponibilidade e performance. Isso \u00e9 importante para reduzir os custos de opera\u00e7\u00e3o, reduzir o n\u00famero de reparos e melhorar o tempo de reestabelecimento dos servi\u00e7os. Possibilitando, o mais poss\u00edvel, antecipar e evitar a ruptura do servi\u00e7o, atrav\u00e9s de um eficiente processo de coleta de eventos e uma constante monitora\u00e7\u00e3o da rede.<\/p>\n<h3 class=\"title_content_2\">As Novas Aplica\u00e7\u00f5es da Pr\u00f3xima Gera\u00e7\u00e3o de Redes (NGN)<\/h3>\n<p class=\"page_content\">A NGN integra infra-estruturas de redes tais como WAN \u2013 <em>Wide Area Network<\/em>, LAN \u2013<em>Local Area Network<\/em>, MAN \u2013 <em>Metropolitan Area Network<\/em>, e redes sem fio, antes discutidas em separado. A integra\u00e7\u00e3o de recursos e a converg\u00eancia do tr\u00e1fego reduz os custos totais dos recursos da rede, permitindo o compartilhamento da opera\u00e7\u00e3o, a administra\u00e7\u00e3o da rede, a manuten\u00e7\u00e3o e aprovisionamento de equipamentos, e facilidades para o desenvolvimento de aplica\u00e7\u00f5es multim\u00eddia. As tecnologias da Internet criam oportunidades para combinar os servi\u00e7os de voz, dados e v\u00eddeo, criando sinergia entre eles.<\/p>\n<p class=\"page_content\">A figura 1 mostra os elementos de uma NGN desenhada para suportar comunica\u00e7\u00e3o de voz e transporte de dados. Embora, n\u00e3o exista uma defini\u00e7\u00e3o \u00fanica para uma NGN. De fato, as caracter\u00edsticas de implementa\u00e7\u00e3o de NGN podem variar. Essas diferentes caracter\u00edsticas s\u00e3o resultado de:<\/p>\n<ul class=\"Unordered_List\">\n<li>V\u00e1rias tecnologias convergentes.<\/li>\n<li class=\"style_artigo_texto\">V\u00e1rios padr\u00f5es que competem entre si ou especifica\u00e7\u00f5es de diferentes padr\u00f5es.<\/li>\n<li class=\"style_artigo_texto\">V\u00e1rios fornecedores e provedores de telecomunica\u00e7\u00f5es que utilizam diferentes tecnologias que competem em mercados n\u00e3o regulamentados.<\/li>\n<li class=\"style_artigo_texto\">V\u00e1rias defini\u00e7\u00f5es de servi\u00e7os com diferentes QoS (<em>Quality of Service<\/em>).<\/li>\n<\/ul>\n<p><a href=\"http:\/\/efagundes.com\/artigos\/wp-content\/uploads\/sites\/2\/2015\/03\/NGN0011.png\"><img loading=\"lazy\" decoding=\"async\" class=\"alignnone size-full wp-image-1834\" src=\"http:\/\/efagundes.com\/artigos\/wp-content\/uploads\/sites\/2\/2015\/03\/NGN0011.png\" alt=\"NGN001\" width=\"457\" height=\"370\" srcset=\"https:\/\/efagundes.com\/artigos\/wp-content\/uploads\/sites\/2\/2015\/03\/NGN0011.png 457w, https:\/\/efagundes.com\/artigos\/wp-content\/uploads\/sites\/2\/2015\/03\/NGN0011-300x243.png 300w\" sizes=\"auto, (max-width: 457px) 100vw, 457px\" \/><\/a><\/p>\n<p>&nbsp;<\/p>\n<p><span class=\"page_content\">Figura 1: Pr\u00f3xima Gera\u00e7\u00e3o de Redes de Voz\/Dados<\/span><\/p>\n<p class=\"page_content\">O maior est\u00edmulo para a mudan\u00e7a das redes \u00e9 a redu\u00e7\u00e3o de custos. Os custos dos equipamentos de telecomunica\u00e7\u00f5es t\u00eam ca\u00eddo na mesma propor\u00e7\u00e3o dos PCs e isso t\u00eam estimulado o crescimento e o uso das redes. Outra economia \u00e9 o uso compartilhado da infraestrutura, opera\u00e7\u00e3o, manuten\u00e7\u00e3o e uso dos servi\u00e7os de rede. Por exemplo, uma NGN introduz solu\u00e7\u00f5es que usam um acesso IP para v\u00e1rias redes privadas, para acesso \u00e0 Internet e para os tradicionais PBXs, resultando em redu\u00e7\u00f5es significativas de custos.<\/p>\n<p class=\"page_content\">A Internet e os acessos on-line trouxeram milh\u00f5es de consumidores potenciais, entretanto, a converg\u00eancia dos servi\u00e7os ser\u00e1 a grande oportunidade para novos neg\u00f3cios, n\u00e3o apenas a redu\u00e7\u00e3o de custos. Os novos servi\u00e7os ser\u00e3o orientados pelas seguintes itens:<\/p>\n<p>Novas aplica\u00e7\u00f5es avan\u00e7adas que organizam a forma de trabalho. Streaming de v\u00eddeo, e-commerce e os leil\u00f5es on-line s\u00e3o exemplos do \u00e9 chamado &#8220;aplica\u00e7\u00f5es de conte\u00fado especifico&#8221;, enquanto a v\u00eddeo conferencia com o compartilhamento de documentos atrav\u00e9s da Web \u00e9 um exemplo de &#8220;aplica\u00e7\u00e3o de rede&#8221;.<\/p>\n<p>A desregulamenta\u00e7\u00e3o das telecomunica\u00e7\u00f5es permitir\u00e1 que os provedores de telecomunica\u00e7\u00f5es possam explorar novas tecnologias e oferecer servi\u00e7os sofisticados aos clientes. A conectividade universal, os <em>devices<\/em> multifuncionais, o aprovisionamento de servi\u00e7os e facilidades, e os servi\u00e7os que ultrapassem os limites das redes dos provedores de telecomunica\u00e7\u00f5es s\u00e3o alguns dos requerimentos do mercado, independente do ambiente regulament\u00e1rio.<\/p>\n<p>A op\u00e7\u00e3o da ind\u00fastria por sistemas abertos torna a integra\u00e7\u00e3o das redes vi\u00e1vel. A consolida\u00e7\u00e3o do mundo da voz (VoIP, voz atrav\u00e9s de rede sem fio e a telefonia tradicional) e o mundo dos dados (Internet, Intranet, transmiss\u00e3o sem fio e transmiss\u00e3o atrav\u00e9s da rede de voz) \u2013 dois ambientes distintos \u2013 \u00e9 uma significativa mudan\u00e7a sem ter que usar gateways e configurar interfaces.<\/p>\n<p class=\"page_content\">Mesmo que o foco atual sejam as aplica\u00e7\u00f5es e os servi\u00e7os competitivos, \u00e9 praticamente imposs\u00edvel introduzir uma NGN sem considerar as seguintes tecnologias de rede:<\/p>\n<p class=\"page_content\" style=\"padding-left: 30px;\"><strong>Processamento Digital de Sinais<\/strong>: <span lang=\"PT-BR\">o processamento dos sinais digitais \u00e9 a tecnologia chave para a integra\u00e7\u00e3o do trafego de voz e dados.\u00a0 A vantagem dessa \u00e1rea \u00e9 a facilidade de compress\u00e3o de voz e a sua convers\u00e3o para pacotes de dados.<\/span><\/p>\n<p class=\"page_content\" style=\"padding-left: 30px;\"><strong>Roteamento dos pacotes<\/strong>: os recentes protocolos de roteamento permitem priorizar as filas e pacotes das aplica\u00e7\u00f5es que exijam qualidade de servi\u00e7o (QoS).<\/p>\n<p class=\"page_content\" style=\"padding-left: 30px;\"><strong>Redes \u00d3pticas<\/strong>: as redes \u00f3pticas aumentam, dramaticamente, a banda de transmiss\u00e3o que est\u00e1 dispon\u00edvel pelos provedores de telecomunica\u00e7\u00f5es e dos usu\u00e1rios. As vantagens da multiplexa\u00e7\u00e3o por onda de luz e o roteamento por comprimento de onda dever\u00e1 consolidar o roteamento nas redes \u00f3pticas.<\/p>\n<p class=\"page_content\" style=\"padding-left: 30px;\"><strong>Protocolos Avan\u00e7ados<\/strong>: desde que o TCP\/IP tornou-se um protocolo estrat\u00e9gico, muitos esfor\u00e7os est\u00e3o sendo feitos para conceber novas fun\u00e7\u00f5es e aumentar sua performance. As redes baseadas em IP em breve dever\u00e3o ser capazes de prover a mesma qualidade de servi\u00e7o encontradas nas redes ATM atualmente. Recentes avan\u00e7os incluem o protocolo RTP (<em>Realtime Transfer Procotocol<\/em>), o MPLS (<em>Multi-Protocol Label Switching<\/em>), o SS7-to-IP e a classe de servi\u00e7o diferenciada (DiffServ).<\/p>\n<p class=\"page_content\">O tr\u00e1fego convergente tem trazido consider\u00e1vel interesse para os administradores de rede e tem levado os provedores de servi\u00e7os de rede a introduzir solu\u00e7\u00f5es que v\u00e3o ao encontro com os requerimentos dos clientes. Nem os tradicionais servi\u00e7os de telefonia nem os novos provedores de NGN ser\u00e3o competitivos apenas reduzindo os custos de transmiss\u00e3o, entretanto, o ponto chave \u00e9 o QoS, caracter\u00edsticas como performance, disponibilidade, flexibilidade e adaptabilidade, ser\u00e3o padr\u00e3o de mercado.<\/p>\n<h3><span class=\"title_content_2\">Protocolos para Redes Convergentes<\/span><\/h3>\n<p class=\"page_content\">As NGNs necessitam suportar uma grande variedade de fun\u00e7\u00f5es de rede, incluindo os tradicionais protocolos orientados a dados e os mais recentes protocolos orientados a converg\u00eancia. At\u00e9 o protocolo b\u00e1sico TCP\/IP deve ser desenvolvido para atender os r\u00edgidos requerimentos de crescimento, gerenciamento, seguran\u00e7a e qualidade das NGNs.<\/p>\n<p class=\"page_content\">Os novos protocolos, incluindo protocolos padronizados e propriet\u00e1rios, est\u00e3o sendo introduzidos quase t\u00e3o r\u00e1pido quanto eles est\u00e3o sendo desenvolvidos. Esses protocolos s\u00e3o a chave para consolidar a converg\u00eancia das redes. O termo &#8220;converg\u00eancia&#8221; cobre normalmente uma ampla gama de possibilidades incluindo as redes sem fio, distribui\u00e7\u00e3o de r\u00e1dio e v\u00eddeo, servi\u00e7os remotos, portais de informa\u00e7\u00f5es, etc. Entretanto, ainda \u00e9 a converg\u00eancia da telefonia e de dados baseados em IP que produzem as aplica\u00e7\u00f5es &#8220;killers&#8221;, ou seja, aquelas aplica\u00e7\u00f5es que destronam aplica\u00e7\u00f5es de sucesso que usam antigas tecnologias.<\/p>\n<p class=\"page_content\">Os padr\u00f5es de transmiss\u00e3o de voz sobre IP (VoIP) e de voz sobre ATM foram desenvolvidos nos \u00faltimos anos e est\u00e3o agora sendo implementados pelos provedores de telecomunica\u00e7\u00f5es e empresas em suas redes corporativas. O protocolo VoIP \u00e9 fruto de f\u00f3runs como o IETF (<em>Internet Engineering Task Force<\/em>), o <em>International Softswitch Consortium<\/em>, e o ETSI TIPHON.<\/p>\n<p class=\"page_content\">Os protocolos usados pelo VoIP podem ser divididos em quatro \u00e1reas especificas, como apresentada na tabela 1.<\/p>\n<table class=\"page_content\" border=\"1\" width=\"381\" cellspacing=\"1\" cellpadding=\"4\" bgcolor=\"#FFFFFF\">\n<tbody>\n<tr>\n<td valign=\"top\" width=\"23%\">Padr\u00f5es<\/td>\n<td valign=\"top\" width=\"25%\">Protocolos<\/td>\n<td valign=\"top\" width=\"52%\">Proposta<\/td>\n<\/tr>\n<tr>\n<td valign=\"top\" width=\"23%\">SS7 over IP<\/td>\n<td valign=\"top\" width=\"25%\">SIGTRAN, TALI, Q.2111<\/td>\n<td valign=\"top\" width=\"52%\">As redes IP precisam ter interfaces com o protocolo de sinaliza\u00e7\u00e3o SS7 e tamb\u00e9m prover transporte entre elas. Permitir que a sinaliza\u00e7\u00e3o de voz possa ser manipulada em um ambiente IP.<\/td>\n<\/tr>\n<tr>\n<td valign=\"top\" width=\"23%\">Session Set-up<\/td>\n<td valign=\"top\" width=\"25%\">H.323, SIP, BICC, SIP-T<\/td>\n<td valign=\"top\" width=\"52%\">As redes convergentes devem ter o &#8220;melhor esfor\u00e7o&#8221; de transporte para suportar as sess\u00f5es que representam o fluxo de dados e ter definido as especifica\u00e7\u00f5es de QoS. Permitir estabilidade, modifica\u00e7\u00e3o e termina\u00e7\u00e3o das chamadas multim\u00eddia.<\/td>\n<\/tr>\n<tr>\n<td valign=\"top\" width=\"23%\">Gateway Control<\/td>\n<td valign=\"top\" width=\"25%\">MGCP, MEGACO (H.248)<\/td>\n<td valign=\"top\" width=\"52%\">Iniciar e terminar sess\u00f5es. Interfaces s\u00e3o necess\u00e1rias para tarifa\u00e7\u00e3o, aprovisionamento e a sistemas de atendimento a clientes.<\/td>\n<\/tr>\n<tr>\n<td valign=\"top\" width=\"23%\">Transporte<\/td>\n<td valign=\"top\" width=\"25%\">RTP (Voz sobre IP) ou AAL1\/AAL2 (Voz sobre ATM)<\/td>\n<td valign=\"top\" width=\"52%\">Comunica\u00e7\u00f5es em tempo real s\u00e3o requeridas para redes convergentes que suportam telefonia, e isso deve ser combinado com o transporte tradicional de dados.<\/td>\n<\/tr>\n<\/tbody>\n<\/table>\n<p class=\"page_content\">Tabela 1: \u00c1reas de Padroniza\u00e7\u00e3o para VoIP<\/p>\n<p class=\"page_content\">A figura 2 ilustra os elementos fundamentais de um backbone de rede SS7\/IP e onde os protocolos s\u00e3o requeridos para suporte de voz.<\/p>\n<p class=\"page_content\"><a href=\"http:\/\/efagundes.com\/artigos\/wp-content\/uploads\/sites\/2\/2015\/03\/NGN0021.gif\"><img loading=\"lazy\" decoding=\"async\" class=\"alignnone size-full wp-image-1835\" src=\"http:\/\/efagundes.com\/artigos\/wp-content\/uploads\/sites\/2\/2015\/03\/NGN0021.gif\" alt=\"NGN002\" width=\"397\" height=\"367\" \/><\/a><\/p>\n<p class=\"page_content\">\n<p class=\"page_content\">Figura 2: Componentes e protocolos para Voz sobre IP<\/p>\n<p class=\"page_content\">O <em>Media Gateway Controller<\/em> (MGC) executa fun\u00e7\u00f5es de estabelecimento e finaliza\u00e7\u00e3o de sess\u00f5es na rede IP. Ele mant\u00e9m o estado de todas as chamadas e dos recursos alocados para elas. O MGC possui interfaces para v\u00e1rios bancos de dados em redes IP e SS7 (por exemplo, pol\u00edticas de diret\u00f3rios) para acessar usu\u00e1rios e servi\u00e7os. O MGC tamb\u00e9m possui a facilidade de prover endere\u00e7os e um protocolo de tradu\u00e7\u00e3o entre elementos de diferentes redes necess\u00e1rios para invocar uma chamada. At\u00e9 o final de uma chamada o MGC coleta informa\u00e7\u00f5es para bilhetagem. Existem dois protocolos b\u00e1sicos que s\u00e3o utilizados para controle: o <em>Media Gateway Control Protocol<\/em> (MGCP) e o MEGACO (tamb\u00e9m chamado H.248). A interface com as redes SS7 s\u00e3o feitas atrav\u00e9s dos protocolos SS7\/IP. A pol\u00edtica de diret\u00f3rios no ambiente IP s\u00e3o acessadas usando os protocolos LDAP (<em>Lightweight Directory Access Protocol <\/em>) e COPS (<em>Common Open Policy Service<\/em>). No caso de um cliente IP, o MGC ir\u00e1 usar o SIP ou o H.323 para estabelecer a chamada e alocar os recursos e servi\u00e7os necess\u00e1rios. O MGC tamb\u00e9m far\u00e1 a tradu\u00e7\u00e3o entre o H.323 e SIP para a interconex\u00e3o de clientes com diferentes protocolos.<\/p>\n<p class=\"page_content\">O <em>Signaling Gateway<\/em> executa as fun\u00e7\u00f5es de convers\u00e3o entre as mensagens SS7 transmitidas atrav\u00e9s dos circuitos telef\u00f4nicos e as mensagens SS7 atrav\u00e9s das redes IP. Os atuais protocolos de conectividade para IP-SS7 s\u00e3o o SIGTRAN. TALI e Q.2111. Em todos os casos a regra do Signaling Gateway \u00e9 estabelecer e encerrar uma ou mais conex\u00f5es IP-SS7 e manter o estado de conex\u00e3o entre as duas redes. Mantendo a sequencia de n\u00fameros, confirma\u00e7\u00f5es de conex\u00f5es, retransmiss\u00f5es e notifica\u00e7\u00f5es da exist\u00eancia de pacotes fora de sequencia. O controle de congestionamento, a detec\u00e7\u00e3o de falhas nas sess\u00f5es e seguran\u00e7a s\u00e3o outras fun\u00e7\u00f5es importantes executadas pelo<em>Signaling Gateway<\/em>.<\/p>\n<p class=\"page_content\">O Media Gateway faz a adapta\u00e7\u00e3o da m\u00eddia entre redes. Uma das m\u00eddias \u00e9 presum\u00edvel ser pacotes, frames ou c\u00e9lulas de redes do tipo IP ou ATM. Como uma especifica\u00e7\u00e3o de um <em>Media Gateway<\/em>, o <em>Trunking Gateway<\/em> faz a convers\u00e3o b\u00e1sica de circuitos E1\/T1 e os ambientes ATM ou IP. Um Media Gateway mant\u00e9m a informa\u00e7\u00e3o de todos os recursos e, em caso de links ocupados ele assegura o tratamento apropriado de gerenciamento para cada situa\u00e7\u00e3o. At\u00e9 o encerramento de uma chamada o Media Gateway prov\u00ea o MGC (<em>Media Gateway Controller<\/em>) de informa\u00e7\u00f5es do QoS para fins de bilhetagem. O <em>Media Gateway<\/em> poder\u00e1 terminar uma conex\u00e3o de circuitos (linhas troncos, loops), transformar em pacotes o stream de dados se a chamada ainda n\u00e3o estiver nesse estado, e ent\u00e3o liberar o tr\u00e1fego para a rede IP. O Media Gateway realiza conex\u00f5es ponto-a-ponto e conferencias, e suporta fun\u00e7\u00f5es como convers\u00e3o da m\u00eddia, aloca\u00e7\u00e3o de recursos (incluindo reserva) e notifica\u00e7\u00f5es de eventos.<\/p>\n<p class=\"page_content\">Um Access Gateway, que combina informa\u00e7\u00f5es do <em>Signaling Gateway<\/em> com o <em>Trunking Gateway<\/em>, \u00e9 usado pelo ISDN ou CAS (<em>Common Access Signaling<\/em>) para inserir a sinaliza\u00e7\u00e3o em uma rede TDM. O <em>Access Gateway<\/em> extrai uma informa\u00e7\u00e3o de controle dos protocolos de sinaliza\u00e7\u00e3o como o DMTF (<em>Dual-Tone MultiFrequency<\/em>) ou PRI (<em>Primary Rate Interface<\/em>) e envia a informa\u00e7\u00e3o para o MGC para processamento. Os problemas encontrados entre dom\u00ednios, onde uma conex\u00e3o entre os pontos finais requer o roteamento em diferentes redes de provedores de telecomunica\u00e7\u00f5es, n\u00e3o s\u00e3o geralmente cobertas pelos atuais padr\u00f5es ou pela estrutura mostrada na figura 2.<\/p>\n<h3><span class=\"title_content_2\">Gerenciamento de Protocolos nas NGNs<\/span><\/h3>\n<p class=\"page_content\">Os padr\u00f5es de VoIP n\u00e3o s\u00e3o apenas pr\u00e9-requisitos para o sucesso da converg\u00eancia em larga escala. O gerenciamento dos protocolos assumir\u00e1 um papel importante nas NGNs, especialmente quando envolver v\u00e1rios provedores de telecomunica\u00e7\u00f5es. O SNMP (<em>Simple Network Management Protocol<\/em>) \u00e9 necess\u00e1rio para o gerenciamento de qualquer elemento da rede, atrav\u00e9s de mensagens MIB (<em>Management Information Base<\/em>). Outros protocolos s\u00e3o utilizados para suportar as pol\u00edticas de controle das redes, tais como LDAP, COPS e XML.<\/p>\n","protected":false},"excerpt":{"rendered":"<p>A converg\u00eancia, atualmente um dos temas mais discutidos na ind\u00fastria de redes, nos apresenta uma nova vis\u00e3o sobre o futuro da pr\u00f3xima gera\u00e7\u00e3o das redes (NGN \u2013 Next Generation Network) e de aplica\u00e7\u00f5es multim\u00eddia. Ser\u00e1 concretizado o velho sonho de uma plataforma de transporte comum para v\u00eddeo, voz e dados. A NGN permitir\u00e1 aplica\u00e7\u00f5es do [&hellip;]<\/p>\n","protected":false},"author":1,"featured_media":0,"parent":0,"menu_order":0,"comment_status":"open","ping_status":"open","template":"","meta":{"jetpack_post_was_ever_published":false,"footnotes":""},"class_list":["post-1334","page","type-page","status-publish","hentry"],"jetpack_shortlink":"https:\/\/wp.me\/P8yInB-lw","jetpack-related-posts":[{"id":1315,"url":"https:\/\/efagundes.com\/artigos\/simplificando-a-topologia-de-redes-opticas\/","url_meta":{"origin":1334,"position":0},"title":"Simplificando a topologia de redes \u00f3pticas","author":"Eduardo Fagundes","date":"22 de mar\u00e7o de 2015","format":false,"excerpt":"Analisando as topologias dos provedores de telecomunica\u00e7\u00f5es observarmos quatro arquiteturas presentes: conex\u00f5es ponto-a-ponto \u00f3pticas; an\u00e9is SDH\/SONET; redes ATM e redes IP. Conex\u00f5es ponto-a-ponto: essas conex\u00f5es feitas atrav\u00e9s de fibras \u00f3pticas dedicadas, conhecidas como \"dark fiber\", utilizam a tecnologia DWDM de m\u00faltiplos canais \u00f3pticos \u2013 lambdas \u2013 cada um usando uma\u2026","rel":"","context":"Com 1 coment\u00e1rio","block_context":{"text":"Com 1 coment\u00e1rio","link":"https:\/\/efagundes.com\/artigos\/simplificando-a-topologia-de-redes-opticas\/#comments"},"img":{"alt_text":"Simp_redes_opticas_1","src":"https:\/\/i0.wp.com\/efagundes.com\/artigos\/wp-content\/uploads\/sites\/2\/2015\/03\/Simp_redes_opticas_11.gif?resize=350%2C200","width":350,"height":200},"classes":[]},{"id":1311,"url":"https:\/\/efagundes.com\/artigos\/infraestrutura-comum-para-provedores-de-servicos-e-empresas\/","url_meta":{"origin":1334,"position":1},"title":"Infraestrutura comum para provedores de servi\u00e7os e empresas","author":"Eduardo Fagundes","date":"22 de mar\u00e7o de 2015","format":false,"excerpt":"No passado, os provedores de servi\u00e7os de telecomunica\u00e7\u00f5es projetavam, implementavam e operavam suas pr\u00f3prias redes f\u00edsicas. Essas redes eram desenhadas dentro de altos padr\u00f5es t\u00e9cnicos. No Brasil, eram conhecidas como as normas TELEBRAS. Os provedores desenhavam suas redes para atender a cinco caracter\u00edsticas: disponibilidade, flexibilidade, escalabilidade e fatores importantes para\u2026","rel":"","context":"Post similar","block_context":{"text":"Post similar","link":""},"img":{"alt_text":"Infra_comum01","src":"https:\/\/i0.wp.com\/efagundes.com\/artigos\/wp-content\/uploads\/sites\/2\/2015\/03\/Infra_comum011.jpg?resize=350%2C200","width":350,"height":200},"classes":[]},{"id":1323,"url":"https:\/\/efagundes.com\/artigos\/a-convergencia-das-redes-de-voz\/","url_meta":{"origin":1334,"position":2},"title":"A Converg\u00eancia das Redes de Voz","author":"Eduardo Fagundes","date":"22 de mar\u00e7o de 2015","format":false,"excerpt":"A comunica\u00e7\u00e3o via redes de pacotes como IP, ATM e Frame Relay est\u00e3o tendo a prefer\u00eancia dos planejadores de redes corporativas. Alguns especialistas afirmam que o tr\u00e1fico de dados superar\u00e1 o tr\u00e1fico de voz. Se j\u00e1 n\u00e3o ultrapassou. Atualmente, as empresas est\u00e3o avaliando o transporte de voz sobre as redes\u2026","rel":"","context":"Post similar","block_context":{"text":"Post similar","link":""},"img":{"alt_text":"Conv_voz","src":"https:\/\/i0.wp.com\/efagundes.com\/artigos\/wp-content\/uploads\/sites\/2\/2015\/03\/Conv_voz.gif?resize=350%2C200","width":350,"height":200},"classes":[]},{"id":1320,"url":"https:\/\/efagundes.com\/artigos\/migracao-das-redes-privadas-para-redes-ip-publica\/","url_meta":{"origin":1334,"position":3},"title":"Migra\u00e7\u00e3o das redes privadas para redes IP p\u00fablica","author":"Eduardo Fagundes","date":"22 de mar\u00e7o de 2015","format":false,"excerpt":"Atualmente as empresas est\u00e3o planejando a migra\u00e7\u00e3o de todos os servi\u00e7os de rede para a Internet ou para redes IP de provedores de servi\u00e7os de telecomunica\u00e7\u00f5es (ISP). Por\u00e9m, ainda existem preocupa\u00e7\u00f5es sobre a seguran\u00e7a e performance da Internet. Consequentemente, muitas empresas ainda preferem continuar usando circuitos dedicados e Frame Relay\u2026","rel":"","context":"Post similar","block_context":{"text":"Post similar","link":""},"img":{"alt_text":"Redes_privadas_IP","src":"https:\/\/i0.wp.com\/efagundes.com\/artigos\/wp-content\/uploads\/sites\/2\/2015\/03\/Redes_privadas_IP1.gif?resize=350%2C200","width":350,"height":200},"classes":[]},{"id":1338,"url":"https:\/\/efagundes.com\/artigos\/seguranca-para-equipamentos-sem-fio\/","url_meta":{"origin":1334,"position":4},"title":"Seguran\u00e7a para equipamentos sem fio","author":"Eduardo Fagundes","date":"22 de mar\u00e7o de 2015","format":false,"excerpt":"O mercado empresarial est\u00e1 implementando cada vez mais aplica\u00e7\u00f5es em equipamentos sem fio. Algumas operadoras de celulares est\u00e3o oferecendo servi\u00e7os de conex\u00e3o sem fio para notebook e handhelds, al\u00e9m dos servi\u00e7os de dados para celulares. Para o mercado empresarial, a ado\u00e7\u00e3o de mecanismos de seguran\u00e7a para esses devices remotos assume\u2026","rel":"","context":"Post similar","block_context":{"text":"Post similar","link":""},"img":{"alt_text":"","src":"","width":0,"height":0},"classes":[]},{"id":1641,"url":"https:\/\/efagundes.com\/artigos\/compartilhe-sua-visao-sobre-a-tecnologia-para-acelerar-o-movimento-de-mercado-e-implantar-os-projetos-de-forma-mais-rapida-e-segura\/","url_meta":{"origin":1334,"position":5},"title":"Compartilhe sua vis\u00e3o sobre a tecnologia para acelerar o movimento de mercado e implantar os projetos de forma mais r\u00e1pida e segura","author":"Eduardo Fagundes","date":"22 de mar\u00e7o de 2015","format":false,"excerpt":"Introdu\u00e7\u00e3o A TIC tornou-se chave para a efici\u00eancia empresarial e um bom planejamento de TIC garante o \u00f3timo aproveitamento dos escassos recursos financeiros das empresas, viabiliza novos neg\u00f3cios e diferencia a empresa da concorr\u00eancia. A efici\u00eancia de TIC depende fortemente de seu alinhamento com a estrat\u00e9gia da empresa. Por outro\u2026","rel":"","context":"Post similar","block_context":{"text":"Post similar","link":""},"img":{"alt_text":"","src":"","width":0,"height":0},"classes":[]}],"jetpack_sharing_enabled":true,"_links":{"self":[{"href":"https:\/\/efagundes.com\/artigos\/wp-json\/wp\/v2\/pages\/1334","targetHints":{"allow":["GET"]}}],"collection":[{"href":"https:\/\/efagundes.com\/artigos\/wp-json\/wp\/v2\/pages"}],"about":[{"href":"https:\/\/efagundes.com\/artigos\/wp-json\/wp\/v2\/types\/page"}],"author":[{"embeddable":true,"href":"https:\/\/efagundes.com\/artigos\/wp-json\/wp\/v2\/users\/1"}],"replies":[{"embeddable":true,"href":"https:\/\/efagundes.com\/artigos\/wp-json\/wp\/v2\/comments?post=1334"}],"version-history":[{"count":0,"href":"https:\/\/efagundes.com\/artigos\/wp-json\/wp\/v2\/pages\/1334\/revisions"}],"wp:attachment":[{"href":"https:\/\/efagundes.com\/artigos\/wp-json\/wp\/v2\/media?parent=1334"}],"curies":[{"name":"wp","href":"https:\/\/api.w.org\/{rel}","templated":true}]}}