{"id":1523,"date":"2015-03-22T17:16:16","date_gmt":"2015-03-22T20:16:16","guid":{"rendered":"http:\/\/efagundes.com.br\/artigos\/?page_id=1523"},"modified":"2015-03-22T17:16:16","modified_gmt":"2015-03-22T20:16:16","slug":"sua-equipe-esta-superdimensionada","status":"publish","type":"page","link":"https:\/\/efagundes.com\/artigos\/sua-equipe-esta-superdimensionada\/","title":{"rendered":"Sua Equipe est\u00e1 Superdimensionada?"},"content":{"rendered":"<p class=\"page_content\">Um sintoma de super dimensionamento da equipe \u00e9 quando as pessoas gastam mais que uma fra\u00e7\u00e3o de tempo em conflitos de relacionamento ou em discuss\u00f5es dentro de feudos.\u00a0 Isso reduz muito o desempenho da equipe, piora o clima organizacional e coloca os objetivos da empresa em risco. \u00a0Se voc\u00ea identificar esses problemas n\u00e3o perca tempo em fazer uma reestrutura\u00e7\u00e3o da equipe. N\u00e3o deixe essa situa\u00e7\u00e3o se prolongar por muito tempo.<\/p>\n<p class=\"page_content\">Em organiza\u00e7\u00f5es de alta performance n\u00e3o existe espa\u00e7o para disputas de poder e tempo para resolver problemas interpessoais. Se sua organiza\u00e7\u00e3o est\u00e1 enfrentando essa situa\u00e7\u00e3o pode-se inferir que os projetos est\u00e3o atrasados ou sua equipe est\u00e1 superdimensionada. No pior dos casos, as duas coisas podem acontecer.<\/p>\n<p class=\"page_content\"><strong>Pergunta<\/strong>:<br \/>\n<span class=\"style_red\">Voc\u00ea e seus colegas de equipe gastam muito tempo resolvendo conflitos interpessoais? Os projetos atrasam de forma sistem\u00e1tica?<\/span><\/p>\n<p class=\"page_content\">As equipes devem estar bem dimensionadas para evitar gastos desnecess\u00e1rios. Uma equipe subdimensionada n\u00e3o consegue atender a demanda da empresa. As pessoas t\u00eam que trabalhar muitas horas fora do hor\u00e1rio normal e tendem a buscar outros empregos. Por outro lado, uma equipe superdimensionada al\u00e9m de trazer gastos desnecess\u00e1rios, as pessoas tende a criar feudos (tamb\u00e9m conhecidas como panelinhas) e isso acaba consumido muito tempo. Tempo esse que poderia estar sendo convertido na busca de inova\u00e7\u00e3o para a empresa.<\/p>\n<p class=\"page_content\"><strong>Das Palavras \u00e0 A\u00e7\u00e3o:<br \/>\n<\/strong><span class=\"style_red\">Reveja sua organiza\u00e7\u00e3o e avalie se ela est\u00e1 ajustada para as necessidades de sua organiza\u00e7\u00e3o.<\/span><\/p>\n<p class=\"page_content\">N\u00e3o espere muito tempo para tomar a decis\u00e3o de ajustar sua organiza\u00e7\u00e3o antes que o processo se torne irrevers\u00edvel para voc\u00ea.<\/p>\n","protected":false},"excerpt":{"rendered":"<p>Um sintoma de super dimensionamento da equipe \u00e9 quando as pessoas gastam mais que uma fra\u00e7\u00e3o de tempo em conflitos de relacionamento ou em discuss\u00f5es dentro de feudos.\u00a0 Isso reduz muito o desempenho da equipe, piora o clima organizacional e coloca os objetivos da empresa em risco. \u00a0Se voc\u00ea identificar esses problemas n\u00e3o perca tempo [&hellip;]<\/p>\n","protected":false},"author":1,"featured_media":0,"parent":0,"menu_order":0,"comment_status":"open","ping_status":"open","template":"","meta":{"jetpack_post_was_ever_published":false,"footnotes":""},"class_list":["post-1523","page","type-page","status-publish","hentry"],"jetpack_shortlink":"https:\/\/wp.me\/P8yInB-oz","jetpack-related-posts":[{"id":1406,"url":"https:\/\/efagundes.com\/artigos\/gestao-de-conflitos-no-gerenciamento-de-projetos\/","url_meta":{"origin":1523,"position":0},"title":"Gest\u00e3o de conflitos no gerenciamento de projetos","author":"Eduardo Fagundes","date":"22 de mar\u00e7o de 2015","format":false,"excerpt":"Publicado em 2-setembro-2007 A experi\u00eancia mostra que o fracasso em muitos projetos deve-se a fatores comportamentais das equipes do projeto e dos conflitos com os stakeholders, ou seja, dos conflitos das pessoas do projeto com os principais interessados com os resultados dos projetos. O gerenciamento do relacionamento com os stakeholders\u2026","rel":"","context":"Post similar","block_context":{"text":"Post similar","link":""},"img":{"alt_text":"","src":"","width":0,"height":0},"classes":[]},{"id":1416,"url":"https:\/\/efagundes.com\/artigos\/gestao-de-projetos-multiplos\/","url_meta":{"origin":1523,"position":1},"title":"Gest\u00e3o de Projetos M\u00faltiplos","author":"Eduardo Fagundes","date":"22 de mar\u00e7o de 2015","format":false,"excerpt":"O sucesso na execu\u00e7\u00e3o de projetos \u00e9 fundamental para as empresas atingirem seus objetivos de neg\u00f3cios. Nesse contexto, o gerente de projeto assume um papel de destaque no cen\u00e1rio de neg\u00f3cios. Suas habilidades s\u00e3o exigidas ao m\u00e1ximo para garantir a conclus\u00e3o do projeto dentro do prazo, do or\u00e7amento e do\u2026","rel":"","context":"Post similar","block_context":{"text":"Post similar","link":""},"img":{"alt_text":"","src":"","width":0,"height":0},"classes":[]},{"id":1408,"url":"https:\/\/efagundes.com\/artigos\/como-tornar-um-projeto-ingerenciavel-e-altamente-rentavel-para-quem-o-executa\/","url_meta":{"origin":1523,"position":2},"title":"Como tornar um projeto ingerenci\u00e1vel e altamente rent\u00e1vel para quem o executa?","author":"Eduardo Fagundes","date":"22 de mar\u00e7o de 2015","format":false,"excerpt":"Publicado em 21-set-2007 Simplesmente criando crises a partir da fase do projeto que \u00e9 economicamente invi\u00e1vel cancel\u00e1-lo. A estrat\u00e9gia para tornar um projeto ingerenci\u00e1vel deve come\u00e7ar no momento da proposta comercial do consultor. Para tornar a proposta confi\u00e1vel e mais atraente para o comprador o ideal \u00e9 fazer um contrato\u2026","rel":"","context":"Post similar","block_context":{"text":"Post similar","link":""},"img":{"alt_text":"","src":"","width":0,"height":0},"classes":[]},{"id":1484,"url":"https:\/\/efagundes.com\/artigos\/como-obter-sucesso-na-carreira-profissional\/","url_meta":{"origin":1523,"position":3},"title":"Como obter sucesso na carreira profissional","author":"Eduardo Fagundes","date":"22 de mar\u00e7o de 2015","format":false,"excerpt":"Publicado em 13\/10\/2006, revisado em 21\/10\/2011 Grandes carreiras n\u00e3o caem do c\u00e9u. As pessoas t\u00eam sucesso profissional porque trabalham para isso aplicando t\u00e9cnicas eficientes, consciente ou inconscientemente. Essas pessoas s\u00e3o as primeiras a serem promovidas, suas carreiras avan\u00e7am rapidamente. Eles produzem mais com efici\u00eancia, tornando a experi\u00eancia dos clientes mais\u2026","rel":"","context":"Post similar","block_context":{"text":"Post similar","link":""},"img":{"alt_text":"","src":"","width":0,"height":0},"classes":[]},{"id":1503,"url":"https:\/\/efagundes.com\/artigos\/formando-equipes-baseadas-na-dominancia-cerebral\/","url_meta":{"origin":1523,"position":4},"title":"Formando equipes baseadas na domin\u00e2ncia cerebral","author":"Eduardo Fagundes","date":"22 de mar\u00e7o de 2015","format":false,"excerpt":"Publicado em 8-abril-2007, atualizado em 26-6-2014 Pessoas com mesmo pensamento chegam a resultados previs\u00edveis. Uma equipe de alta performance deve buscar resultados inovadores, agregando valor ao neg\u00f3cio de forma consistente e continua. Para formar uma equipe ideal seus membros devem ter m\u00faltiplas domin\u00e2ncias cerebrais. A partir de estudos de Ned\u2026","rel":"","context":"Post similar","block_context":{"text":"Post similar","link":""},"img":{"alt_text":"figura-formacao-de-equipe-usando-dominancia-cerebral-v61","src":"https:\/\/i0.wp.com\/efagundes.com\/artigos\/wp-content\/uploads\/sites\/2\/2015\/03\/figura-formacao-de-equipe-usando-dominancia-cerebral-v61.png?resize=350%2C200","width":350,"height":200},"classes":[]},{"id":1428,"url":"https:\/\/efagundes.com\/artigos\/elimine-os-ofensores-de-tempo\/","url_meta":{"origin":1523,"position":5},"title":"Elimine os ofensores de tempo","author":"Eduardo Fagundes","date":"22 de mar\u00e7o de 2015","format":false,"excerpt":"Se voc\u00ea mant\u00e9m um registro eficiente de suas atividades di\u00e1rias, provavelmente, voc\u00ea chegar\u00e1 a conclus\u00e3o que 1\/4 delas n\u00e3o precisariam ser feitas e que ningu\u00e9m notaria se n\u00e3o fossem executadas. Essa \u00e9 uma caracter\u00edstica dos profissionais que trabalham com o conhecimento. Diferente do pessoal que trabalha numa linha de produ\u00e7\u00e3o\u2026","rel":"","context":"Post similar","block_context":{"text":"Post similar","link":""},"img":{"alt_text":"","src":"","width":0,"height":0},"classes":[]}],"jetpack_sharing_enabled":true,"_links":{"self":[{"href":"https:\/\/efagundes.com\/artigos\/wp-json\/wp\/v2\/pages\/1523","targetHints":{"allow":["GET"]}}],"collection":[{"href":"https:\/\/efagundes.com\/artigos\/wp-json\/wp\/v2\/pages"}],"about":[{"href":"https:\/\/efagundes.com\/artigos\/wp-json\/wp\/v2\/types\/page"}],"author":[{"embeddable":true,"href":"https:\/\/efagundes.com\/artigos\/wp-json\/wp\/v2\/users\/1"}],"replies":[{"embeddable":true,"href":"https:\/\/efagundes.com\/artigos\/wp-json\/wp\/v2\/comments?post=1523"}],"version-history":[{"count":0,"href":"https:\/\/efagundes.com\/artigos\/wp-json\/wp\/v2\/pages\/1523\/revisions"}],"wp:attachment":[{"href":"https:\/\/efagundes.com\/artigos\/wp-json\/wp\/v2\/media?parent=1523"}],"curies":[{"name":"wp","href":"https:\/\/api.w.org\/{rel}","templated":true}]}}