{"id":1555,"date":"2015-03-22T17:45:23","date_gmt":"2015-03-22T20:45:23","guid":{"rendered":"http:\/\/efagundes.com.br\/artigos\/?page_id=1555"},"modified":"2015-03-22T17:45:23","modified_gmt":"2015-03-22T20:45:23","slug":"quais-sao-as-principais-categorias-de-aplicacoes-de-bancos-de-dados","status":"publish","type":"page","link":"https:\/\/efagundes.com\/artigos\/quais-sao-as-principais-categorias-de-aplicacoes-de-bancos-de-dados\/","title":{"rendered":"Quais s\u00e3o as principais categorias de aplica\u00e7\u00f5es de bancos de dados?"},"content":{"rendered":"<p class=\"page_content\">As aplica\u00e7\u00f5es de bancos de dados podem ser classificadas em tr\u00eas categorias: orientadas \u00e0 transa\u00e7\u00f5es; de suporte \u00e0 decis\u00e3o; e para a Internet. A descri\u00e7\u00e3o dos dados e o tipo de dados diferem para cada categoria. Na categoria orientada \u00e0 transa\u00e7\u00e3o, as transa\u00e7\u00f5es s\u00e3o curtas como, por exemplo: d\u00e9bito e cr\u00e9dito. No ambiente Internet as transa\u00e7\u00f5es s\u00e3o mais longas em fun\u00e7\u00e3o da manipula\u00e7\u00e3o de diferentes tipos de dados, incluindo objetos multim\u00eddia. O perfil dos profissionais muda em fun\u00e7\u00e3o das caracter\u00edsticas singulares de cada categoria. A disponibilidade das aplica\u00e7\u00f5es varia com a situa\u00e7\u00e3o de neg\u00f3cio da empresa, entretanto as aplica\u00e7\u00f5es para a Internet devem operar 24 horas por dia nos 7 dias da semana. O ambiente de desenvolvimento de aplica\u00e7\u00f5es muda para cada categoria, sendo recomendado o uso de SQL com op\u00e7\u00e3o nativa para orienta\u00e7\u00e3o por objeto na Internet.<\/p>\n<p class=\"page_content\">A caracter\u00edstica das aplica\u00e7\u00f5es orientadas \u00e0 transa\u00e7\u00f5es \u00e9 a rigidez da especifica\u00e7\u00e3o. No lado usu\u00e1rio existe uma tela que deve ser preenchida para a obten\u00e7\u00e3o de resultados bem definidos. S\u00e3o aplicativos para suporte a opera\u00e7\u00e3o da empresa. As transa\u00e7\u00f5es s\u00e3o pequenas e o tempo de resposta deve ser o menor poss\u00edvel para aumentar a produtividade do pessoal operacional. As estruturas de SQL s\u00e3o normalmente pr\u00e9-definidas levando-se em considera\u00e7\u00e3o os resultados esperado e a melhor performance de acesso f\u00edsico. Nesta situa\u00e7\u00e3o o usu\u00e1rio n\u00e3o necessita possuir experi\u00eancia com processamento de dados. Na \u00e1rea de desenvolvimento s\u00e3o envolvidos os programadores e o DBA (Database Administrator).<\/p>\n<p class=\"page_content\">Para suporte \u00e0 decis\u00e3o o modelo de dados deve representar o neg\u00f3cio da empresa sem levar em conta os aspectos de performance do banco de dados. Os dados selecionados para carregar esses bancos de dados devem ser para atender aos data warehouses e datamarts. Os usu\u00e1rios finais devem possuir conhecimentos de como relacionar os dados de um dicion\u00e1rio de dados e o DBA deve estar familiarizado com os conceitos de data warehouse. Nesses casos as queries s\u00e3o montadas de acordo com os requerimentos de neg\u00f3cios imediatos. O uso de queries pr\u00e9-definidas requerer\u00e1 um esfor\u00e7o muito grande para a obten\u00e7\u00e3o dos resultados.No novo cen\u00e1rio para os bancos de dados na Internet, os requerimentos podem chegar atrav\u00e9s de v\u00e1rios protocolos e com v\u00e1rios tipos de dados para atender a qualquer cliente da Internet. S\u00e3o transa\u00e7\u00f5es complexas e de longa dura\u00e7\u00e3o. O modelo deve suportar aplica\u00e7\u00f5es de v\u00eddeo, imagem, \u00e1udio, voz e formatos de dados HTML e documentos XML.<\/p>\n","protected":false},"excerpt":{"rendered":"<p>As aplica\u00e7\u00f5es de bancos de dados podem ser classificadas em tr\u00eas categorias: orientadas \u00e0 transa\u00e7\u00f5es; de suporte \u00e0 decis\u00e3o; e para a Internet. A descri\u00e7\u00e3o dos dados e o tipo de dados diferem para cada categoria. Na categoria orientada \u00e0 transa\u00e7\u00e3o, as transa\u00e7\u00f5es s\u00e3o curtas como, por exemplo: d\u00e9bito e cr\u00e9dito. No ambiente Internet as [&hellip;]<\/p>\n","protected":false},"author":1,"featured_media":0,"parent":0,"menu_order":0,"comment_status":"open","ping_status":"open","template":"","meta":{"jetpack_post_was_ever_published":false,"footnotes":""},"class_list":["post-1555","page","type-page","status-publish","hentry"],"jetpack_shortlink":"https:\/\/wp.me\/P8yInB-p5","jetpack-related-posts":[{"id":1308,"url":"https:\/\/efagundes.com\/artigos\/como-definir-a-tecnologia-de-desenvolvimento-de-aplicacao-em-uma-intranet\/","url_meta":{"origin":1555,"position":0},"title":"Como definir a tecnologia de desenvolvimento de aplica\u00e7\u00e3o em uma Intranet?","author":"Eduardo Fagundes","date":"22 de mar\u00e7o de 2015","format":false,"excerpt":"As aplica\u00e7\u00f5es desenvolvidas para a Intranet t\u00eam a inten\u00e7\u00e3o de tornar mais flex\u00edvel o processamento de informa\u00e7\u00f5es do que as aplica\u00e7\u00f5es monol\u00edticas legadas de antigas plataformas de hardware e software. O ambiente computacional JAVA \u2013 JAVA Computing - da Sun Microsystem (adquirida pela Oracle) est\u00e1 sendo considerada \u00e0 tecnologia emergente\u2026","rel":"","context":"Post similar","block_context":{"text":"Post similar","link":""},"img":{"alt_text":"","src":"","width":0,"height":0},"classes":[]},{"id":1291,"url":"https:\/\/efagundes.com\/artigos\/poderemos-contar-com-o-uso-de-assinaturas-digitais-dos-consumidores-para-as-transacoes-on-line\/","url_meta":{"origin":1555,"position":1},"title":"Poderemos contar com o uso de assinaturas digitais dos consumidores para as transa\u00e7\u00f5es on-line?","author":"Eduardo Fagundes","date":"22 de mar\u00e7o de 2015","format":false,"excerpt":"As empresas hoje trabalham com tr\u00eas ambientes distintos para executar suas transa\u00e7\u00f5es on-line: interno, business-to-business e business-to-consumer. Cada ambiente necessita de uma tecnologia e pol\u00edtica de seguran\u00e7a diferenciada. No ambiente interno, o controle de acesso \u00e0s transa\u00e7\u00f5es \u00e9 feito atrav\u00e9s de facilidades do sistema operacional e do banco de dados.\u2026","rel":"","context":"Post similar","block_context":{"text":"Post similar","link":""},"img":{"alt_text":"","src":"","width":0,"height":0},"classes":[]},{"id":1334,"url":"https:\/\/efagundes.com\/artigos\/convergencia-de-dados-e-voz-na-proxima-geracao-de-redes\/","url_meta":{"origin":1555,"position":2},"title":"Converg\u00eancia de Dados e Voz na Pr\u00f3xima Gera\u00e7\u00e3o de Redes","author":"Eduardo Fagundes","date":"22 de mar\u00e7o de 2015","format":false,"excerpt":"A converg\u00eancia, atualmente um dos temas mais discutidos na ind\u00fastria de redes, nos apresenta uma nova vis\u00e3o sobre o futuro da pr\u00f3xima gera\u00e7\u00e3o das redes (NGN \u2013 Next Generation Network) e de aplica\u00e7\u00f5es multim\u00eddia. Ser\u00e1 concretizado o velho sonho de uma plataforma de transporte comum para v\u00eddeo, voz e dados.\u2026","rel":"","context":"Post similar","block_context":{"text":"Post similar","link":""},"img":{"alt_text":"NGN001","src":"https:\/\/i0.wp.com\/efagundes.com\/artigos\/wp-content\/uploads\/sites\/2\/2015\/03\/NGN0011.png?resize=350%2C200","width":350,"height":200},"classes":[]},{"id":1565,"url":"https:\/\/efagundes.com\/artigos\/o-que-e-um-data-warehouse\/","url_meta":{"origin":1555,"position":3},"title":"O que \u00e9 um data warehouse?","author":"Eduardo Fagundes","date":"22 de mar\u00e7o de 2015","format":false,"excerpt":"Revisado em 10-dez-2011 Um data warehouse (DW), ou armaz\u00e9m de dados \u00e9 um banco de dados com dados hist\u00f3ricos usados para an\u00e1lise e decis\u00f5es das mais ex\u00f3ticas perguntas realizadas por executivos. Os dados contidos nos data warehouse s\u00e3o sumarizados, peri\u00f3dicos e descritivos. Com a manipula\u00e7\u00e3o desses dados os executivos podem\u2026","rel":"","context":"Post similar","block_context":{"text":"Post similar","link":""},"img":{"alt_text":"","src":"","width":0,"height":0},"classes":[]},{"id":1641,"url":"https:\/\/efagundes.com\/artigos\/compartilhe-sua-visao-sobre-a-tecnologia-para-acelerar-o-movimento-de-mercado-e-implantar-os-projetos-de-forma-mais-rapida-e-segura\/","url_meta":{"origin":1555,"position":4},"title":"Compartilhe sua vis\u00e3o sobre a tecnologia para acelerar o movimento de mercado e implantar os projetos de forma mais r\u00e1pida e segura","author":"Eduardo Fagundes","date":"22 de mar\u00e7o de 2015","format":false,"excerpt":"Introdu\u00e7\u00e3o A TIC tornou-se chave para a efici\u00eancia empresarial e um bom planejamento de TIC garante o \u00f3timo aproveitamento dos escassos recursos financeiros das empresas, viabiliza novos neg\u00f3cios e diferencia a empresa da concorr\u00eancia. A efici\u00eancia de TIC depende fortemente de seu alinhamento com a estrat\u00e9gia da empresa. Por outro\u2026","rel":"","context":"Post similar","block_context":{"text":"Post similar","link":""},"img":{"alt_text":"","src":"","width":0,"height":0},"classes":[]},{"id":1389,"url":"https:\/\/efagundes.com\/artigos\/quando-escolher-um-web-hosting-dedicado\/","url_meta":{"origin":1555,"position":5},"title":"Quando escolher um Web Hosting Dedicado","author":"Eduardo Fagundes","date":"22 de mar\u00e7o de 2015","format":false,"excerpt":"Existem muitas op\u00e7\u00f5es para executar os aplicativos de sua empresa. As solu\u00e7\u00f5es v\u00e3o desde execut\u00e1-las no datacenter da empresa at\u00e9 utilizar uma sofisticada plataforma baseada em nuvem (cloud computing). Cada ambiente requer um ajuste de configura\u00e7\u00e3o nas aplica\u00e7\u00f5es para extrair o m\u00e1ximo dos recursos e uso das facilidades da solu\u00e7\u00e3o\u2026","rel":"","context":"Post similar","block_context":{"text":"Post similar","link":""},"img":{"alt_text":"","src":"","width":0,"height":0},"classes":[]}],"jetpack_sharing_enabled":true,"_links":{"self":[{"href":"https:\/\/efagundes.com\/artigos\/wp-json\/wp\/v2\/pages\/1555","targetHints":{"allow":["GET"]}}],"collection":[{"href":"https:\/\/efagundes.com\/artigos\/wp-json\/wp\/v2\/pages"}],"about":[{"href":"https:\/\/efagundes.com\/artigos\/wp-json\/wp\/v2\/types\/page"}],"author":[{"embeddable":true,"href":"https:\/\/efagundes.com\/artigos\/wp-json\/wp\/v2\/users\/1"}],"replies":[{"embeddable":true,"href":"https:\/\/efagundes.com\/artigos\/wp-json\/wp\/v2\/comments?post=1555"}],"version-history":[{"count":0,"href":"https:\/\/efagundes.com\/artigos\/wp-json\/wp\/v2\/pages\/1555\/revisions"}],"wp:attachment":[{"href":"https:\/\/efagundes.com\/artigos\/wp-json\/wp\/v2\/media?parent=1555"}],"curies":[{"name":"wp","href":"https:\/\/api.w.org\/{rel}","templated":true}]}}