{"id":1678,"date":"2015-03-22T19:22:42","date_gmt":"2015-03-22T22:22:42","guid":{"rendered":"http:\/\/efagundes.com.br\/artigos\/?page_id=1678"},"modified":"2016-11-15T19:06:46","modified_gmt":"2016-11-15T21:06:46","slug":"planejamento-baseado-em-cenarios-prospectivos","status":"publish","type":"page","link":"https:\/\/efagundes.com\/artigos\/planejamento-baseado-em-cenarios-prospectivos\/","title":{"rendered":"Planejamento baseado em cen\u00e1rios prospectivos"},"content":{"rendered":"<p class=\"page_content\">O que diferencia os vision\u00e1rios, como Steve Jobs, de outros executivos \u00e9 a capacidade de enxergar o futuro. As transforma\u00e7\u00f5es dos neg\u00f3cios est\u00e3o cada vez mais r\u00e1pidas, exigindo que os executivos enxerguem o mercado alguns anos \u00e0 frente para estruturar as mudan\u00e7as. Os executivos precisam criar cen\u00e1rios futuros com o m\u00e1ximo de certeza poss\u00edvel e executar a\u00e7\u00f5es para transformar os neg\u00f3cios antes da concorr\u00eancia. N\u00e3o precisamos de uma bola de cristal para ver o futuro, pois o futuro \u00e9 constru\u00eddo a partir de nossas decis\u00f5es. Existem v\u00e1rias t\u00e9cnicas para projetarmos com um bom n\u00edvel de certeza cen\u00e1rios futuros, chamados de cen\u00e1rios prospectivos.\u00a0 Depois, \u00e9 executar o plano e influenciar as pessoas certas.<\/p>\n<p class=\"page_content\">Os executivos precisam desenvolver a cultura de desenvolver cen\u00e1rios futuros para orientar suas a\u00e7\u00f5es. Infelizmente, a maioria ainda se surpreende com os avan\u00e7os tecnologias e as mudan\u00e7as comportamentais dos consumidores. Se olharmos o exemplo da Apple vemos que a partir da constru\u00e7\u00e3o de um cen\u00e1rio futuro eles desenvolveram novas tecnologias e mudaram o comportamento dos consumidores. Isso mostra uma invers\u00e3o de pensamento da maioria das pessoas que acreditam que as transforma\u00e7\u00f5es ocorrem ao acaso.<\/p>\n<p class=\"page_content\">Temos que admitir que nem todas as empresas t\u00eam a capacidade financeira e talentos para gerar transforma\u00e7\u00f5es como a Apple. Entretanto, todas as empresas t\u00eam a capacidade de acompanhar as inova\u00e7\u00f5es tecnol\u00f3gicas e perceber as transforma\u00e7\u00f5es dos consumidores. Essas tend\u00eancias colocadas de forma estruturada geram cen\u00e1rios futuros. Quanto mais informa\u00e7\u00f5es forem coletadas e analisadas por especialistas, maior ser\u00e1 o grau de certeza do cen\u00e1rio futuro.<\/p>\n<p class=\"page_content\">A partir da cria\u00e7\u00e3o de um cen\u00e1rio futuro, ou prospectivo, come\u00e7a o trabalho de planejamento para levar a empresa do seu est\u00e1gio atual para o est\u00e1gio futuro. Diferente do que muitos pensam esse cen\u00e1rio futuro deve ser compartilhado com todos os funcion\u00e1rios e fornecedores estrat\u00e9gicos. O cen\u00e1rio futuro s\u00f3 se materializa quando \u00e9 aceito pela maioria das pessoas, ou seja, quando as pessoas acreditam que o cen\u00e1rio ir\u00e1 acontecer. Para isso, temos que influenciar as pessoas, tanto para desenvolver tecnologias alinhadas com essa vis\u00e3o, como para as adotarem no seu cotidiano. O sistema operacional Android para celulares e tablets \u00e9 um sucesso porque a Google convenceu milhares de programadores de software a desenvolver aplicativos e jogos para o novo sistema. Isso desbancou a Nokia, que j\u00e1 foi o maior fornecedor de celulares do mundo.<\/p>\n<p class=\"page_content\">Um dos m\u00e9todos que trabalho para desenvolver cen\u00e1rios prospectivos \u00e9 o M\u00e9todo Godet. O m\u00e9todo combina v\u00e1rias t\u00e9cnicas de coleta, discuss\u00e3o com especialistas e valida\u00e7\u00e3o de cen\u00e1rio. O m\u00e9todo \u00e9 composto por seis fases:<\/p>\n<ol class=\"Ordered_List\">\n<li>Delimita\u00e7\u00e3o do sistema e do ambiente;<\/li>\n<li>An\u00e1lise estrutural do sistema e do ambiente;<\/li>\n<li>Sele\u00e7\u00e3o das condicionantes do futuro;<\/li>\n<li>Gera\u00e7\u00e3o de cen\u00e1rios alternativos;<\/li>\n<li>Testes de consist\u00eancia, ajustes e dissemina\u00e7\u00e3o;<\/li>\n<li>Op\u00e7\u00f5es estrat\u00e9gicas e planos de monitora\u00e7\u00e3o.<\/li>\n<\/ol>\n<p><a href=\"http:\/\/efagundes.com\/artigos\/wp-content\/uploads\/sites\/2\/2015\/03\/figura_modelo_godet1.png\"><img loading=\"lazy\" decoding=\"async\" class=\"alignnone size-full wp-image-1783\" src=\"http:\/\/efagundes.com\/artigos\/wp-content\/uploads\/sites\/2\/2015\/03\/figura_modelo_godet1.png\" alt=\"figura_modelo_godet\" width=\"583\" height=\"238\" srcset=\"https:\/\/efagundes.com\/artigos\/wp-content\/uploads\/sites\/2\/2015\/03\/figura_modelo_godet1.png 583w, https:\/\/efagundes.com\/artigos\/wp-content\/uploads\/sites\/2\/2015\/03\/figura_modelo_godet1-300x122.png 300w\" sizes=\"auto, (max-width: 583px) 100vw, 583px\" \/><\/a><br \/>\nFigura: Fluxo de Processo do M\u00e9todo Godet<\/p>\n<p class=\"page_content\">O modelo deve determinar os limites do estudo, seu horizonte temporal e \u00e1rea geogr\u00e1fica. Os elementos e fen\u00f4menos envolvidos s\u00e3o interligados e interdependentes. Atrav\u00e9s da t\u00e9cnica de brainstorming, junto com especialistas, faz-se uma lista preliminar das vari\u00e1veis relevantes do sistema e de seus principais atores. Posteriormente, faz-se uma revis\u00e3o mais criteriosa para p\u00f4r em evidencia as invariantes do sistema, suas tend\u00eancias de peso e fatos predeterminados.<\/p>\n<p class=\"page_content\">Identificadas as vari\u00e1veis relevantes constr\u00f3i-se uma matriz de an\u00e1lise estrutural. As linhas da matriz determina a motricidade de cada vari\u00e1vel e a soma das colunas determina sua depend\u00eancia.<\/p>\n<p class=\"page_content\"><a href=\"http:\/\/efagundes.com\/artigos\/wp-content\/uploads\/sites\/2\/2015\/03\/figura_matriz_de_analise_estrutural1.png\"><img loading=\"lazy\" decoding=\"async\" class=\"alignnone size-full wp-image-1782\" src=\"http:\/\/efagundes.com\/artigos\/wp-content\/uploads\/sites\/2\/2015\/03\/figura_matriz_de_analise_estrutural1.png\" alt=\"figura_matriz_de_analise_estrutural\" width=\"476\" height=\"213\" srcset=\"https:\/\/efagundes.com\/artigos\/wp-content\/uploads\/sites\/2\/2015\/03\/figura_matriz_de_analise_estrutural1.png 476w, https:\/\/efagundes.com\/artigos\/wp-content\/uploads\/sites\/2\/2015\/03\/figura_matriz_de_analise_estrutural1-300x134.png 300w\" sizes=\"auto, (max-width: 476px) 100vw, 476px\" \/><\/a><\/p>\n<p class=\"page_content\">Tabela: Matriz de Motricidade e Depend\u00eancia<\/p>\n<p class=\"page_content\">Na sequencia da an\u00e1lise, calcula-se os pontos m\u00e9dios de motricidade e de depend\u00eancia, aplicado \u00e0s f\u00f3rmulas abaixo, constr\u00f3i-se o gr\u00e1fico, onde o eixo dos x corresponde aos valores de depend\u00eancia e o eixo dos y aos de motricidade.<\/p>\n<p class=\"page_content\"><a href=\"http:\/\/efagundes.com\/artigos\/wp-content\/uploads\/sites\/2\/2015\/03\/figura_formulas_de_motricidade_e_dependencia1.png\"><img loading=\"lazy\" decoding=\"async\" class=\"alignnone size-full wp-image-1780\" src=\"http:\/\/efagundes.com\/artigos\/wp-content\/uploads\/sites\/2\/2015\/03\/figura_formulas_de_motricidade_e_dependencia1.png\" alt=\"figura_formulas_de_motricidade_e_dependencia\" width=\"409\" height=\"155\" srcset=\"https:\/\/efagundes.com\/artigos\/wp-content\/uploads\/sites\/2\/2015\/03\/figura_formulas_de_motricidade_e_dependencia1.png 409w, https:\/\/efagundes.com\/artigos\/wp-content\/uploads\/sites\/2\/2015\/03\/figura_formulas_de_motricidade_e_dependencia1-300x114.png 300w\" sizes=\"auto, (max-width: 409px) 100vw, 409px\" \/><\/a><\/p>\n<p class=\"page_content\"><a href=\"http:\/\/efagundes.com\/artigos\/wp-content\/uploads\/sites\/2\/2015\/03\/figura_plano_motricidade_dependencia1.png\"><img loading=\"lazy\" decoding=\"async\" class=\"alignnone size-full wp-image-1784\" src=\"http:\/\/efagundes.com\/artigos\/wp-content\/uploads\/sites\/2\/2015\/03\/figura_plano_motricidade_dependencia1.png\" alt=\"figura_plano_motricidade_dependencia\" width=\"275\" height=\"241\" \/><\/a><\/p>\n<p class=\"page_content\">Gr\u00e1fico: Plano de Motricidade x Depend\u00eancia<\/p>\n<p class=\"page_content\">Existem quatro tipos de vari\u00e1veis que s\u00e3o classificadas a partir da sua motricidade e da depend\u00eancia de outras vari\u00e1veis:<\/p>\n<ul class=\"Unordered_List\">\n<li>\n<p class=\"page_content\">As vari\u00e1veis de explicativas localizadas no quadrante II (Q2) possuem grande motricidade e pouca depend\u00eancia. Mudan\u00e7as no seu comportamento influenciam significantemente o cen\u00e1rio futuro;<\/p>\n<\/li>\n<li>\n<p class=\"page_content\">As vari\u00e1veis de liga\u00e7\u00e3o localizadas no quadrante I (Q1) s\u00e3o muito motrizes e possuem grande depend\u00eancia das demais. Essas vari\u00e1veis fazem a liga\u00e7\u00e3o entre as vari\u00e1veis explicativas e as vari\u00e1veis de resultado;<\/p>\n<\/li>\n<li>\n<p class=\"page_content\">As vari\u00e1veis de resultado no quadrante IV (Q4) s\u00e3o pouco motrizes e muito dependentes. Seu comportamento \u00e9 explicado pelo das vari\u00e1veis explicativas ou de liga\u00e7\u00e3o;<\/p>\n<\/li>\n<li>\n<p class=\"page_content\">As vari\u00e1veis aut\u00f4nomas no quadrante III (Q3) s\u00e3o pouco motrizes e pouco dependentes. Geralmente, influenciam pouco no sistema, podendo ser exclu\u00eddas da an\u00e1lise.<\/p>\n<\/li>\n<\/ul>\n<p class=\"page_content\">A pr\u00f3xima etapa da an\u00e1lise estrutural do sistema \u00e9 o desenvolvimento da matriz de atores, ou seja, quem s\u00e3o as pessoas que podem influenciar os cen\u00e1rios futuros. Esses atores podem ser pessoas internas a organiza\u00e7\u00e3o ou pessoas externas. Os pol\u00edticos s\u00e3o atores importantes na constru\u00e7\u00e3o de novos cen\u00e1rios, pois eles s\u00e3o capazes de aprovar leis que podem transformar viabilizar um cen\u00e1rio futuro. A fun\u00e7\u00e3o do lobista \u00e9 influenciar os pol\u00edticos no Congresso e Senado para apresentar e aprovar leis para a cria\u00e7\u00e3o de cen\u00e1rios projetados.<\/p>\n<p class=\"page_content\">Interessante observar que os resultados da an\u00e1lise estrutural do sistema s\u00e3o fortemente dependentes das opini\u00f5es dos especialistas envolvidos no estudo. Ou seja, para a mesma situa\u00e7\u00e3o duas empresas podem criar diferentes cen\u00e1rios. O melhor resultado ser\u00e1 da empresa que conseguir agir para construir o futuro com mais efici\u00eancia.<\/p>\n<p class=\"page_content\">Com base no resultado das an\u00e1lises t\u00eam-se as condicionantes do futuro, podendo listar as tend\u00eancias de peso, os fatores portadores de futuro, os fatores predeterminados, as invariantes e as alian\u00e7as entre os atores.<\/p>\n<p class=\"page_content\">A partir de t\u00e9cnicas de an\u00e1lise, tais como an\u00e1lise morfol\u00f3gica e m\u00e9todo de impacto cruzado, podemos definir cen\u00e1rios poss\u00edveis. A elabora\u00e7\u00e3o dos cen\u00e1rios leva em conta as vari\u00e1veis chave, as tend\u00eancias de peso, as estrat\u00e9gias dos atores e os fatos portadores de futuro. Os cen\u00e1rios devem ser descritos de forma coerente e a elabora\u00e7\u00e3o de um plano para atingir o horizonte escolhido a partir da situa\u00e7\u00e3o atual.<\/p>\n<p class=\"page_content\">A partir do plano definido faz-se uma an\u00e1lise dos pontos fortes e fracos da organiza\u00e7\u00e3o em rela\u00e7\u00e3o aos ambientes futuros, suas oportunidades e amea\u00e7as (An\u00e1lise SWOT). O resultado dessa an\u00e1lise define a estrat\u00e9gia para alcan\u00e7ar o objetivo proposto e um plano de monitora\u00e7\u00e3o para assegurar sua execu\u00e7\u00e3o.<\/p>\n<p class=\"page_content\">Concluindo, \u00e9 de suma import\u00e2ncia para as empresas definir cen\u00e1rios futuros para direcionar suas a\u00e7\u00f5es estrat\u00e9gicas para garantir sua competitividade e longevidade. A constru\u00e7\u00e3o de cen\u00e1rios prospectivos ajuda na formula\u00e7\u00e3o de estrat\u00e9gicas e definem a\u00e7\u00f5es para sair do momento atual para a situa\u00e7\u00e3o futura.<\/p>\n<p class=\"page_content\"><em>Publicado em 14\/setembro\/2011<\/em><\/p>\n","protected":false},"excerpt":{"rendered":"<p>O que diferencia os vision\u00e1rios, como Steve Jobs, de outros executivos \u00e9 a capacidade de enxergar o futuro. As transforma\u00e7\u00f5es dos neg\u00f3cios est\u00e3o cada vez mais r\u00e1pidas, exigindo que os executivos enxerguem o mercado alguns anos \u00e0 frente para estruturar as mudan\u00e7as. Os executivos precisam criar cen\u00e1rios futuros com o m\u00e1ximo de certeza poss\u00edvel e [&hellip;]<\/p>\n","protected":false},"author":1,"featured_media":0,"parent":0,"menu_order":0,"comment_status":"open","ping_status":"open","template":"","meta":{"jetpack_post_was_ever_published":false,"footnotes":""},"class_list":["post-1678","page","type-page","status-publish","hentry"],"jetpack_shortlink":"https:\/\/wp.me\/P8yInB-r4","jetpack-related-posts":[{"id":1741,"url":"https:\/\/efagundes.com\/artigos\/gestao-financeira\/","url_meta":{"origin":1678,"position":0},"title":"Gest\u00e3o Financeira","author":"Eduardo Fagundes","date":"22 de mar\u00e7o de 2015","format":false,"excerpt":"Um grande desafio de empresas que operam em diversos pa\u00edses \u00e9 estabelecer uma gest\u00e3o eficiente de suas opera\u00e7\u00f5es financeiras. A globaliza\u00e7\u00e3o, fus\u00f5es e aquisi\u00e7\u00f5es, diferentes legisla\u00e7\u00f5es e regulamenta\u00e7\u00f5es tornam complexa a gest\u00e3o financeira e o processamento de informa\u00e7\u00f5es. Isso implica em mais tempo para o gerenciamento e conflitos com os\u2026","rel":"","context":"Post similar","block_context":{"text":"Post similar","link":""},"img":{"alt_text":"","src":"","width":0,"height":0},"classes":[]},{"id":1358,"url":"https:\/\/efagundes.com\/artigos\/a-lei-de-moore-e-o-paradigma-de-enxergar-o-futuro\/","url_meta":{"origin":1678,"position":1},"title":"A Lei de Moore e o Paradigma de Enxergar o Futuro","author":"Eduardo Fagundes","date":"22 de mar\u00e7o de 2015","format":false,"excerpt":"H\u00e1 40 anos atr\u00e1s o diretor de desenvolvimento da Fairchild Semiconductor, Gordon E. Moore, escreveu um artigo na revista Electronics sobre a evolu\u00e7\u00e3o dos microprocessadores e suas aplica\u00e7\u00f5es futuras. No artigo publicado em 19 de abril de 1965 ele apresentava a nova tecnologia de miniaturiza\u00e7\u00e3o dos componentes nos chips de\u2026","rel":"","context":"Post similar","block_context":{"text":"Post similar","link":""},"img":{"alt_text":"lei de moore","src":"https:\/\/i0.wp.com\/efagundes.com\/artigos\/wp-content\/uploads\/sites\/2\/2015\/03\/lei-de-moore.gif?resize=350%2C200","width":350,"height":200},"classes":[]},{"id":1587,"url":"https:\/\/efagundes.com\/artigos\/como-um-data-warehouse-pode-melhorar-a-tomada-de-decisao-nas-empresas\/","url_meta":{"origin":1678,"position":2},"title":"Como um data warehouse pode melhorar a tomada de decis\u00e3o nas empresas?","author":"Eduardo Fagundes","date":"22 de mar\u00e7o de 2015","format":false,"excerpt":"A principal proposta do data warehouse \u00e9 colocar nas m\u00e3os dos analistas de neg\u00f3cios dados estrat\u00e9gicos para as tomadas de decis\u00f5es baseadas em fatos reais e n\u00e3o por intui\u00e7\u00e3o. A produtividade oferecida pelo data warehouse \u00e9 traduzida em ganho de tempo e dinheiro. Na constru\u00e7\u00e3o de um banco de dados\u2026","rel":"","context":"Post similar","block_context":{"text":"Post similar","link":""},"img":{"alt_text":"","src":"","width":0,"height":0},"classes":[]},{"id":2484,"url":"https:\/\/efagundes.com\/artigos\/projetos-de-inovacao\/","url_meta":{"origin":1678,"position":3},"title":"Projetos de Inova\u00e7\u00e3o","author":"Eduardo Fagundes","date":"16 de junho de 2018","format":false,"excerpt":"Nossos projetos de inova\u00e7\u00e3o identificam e desenvolvem modelos de neg\u00f3cios e produtos disruptivos que podem \u201cdestruir\u201d empresas j\u00e1 estabelecidas atrav\u00e9s de competi\u00e7\u00f5es entre equipes de alunos de cursos de MBA e empresas juniores. O resultado \u00e9 um alerta para executivos sobre novos modelos de neg\u00f3cios e produtos disruptivos que podem\u2026","rel":"","context":"Post similar","block_context":{"text":"Post similar","link":""},"img":{"alt_text":"","src":"https:\/\/i0.wp.com\/efagundes.com\/artigos\/wp-content\/uploads\/sites\/2\/2016\/08\/equipe-trabalhando-1.jpg?resize=350%2C200&ssl=1","width":350,"height":200,"srcset":"https:\/\/i0.wp.com\/efagundes.com\/artigos\/wp-content\/uploads\/sites\/2\/2016\/08\/equipe-trabalhando-1.jpg?resize=350%2C200&ssl=1 1x, https:\/\/i0.wp.com\/efagundes.com\/artigos\/wp-content\/uploads\/sites\/2\/2016\/08\/equipe-trabalhando-1.jpg?resize=525%2C300&ssl=1 1.5x, https:\/\/i0.wp.com\/efagundes.com\/artigos\/wp-content\/uploads\/sites\/2\/2016\/08\/equipe-trabalhando-1.jpg?resize=700%2C400&ssl=1 2x"},"classes":[]},{"id":1434,"url":"https:\/\/efagundes.com\/artigos\/quais-as-alternativas-para-enfrentar-a-falta-de-profissionais-de-ti-e-telecomunicacoes\/","url_meta":{"origin":1678,"position":4},"title":"Quais as alternativas para enfrentar a falta de profissionais de TI e Telecomunica\u00e7\u00f5es?","author":"Eduardo Fagundes","date":"22 de mar\u00e7o de 2015","format":false,"excerpt":"O mercado de inform\u00e1tica e telecomunica\u00e7\u00f5es est\u00e1 enfrentando a falta de profissionais qualificados, tanto a n\u00edvel t\u00e9cnico como de executivos. Quem esta sofrendo mais com essa situa\u00e7\u00e3o s\u00e3o as empresas de telecomunica\u00e7\u00f5es que precisam desses profissionais para a expans\u00e3o de seus neg\u00f3cios no pa\u00eds. Os investimentos existem, por\u00e9m n\u00e3o existe\u2026","rel":"","context":"Post similar","block_context":{"text":"Post similar","link":""},"img":{"alt_text":"","src":"","width":0,"height":0},"classes":[]},{"id":1669,"url":"https:\/\/efagundes.com\/artigos\/o-papel-de-tic-ainda-e-tatico-operacional\/","url_meta":{"origin":1678,"position":5},"title":"O papel de TIC ainda \u00e9 t\u00e1tico-operacional","author":"Eduardo Fagundes","date":"22 de mar\u00e7o de 2015","format":false,"excerpt":"A lista de projetos dos 100 CIOs de destaque da lista da Computerworld em 2009, observa-se que 49% foram projetos destinados aos processos internos das empresas, 19% para projetos de infraestrutura, 19% para projetos de compliance e 13% para desenvolvimento de novos neg\u00f3cios. Embora seja um cen\u00e1rio previs\u00edvel para 2009,\u2026","rel":"","context":"Post similar","block_context":{"text":"Post similar","link":""},"img":{"alt_text":"figura_grafico_projetos_TI_2009","src":"https:\/\/i0.wp.com\/efagundes.com.br\/artigos\/wp-content\/uploads\/sites\/4\/2015\/03\/figura_grafico_projetos_TI_2009.png?resize=350%2C200","width":350,"height":200},"classes":[]}],"jetpack_sharing_enabled":true,"_links":{"self":[{"href":"https:\/\/efagundes.com\/artigos\/wp-json\/wp\/v2\/pages\/1678","targetHints":{"allow":["GET"]}}],"collection":[{"href":"https:\/\/efagundes.com\/artigos\/wp-json\/wp\/v2\/pages"}],"about":[{"href":"https:\/\/efagundes.com\/artigos\/wp-json\/wp\/v2\/types\/page"}],"author":[{"embeddable":true,"href":"https:\/\/efagundes.com\/artigos\/wp-json\/wp\/v2\/users\/1"}],"replies":[{"embeddable":true,"href":"https:\/\/efagundes.com\/artigos\/wp-json\/wp\/v2\/comments?post=1678"}],"version-history":[{"count":0,"href":"https:\/\/efagundes.com\/artigos\/wp-json\/wp\/v2\/pages\/1678\/revisions"}],"wp:attachment":[{"href":"https:\/\/efagundes.com\/artigos\/wp-json\/wp\/v2\/media?parent=1678"}],"curies":[{"name":"wp","href":"https:\/\/api.w.org\/{rel}","templated":true}]}}