{"id":1735,"date":"2015-03-22T21:17:40","date_gmt":"2015-03-23T00:17:40","guid":{"rendered":"http:\/\/efagundes.com.br\/artigos\/?page_id=1735"},"modified":"2015-03-22T21:17:40","modified_gmt":"2015-03-23T00:17:40","slug":"gestao-do-ciclo-de-vida-de-produtos-plm","status":"publish","type":"page","link":"https:\/\/efagundes.com\/artigos\/gestao-do-ciclo-de-vida-de-produtos-plm\/","title":{"rendered":"Gest\u00e3o do Ciclo de Vida de Produtos (PLM)"},"content":{"rendered":"<p class=\"page_content_verdana_10pt\">A gest\u00e3o do ciclo de vida de produtos, ou <em>Product Lifecycle Management<\/em> (PLM), consiste em um conjunto de processos para gerenciar o ciclo de vida completo de um produto: concep\u00e7\u00e3o; design; fabrica\u00e7\u00e3o; uso; e, descarte ou reciclagem. O PLM integra pessoas, dados, processos e sistemas de neg\u00f3cios fornecendo informa\u00e7\u00f5es para a empresa e sua rede de fornecedores, distribuidores e clientes. Atualmente, com as press\u00f5es ambientais e leis regulando o descarte de res\u00edduos s\u00f3lidos, o acompanhamento e registro do ciclo de vida dos produtos assume um papel importante na sustentabilidade da empresa.<\/p>\n<p class=\"page_content_verdana_10pt\">O PLM \u00e9 um dos pilares da estrutura b\u00e1sica do suporte de tecnologia da informa\u00e7\u00e3o de uma empresa. As empresas precisam gerenciar as comunica\u00e7\u00f5es e informa\u00e7\u00f5es com seus clientes (CRM \u2013 Customer Relationship Management), seus fornecedores (SCM \u2013 Supply Chain Management), seus recursos dentro da empresa (ERP \u2013 Enterprise Resource Planning) e o ciclo de vida de seus produtos (PLM). Na \u00e1rea de TI, o ciclo de vida de produtos \u00e9 conhecido com SDLC, System Development Lifecycle.<\/p>\n<p class=\"page_content_verdana_10pt\">Os principais benef\u00edcios da gest\u00e3o do ciclo de vida de produtos incluem:<\/p>\n<ul class=\"style_lista_rfp\">\n<li>Reduzir o time-to-market;<\/li>\n<li>Melhorar a qualidade dos produtos;<\/li>\n<li>Redu\u00e7\u00e3o dos custos de prototipagem dos produtos;<\/li>\n<li>Mais precis\u00e3o e menor tempo nas cota\u00e7\u00f5es de produtos;<\/li>\n<li>Maior capacidade para identificar oportunidades de vendas e aumento de receita;<\/li>\n<li>Economia atrav\u00e9s da reutiliza\u00e7\u00e3o de materiais;<\/li>\n<li>Cria\u00e7\u00e3o de um modelo para otimizar o desenvolvimento de um produto;<\/li>\n<li>Redu\u00e7\u00e3o do desperd\u00edcio;<\/li>\n<li>Economia atrav\u00e9s da integra\u00e7\u00e3o do fluxo de processos da engenharia e manufatura;<\/li>\n<li>Gest\u00e3o da documenta\u00e7\u00e3o de certifica\u00e7\u00e3o dos produtos;<\/li>\n<li>Capacidade dos fornecedores terem acesso controlado e seguro \u00e0s informa\u00e7\u00f5es sobre os produtos em desenvolvimento.<\/li>\n<\/ul>\n<p class=\"page_content_verdana_10pt\">Existem cinco \u00e1reas primarias do PLM: sistemas de engenharia (SE); gerenciamento de produtos e portf\u00f3lio (PPM); design dos produtos (CAD \u2013 Computer-Aided Design \/ CAM &#8211; Computer-Aided Manufacturing); gerenciamento dos processos de manufatura (MPM \u2013 Manufacturing Process Management); e, gerenciamento de dados do produto (PDM \u2013 Product Data Management).<\/p>\n<p class=\"page_content_verdana_10pt\">O fluxo de desenvolvimento de produto segue a sequ\u00eancia abaixo:<\/p>\n<ul class=\"style_lista_rfp\">\n<li>Conceber: especifica\u00e7\u00e3o e conceito de design;<\/li>\n<li>Projeto: Projeto detalhado; valida\u00e7\u00e3o e an\u00e1lise (simula\u00e7\u00e3o); e, projeto das ferramentas;<\/li>\n<li>Executar: Plano de manufatura; manufatura; constru\u00e7\u00e3o e montagem; e teste de qualidade;<\/li>\n<li>Servi\u00e7o: Venda e distribui\u00e7\u00e3o; uso; manuten\u00e7\u00e3o e suporte; e, descarte ou reciclagem.<\/li>\n<\/ul>\n<p class=\"page_content_verdana_10pt\">V\u00e1rias metodologias foram incorporadas ao PLM para o desenvolvimento e acompanhamento do ciclo de vida do produto. O objetivo \u00e9 a redu\u00e7\u00e3o do tempo de desenvolvimento do produto para atender aos mercados cada vez mais din\u00e2micos e \u00e1vidos por novidades, al\u00e9m de enfrentar a grande concorr\u00eancia internacional. Uma das t\u00e9cnicas adotadas \u00e9 o da engenharia simult\u00e2nea, que permite o desenvolvimento concorrente de v\u00e1rias partes do produto. Essa t\u00e9cnica \u00e9 utilizada exaustivamente pela ind\u00fastria automobil\u00edstica.<\/p>\n<p class=\"page_content_verdana_10pt\">Segue algumas caracter\u00edsticas e funcionalidades requeridas em um software de PLM:<\/p>\n<ul class=\"style_lista_rfp\">\n<li>Controle de mudan\u00e7as do produto;<\/li>\n<li>Reposit\u00f3rio de dados;<\/li>\n<li>Gest\u00e3o de materiais (BOM \u2013 Bill of Material);<\/li>\n<li>Simula\u00e7\u00e3o e estimativa de custo do produto;<\/li>\n<li>Desenvolvimento do produto e gest\u00e3o do portf\u00f3lio;<\/li>\n<li>Gest\u00e3o dos processos de manufatura (MPM \u2013 Manufacturing Process Management);<\/li>\n<li>Gerenciamento de requisitos;<\/li>\n<li>Gerenciamento de dados do produto;<\/li>\n<li>Controle da regulamenta\u00e7\u00e3o e conformidade;<\/li>\n<li>Facilidade de integra\u00e7\u00e3o com outros softwares de engenharia, manufatura, cadeira de suprimentos e administrativos.<\/li>\n<\/ul>\n","protected":false},"excerpt":{"rendered":"<p>A gest\u00e3o do ciclo de vida de produtos, ou Product Lifecycle Management (PLM), consiste em um conjunto de processos para gerenciar o ciclo de vida completo de um produto: concep\u00e7\u00e3o; design; fabrica\u00e7\u00e3o; uso; e, descarte ou reciclagem. O PLM integra pessoas, dados, processos e sistemas de neg\u00f3cios fornecendo informa\u00e7\u00f5es para a empresa e sua rede [&hellip;]<\/p>\n","protected":false},"author":1,"featured_media":0,"parent":0,"menu_order":0,"comment_status":"open","ping_status":"open","template":"","meta":{"jetpack_post_was_ever_published":false,"footnotes":""},"class_list":["post-1735","page","type-page","status-publish","hentry"],"jetpack_shortlink":"https:\/\/wp.me\/P8yInB-rZ","jetpack-related-posts":[{"id":1723,"url":"https:\/\/efagundes.com\/artigos\/gestao-da-cadeia-de-suprimentos\/","url_meta":{"origin":1735,"position":0},"title":"Gest\u00e3o da Cadeia de Suprimentos","author":"Eduardo Fagundes","date":"22 de mar\u00e7o de 2015","format":false,"excerpt":"A gest\u00e3o da cadeia de suprimentos, ou Supply Chain Management (SCM), consiste no gerenciamento integrado das empresas envolvidas na fabrica\u00e7\u00e3o, distribui\u00e7\u00e3o e qualquer outra atividade com o objetivo de entregar um produto ou servi\u00e7o para o cliente final. Uma gest\u00e3o eficiente do SCM evita fun\u00e7\u00f5es redundantes e otimiza o fluxo\u2026","rel":"","context":"Post similar","block_context":{"text":"Post similar","link":""},"img":{"alt_text":"","src":"","width":0,"height":0},"classes":[]},{"id":1721,"url":"https:\/\/efagundes.com\/artigos\/gestao-de-ativos-eam\/","url_meta":{"origin":1735,"position":1},"title":"Gest\u00e3o de Ativos (EAM)","author":"Eduardo Fagundes","date":"22 de mar\u00e7o de 2015","format":false,"excerpt":"Uma gest\u00e3o eficiente de neg\u00f3cios tem o controle do ciclo de vida de todos os seus ativos f\u00edsicos para maximizar sua utiliza\u00e7\u00e3o e valor. O gerenciamento de ativos envolve o controle de constru\u00e7\u00f5es f\u00edsicas, comissionamento, opera\u00e7\u00e3o, manuten\u00e7\u00e3o, ativa\u00e7\u00e3o e desativa\u00e7\u00e3o de instala\u00e7\u00f5es e equipamentos. \u00a0Ao gerenciar os ativos de forma\u2026","rel":"","context":"Post similar","block_context":{"text":"Post similar","link":""},"img":{"alt_text":"","src":"","width":0,"height":0},"classes":[]},{"id":1751,"url":"https:\/\/efagundes.com\/artigos\/planejamento-de-recursos-empresariais-erp\/","url_meta":{"origin":1735,"position":2},"title":"Planejamento de Recursos Empresariais (ERP)","author":"Eduardo Fagundes","date":"22 de mar\u00e7o de 2015","format":false,"excerpt":"O ERP \u00e9 um sistema de informa\u00e7\u00e3o para a gest\u00e3o integrada de processos que cobre todos ou parte dos neg\u00f3cios de uma organiza\u00e7\u00e3o e suas intera\u00e7\u00f5es com a cadeia de fornecedores, clientes e governo. O ERP integra as informa\u00e7\u00f5es entre os processos de neg\u00f3cios de forma autom\u00e1tica e em tempo\u2026","rel":"","context":"Com 1 coment\u00e1rio","block_context":{"text":"Com 1 coment\u00e1rio","link":"https:\/\/efagundes.com\/artigos\/planejamento-de-recursos-empresariais-erp\/#comments"},"img":{"alt_text":"","src":"","width":0,"height":0},"classes":[]},{"id":1549,"url":"https:\/\/efagundes.com\/artigos\/quando-e-recomendado-usar-aplicacoes-b2b-business-to-business-na-cadeia-de-fornecimento\/","url_meta":{"origin":1735,"position":3},"title":"Quando \u00e9 recomendado usar aplica\u00e7\u00f5es B2B (Business-to-Business) na cadeia de fornecimento?","author":"Eduardo Fagundes","date":"22 de mar\u00e7o de 2015","format":false,"excerpt":"Estima-se que em 2003 o mercado de B2B movimentar\u00e1 cerca de US$7,5 trilh\u00f5es de d\u00f3lares. Para participar desse mercado as empresas est\u00e3o tomando a\u00e7\u00f5es para conectar seus distribuidores, fornecedores, governos e empresas do ramo financeiro. Por\u00e9m, para que a comunica\u00e7\u00e3o entre empresas da cadeia de fornecimento seja eficaz algumas condi\u00e7\u00f5es\u2026","rel":"","context":"Post similar","block_context":{"text":"Post similar","link":""},"img":{"alt_text":"","src":"","width":0,"height":0},"classes":[]},{"id":1690,"url":"https:\/\/efagundes.com\/artigos\/the-agenda\/","url_meta":{"origin":1735,"position":4},"title":"The Agenda","author":"Eduardo Fagundes","date":"22 de mar\u00e7o de 2015","format":false,"excerpt":"Autor: Michael Hammer Resenha por Eduardo Mayer Fagundes Neste livro, Michael Hammer mostra como as empresas devem atuar na \"nova economia\" que, segundo ele, \u00e9 a economia dos consumidores. Nessa economia os consumidores recusam-se a aceitar altos pre\u00e7os, baixa qualidade e p\u00e9ssimos servi\u00e7os. Os consumidores assumiram o controle da economia.\u2026","rel":"","context":"Post similar","block_context":{"text":"Post similar","link":""},"img":{"alt_text":"","src":"","width":0,"height":0},"classes":[]},{"id":1719,"url":"https:\/\/efagundes.com\/artigos\/gestao-da-manutencao\/","url_meta":{"origin":1735,"position":5},"title":"Gest\u00e3o da Manuten\u00e7\u00e3o","author":"Eduardo Fagundes","date":"22 de mar\u00e7o de 2015","format":false,"excerpt":"A gest\u00e3o da manuten\u00e7\u00e3o envolve o controle e os processos de reparo de qualquer tipo de dispositivo mec\u00e2nico ou el\u00e9trico, tamb\u00e9m conhecido como MRO (maintenance, repare and overhaul). Esses processos, al\u00e9m das a\u00e7\u00f5es de reparo por defeito, tamb\u00e9m, incluem as rotinas de manuten\u00e7\u00f5es preventivas e programadas para estendem a vida\u2026","rel":"","context":"Post similar","block_context":{"text":"Post similar","link":""},"img":{"alt_text":"","src":"","width":0,"height":0},"classes":[]}],"jetpack_sharing_enabled":true,"_links":{"self":[{"href":"https:\/\/efagundes.com\/artigos\/wp-json\/wp\/v2\/pages\/1735","targetHints":{"allow":["GET"]}}],"collection":[{"href":"https:\/\/efagundes.com\/artigos\/wp-json\/wp\/v2\/pages"}],"about":[{"href":"https:\/\/efagundes.com\/artigos\/wp-json\/wp\/v2\/types\/page"}],"author":[{"embeddable":true,"href":"https:\/\/efagundes.com\/artigos\/wp-json\/wp\/v2\/users\/1"}],"replies":[{"embeddable":true,"href":"https:\/\/efagundes.com\/artigos\/wp-json\/wp\/v2\/comments?post=1735"}],"version-history":[{"count":0,"href":"https:\/\/efagundes.com\/artigos\/wp-json\/wp\/v2\/pages\/1735\/revisions"}],"wp:attachment":[{"href":"https:\/\/efagundes.com\/artigos\/wp-json\/wp\/v2\/media?parent=1735"}],"curies":[{"name":"wp","href":"https:\/\/api.w.org\/{rel}","templated":true}]}}