{"id":1745,"date":"2015-03-22T21:22:10","date_gmt":"2015-03-23T00:22:10","guid":{"rendered":"http:\/\/efagundes.com.br\/artigos\/?page_id=1745"},"modified":"2015-03-22T21:22:10","modified_gmt":"2015-03-23T00:22:10","slug":"identificacao-por-radio-frequencia","status":"publish","type":"page","link":"https:\/\/efagundes.com\/artigos\/identificacao-por-radio-frequencia\/","title":{"rendered":"Identifica\u00e7\u00e3o por R\u00e1dio Frequ\u00eancia"},"content":{"rendered":"<p class=\"page_content_verdana_10pt\">A identifica\u00e7\u00e3o por r\u00e1dio frequ\u00eancia (RFID, <em>Radio-Frequency IDentification<\/em>) \u00e9 uma tecnologia que utiliza ondas de r\u00e1dio para transferir dados de uma etiqueta eletr\u00f4nica com especifica\u00e7\u00f5es do objeto que ela est\u00e1 anexada atrav\u00e9s de um leitor apropriado. O uso desta tecnologia permite o rastreamento de um objeto com mais facilidade e a integra\u00e7\u00e3o em tempo real com os sistemas de gest\u00e3o da produ\u00e7\u00e3o, distribui\u00e7\u00e3o e estoques. As etiquetas de RFID, tamb\u00e9m conhecidas como tag RFID, substituem as etiquetas de c\u00f3digo de barras ou s\u00e3o utilizadas em conjunto. O projeto do governo brasileiro Brasil-ID permitir\u00e1 aos \u00f3rg\u00e3os de fiscaliza\u00e7\u00e3o da Receita Federal e Estadual identificarem as mercadorias nos caminh\u00f5es enquanto eles circulam nas estradas.<\/p>\n<p class=\"page_content_verdana_10pt\">A tecnologia consiste de uma tag RFID que cont\u00e9m um transmissor e um receptor de r\u00e1dio frequ\u00eancia (RF). Um leitor de RFID transmite um sinal de r\u00e1dio codificado para interrogar a tag. Seguindo o principio que as ondas de r\u00e1dio carregam energia, elas induzem corrente el\u00e9trica na tag que aciona seu sistema eletr\u00f4nico que envia as informa\u00e7\u00f5es armazenadas no seu circuito de mem\u00f3ria. Uma tag pode ser passiva, ativa ou passiva assistida por uma bateria. A maioria das tags RFID cont\u00eam pelo menos duas partes: uma parte cont\u00e9m um circuito integrado para armazenar e processar as informa\u00e7\u00f5es, modular e demodular o sinal RF; a outra parte \u00e9 uma antena para receber e transmitir o sinal. Os leitores das tags RFID podem ser fixos ou m\u00f3veis. O avan\u00e7o da tecnologia est\u00e1 permitindo construir tags RFID cada vez menores.<\/p>\n<p class=\"page_content_verdana_10pt\">O uso de tags RFID tem larga aplica\u00e7\u00e3o em v\u00e1rios setores. As aplica\u00e7\u00f5es mais comuns s\u00e3o: controle durante a montagem de ve\u00edculos na linha de produ\u00e7\u00e3o; cobran\u00e7a de ped\u00e1gio (exemplo, Sem Parar no Brasil); Bilhetes de passagem; Cart\u00f5es de Identifica\u00e7\u00e3o para acesso a \u00e1reas restritas.<\/p>\n<p class=\"page_content_verdana_10pt\">Em uma iniciativa conjunta o Minist\u00e9rio da Ci\u00eancia e Tecnologia, Receita Federal, Secretarias de Fazenda estaduais e a Funda\u00e7\u00e3o Wernher Von Braun criou-se o Sistema Nacional de Identifica\u00e7\u00e3o, Rastreamento e Autentica\u00e7\u00e3o de Mercadorias (www.brasil-id.org.br). O sistema permite a identifica\u00e7\u00e3o e rastreamento de mercadorias a dist\u00e2ncia. Ser\u00e3o instaladas tags RFID nos produtos ou embalagens no momento do despacho das mercadorias. Atrav\u00e9s de sensores localizados pr\u00f3ximos aos postos de fiscaliza\u00e7\u00e3o ser\u00e3o lidas as informa\u00e7\u00f5es das mercadorias e transmitidas para o posto. Com isso, antecipadamente os fiscais saber\u00e3o que um caminh\u00e3o est\u00e1 chegando com as mercadorias e poder\u00e3o decidir quais os procedimentos de fiscaliza\u00e7\u00e3o que ir\u00e3o adotar. Para o governo, uma das vantagens \u00e9 a agilidade nos processos de auditoria e fiscaliza\u00e7\u00e3o de tributos, mercadorias e presta\u00e7\u00e3o de servi\u00e7os. Para as empresas, o projeto deve reduzir os custos e melhorar os processos de produ\u00e7\u00e3o, armazenagem, distribui\u00e7\u00e3o e log\u00edstica.<\/p>\n<p class=\"page_content_verdana_10pt\">A sele\u00e7\u00e3o de uma solu\u00e7\u00e3o de RFID deve considerar as seguintes funcionalidades e caracter\u00edsticas:<\/p>\n<ul class=\"style_lista_rfp\">\n<li>Tags RFID<\/li>\n<li>Leitores RFID;<\/li>\n<li>Integra\u00e7\u00e3o do sistema de RFID com outros sistemas corporativos;<\/li>\n<li>Ader\u00eancia com o projeto Brasil-ID;<\/li>\n<li>Equipamentos de rede e servidores compat\u00edveis com a solu\u00e7\u00e3o de RFID;<\/li>\n<li>Ader\u00eancia aos padr\u00f5es nacional e internacional;<\/li>\n<\/ul>\n","protected":false},"excerpt":{"rendered":"<p>A identifica\u00e7\u00e3o por r\u00e1dio frequ\u00eancia (RFID, Radio-Frequency IDentification) \u00e9 uma tecnologia que utiliza ondas de r\u00e1dio para transferir dados de uma etiqueta eletr\u00f4nica com especifica\u00e7\u00f5es do objeto que ela est\u00e1 anexada atrav\u00e9s de um leitor apropriado. O uso desta tecnologia permite o rastreamento de um objeto com mais facilidade e a integra\u00e7\u00e3o em tempo real [&hellip;]<\/p>\n","protected":false},"author":1,"featured_media":0,"parent":0,"menu_order":0,"comment_status":"open","ping_status":"open","template":"","meta":{"jetpack_post_was_ever_published":false,"footnotes":""},"class_list":["post-1745","page","type-page","status-publish","hentry"],"jetpack_shortlink":"https:\/\/wp.me\/P8yInB-s9","jetpack-related-posts":[{"id":1342,"url":"https:\/\/efagundes.com\/artigos\/fundamentos-de-wireless-lan\/","url_meta":{"origin":1745,"position":0},"title":"Fundamentos de Wireless LAN","author":"Eduardo Fagundes","date":"22 de mar\u00e7o de 2015","format":false,"excerpt":"update (25-junho-2006) Introdu\u00e7\u00e3o A tecnologia de Wireless LAN tem sido muito utilizada em dep\u00f3sitos, companhias a\u00e9reas, e aplica\u00e7\u00f5es de aluguel de carros. Atrav\u00e9s dos esfor\u00e7os do IEEE (Institute of Electrical and Electronis Engineers) e dos esfor\u00e7os de certifica\u00e7\u00e3o da WECA (Wireless Ethernet Compatibility Alliance) as redes sem fio est\u00e3o deixando\u2026","rel":"","context":"Post similar","block_context":{"text":"Post similar","link":""},"img":{"alt_text":"Mimo","src":"https:\/\/i0.wp.com\/efagundes.com\/artigos\/wp-content\/uploads\/sites\/2\/2015\/03\/Mimo1.gif?resize=350%2C200","width":350,"height":200},"classes":[]},{"id":1641,"url":"https:\/\/efagundes.com\/artigos\/compartilhe-sua-visao-sobre-a-tecnologia-para-acelerar-o-movimento-de-mercado-e-implantar-os-projetos-de-forma-mais-rapida-e-segura\/","url_meta":{"origin":1745,"position":1},"title":"Compartilhe sua vis\u00e3o sobre a tecnologia para acelerar o movimento de mercado e implantar os projetos de forma mais r\u00e1pida e segura","author":"Eduardo Fagundes","date":"22 de mar\u00e7o de 2015","format":false,"excerpt":"Introdu\u00e7\u00e3o A TIC tornou-se chave para a efici\u00eancia empresarial e um bom planejamento de TIC garante o \u00f3timo aproveitamento dos escassos recursos financeiros das empresas, viabiliza novos neg\u00f3cios e diferencia a empresa da concorr\u00eancia. A efici\u00eancia de TIC depende fortemente de seu alinhamento com a estrat\u00e9gia da empresa. Por outro\u2026","rel":"","context":"Post similar","block_context":{"text":"Post similar","link":""},"img":{"alt_text":"","src":"","width":0,"height":0},"classes":[]},{"id":1338,"url":"https:\/\/efagundes.com\/artigos\/seguranca-para-equipamentos-sem-fio\/","url_meta":{"origin":1745,"position":2},"title":"Seguran\u00e7a para equipamentos sem fio","author":"Eduardo Fagundes","date":"22 de mar\u00e7o de 2015","format":false,"excerpt":"O mercado empresarial est\u00e1 implementando cada vez mais aplica\u00e7\u00f5es em equipamentos sem fio. Algumas operadoras de celulares est\u00e3o oferecendo servi\u00e7os de conex\u00e3o sem fio para notebook e handhelds, al\u00e9m dos servi\u00e7os de dados para celulares. Para o mercado empresarial, a ado\u00e7\u00e3o de mecanismos de seguran\u00e7a para esses devices remotos assume\u2026","rel":"","context":"Post similar","block_context":{"text":"Post similar","link":""},"img":{"alt_text":"","src":"","width":0,"height":0},"classes":[]},{"id":1583,"url":"https:\/\/efagundes.com\/artigos\/em-quais-tecnologias-devemos-apostar-ate-2010\/","url_meta":{"origin":1745,"position":3},"title":"Em quais tecnologias devemos apostar at\u00e9 2010?","author":"Eduardo Fagundes","date":"22 de mar\u00e7o de 2015","format":false,"excerpt":"Publicado em 14 de mar\u00e7o de 2004 At\u00e9 2010, doze tecnologias devem ser o foco de desenvolvimento da industria de inform\u00e1tica e telecomunica\u00e7\u00f5es, com \u00eanfase na comunica\u00e7\u00e3o sem fio, reconhecimento de voz, uso de software por demanda, ferramentas de pesquisa multim\u00eddia e tecnologias para pagamentos on-line. XML - eXtensible Markup\u2026","rel":"","context":"Post similar","block_context":{"text":"Post similar","link":""},"img":{"alt_text":"","src":"","width":0,"height":0},"classes":[]},{"id":1631,"url":"https:\/\/efagundes.com\/artigos\/o-desafio-da-turma-de-ti-para-falar-a-linguagem-dos-negocios\/","url_meta":{"origin":1745,"position":4},"title":"O desafio da turma de TI para falar a linguagem dos neg\u00f3cios","author":"Eduardo Fagundes","date":"22 de mar\u00e7o de 2015","format":false,"excerpt":"Publicado em 17-set-2007 A implanta\u00e7\u00e3o do ERP na plataforma Linux RedHat com Oracle RAC utilizando processadores AMD Dual Core em computadores Blade trar\u00e1 uma enorme vantagem competitiva para a empresa devido a alta disponibilidade da solu\u00e7\u00e3o.\u00a0 Essa frase poder\u00e1 parecer simples e l\u00f3gica para alguns leitores, por\u00e9m para a maioria\u2026","rel":"","context":"Post similar","block_context":{"text":"Post similar","link":""},"img":{"alt_text":"","src":"","width":0,"height":0},"classes":[]},{"id":1308,"url":"https:\/\/efagundes.com\/artigos\/como-definir-a-tecnologia-de-desenvolvimento-de-aplicacao-em-uma-intranet\/","url_meta":{"origin":1745,"position":5},"title":"Como definir a tecnologia de desenvolvimento de aplica\u00e7\u00e3o em uma Intranet?","author":"Eduardo Fagundes","date":"22 de mar\u00e7o de 2015","format":false,"excerpt":"As aplica\u00e7\u00f5es desenvolvidas para a Intranet t\u00eam a inten\u00e7\u00e3o de tornar mais flex\u00edvel o processamento de informa\u00e7\u00f5es do que as aplica\u00e7\u00f5es monol\u00edticas legadas de antigas plataformas de hardware e software. O ambiente computacional JAVA \u2013 JAVA Computing - da Sun Microsystem (adquirida pela Oracle) est\u00e1 sendo considerada \u00e0 tecnologia emergente\u2026","rel":"","context":"Post similar","block_context":{"text":"Post similar","link":""},"img":{"alt_text":"","src":"","width":0,"height":0},"classes":[]}],"jetpack_sharing_enabled":true,"_links":{"self":[{"href":"https:\/\/efagundes.com\/artigos\/wp-json\/wp\/v2\/pages\/1745","targetHints":{"allow":["GET"]}}],"collection":[{"href":"https:\/\/efagundes.com\/artigos\/wp-json\/wp\/v2\/pages"}],"about":[{"href":"https:\/\/efagundes.com\/artigos\/wp-json\/wp\/v2\/types\/page"}],"author":[{"embeddable":true,"href":"https:\/\/efagundes.com\/artigos\/wp-json\/wp\/v2\/users\/1"}],"replies":[{"embeddable":true,"href":"https:\/\/efagundes.com\/artigos\/wp-json\/wp\/v2\/comments?post=1745"}],"version-history":[{"count":0,"href":"https:\/\/efagundes.com\/artigos\/wp-json\/wp\/v2\/pages\/1745\/revisions"}],"wp:attachment":[{"href":"https:\/\/efagundes.com\/artigos\/wp-json\/wp\/v2\/media?parent=1745"}],"curies":[{"name":"wp","href":"https:\/\/api.w.org\/{rel}","templated":true}]}}