{"id":3148,"date":"2025-10-09T14:11:03","date_gmt":"2025-10-09T17:11:03","guid":{"rendered":"https:\/\/efagundes.com\/artigos\/politica-de-cookies-br\/"},"modified":"2025-10-09T14:11:03","modified_gmt":"2025-10-09T17:11:03","slug":"politica-de-cookies-br","status":"publish","type":"page","link":"https:\/\/efagundes.com\/artigos\/politica-de-cookies-br\/","title":{"rendered":"Pol\u00edtica de Cookies (BR)"},"content":{"rendered":"\n<!-- Legal document generated by Complianz | GDPR\/CCPA Cookie Consent https:\/\/wordpress.org\/plugins\/complianz-gdpr -->\n<div id=\"cmplz-document\" class=\"cmplz-document cookie-statement cmplz-document-br\"><p><i>Esta pol\u00edtica de cookies foi atualizada pela \u00faltima vez em 9 de outubro de 2025 e se aplica a cidad\u00e3os e residentes permanentes legais do Brasil.<\/i><br \/><\/p><h2>1. Introdu\u00e7\u00e3o<\/h2><p>Nosso site, <a href=\"https:\/\/efagundes.com\/artigos\">https:\/\/efagundes.com\/artigos<\/a> (doravante: \u201co site\u201d), usa cookies e outras tecnologias relacionadas (por conveni\u00eancia, todas as tecnologias s\u00e3o chamadas de \u201ccookies\u201d). Os cookies tamb\u00e9m podem ser inseridos por terceiros que sejam nossos parceiros. No documento abaixo, informamos sobre o uso de cookies no nosso site.<\/p><h2>2. O que s\u00e3o cookies?<\/h2><p>Um cookie \u00e9 um pequeno arquivo simples, que \u00e9 enviado junto com as p\u00e1ginas deste site e armazenado pelo seu navegador no disco r\u00edgido do seu computador ou em outro dispositivo. As informa\u00e7\u00f5es armazenadas nele podem ser retornadas aos nossos servidores, ou aos servidores de terceiros relevantes, durante um acesso posterior.<\/p><h2>3. O que s\u00e3o scripts?<\/h2><p>Um script \u00e9 um trecho de c\u00f3digo de programa, usado para fazer com que nosso site funcione de forma adequada e interativa. Esse c\u00f3digo \u00e9 executado em nosso servidor ou no seu dispositivo.<\/p><h2>4. O que \u00e9 um web beacon?<\/h2><p>Um web beacon (ou pixel de rastreamento) \u00e9 um pequeno trecho invis\u00edvel de texto ou imagem em um site, usado para monitorar o tr\u00e1fego. Para isso, v\u00e1rios dados sobre voc\u00ea s\u00e3o armazenados usando web beacons.<\/p><h2>5. Cookies<\/h2><p class=\"cmplz-subtitle\">5.1 Cookies t\u00e9cnicos ou funcionais<\/p><p>Alguns cookies garantem que determinadas partes do site funcionem corretamente e que suas prefer\u00eancias de usu\u00e1rio sejam armazenadas. Ao inserir cookies funcionais, facilitamos seu acesso ao nosso site. Assim, voc\u00ea n\u00e3o precisa inserir repetidamente as mesmas informa\u00e7\u00f5es ao acessar nosso site e, por exemplo, os itens permanecem no carrinho de compras at\u00e9 que voc\u00ea conclua o pagamento. Podemos inserir esses cookies sem seu consentimento.<\/p><p class=\"cmplz-subtitle\">5.2 Cookies de marketing\/rastreamento<\/p><p>Cookies de marketing\/rastreamento s\u00e3o cookies ou qualquer outra forma de armazenamento local, usados para criar perfis de usu\u00e1rio, para exibir publicidade ou para rastrear o usu\u00e1rio neste site, ou em v\u00e1rios sites, com objetivos de marketing semelhantes.<\/p><h2>6. Cookies inseridos<\/h2><div id=\"cmplz-cookies-overview\"><details class=\"cmplz-dropdown cmplz-service-desc cmplz-dropdown-cookiepolicy \">\n\t<summary class=\"cmplz-service-header\"><div>\n\t\t<h3>Google reCAPTCHA<\/h3>\n\t\t<p>Funcional<\/p>\n\t\t<label for=\"cmplz_service_google-recaptcha\" class=\"cmplz_consent_per_service_label\"><span class=\"screen-reader-text\">Consent to service google-recaptcha<\/span><\/label>\n\t\t<input type=\"checkbox\" id=\"cmplz_service_google-recaptcha\" class=\"cmplz-accept-service cmplz-hidden\" data-service=\"google-recaptcha\" data-category=\"functional\"><\/div>\n\t<\/summary>\n\t<div class=\"cmplz-service-description\">\n\t\t<h4>Uso<\/h4>\n\t\t<p><\/p>\n\t<\/div>\n\t<div class=\"cmplz-sharing-data\">\n\t\t<h4>Compartilhamento de dados<\/h4>\n\t\t<p>Esses dados n\u00e3o s\u00e3o compartilhados com terceiros.<\/p>\n\t<\/div>\n\t<div class=\"cookies-per-purpose\">\n    <div class=\"purpose\"><h4>Funcional<\/h4><\/div>\n    <div class=\"name-header\">\n\t<h5>Nome<\/h5>\n<\/div>\n<div class=\"name\"><a target=\"_blank\" rel=\"noopener noreferrer nofollow\" href=\"https:\/\/cookiedatabase.org\/cookie\/unknown-service\/_grecaptcha\/\">_grecaptcha<\/a><\/div>\n<div class=\"retention-header\">\n\t<h5>Expira\u00e7\u00e3o<\/h5>\n<\/div>\n<div class=\"retention\">6 meses<\/div>\n<div class=\"function-header\">\n\t<h5>Fun\u00e7\u00e3o<\/h5>\n<\/div>\n<div class=\"function\">Fornecer prote\u00e7\u00e3o contra spam<\/div>\n\n<\/div>\n<\/details>\n<details class=\"cmplz-dropdown cmplz-service-desc cmplz-dropdown-cookiepolicy \">\n\t<summary class=\"cmplz-service-header\"><div>\n\t\t<h3>WordPress<\/h3>\n\t\t<p>Funcional<\/p>\n\t\t<label for=\"cmplz_service_wordpress\" class=\"cmplz_consent_per_service_label\"><span class=\"screen-reader-text\">Consent to service wordpress<\/span><\/label>\n\t\t<input type=\"checkbox\" id=\"cmplz_service_wordpress\" class=\"cmplz-accept-service cmplz-hidden\" data-service=\"wordpress\" data-category=\"functional\"><\/div>\n\t<\/summary>\n\t<div class=\"cmplz-service-description\">\n\t\t<h4>Uso<\/h4>\n\t\t<p><\/p>\n\t<\/div>\n\t<div class=\"cmplz-sharing-data\">\n\t\t<h4>Compartilhamento de dados<\/h4>\n\t\t<p>Esses dados n\u00e3o s\u00e3o compartilhados com terceiros.<\/p>\n\t<\/div>\n\t<div class=\"cookies-per-purpose\">\n    <div class=\"purpose\"><h4>Funcional<\/h4><\/div>\n    <div class=\"name-header\">\n\t<h5>Nome<\/h5>\n<\/div>\n<div class=\"name\"><a target=\"_blank\" rel=\"noopener noreferrer nofollow\" href=\"https:\/\/cookiedatabase.org\/cookie\/unknown-service\/wpemojisettingssupports\/\">wpEmojiSettingsSupports<\/a><\/div>\n<div class=\"retention-header\">\n\t<h5>Expira\u00e7\u00e3o<\/h5>\n<\/div>\n<div class=\"retention\">sess\u00e3o<\/div>\n<div class=\"function-header\">\n\t<h5>Fun\u00e7\u00e3o<\/h5>\n<\/div>\n<div class=\"function\">Armazenar detalhes de navegador<\/div>\n\n<\/div>\n<\/details>\n<details class=\"cmplz-dropdown cmplz-service-desc cmplz-dropdown-cookiepolicy \">\n\t<summary class=\"cmplz-service-header\"><div>\n\t\t<h3>Complianz<\/h3>\n\t\t<p>Funcional<\/p>\n\t\t<label for=\"cmplz_service_complianz\" class=\"cmplz_consent_per_service_label\"><span class=\"screen-reader-text\">Consent to service complianz<\/span><\/label>\n\t\t<input type=\"checkbox\" id=\"cmplz_service_complianz\" class=\"cmplz-accept-service cmplz-hidden\" data-service=\"complianz\" data-category=\"functional\"><\/div>\n\t<\/summary>\n\t<div class=\"cmplz-service-description\">\n\t\t<h4>Uso<\/h4>\n\t\t<p><\/p>\n\t<\/div>\n\t<div class=\"cmplz-sharing-data\">\n\t\t<h4>Compartilhamento de dados<\/h4>\n\t\t<p>Esses dados n\u00e3o s\u00e3o compartilhados com terceiros.&nbsp;Para ter mais informa\u00e7\u00f5es, leia a <a target=\"_blank\" rel=\"noopener noreferrer\" href=\"https:\/\/complianz.io\/legal\/privacy-statement\/\">Complianz declara\u00e7\u00e3o de privacidade<\/a>.<\/p>\n\t<\/div>\n\t<div class=\"cookies-per-purpose\">\n    <div class=\"purpose\"><h4>Funcional<\/h4><\/div>\n    <div class=\"name-header\">\n\t<h5>Nome<\/h5>\n<\/div>\n<div class=\"name\"><a target=\"_blank\" rel=\"noopener noreferrer nofollow\" href=\"https:\/\/cookiedatabase.org\/cookie\/unknown-service\/cmplz_rt_banner-status\/\">cmplz_rt_banner-status<\/a><\/div>\n<div class=\"retention-header\">\n\t<h5>Expira\u00e7\u00e3o<\/h5>\n<\/div>\n<div class=\"retention\">365 dias<\/div>\n<div class=\"function-header\">\n\t<h5>Fun\u00e7\u00e3o<\/h5>\n<\/div>\n<div class=\"function\">Armazenar se o banner de cookies for recusado<\/div>\n<div class=\"name-header\">\n\t<h5>Nome<\/h5>\n<\/div>\n<div class=\"name\"><a target=\"_blank\" rel=\"noopener noreferrer nofollow\" href=\"https:\/\/cookiedatabase.org\/cookie\/unknown-service\/cmplz_rt_consented_services\/\">cmplz_rt_consented_services<\/a><\/div>\n<div class=\"retention-header\">\n\t<h5>Expira\u00e7\u00e3o<\/h5>\n<\/div>\n<div class=\"retention\">365 dias<\/div>\n<div class=\"function-header\">\n\t<h5>Fun\u00e7\u00e3o<\/h5>\n<\/div>\n<div class=\"function\">Salvar prefer\u00eancias de consentimento de cookies<\/div>\n<div class=\"name-header\">\n\t<h5>Nome<\/h5>\n<\/div>\n<div class=\"name\"><a target=\"_blank\" rel=\"noopener noreferrer nofollow\" href=\"https:\/\/cookiedatabase.org\/cookie\/unknown-service\/cmplz_rt_functional\/\">cmplz_rt_functional<\/a><\/div>\n<div class=\"retention-header\">\n\t<h5>Expira\u00e7\u00e3o<\/h5>\n<\/div>\n<div class=\"retention\">365 dias<\/div>\n<div class=\"function-header\">\n\t<h5>Fun\u00e7\u00e3o<\/h5>\n<\/div>\n<div class=\"function\">Salvar prefer\u00eancias de consentimento de cookies<\/div>\n<div class=\"name-header\">\n\t<h5>Nome<\/h5>\n<\/div>\n<div class=\"name\"><a target=\"_blank\" rel=\"noopener noreferrer nofollow\" href=\"https:\/\/cookiedatabase.org\/cookie\/unknown-service\/cmplz_rt_marketing\/\">cmplz_rt_marketing<\/a><\/div>\n<div class=\"retention-header\">\n\t<h5>Expira\u00e7\u00e3o<\/h5>\n<\/div>\n<div class=\"retention\">365 dias<\/div>\n<div class=\"function-header\">\n\t<h5>Fun\u00e7\u00e3o<\/h5>\n<\/div>\n<div class=\"function\">Salvar prefer\u00eancias de consentimento de cookies<\/div>\n<div class=\"name-header\">\n\t<h5>Nome<\/h5>\n<\/div>\n<div class=\"name\"><a target=\"_blank\" rel=\"noopener noreferrer nofollow\" href=\"https:\/\/cookiedatabase.org\/cookie\/unknown-service\/cmplz_rt_policy_id\/\">cmplz_rt_policy_id<\/a><\/div>\n<div class=\"retention-header\">\n\t<h5>Expira\u00e7\u00e3o<\/h5>\n<\/div>\n<div class=\"retention\">365 dias<\/div>\n<div class=\"function-header\">\n\t<h5>Fun\u00e7\u00e3o<\/h5>\n<\/div>\n<div class=\"function\">Armazenar ID de pol\u00edtica de cookies aceita<\/div>\n<div class=\"name-header\">\n\t<h5>Nome<\/h5>\n<\/div>\n<div class=\"name\"><a target=\"_blank\" rel=\"noopener noreferrer nofollow\" href=\"https:\/\/cookiedatabase.org\/cookie\/unknown-service\/cmplz_rt_preferences\/\">cmplz_rt_preferences<\/a><\/div>\n<div class=\"retention-header\">\n\t<h5>Expira\u00e7\u00e3o<\/h5>\n<\/div>\n<div class=\"retention\">365 dias<\/div>\n<div class=\"function-header\">\n\t<h5>Fun\u00e7\u00e3o<\/h5>\n<\/div>\n<div class=\"function\">Salvar prefer\u00eancias de consentimento de cookies<\/div>\n<div class=\"name-header\">\n\t<h5>Nome<\/h5>\n<\/div>\n<div class=\"name\"><a target=\"_blank\" rel=\"noopener noreferrer nofollow\" href=\"https:\/\/cookiedatabase.org\/cookie\/unknown-service\/cmplz_rt_statistics\/\">cmplz_rt_statistics<\/a><\/div>\n<div class=\"retention-header\">\n\t<h5>Expira\u00e7\u00e3o<\/h5>\n<\/div>\n<div class=\"retention\">365 dias<\/div>\n<div class=\"function-header\">\n\t<h5>Fun\u00e7\u00e3o<\/h5>\n<\/div>\n<div class=\"function\">Salvar prefer\u00eancias de consentimento de cookies<\/div>\n\n<\/div>\n<\/details>\n<details class=\"cmplz-dropdown cmplz-service-desc cmplz-dropdown-cookiepolicy \">\n\t<summary class=\"cmplz-service-header\"><div>\n\t\t<h3>Diversos<\/h3>\n\t\t<p>Objetivo aguardando an\u00e1lise<\/p>\n\t\t<label for=\"cmplz_service_diversos\" class=\"cmplz_consent_per_service_label\"><span class=\"screen-reader-text\">Consent to service diversos<\/span><\/label>\n\t\t<input type=\"checkbox\" id=\"cmplz_service_diversos\" class=\"cmplz-accept-service cmplz-hidden\" data-service=\"diversos\" data-category=\"functional\"><\/div>\n\t<\/summary>\n\t<div class=\"cmplz-service-description\">\n\t\t<h4>Uso<\/h4>\n\t\t<p><\/p>\n\t<\/div>\n\t<div class=\"cmplz-sharing-data\">\n\t\t<h4>Compartilhamento de dados<\/h4>\n\t\t<p>O compartilhamento de dados est\u00e1 aguardando an\u00e1lise<\/p>\n\t<\/div>\n\t<div class=\"cookies-per-purpose\">\n    <div class=\"purpose\"><h4>Objetivo aguardando an\u00e1lise<\/h4><\/div>\n    <div class=\"name-header\">\n\t<h5>Nome<\/h5>\n<\/div>\n<div class=\"name\">jp-stats-navigation<\/div>\n<div class=\"retention-header\">\n\t<h5>Expira\u00e7\u00e3o<\/h5>\n<\/div>\n<div class=\"retention\"><\/div>\n<div class=\"function-header\">\n\t<h5>Fun\u00e7\u00e3o<\/h5>\n<\/div>\n<div class=\"function\"><\/div>\n<div class=\"name-header\">\n\t<h5>Nome<\/h5>\n<\/div>\n<div class=\"name\">jetpack_stats_date_range_is_drilling_down<\/div>\n<div class=\"retention-header\">\n\t<h5>Expira\u00e7\u00e3o<\/h5>\n<\/div>\n<div class=\"retention\"><\/div>\n<div class=\"function-header\">\n\t<h5>Fun\u00e7\u00e3o<\/h5>\n<\/div>\n<div class=\"function\"><\/div>\n<div class=\"name-header\">\n\t<h5>Nome<\/h5>\n<\/div>\n<div class=\"name\">jp-stats-last-tab<\/div>\n<div class=\"retention-header\">\n\t<h5>Expira\u00e7\u00e3o<\/h5>\n<\/div>\n<div class=\"retention\"><\/div>\n<div class=\"function-header\">\n\t<h5>Fun\u00e7\u00e3o<\/h5>\n<\/div>\n<div class=\"function\"><\/div>\n<div class=\"name-header\">\n\t<h5>Nome<\/h5>\n<\/div>\n<div class=\"name\">jetpack_stats_date_range_is_drilling_down_date_history<\/div>\n<div class=\"retention-header\">\n\t<h5>Expira\u00e7\u00e3o<\/h5>\n<\/div>\n<div class=\"retention\"><\/div>\n<div class=\"function-header\">\n\t<h5>Fun\u00e7\u00e3o<\/h5>\n<\/div>\n<div class=\"function\"><\/div>\n<div class=\"name-header\">\n\t<h5>Nome<\/h5>\n<\/div>\n<div class=\"name\">FCNEC<\/div>\n<div class=\"retention-header\">\n\t<h5>Expira\u00e7\u00e3o<\/h5>\n<\/div>\n<div class=\"retention\"><\/div>\n<div class=\"function-header\">\n\t<h5>Fun\u00e7\u00e3o<\/h5>\n<\/div>\n<div class=\"function\"><\/div>\n\n<\/div>\n<\/details>\n<\/div><h2>7. Ativa\u00e7\u00e3o\/desativa\u00e7\u00e3o e exclus\u00e3o de cookies<\/h2><p>Voc\u00ea pode usar seu navegador para excluir cookies autom\u00e1tica ou manualmente. Voc\u00ea tamb\u00e9m pode especificar que determinados cookies n\u00e3o podem ser inseridos. Outra op\u00e7\u00e3o \u00e9 alterar as configura\u00e7\u00f5es do navegador para que voc\u00ea receba uma mensagem sempre que um cookie for inserido. Para mais informa\u00e7\u00f5es sobre essas op\u00e7\u00f5es, consulte as instru\u00e7\u00f5es na se\u00e7\u00e3o de ajuda do seu navegador.<\/p><p>Observe que nosso site pode n\u00e3o funcionar corretamente se todos os cookies estiverem desativados. Se voc\u00ea excluir os cookies do seu navegador, eles ser\u00e3o inseridos novamente, ap\u00f3s seu consentimento, quando voc\u00ea acessar nosso site novamente.<\/p><h2>8. Seus direitos em rela\u00e7\u00e3o aos dados pessoais<\/h2><p>Voc\u00ea tem os seguintes direitos em rela\u00e7\u00e3o aos seus dados pessoais:<\/p><ul>\n                    <li>confirma\u00e7\u00e3o da exist\u00eancia do processamento;<\/li>\n                    <li>acesso aos dados;<\/li>\n                    <li>corre\u00e7\u00e3o de dados incompletos, imprecisos ou desatualizados;<\/li>\n                    <li>anonimiza\u00e7\u00e3o, bloqueio ou exclus\u00e3o dos dados desnecess\u00e1rios, excessivos ou processados em desacordo com as disposi\u00e7\u00f5es da Lei Geral de Prote\u00e7\u00e3o de Dados Pessoais (LGPD);<\/li>\n                    <li>portabilidade dos dados para outro provedor de servi\u00e7os ou produtos, mediante solicita\u00e7\u00e3o expressa, de acordo com os regulamentos da autoridade nacional, observando os segredos comerciais e industriais;<\/li>\n                    <li>exclus\u00e3o dos dados pessoais processados com o consentimento do titular, exceto nos casos previstos no art. 16 da Lei Geral de Prote\u00e7\u00e3o de Dados Pessoais (LGPD);<\/li>\n                    <li>informa\u00e7\u00f5es sobre entidades p\u00fablicas e privadas com as quais o controlador compartilhou dados;<\/li>\n                    <li>informa\u00e7\u00f5es sobre a possibilidade de n\u00e3o fornecer consentimento e as consequ\u00eancias da rejei\u00e7\u00e3o.<\/li>\n                <\/ul><p>Para exercer esses direitos, fale conosco. Consulte os detalhes de contato na parte inferior desta pol\u00edtica de cookies. Se tiver uma reclama\u00e7\u00e3o sobre como processamos seus dados, gostar\u00edamos de ouvi-lo, mas voc\u00ea tamb\u00e9m tem o direito de enviar uma reclama\u00e7\u00e3o \u00e0 Autoridade Nacional de Prote\u00e7\u00e3o de Dados (ANPD):<\/p><br \/>Autoridade Nacional de Prote\u00e7\u00e3o de Dados\n\t\t\t\t\t\t<br \/>\n\t\t\t\t\t\t<br \/>Esplanada dos Minist\u00e9rios,\n\t\t\t\t\t\t<br \/>Bloco C,\n\t\t\t\t\t\t<br \/>2\u00ba andar,\n\t\t\t\t\t\t<br \/>CEP 70297-400 &#8211; Bras\u00edlia \u2013 DF.\n\t\t\t\t\t\t<br \/><a href=\"https:\/\/www.gov.br\/anpd\/pt-br\/canais_atendimento\/\" target=\"_blank\">Site<\/a><h2>9. Detalhes de contato<\/h2><p>Em caso de d\u00favidas e\/ou coment\u00e1rios sobre nossa pol\u00edtica de cookies e esta declara\u00e7\u00e3o, fale conosco usando os seguintes dados de contato:<\/p><p><span class=\"cmplz-contact-organisation\">Efagundes<\/span><br>\n                    <span class=\"cmplz-contact-address\">S\u00e3o Paulo<\/span><br>\n                    <span class=\"cmplz-contact-country\">Brasil<\/span><br>\n                    <span class=\"cmplz-contact-domain\">Site: <a href=\"https:\/\/efagundes.com\/artigos\">https:\/\/efagundes.com\/artigos<\/a><\/span><br>\n                    <span class=\"cmplz-contact-email\">E-mail: <span class=\"cmplz-obfuscate\">&#101;&#100;&#117;a&#114;d&#111;&#046;&#109;&#102;&#097;&#103;u&#110;des@<span class=\"cmplz-fmail-domain\">ex.&#099;om<\/span>g&#109;ai&#108;.&#099;om<\/span><\/span><br>\n                    <span class=\"cmplz-contact-telephone\"><\/span><\/p><p>Esta pol\u00edtica de cookies foi sincronizada com o <a href=\"https:\/\/cookiedatabase.org\/\" target=\"_blank\">cookiedatabase.org<\/a> em 10 de outubro de 2025.<\/p><\/div>","protected":false},"excerpt":{"rendered":"","protected":false},"author":1,"featured_media":0,"parent":0,"menu_order":0,"comment_status":"closed","ping_status":"closed","template":"","meta":{"jetpack_post_was_ever_published":false,"footnotes":""},"class_list":["post-3148","page","type-page","status-publish","hentry"],"jetpack_shortlink":"https:\/\/wp.me\/P8yInB-OM","jetpack-related-posts":[{"id":1291,"url":"https:\/\/efagundes.com\/artigos\/poderemos-contar-com-o-uso-de-assinaturas-digitais-dos-consumidores-para-as-transacoes-on-line\/","url_meta":{"origin":3148,"position":0},"title":"Poderemos contar com o uso de assinaturas digitais dos consumidores para as transa\u00e7\u00f5es on-line?","author":"Eduardo Fagundes","date":"22 de mar\u00e7o de 2015","format":false,"excerpt":"As empresas hoje trabalham com tr\u00eas ambientes distintos para executar suas transa\u00e7\u00f5es on-line: interno, business-to-business e business-to-consumer. Cada ambiente necessita de uma tecnologia e pol\u00edtica de seguran\u00e7a diferenciada. No ambiente interno, o controle de acesso \u00e0s transa\u00e7\u00f5es \u00e9 feito atrav\u00e9s de facilidades do sistema operacional e do banco de dados.\u2026","rel":"","context":"Post similar","block_context":{"text":"Post similar","link":""},"img":{"alt_text":"","src":"","width":0,"height":0},"classes":[]},{"id":1399,"url":"https:\/\/efagundes.com\/artigos\/questoes-que-devem-ser-respondidas-antes-de-iniciar-um-projeto\/","url_meta":{"origin":3148,"position":1},"title":"Quest\u00f5es que devem ser respondidas antes de iniciar um projeto","author":"Eduardo Fagundes","date":"22 de mar\u00e7o de 2015","format":false,"excerpt":"Publicado em 20-novembro-2006 Quando seu chefe pergunta se voc\u00ea estaria interessado em liderar um importante projeto, sua rea\u00e7\u00e3o, provavelmente, ser\u00e1 um \u201csim\u201d acompanhado de um sorriso. Sem d\u00favida, uma atitude positiva \u00e9 importante para come\u00e7ar um projeto. Chefes querem gerentes de projetos que tenham firmeza, experi\u00eancia e intelig\u00eancia para dizer:\u2026","rel":"","context":"Post similar","block_context":{"text":"Post similar","link":""},"img":{"alt_text":"","src":"","width":0,"height":0},"classes":[]},{"id":1753,"url":"https:\/\/efagundes.com\/artigos\/seguranca-da-informacao\/","url_meta":{"origin":3148,"position":2},"title":"Seguran\u00e7a da Informa\u00e7\u00e3o","author":"Eduardo Fagundes","date":"22 de mar\u00e7o de 2015","format":false,"excerpt":"Seguran\u00e7a da informa\u00e7\u00e3o significa proteger seus dados e sistemas de informa\u00e7\u00e3o de acessos e uso n\u00e3o autorizados, divulga\u00e7\u00e3o, modifica\u00e7\u00e3o, leitura, grava\u00e7\u00e3o, inspe\u00e7\u00e3o e destrui\u00e7\u00e3o. O conceito de seguran\u00e7a da informa\u00e7\u00e3o est\u00e1 ligado \u00e0 confidencialidade, integridade e disponibilidade da informa\u00e7\u00e3o. O conceito de seguran\u00e7a de processamento est\u00e1 ligado \u00e0 disponibilidade e\u2026","rel":"","context":"Post similar","block_context":{"text":"Post similar","link":""},"img":{"alt_text":"","src":"","width":0,"height":0},"classes":[]},{"id":1561,"url":"https:\/\/efagundes.com\/artigos\/processo-para-reduzir-o-custo-de-propriedade-em-ti-tco\/","url_meta":{"origin":3148,"position":3},"title":"Processo para reduzir o custo de propriedade em TI (TCO)","author":"Eduardo Fagundes","date":"22 de mar\u00e7o de 2015","format":false,"excerpt":"Ap\u00f3s a empresa de consultoria americana Gartner Group divulgar um relat\u00f3rio apresentando um custo de US$ 9.784 por PC com o Microsoft Windows 95, as empresas perceberam o impacto dos custos indiretos que incidem em um computador. Muito desses custos ocultos s\u00e3o gastos em outras \u00e1reas da organiza\u00e7\u00e3o ou por\u2026","rel":"","context":"Post similar","block_context":{"text":"Post similar","link":""},"img":{"alt_text":"","src":"","width":0,"height":0},"classes":[]},{"id":1442,"url":"https:\/\/efagundes.com\/artigos\/gestao-de-contratos-com-sla\/","url_meta":{"origin":3148,"position":4},"title":"Gest\u00e3o de Contratos com SLA","author":"Eduardo Fagundes","date":"22 de mar\u00e7o de 2015","format":false,"excerpt":"Revisado em 31-out-2011 Cada vez mais as empresas est\u00e3o contratando servi\u00e7os baseados em n\u00edveis de servi\u00e7os, conhecidos pela sua sigla em ingl\u00eas - SLAs \u2013 Service Level Agreements. Para administrar esses contratos \u00e9 necess\u00e1rio que tanto as prestadoras de servi\u00e7os como as empresas contratantes possuam um gerenciamento dos par\u00e2metros contratos.\u2026","rel":"","context":"Post similar","block_context":{"text":"Post similar","link":""},"img":{"alt_text":"grafico_sla","src":"https:\/\/i0.wp.com\/efagundes.com\/artigos\/wp-content\/uploads\/sites\/2\/2015\/03\/grafico_sla1.png?resize=350%2C200","width":350,"height":200},"classes":[]},{"id":1334,"url":"https:\/\/efagundes.com\/artigos\/convergencia-de-dados-e-voz-na-proxima-geracao-de-redes\/","url_meta":{"origin":3148,"position":5},"title":"Converg\u00eancia de Dados e Voz na Pr\u00f3xima Gera\u00e7\u00e3o de Redes","author":"Eduardo Fagundes","date":"22 de mar\u00e7o de 2015","format":false,"excerpt":"A converg\u00eancia, atualmente um dos temas mais discutidos na ind\u00fastria de redes, nos apresenta uma nova vis\u00e3o sobre o futuro da pr\u00f3xima gera\u00e7\u00e3o das redes (NGN \u2013 Next Generation Network) e de aplica\u00e7\u00f5es multim\u00eddia. Ser\u00e1 concretizado o velho sonho de uma plataforma de transporte comum para v\u00eddeo, voz e dados.\u2026","rel":"","context":"Post similar","block_context":{"text":"Post similar","link":""},"img":{"alt_text":"NGN001","src":"https:\/\/i0.wp.com\/efagundes.com\/artigos\/wp-content\/uploads\/sites\/2\/2015\/03\/NGN0011.png?resize=350%2C200","width":350,"height":200},"classes":[]}],"jetpack_sharing_enabled":true,"_links":{"self":[{"href":"https:\/\/efagundes.com\/artigos\/wp-json\/wp\/v2\/pages\/3148","targetHints":{"allow":["GET"]}}],"collection":[{"href":"https:\/\/efagundes.com\/artigos\/wp-json\/wp\/v2\/pages"}],"about":[{"href":"https:\/\/efagundes.com\/artigos\/wp-json\/wp\/v2\/types\/page"}],"author":[{"embeddable":true,"href":"https:\/\/efagundes.com\/artigos\/wp-json\/wp\/v2\/users\/1"}],"replies":[{"embeddable":true,"href":"https:\/\/efagundes.com\/artigos\/wp-json\/wp\/v2\/comments?post=3148"}],"version-history":[{"count":0,"href":"https:\/\/efagundes.com\/artigos\/wp-json\/wp\/v2\/pages\/3148\/revisions"}],"wp:attachment":[{"href":"https:\/\/efagundes.com\/artigos\/wp-json\/wp\/v2\/media?parent=3148"}],"curies":[{"name":"wp","href":"https:\/\/api.w.org\/{rel}","templated":true}]}}