{"id":103,"date":"2012-11-16T19:59:48","date_gmt":"2012-11-16T21:59:48","guid":{"rendered":"http:\/\/efagundes.com\/openclass_networking\/?page_id=103"},"modified":"2022-01-16T17:49:53","modified_gmt":"2022-01-16T20:49:53","slug":"a-arquitetura-filosofo-tradutor-secretaria","status":"publish","type":"page","link":"https:\/\/efagundes.com\/networking\/software-de-rede\/a-arquitetura-filosofo-tradutor-secretaria\/","title":{"rendered":"A arquitetura fil\u00f3sofo-tradutor-secret\u00e1ria"},"content":{"rendered":"<p><a href=\"https:\/\/i0.wp.com\/efagundes.com\/networking\/wp-content\/uploads\/sites\/5\/2015\/03\/Slide26.jpg\"><img data-recalc-dims=\"1\" loading=\"lazy\" decoding=\"async\" data-attachment-id=\"2333\" data-permalink=\"https:\/\/efagundes.com\/networking\/software-de-rede\/a-arquitetura-filosofo-tradutor-secretaria\/slide26\/\" data-orig-file=\"https:\/\/i0.wp.com\/efagundes.com\/networking\/wp-content\/uploads\/sites\/5\/2015\/03\/Slide26.jpg?fit=960%2C720&amp;ssl=1\" data-orig-size=\"960,720\" data-comments-opened=\"1\" data-image-meta=\"{&quot;aperture&quot;:&quot;0&quot;,&quot;credit&quot;:&quot;&quot;,&quot;camera&quot;:&quot;&quot;,&quot;caption&quot;:&quot;&quot;,&quot;created_timestamp&quot;:&quot;0&quot;,&quot;copyright&quot;:&quot;&quot;,&quot;focal_length&quot;:&quot;0&quot;,&quot;iso&quot;:&quot;0&quot;,&quot;shutter_speed&quot;:&quot;0&quot;,&quot;title&quot;:&quot;&quot;,&quot;orientation&quot;:&quot;0&quot;}\" data-image-title=\"Slide26\" data-image-description=\"\" data-image-caption=\"\" data-large-file=\"https:\/\/i0.wp.com\/efagundes.com\/networking\/wp-content\/uploads\/sites\/5\/2015\/03\/Slide26.jpg?fit=960%2C720&amp;ssl=1\" class=\"alignnone size-full wp-image-2333\" src=\"https:\/\/i0.wp.com\/efagundes.com\/networking\/wp-content\/uploads\/sites\/5\/2015\/03\/Slide26.jpg?resize=960%2C720\" alt=\"Slide26\" width=\"960\" height=\"720\" srcset=\"https:\/\/i0.wp.com\/efagundes.com\/networking\/wp-content\/uploads\/sites\/5\/2015\/03\/Slide26.jpg?w=960&amp;ssl=1 960w, https:\/\/i0.wp.com\/efagundes.com\/networking\/wp-content\/uploads\/sites\/5\/2015\/03\/Slide26.jpg?resize=300%2C225&amp;ssl=1 300w\" sizes=\"auto, (max-width: 960px) 100vw, 960px\" \/><\/a><\/p>\n<p>Para tornar mais claro o conceito de independ\u00eancia entre n\u00edveis, pode-se imaginar a seguinte situa\u00e7\u00e3o hipot\u00e9tica: um fil\u00f3sofo no Brasil querendo se comunicar com outro fil\u00f3sofo na Fran\u00e7a. Para tradu\u00e7\u00e3o das mensagens, cada um deles contrata um tradutor, que tem a fun\u00e7\u00e3o de converter as mensagens para uma linguagem padr\u00e3o (holand\u00eas, por exemplo). Por sua vez, para enviar as palavras entre os dois pa\u00edses, cada tradutor contrata um mensageiro, que tem a fun\u00e7\u00e3o de entregar cada palavra da mensagem ao outro lado. Os mensageiros devem estabelecer um padr\u00e3o para a comunica\u00e7\u00e3o, que pode ser telefone, carta, e-mail ou qualquer outro existente. A comunica\u00e7\u00e3o descrita acima pode ser dividida em tr\u00eas n\u00edveis distintos:<\/p>\n<ul>\n<li>N\u00edvel 3: cria\u00e7\u00e3o das mensagens (assunto a filosofar).<\/li>\n<li>N\u00edvel 2: tradu\u00e7\u00e3o das mensagens (ingl\u00eas);<\/li>\n<li>N\u00edvel 1: comunica\u00e7\u00e3o entre mensageiros (e-mail);<\/li>\n<\/ul>\n<p>Esse exemplo tem a finalidade de esclarecer alguns pontos importantes da utiliza\u00e7\u00e3o de pilhas de protocolos. Cada n\u00edvel \u00e9 independente entre si, e n\u00e3o deve se preocupar com a fun\u00e7\u00e3o dos outros n\u00edveis, mas sim utilizar os servi\u00e7os oferecidos pelo n\u00edvel inferior e oferecer seus servi\u00e7os ao n\u00edvel superior. Assim, ao fil\u00f3sofo n\u00e3o interessa o padr\u00e3o de linguagem utilizado pelo n\u00edvel 2 (que poderia ser ingl\u00eas ou japon\u00eas sem preju\u00edzo para a comunica\u00e7\u00e3o correta), e aos tradutores n\u00e3o interessa a forma pela qual os mensageiros v\u00e3o fazer a comunica\u00e7\u00e3o (que poderia ser qualquer outra forma, como telegrama ou r\u00e1dio).<\/p>\n<p>&nbsp;<\/p>\n","protected":false},"excerpt":{"rendered":"<p>Para tornar mais claro o conceito de independ\u00eancia entre n\u00edveis, pode-se imaginar a seguinte situa\u00e7\u00e3o hipot\u00e9tica: um fil\u00f3sofo no Brasil querendo se comunicar com outro fil\u00f3sofo na Fran\u00e7a. Para tradu\u00e7\u00e3o das mensagens, cada um deles contrata um tradutor, que tem a fun\u00e7\u00e3o de converter as mensagens para uma linguagem padr\u00e3o (holand\u00eas, por exemplo). Por sua [&hellip;]<\/p>\n","protected":false},"author":1,"featured_media":0,"parent":99,"menu_order":21,"comment_status":"closed","ping_status":"closed","template":"","meta":{"footnotes":""},"class_list":["post-103","page","type-page","status-publish","hentry"],"jetpack_shortlink":"https:\/\/wp.me\/P8yKGp-1F","jetpack-related-posts":[{"id":414,"url":"https:\/\/efagundes.com\/networking\/sistema-telefonico\/modulacao-digital\/","url_meta":{"origin":103,"position":0},"title":"Modula\u00e7\u00e3o digital","author":"Eduardo Fagundes","date":"17\/11\/2012","format":false,"excerpt":"O sinal (bit) pode ser enviado basicamente de duas formas: digital e anal\u00f3gica. Para cada caso existem t\u00e9cnicas particulares a serem empregadas. A modula\u00e7\u00e3o constitui-se na t\u00e9cnica empregada para modificar um sinal com a finalidade de transportar uma informa\u00e7\u00e3o atrav\u00e9s do canal de comunica\u00e7\u00e3o e recuperar o sinal, na sua\u2026","rel":"","context":"Post similar","block_context":{"text":"Post similar","link":""},"img":{"alt_text":"Slide11","src":"https:\/\/i0.wp.com\/efagundes.com\/networking\/wp-content\/uploads\/sites\/5\/2015\/03\/Slide117.jpg?resize=350%2C200","width":350,"height":200,"srcset":"https:\/\/i0.wp.com\/efagundes.com\/networking\/wp-content\/uploads\/sites\/5\/2015\/03\/Slide117.jpg?resize=350%2C200 1x, https:\/\/i0.wp.com\/efagundes.com\/networking\/wp-content\/uploads\/sites\/5\/2015\/03\/Slide117.jpg?resize=525%2C300 1.5x, https:\/\/i0.wp.com\/efagundes.com\/networking\/wp-content\/uploads\/sites\/5\/2015\/03\/Slide117.jpg?resize=700%2C400 2x"},"classes":[]},{"id":105,"url":"https:\/\/efagundes.com\/networking\/software-de-rede\/fluxo-de-informacoes\/","url_meta":{"origin":103,"position":1},"title":"Fluxo de informa\u00e7\u00f5es","author":"Eduardo Fagundes","date":"16\/11\/2012","format":false,"excerpt":"Na \u00e1rea das comunica\u00e7\u00f5es, um protocolo \u00e9 um conjunto de regras ou conven\u00e7\u00f5es que governam a opera\u00e7\u00e3o e o interc\u00e2mbio de informa\u00e7\u00f5es entre dois sistemas computadorizados. Tanto o modelo OSI como o TCP\/IP (e tamb\u00e9m o SNA) funcionam atrav\u00e9s de pilhas de protocolos, formando assim diversos n\u00edveis, um utilizando os\u2026","rel":"","context":"Post similar","block_context":{"text":"Post similar","link":""},"img":{"alt_text":"Slide27","src":"https:\/\/i0.wp.com\/efagundes.com\/networking\/wp-content\/uploads\/sites\/5\/2015\/03\/Slide27.jpg?resize=350%2C200","width":350,"height":200,"srcset":"https:\/\/i0.wp.com\/efagundes.com\/networking\/wp-content\/uploads\/sites\/5\/2015\/03\/Slide27.jpg?resize=350%2C200 1x, https:\/\/i0.wp.com\/efagundes.com\/networking\/wp-content\/uploads\/sites\/5\/2015\/03\/Slide27.jpg?resize=525%2C300 1.5x, https:\/\/i0.wp.com\/efagundes.com\/networking\/wp-content\/uploads\/sites\/5\/2015\/03\/Slide27.jpg?resize=700%2C400 2x"},"classes":[]},{"id":51,"url":"https:\/\/efagundes.com\/networking\/curso-de-redes-de-computadores\/business-to-business\/","url_meta":{"origin":103,"position":2},"title":"Business-to-Business","author":"Eduardo Fagundes","date":"16\/11\/2012","format":false,"excerpt":"\u00a0 O B2B refere-se a toda a venda que uma empresa faz para outra atrav\u00e9s da Internet. Uma pr\u00e1tica cada vez mais adotada nas rela\u00e7\u00f5es entre empresas \u00e9 a integra\u00e7\u00e3o dos sistemas de informa\u00e7\u00f5es das empresas da cadeia de valor. A troca eletr\u00f4nica de dados entre empresas permite a simplifica\u00e7\u00e3o\u2026","rel":"","context":"Post similar","block_context":{"text":"Post similar","link":""},"img":{"alt_text":"Slide3","src":"https:\/\/i0.wp.com\/efagundes.com\/networking\/wp-content\/uploads\/sites\/5\/2015\/03\/Slide3.jpg?resize=350%2C200","width":350,"height":200,"srcset":"https:\/\/i0.wp.com\/efagundes.com\/networking\/wp-content\/uploads\/sites\/5\/2015\/03\/Slide3.jpg?resize=350%2C200 1x, https:\/\/i0.wp.com\/efagundes.com\/networking\/wp-content\/uploads\/sites\/5\/2015\/03\/Slide3.jpg?resize=525%2C300 1.5x"},"classes":[]},{"id":109,"url":"https:\/\/efagundes.com\/networking\/software-de-rede\/questoes-de-projeto-relacionadas-as-camadas\/","url_meta":{"origin":103,"position":3},"title":"Quest\u00f5es de projeto relacionadas \u00e0s camadas","author":"Eduardo Fagundes","date":"16\/11\/2012","format":false,"excerpt":"Algumas quest\u00f5es importantes de projeto da arquitetura de computadores est\u00e3o presentes em v\u00e1rias camadas. Todas as camadas precisam de um mecanismo para identificar os transmissores e os receptores. Como \u00e9 poss\u00edvel trabalhar com v\u00e1rios destinos, surge a necessidade\u00a0 de se controlar a forma de endere\u00e7amento para definir o destino final.\u2026","rel":"","context":"Post similar","block_context":{"text":"Post similar","link":""},"img":{"alt_text":"Slide28","src":"https:\/\/i0.wp.com\/efagundes.com\/networking\/wp-content\/uploads\/sites\/5\/2015\/03\/Slide28.jpg?resize=350%2C200","width":350,"height":200,"srcset":"https:\/\/i0.wp.com\/efagundes.com\/networking\/wp-content\/uploads\/sites\/5\/2015\/03\/Slide28.jpg?resize=350%2C200 1x, https:\/\/i0.wp.com\/efagundes.com\/networking\/wp-content\/uploads\/sites\/5\/2015\/03\/Slide28.jpg?resize=525%2C300 1.5x, https:\/\/i0.wp.com\/efagundes.com\/networking\/wp-content\/uploads\/sites\/5\/2015\/03\/Slide28.jpg?resize=700%2C400 2x"},"classes":[]},{"id":663,"url":"https:\/\/efagundes.com\/networking\/lans-sem-fio\/ieee-802-16\/","url_meta":{"origin":103,"position":4},"title":"IEEE 802.16","author":"Eduardo Fagundes","date":"17\/11\/2012","format":false,"excerpt":"O padr\u00e3o 802.16 \u00e9 tamb\u00e9m conhecido como a interface a\u00e9rea da IEEE para Wireless MAN, isto \u00e9, da rede metropolitana sem fios. Esta tecnologia est\u00e1 sendo especificada pelo grupo do IEEE que trata de acessos de banda larga para \u00faltima milha em \u00e1reas metropolitanas, com padr\u00f5es de desempenho equivalentes aos\u2026","rel":"","context":"Post similar","block_context":{"text":"Post similar","link":""},"img":{"alt_text":"","src":"https:\/\/i0.wp.com\/efagundes.com\/networking\/wp-content\/uploads\/sites\/5\/2015\/03\/Slide441.jpg?resize=350%2C200","width":350,"height":200,"srcset":"https:\/\/i0.wp.com\/efagundes.com\/networking\/wp-content\/uploads\/sites\/5\/2015\/03\/Slide441.jpg?resize=350%2C200 1x, https:\/\/i0.wp.com\/efagundes.com\/networking\/wp-content\/uploads\/sites\/5\/2015\/03\/Slide441.jpg?resize=525%2C300 1.5x, https:\/\/i0.wp.com\/efagundes.com\/networking\/wp-content\/uploads\/sites\/5\/2015\/03\/Slide441.jpg?resize=700%2C400 2x"},"classes":[]},{"id":509,"url":"https:\/\/efagundes.com\/networking\/comutacao\/comutacao-de-mensagens\/","url_meta":{"origin":103,"position":5},"title":"Comuta\u00e7\u00e3o de mensagens","author":"Eduardo Fagundes","date":"17\/11\/2012","format":false,"excerpt":"Uma estrat\u00e9gia alternativa de comuta\u00e7\u00e3o \u00e9 a comuta\u00e7\u00e3o de mensagens, mostrada na figura ( c) acima. Quando essa forma de comuta\u00e7\u00e3o \u00e9 usada, nenhum caminho f\u00edsico \u00e9 estabelecido com anteced\u00eancia entre o transmissor e o receptor. Em vez disso, quando o transmissor tem um bloco de dados a ser enviado,\u2026","rel":"","context":"Post similar","block_context":{"text":"Post similar","link":""},"img":{"alt_text":"Slide15","src":"https:\/\/i0.wp.com\/efagundes.com\/networking\/wp-content\/uploads\/sites\/5\/2015\/03\/Slide154.jpg?resize=350%2C200","width":350,"height":200,"srcset":"https:\/\/i0.wp.com\/efagundes.com\/networking\/wp-content\/uploads\/sites\/5\/2015\/03\/Slide154.jpg?resize=350%2C200 1x, https:\/\/i0.wp.com\/efagundes.com\/networking\/wp-content\/uploads\/sites\/5\/2015\/03\/Slide154.jpg?resize=525%2C300 1.5x, https:\/\/i0.wp.com\/efagundes.com\/networking\/wp-content\/uploads\/sites\/5\/2015\/03\/Slide154.jpg?resize=700%2C400 2x"},"classes":[]}],"jetpack_sharing_enabled":true,"_links":{"self":[{"href":"https:\/\/efagundes.com\/networking\/wp-json\/wp\/v2\/pages\/103","targetHints":{"allow":["GET"]}}],"collection":[{"href":"https:\/\/efagundes.com\/networking\/wp-json\/wp\/v2\/pages"}],"about":[{"href":"https:\/\/efagundes.com\/networking\/wp-json\/wp\/v2\/types\/page"}],"author":[{"embeddable":true,"href":"https:\/\/efagundes.com\/networking\/wp-json\/wp\/v2\/users\/1"}],"replies":[{"embeddable":true,"href":"https:\/\/efagundes.com\/networking\/wp-json\/wp\/v2\/comments?post=103"}],"version-history":[{"count":0,"href":"https:\/\/efagundes.com\/networking\/wp-json\/wp\/v2\/pages\/103\/revisions"}],"up":[{"embeddable":true,"href":"https:\/\/efagundes.com\/networking\/wp-json\/wp\/v2\/pages\/99"}],"wp:attachment":[{"href":"https:\/\/efagundes.com\/networking\/wp-json\/wp\/v2\/media?parent=103"}],"curies":[{"name":"wp","href":"https:\/\/api.w.org\/{rel}","templated":true}]}}