{"id":1077,"date":"2012-11-18T22:22:20","date_gmt":"2012-11-19T00:22:20","guid":{"rendered":"http:\/\/efagundes.com\/openclass_networking\/?page_id=1077"},"modified":"2022-01-16T17:52:15","modified_gmt":"2022-01-16T20:52:15","slug":"ieee-802-2-logical-link-control","status":"publish","type":"page","link":"https:\/\/efagundes.com\/networking\/ethernet-2\/ieee-802-2-logical-link-control\/","title":{"rendered":"IEEE 802.2 &#8211; Logical Link Control"},"content":{"rendered":"<p><a href=\"https:\/\/i0.wp.com\/efagundes.com\/networking\/wp-content\/uploads\/sites\/5\/2012\/11\/Slide176.png\"><img data-recalc-dims=\"1\" loading=\"lazy\" decoding=\"async\" data-attachment-id=\"2648\" data-permalink=\"https:\/\/efagundes.com\/networking\/ethernet-2\/ieee-802-2-logical-link-control\/slide176\/\" data-orig-file=\"https:\/\/i0.wp.com\/efagundes.com\/networking\/wp-content\/uploads\/sites\/5\/2012\/11\/Slide176.png?fit=960%2C720&amp;ssl=1\" data-orig-size=\"960,720\" data-comments-opened=\"1\" data-image-meta=\"{&quot;aperture&quot;:&quot;0&quot;,&quot;credit&quot;:&quot;&quot;,&quot;camera&quot;:&quot;&quot;,&quot;caption&quot;:&quot;&quot;,&quot;created_timestamp&quot;:&quot;0&quot;,&quot;copyright&quot;:&quot;&quot;,&quot;focal_length&quot;:&quot;0&quot;,&quot;iso&quot;:&quot;0&quot;,&quot;shutter_speed&quot;:&quot;0&quot;,&quot;title&quot;:&quot;&quot;,&quot;orientation&quot;:&quot;0&quot;}\" data-image-title=\"Slide176\" data-image-description=\"\" data-image-caption=\"\" data-large-file=\"https:\/\/i0.wp.com\/efagundes.com\/networking\/wp-content\/uploads\/sites\/5\/2012\/11\/Slide176.png?fit=960%2C720&amp;ssl=1\" class=\"alignnone size-full wp-image-2648\" src=\"https:\/\/i0.wp.com\/efagundes.com\/networking\/wp-content\/uploads\/sites\/5\/2012\/11\/Slide176.png?resize=960%2C720\" alt=\"Slide176\" width=\"960\" height=\"720\" srcset=\"https:\/\/i0.wp.com\/efagundes.com\/networking\/wp-content\/uploads\/sites\/5\/2012\/11\/Slide176.png?w=960&amp;ssl=1 960w, https:\/\/i0.wp.com\/efagundes.com\/networking\/wp-content\/uploads\/sites\/5\/2012\/11\/Slide176.png?resize=300%2C225&amp;ssl=1 300w\" sizes=\"auto, (max-width: 960px) 100vw, 960px\" \/><\/a><\/p>\n","protected":false},"excerpt":{"rendered":"","protected":false},"author":1,"featured_media":0,"parent":635,"menu_order":71,"comment_status":"closed","ping_status":"open","template":"","meta":{"footnotes":""},"class_list":["post-1077","page","type-page","status-publish","hentry"],"jetpack_shortlink":"https:\/\/wp.me\/P8yKGp-hn","jetpack-related-posts":[{"id":637,"url":"https:\/\/efagundes.com\/networking\/ethernet-2\/o-padrao-ieee-802-2-llc\/","url_meta":{"origin":1077,"position":0},"title":"O padr\u00e3o IEEE 802.2: LLC","author":"Eduardo Fagundes","date":"17\/11\/2012","format":false,"excerpt":"O padr\u00e3o ANSI\/IEEE 802.2 (ISO 8802-2) descreve as fun\u00e7\u00f5es da camada de controle l\u00f3gico de enlace (LLC) do padr\u00e3o IEEE 802 (ISO 8802-2), comum aos v\u00e1rios m\u00e9todos de acesso definidos na fam\u00edlia de padr\u00f5es IEEE 802, bem como a interface oferecida pela camada LLC para o n\u00edvel de rede e\u2026","rel":"","context":"Post similar","block_context":{"text":"Post similar","link":""},"img":{"alt_text":"","src":"https:\/\/i0.wp.com\/efagundes.com\/networking\/wp-content\/uploads\/sites\/5\/2015\/03\/Slide323.jpg?resize=350%2C200","width":350,"height":200,"srcset":"https:\/\/i0.wp.com\/efagundes.com\/networking\/wp-content\/uploads\/sites\/5\/2015\/03\/Slide323.jpg?resize=350%2C200 1x, https:\/\/i0.wp.com\/efagundes.com\/networking\/wp-content\/uploads\/sites\/5\/2015\/03\/Slide323.jpg?resize=525%2C300 1.5x, https:\/\/i0.wp.com\/efagundes.com\/networking\/wp-content\/uploads\/sites\/5\/2015\/03\/Slide323.jpg?resize=700%2C400 2x"},"classes":[]},{"id":663,"url":"https:\/\/efagundes.com\/networking\/lans-sem-fio\/ieee-802-16\/","url_meta":{"origin":1077,"position":1},"title":"IEEE 802.16","author":"Eduardo Fagundes","date":"17\/11\/2012","format":false,"excerpt":"O padr\u00e3o 802.16 \u00e9 tamb\u00e9m conhecido como a interface a\u00e9rea da IEEE para Wireless MAN, isto \u00e9, da rede metropolitana sem fios. Esta tecnologia est\u00e1 sendo especificada pelo grupo do IEEE que trata de acessos de banda larga para \u00faltima milha em \u00e1reas metropolitanas, com padr\u00f5es de desempenho equivalentes aos\u2026","rel":"","context":"Post similar","block_context":{"text":"Post similar","link":""},"img":{"alt_text":"","src":"https:\/\/i0.wp.com\/efagundes.com\/networking\/wp-content\/uploads\/sites\/5\/2015\/03\/Slide441.jpg?resize=350%2C200","width":350,"height":200,"srcset":"https:\/\/i0.wp.com\/efagundes.com\/networking\/wp-content\/uploads\/sites\/5\/2015\/03\/Slide441.jpg?resize=350%2C200 1x, https:\/\/i0.wp.com\/efagundes.com\/networking\/wp-content\/uploads\/sites\/5\/2015\/03\/Slide441.jpg?resize=525%2C300 1.5x, https:\/\/i0.wp.com\/efagundes.com\/networking\/wp-content\/uploads\/sites\/5\/2015\/03\/Slide441.jpg?resize=700%2C400 2x"},"classes":[]},{"id":190,"url":"https:\/\/efagundes.com\/networking\/quem-e-quem-no-mundo-das-telecomunicacoes\/ieee\/","url_meta":{"origin":1077,"position":2},"title":"IEEE","author":"Eduardo Fagundes","date":"16\/11\/2012","format":false,"excerpt":"","rel":"","context":"Post similar","block_context":{"text":"Post similar","link":""},"img":{"alt_text":"Slide22","src":"https:\/\/i0.wp.com\/efagundes.com\/networking\/wp-content\/uploads\/sites\/5\/2015\/03\/Slide221.jpg?resize=350%2C200","width":350,"height":200,"srcset":"https:\/\/i0.wp.com\/efagundes.com\/networking\/wp-content\/uploads\/sites\/5\/2015\/03\/Slide221.jpg?resize=350%2C200 1x, https:\/\/i0.wp.com\/efagundes.com\/networking\/wp-content\/uploads\/sites\/5\/2015\/03\/Slide221.jpg?resize=525%2C300 1.5x, https:\/\/i0.wp.com\/efagundes.com\/networking\/wp-content\/uploads\/sites\/5\/2015\/03\/Slide221.jpg?resize=700%2C400 2x"},"classes":[]},{"id":88,"url":"https:\/\/efagundes.com\/networking\/hardware-de-rede\/wireless-lan\/","url_meta":{"origin":1077,"position":3},"title":"Wireless LAN","author":"Eduardo Fagundes","date":"16\/11\/2012","format":false,"excerpt":"Antes de 1998, instalar uma rede sem fio significava uso de uma ou mais solu\u00e7\u00f5es propriet\u00e1rias. As conex\u00f5es eram feitas atrav\u00e9s de redes pouco confi\u00e1veis, com baixas taxas de transmiss\u00e3o e a com um m\u00ednimo de seguran\u00e7a. O resultado do esfor\u00e7o de padroniza\u00e7\u00e3o levou a cria\u00e7\u00e3o dos padr\u00f5es HiperLAN\/2, IEEE\u2026","rel":"","context":"Post similar","block_context":{"text":"Post similar","link":""},"img":{"alt_text":"Slide20","src":"https:\/\/i0.wp.com\/efagundes.com\/networking\/wp-content\/uploads\/sites\/5\/2015\/03\/Slide20.jpg?resize=350%2C200","width":350,"height":200,"srcset":"https:\/\/i0.wp.com\/efagundes.com\/networking\/wp-content\/uploads\/sites\/5\/2015\/03\/Slide20.jpg?resize=350%2C200 1x, https:\/\/i0.wp.com\/efagundes.com\/networking\/wp-content\/uploads\/sites\/5\/2015\/03\/Slide20.jpg?resize=525%2C300 1.5x, https:\/\/i0.wp.com\/efagundes.com\/networking\/wp-content\/uploads\/sites\/5\/2015\/03\/Slide20.jpg?resize=700%2C400 2x"},"classes":[]},{"id":92,"url":"https:\/\/efagundes.com\/networking\/hardware-de-rede\/interconexao-de-sistemas\/","url_meta":{"origin":1077,"position":4},"title":"Interconex\u00e3o de sistemas","author":"Eduardo Fagundes","date":"16\/11\/2012","format":false,"excerpt":"Est\u00e3o sendo desenvolvidas redes sem fio geograficamente distribu\u00eddas de alta largura de banda. O enfoque inicial \u00e9 o acesso \u00e0 Internet de alta velocidade sem fio a partir das casas e das empresas, sem a utiliza\u00e7\u00e3o do sistema de telefonia. Tipicamente as redes metropolitanas tem uma cobertura de algumas dezenas\u2026","rel":"","context":"Post similar","block_context":{"text":"Post similar","link":""},"img":{"alt_text":"Slide21","src":"https:\/\/i0.wp.com\/efagundes.com\/networking\/wp-content\/uploads\/sites\/5\/2015\/03\/Slide21.jpg?resize=350%2C200","width":350,"height":200,"srcset":"https:\/\/i0.wp.com\/efagundes.com\/networking\/wp-content\/uploads\/sites\/5\/2015\/03\/Slide21.jpg?resize=350%2C200 1x, https:\/\/i0.wp.com\/efagundes.com\/networking\/wp-content\/uploads\/sites\/5\/2015\/03\/Slide21.jpg?resize=525%2C300 1.5x, https:\/\/i0.wp.com\/efagundes.com\/networking\/wp-content\/uploads\/sites\/5\/2015\/03\/Slide21.jpg?resize=700%2C400 2x"},"classes":[]},{"id":91,"url":"https:\/\/efagundes.com\/networking\/lans-sem-fio\/bluetooth\/","url_meta":{"origin":1077,"position":5},"title":"Bluetooth (I)","author":"Eduardo Fagundes","date":"16\/11\/2012","format":false,"excerpt":"Diferentemente dos objetivos das WLANs que s\u00e3o desenhadas para serem extens\u00e3o das redes locais, o Bluetooth tem o objetivo de substituir os cabos que conectam os perif\u00e9ricos das esta\u00e7\u00f5es de trabalho.\u00a0 O Bluetooth prov\u00ea as seguintes funcionalidades: Ponto de acesso para voz e dados Redes pessoais Substitui\u00e7\u00e3o de cabos entre\u2026","rel":"","context":"Post similar","block_context":{"text":"Post similar","link":""},"img":{"alt_text":"","src":"https:\/\/i0.wp.com\/efagundes.com\/networking\/wp-content\/uploads\/sites\/5\/2015\/03\/Slide451.jpg?resize=350%2C200","width":350,"height":200,"srcset":"https:\/\/i0.wp.com\/efagundes.com\/networking\/wp-content\/uploads\/sites\/5\/2015\/03\/Slide451.jpg?resize=350%2C200 1x, https:\/\/i0.wp.com\/efagundes.com\/networking\/wp-content\/uploads\/sites\/5\/2015\/03\/Slide451.jpg?resize=525%2C300 1.5x, https:\/\/i0.wp.com\/efagundes.com\/networking\/wp-content\/uploads\/sites\/5\/2015\/03\/Slide451.jpg?resize=700%2C400 2x"},"classes":[]}],"jetpack_sharing_enabled":true,"_links":{"self":[{"href":"https:\/\/efagundes.com\/networking\/wp-json\/wp\/v2\/pages\/1077","targetHints":{"allow":["GET"]}}],"collection":[{"href":"https:\/\/efagundes.com\/networking\/wp-json\/wp\/v2\/pages"}],"about":[{"href":"https:\/\/efagundes.com\/networking\/wp-json\/wp\/v2\/types\/page"}],"author":[{"embeddable":true,"href":"https:\/\/efagundes.com\/networking\/wp-json\/wp\/v2\/users\/1"}],"replies":[{"embeddable":true,"href":"https:\/\/efagundes.com\/networking\/wp-json\/wp\/v2\/comments?post=1077"}],"version-history":[{"count":0,"href":"https:\/\/efagundes.com\/networking\/wp-json\/wp\/v2\/pages\/1077\/revisions"}],"up":[{"embeddable":true,"href":"https:\/\/efagundes.com\/networking\/wp-json\/wp\/v2\/pages\/635"}],"wp:attachment":[{"href":"https:\/\/efagundes.com\/networking\/wp-json\/wp\/v2\/media?parent=1077"}],"curies":[{"name":"wp","href":"https:\/\/api.w.org\/{rel}","templated":true}]}}