{"id":1147,"date":"2012-11-19T11:13:16","date_gmt":"2012-11-19T13:13:16","guid":{"rendered":"http:\/\/efagundes.com\/openclass_networking\/?page_id=1147"},"modified":"2022-01-16T17:52:32","modified_gmt":"2022-01-16T20:52:32","slug":"enderecamento-ip","status":"publish","type":"page","link":"https:\/\/efagundes.com\/networking\/protocolos-tcpip\/enderecamento-ip\/","title":{"rendered":"Endere\u00e7amento IP"},"content":{"rendered":"<p><a href=\"https:\/\/i0.wp.com\/efagundes.com\/networking\/wp-content\/uploads\/sites\/5\/2012\/11\/Slide235.png\"><img data-recalc-dims=\"1\" loading=\"lazy\" decoding=\"async\" data-attachment-id=\"2675\" data-permalink=\"https:\/\/efagundes.com\/networking\/protocolos-tcpip\/enderecamento-ip\/slide235\/\" data-orig-file=\"https:\/\/i0.wp.com\/efagundes.com\/networking\/wp-content\/uploads\/sites\/5\/2012\/11\/Slide235.png?fit=960%2C720&amp;ssl=1\" data-orig-size=\"960,720\" data-comments-opened=\"1\" data-image-meta=\"{&quot;aperture&quot;:&quot;0&quot;,&quot;credit&quot;:&quot;&quot;,&quot;camera&quot;:&quot;&quot;,&quot;caption&quot;:&quot;&quot;,&quot;created_timestamp&quot;:&quot;0&quot;,&quot;copyright&quot;:&quot;&quot;,&quot;focal_length&quot;:&quot;0&quot;,&quot;iso&quot;:&quot;0&quot;,&quot;shutter_speed&quot;:&quot;0&quot;,&quot;title&quot;:&quot;&quot;,&quot;orientation&quot;:&quot;0&quot;}\" data-image-title=\"Slide235\" data-image-description=\"\" data-image-caption=\"\" data-large-file=\"https:\/\/i0.wp.com\/efagundes.com\/networking\/wp-content\/uploads\/sites\/5\/2012\/11\/Slide235.png?fit=960%2C720&amp;ssl=1\" class=\"alignnone size-full wp-image-2675\" src=\"https:\/\/i0.wp.com\/efagundes.com\/networking\/wp-content\/uploads\/sites\/5\/2012\/11\/Slide235.png?resize=960%2C720\" alt=\"Slide235\" width=\"960\" height=\"720\" srcset=\"https:\/\/i0.wp.com\/efagundes.com\/networking\/wp-content\/uploads\/sites\/5\/2012\/11\/Slide235.png?w=960&amp;ssl=1 960w, https:\/\/i0.wp.com\/efagundes.com\/networking\/wp-content\/uploads\/sites\/5\/2012\/11\/Slide235.png?resize=300%2C225&amp;ssl=1 300w\" sizes=\"auto, (max-width: 960px) 100vw, 960px\" \/><\/a><\/p>\n","protected":false},"excerpt":{"rendered":"","protected":false},"author":1,"featured_media":0,"parent":1138,"menu_order":128,"comment_status":"closed","ping_status":"open","template":"","meta":{"footnotes":""},"class_list":["post-1147","page","type-page","status-publish","hentry"],"jetpack_shortlink":"https:\/\/wp.me\/P8yKGp-iv","jetpack-related-posts":[{"id":1156,"url":"https:\/\/efagundes.com\/networking\/protocolos-tcpip\/roteamento-em-segmentos-diferentes\/","url_meta":{"origin":1147,"position":0},"title":"Roteamento em segmentos diferentes","author":"Eduardo Fagundes","date":"19\/11\/2012","format":false,"excerpt":"O dispositivo C est\u00e1 agindo como um host entre as duas redes. Um roteador \u00e9 um dispositivo que escolhe caminhos diferentes para os pacotes de rede, baseado no endere\u00e7amento dos frames IP. Rotas diferentes conectam a redes diferentes. O roteador ter\u00e1 mais de um endere\u00e7o para estabelecer diferentes rotas para\u2026","rel":"","context":"Post similar","block_context":{"text":"Post similar","link":""},"img":{"alt_text":"Slide239","src":"https:\/\/i0.wp.com\/efagundes.com\/networking\/wp-content\/uploads\/sites\/5\/2012\/11\/Slide239.png?resize=350%2C200","width":350,"height":200,"srcset":"https:\/\/i0.wp.com\/efagundes.com\/networking\/wp-content\/uploads\/sites\/5\/2012\/11\/Slide239.png?resize=350%2C200 1x, https:\/\/i0.wp.com\/efagundes.com\/networking\/wp-content\/uploads\/sites\/5\/2012\/11\/Slide239.png?resize=525%2C300 1.5x, https:\/\/i0.wp.com\/efagundes.com\/networking\/wp-content\/uploads\/sites\/5\/2012\/11\/Slide239.png?resize=700%2C400 2x"},"classes":[]},{"id":723,"url":"https:\/\/efagundes.com\/networking\/a-camada-de-rede\/a-camada-de-rede-2\/","url_meta":{"origin":1147,"position":1},"title":"A Camada de Rede (I)","author":"Eduardo Fagundes","date":"18\/11\/2012","format":false,"excerpt":"O servi\u00e7o de rede prov\u00ea a transfer\u00eancia transparente de dados entre usu\u00e1rios da camada de rede. Ele torna invis\u00edvel a estes usu\u00e1rios quaisquer aspectos inerentes ao modo como os recursos de comunica\u00e7\u00e3o dispon\u00edveis s\u00e3o utilizados para conseguir esta transpar\u00eancia. O servi\u00e7o de rede pode ser provido mediante o uso de\u2026","rel":"","context":"Post similar","block_context":{"text":"Post similar","link":""},"img":{"alt_text":"","src":"https:\/\/i0.wp.com\/efagundes.com\/networking\/wp-content\/uploads\/sites\/5\/2015\/03\/Slide220.jpg?resize=350%2C200","width":350,"height":200,"srcset":"https:\/\/i0.wp.com\/efagundes.com\/networking\/wp-content\/uploads\/sites\/5\/2015\/03\/Slide220.jpg?resize=350%2C200 1x, https:\/\/i0.wp.com\/efagundes.com\/networking\/wp-content\/uploads\/sites\/5\/2015\/03\/Slide220.jpg?resize=525%2C300 1.5x, https:\/\/i0.wp.com\/efagundes.com\/networking\/wp-content\/uploads\/sites\/5\/2015\/03\/Slide220.jpg?resize=700%2C400 2x"},"classes":[]},{"id":65,"url":"https:\/\/efagundes.com\/networking\/hardware-de-rede\/hardware-de-rede-2\/","url_meta":{"origin":1147,"position":2},"title":"Defini\u00e7\u00e3o de Hardware de Rede","author":"Eduardo Fagundes","date":"16\/11\/2012","format":false,"excerpt":"As redes de difus\u00e3o t\u00eam apenas um canal de comunica\u00e7\u00e3o, compartilhando por todas os equipamento da rede. Mensagem curtas, chamados de pacotes, s\u00e3o enviados por qualquer m\u00e1quina e identificados pela m\u00e1quina de destino. Quando as m\u00e1quinas recebem um pacote, as m\u00e1quinas verificam o campo de endere\u00e7o e processar\u00e1 a mensagem\u2026","rel":"","context":"Post similar","block_context":{"text":"Post similar","link":""},"img":{"alt_text":"","src":"https:\/\/i0.wp.com\/efagundes.com.br\/networking\/wp-content\/uploads\/sites\/7\/2012\/11\/Slide8.jpg?resize=350%2C200","width":350,"height":200,"srcset":"https:\/\/i0.wp.com\/efagundes.com.br\/networking\/wp-content\/uploads\/sites\/7\/2012\/11\/Slide8.jpg?resize=350%2C200 1x, https:\/\/i0.wp.com\/efagundes.com.br\/networking\/wp-content\/uploads\/sites\/7\/2012\/11\/Slide8.jpg?resize=525%2C300 1.5x"},"classes":[]},{"id":109,"url":"https:\/\/efagundes.com\/networking\/software-de-rede\/questoes-de-projeto-relacionadas-as-camadas\/","url_meta":{"origin":1147,"position":3},"title":"Quest\u00f5es de projeto relacionadas \u00e0s camadas","author":"Eduardo Fagundes","date":"16\/11\/2012","format":false,"excerpt":"Algumas quest\u00f5es importantes de projeto da arquitetura de computadores est\u00e3o presentes em v\u00e1rias camadas. Todas as camadas precisam de um mecanismo para identificar os transmissores e os receptores. Como \u00e9 poss\u00edvel trabalhar com v\u00e1rios destinos, surge a necessidade\u00a0 de se controlar a forma de endere\u00e7amento para definir o destino final.\u2026","rel":"","context":"Post similar","block_context":{"text":"Post similar","link":""},"img":{"alt_text":"Slide28","src":"https:\/\/i0.wp.com\/efagundes.com\/networking\/wp-content\/uploads\/sites\/5\/2015\/03\/Slide28.jpg?resize=350%2C200","width":350,"height":200,"srcset":"https:\/\/i0.wp.com\/efagundes.com\/networking\/wp-content\/uploads\/sites\/5\/2015\/03\/Slide28.jpg?resize=350%2C200 1x, https:\/\/i0.wp.com\/efagundes.com\/networking\/wp-content\/uploads\/sites\/5\/2015\/03\/Slide28.jpg?resize=525%2C300 1.5x, https:\/\/i0.wp.com\/efagundes.com\/networking\/wp-content\/uploads\/sites\/5\/2015\/03\/Slide28.jpg?resize=700%2C400 2x"},"classes":[]},{"id":3904,"url":"https:\/\/efagundes.com\/networking\/","url_meta":{"origin":1147,"position":4},"title":"Networking","author":"Eduardo Fagundes","date":"02\/08\/2025","format":false,"excerpt":"Fundamentos de Redes de Computadores Entenda os princ\u00edpios que sustentam a internet, os sistemas corporativos e a transforma\u00e7\u00e3o digital. Aprenda com quem j\u00e1 formou gera\u00e7\u00f5es de profissionais de TI. Curso Gratuito Este curso re\u00fane os materiais desenvolvidos originalmente para a disciplina de Redes de Computadores da gradua\u00e7\u00e3o em Tecnologia da\u2026","rel":"","context":"Post similar","block_context":{"text":"Post similar","link":""},"img":{"alt_text":"","src":"https:\/\/i0.wp.com\/efagundes.com\/networking\/wp-content\/uploads\/sites\/5\/2025\/08\/servicos-efagundes-com-8.jpeg?resize=350%2C200&ssl=1","width":350,"height":200,"srcset":"https:\/\/i0.wp.com\/efagundes.com\/networking\/wp-content\/uploads\/sites\/5\/2025\/08\/servicos-efagundes-com-8.jpeg?resize=350%2C200&ssl=1 1x, https:\/\/i0.wp.com\/efagundes.com\/networking\/wp-content\/uploads\/sites\/5\/2025\/08\/servicos-efagundes-com-8.jpeg?resize=525%2C300&ssl=1 1.5x, https:\/\/i0.wp.com\/efagundes.com\/networking\/wp-content\/uploads\/sites\/5\/2025\/08\/servicos-efagundes-com-8.jpeg?resize=700%2C400&ssl=1 2x, https:\/\/i0.wp.com\/efagundes.com\/networking\/wp-content\/uploads\/sites\/5\/2025\/08\/servicos-efagundes-com-8.jpeg?resize=1050%2C600&ssl=1 3x"},"classes":[]},{"id":644,"url":"https:\/\/efagundes.com\/networking\/ethernet-2\/switched-ethernet\/","url_meta":{"origin":1147,"position":5},"title":"Switched Ethernet","author":"Eduardo Fagundes","date":"17\/11\/2012","format":false,"excerpt":"Importante notar que o funcionamento da topologia em estrela depende do perif\u00e9rico concentrador utilizado, se for um hub ou um switch. No caso da utiliza\u00e7\u00e3o de um hub, a topologia fisicamente ser\u00e1 em estrela, como mostrada na figura no lado direito, por\u00e9m logicamente ela continua sendo uma rede de topologia\u2026","rel":"","context":"Post similar","block_context":{"text":"Post similar","link":""},"img":{"alt_text":"","src":"https:\/\/i0.wp.com\/efagundes.com\/networking\/wp-content\/uploads\/sites\/5\/2015\/03\/Slide351.jpg?resize=350%2C200","width":350,"height":200,"srcset":"https:\/\/i0.wp.com\/efagundes.com\/networking\/wp-content\/uploads\/sites\/5\/2015\/03\/Slide351.jpg?resize=350%2C200 1x, https:\/\/i0.wp.com\/efagundes.com\/networking\/wp-content\/uploads\/sites\/5\/2015\/03\/Slide351.jpg?resize=525%2C300 1.5x, https:\/\/i0.wp.com\/efagundes.com\/networking\/wp-content\/uploads\/sites\/5\/2015\/03\/Slide351.jpg?resize=700%2C400 2x"},"classes":[]}],"jetpack_sharing_enabled":true,"_links":{"self":[{"href":"https:\/\/efagundes.com\/networking\/wp-json\/wp\/v2\/pages\/1147","targetHints":{"allow":["GET"]}}],"collection":[{"href":"https:\/\/efagundes.com\/networking\/wp-json\/wp\/v2\/pages"}],"about":[{"href":"https:\/\/efagundes.com\/networking\/wp-json\/wp\/v2\/types\/page"}],"author":[{"embeddable":true,"href":"https:\/\/efagundes.com\/networking\/wp-json\/wp\/v2\/users\/1"}],"replies":[{"embeddable":true,"href":"https:\/\/efagundes.com\/networking\/wp-json\/wp\/v2\/comments?post=1147"}],"version-history":[{"count":0,"href":"https:\/\/efagundes.com\/networking\/wp-json\/wp\/v2\/pages\/1147\/revisions"}],"up":[{"embeddable":true,"href":"https:\/\/efagundes.com\/networking\/wp-json\/wp\/v2\/pages\/1138"}],"wp:attachment":[{"href":"https:\/\/efagundes.com\/networking\/wp-json\/wp\/v2\/media?parent=1147"}],"curies":[{"name":"wp","href":"https:\/\/api.w.org\/{rel}","templated":true}]}}