{"id":1150,"date":"2012-11-19T11:14:28","date_gmt":"2012-11-19T13:14:28","guid":{"rendered":"http:\/\/efagundes.com\/openclass_networking\/?page_id=1150"},"modified":"2022-01-16T17:52:32","modified_gmt":"2022-01-16T20:52:32","slug":"classes-ip","status":"publish","type":"page","link":"https:\/\/efagundes.com\/networking\/protocolos-tcpip\/classes-ip\/","title":{"rendered":"Classes IP"},"content":{"rendered":"<p><a href=\"https:\/\/i0.wp.com\/efagundes.com\/networking\/wp-content\/uploads\/sites\/5\/2012\/11\/Slide236.png\"><img data-recalc-dims=\"1\" loading=\"lazy\" decoding=\"async\" data-attachment-id=\"2676\" data-permalink=\"https:\/\/efagundes.com\/networking\/protocolos-tcpip\/classes-ip\/slide236\/\" data-orig-file=\"https:\/\/i0.wp.com\/efagundes.com\/networking\/wp-content\/uploads\/sites\/5\/2012\/11\/Slide236.png?fit=960%2C720&amp;ssl=1\" data-orig-size=\"960,720\" data-comments-opened=\"1\" data-image-meta=\"{&quot;aperture&quot;:&quot;0&quot;,&quot;credit&quot;:&quot;&quot;,&quot;camera&quot;:&quot;&quot;,&quot;caption&quot;:&quot;&quot;,&quot;created_timestamp&quot;:&quot;0&quot;,&quot;copyright&quot;:&quot;&quot;,&quot;focal_length&quot;:&quot;0&quot;,&quot;iso&quot;:&quot;0&quot;,&quot;shutter_speed&quot;:&quot;0&quot;,&quot;title&quot;:&quot;&quot;,&quot;orientation&quot;:&quot;0&quot;}\" data-image-title=\"Slide236\" data-image-description=\"\" data-image-caption=\"\" data-large-file=\"https:\/\/i0.wp.com\/efagundes.com\/networking\/wp-content\/uploads\/sites\/5\/2012\/11\/Slide236.png?fit=960%2C720&amp;ssl=1\" class=\"alignnone size-full wp-image-2676\" src=\"https:\/\/i0.wp.com\/efagundes.com\/networking\/wp-content\/uploads\/sites\/5\/2012\/11\/Slide236.png?resize=960%2C720\" alt=\"Slide236\" width=\"960\" height=\"720\" srcset=\"https:\/\/i0.wp.com\/efagundes.com\/networking\/wp-content\/uploads\/sites\/5\/2012\/11\/Slide236.png?w=960&amp;ssl=1 960w, https:\/\/i0.wp.com\/efagundes.com\/networking\/wp-content\/uploads\/sites\/5\/2012\/11\/Slide236.png?resize=300%2C225&amp;ssl=1 300w\" sizes=\"auto, (max-width: 960px) 100vw, 960px\" \/><\/a><\/p>\n","protected":false},"excerpt":{"rendered":"","protected":false},"author":1,"featured_media":0,"parent":1138,"menu_order":129,"comment_status":"closed","ping_status":"open","template":"","meta":{"footnotes":""},"class_list":["post-1150","page","type-page","status-publish","hentry"],"jetpack_shortlink":"https:\/\/wp.me\/P8yKGp-iy","jetpack-related-posts":[{"id":1144,"url":"https:\/\/efagundes.com\/networking\/protocolos-tcpip\/classes-de-enderecos-ip\/","url_meta":{"origin":1150,"position":0},"title":"Classes de Endere\u00e7os IP","author":"Eduardo Fagundes","date":"19\/11\/2012","format":false,"excerpt":"","rel":"","context":"Post similar","block_context":{"text":"Post similar","link":""},"img":{"alt_text":"Slide234","src":"https:\/\/i0.wp.com\/efagundes.com\/networking\/wp-content\/uploads\/sites\/5\/2012\/11\/Slide234.png?resize=350%2C200","width":350,"height":200,"srcset":"https:\/\/i0.wp.com\/efagundes.com\/networking\/wp-content\/uploads\/sites\/5\/2012\/11\/Slide234.png?resize=350%2C200 1x, https:\/\/i0.wp.com\/efagundes.com\/networking\/wp-content\/uploads\/sites\/5\/2012\/11\/Slide234.png?resize=525%2C300 1.5x, https:\/\/i0.wp.com\/efagundes.com\/networking\/wp-content\/uploads\/sites\/5\/2012\/11\/Slide234.png?resize=700%2C400 2x"},"classes":[]},{"id":793,"url":"https:\/\/efagundes.com\/networking\/algoritmos-de-roteamento\/servicos-diferenciados-diffserv\/","url_meta":{"origin":1150,"position":1},"title":"Servi\u00e7os diferenciados (Diffserv)","author":"Eduardo Fagundes","date":"18\/11\/2012","format":false,"excerpt":"A Internet atual atende requisi\u00e7\u00f5es de aplica\u00e7\u00f5es e as encaminha num esquema de servi\u00e7o best-effort. Neste contexto, o IETF (Internet Engineering Task Force) vem realizando esfor\u00e7os no sentido de padronizar mecanismos e arquiteturas que conduzam ao oferecimento de um n\u00edvel diferenciado de servi\u00e7os na Internet. \u00c9 neste cen\u00e1rio que surgem\u2026","rel":"","context":"Post similar","block_context":{"text":"Post similar","link":""},"img":{"alt_text":"","src":"https:\/\/i0.wp.com\/efagundes.com\/networking\/wp-content\/uploads\/sites\/5\/2015\/03\/Slide362.jpg?resize=350%2C200","width":350,"height":200,"srcset":"https:\/\/i0.wp.com\/efagundes.com\/networking\/wp-content\/uploads\/sites\/5\/2015\/03\/Slide362.jpg?resize=350%2C200 1x, https:\/\/i0.wp.com\/efagundes.com\/networking\/wp-content\/uploads\/sites\/5\/2015\/03\/Slide362.jpg?resize=525%2C300 1.5x, https:\/\/i0.wp.com\/efagundes.com\/networking\/wp-content\/uploads\/sites\/5\/2015\/03\/Slide362.jpg?resize=700%2C400 2x"},"classes":[]},{"id":637,"url":"https:\/\/efagundes.com\/networking\/ethernet-2\/o-padrao-ieee-802-2-llc\/","url_meta":{"origin":1150,"position":2},"title":"O padr\u00e3o IEEE 802.2: LLC","author":"Eduardo Fagundes","date":"17\/11\/2012","format":false,"excerpt":"O padr\u00e3o ANSI\/IEEE 802.2 (ISO 8802-2) descreve as fun\u00e7\u00f5es da camada de controle l\u00f3gico de enlace (LLC) do padr\u00e3o IEEE 802 (ISO 8802-2), comum aos v\u00e1rios m\u00e9todos de acesso definidos na fam\u00edlia de padr\u00f5es IEEE 802, bem como a interface oferecida pela camada LLC para o n\u00edvel de rede e\u2026","rel":"","context":"Post similar","block_context":{"text":"Post similar","link":""},"img":{"alt_text":"","src":"https:\/\/i0.wp.com\/efagundes.com\/networking\/wp-content\/uploads\/sites\/5\/2015\/03\/Slide323.jpg?resize=350%2C200","width":350,"height":200,"srcset":"https:\/\/i0.wp.com\/efagundes.com\/networking\/wp-content\/uploads\/sites\/5\/2015\/03\/Slide323.jpg?resize=350%2C200 1x, https:\/\/i0.wp.com\/efagundes.com\/networking\/wp-content\/uploads\/sites\/5\/2015\/03\/Slide323.jpg?resize=525%2C300 1.5x, https:\/\/i0.wp.com\/efagundes.com\/networking\/wp-content\/uploads\/sites\/5\/2015\/03\/Slide323.jpg?resize=700%2C400 2x"},"classes":[]},{"id":743,"url":"https:\/\/efagundes.com\/networking\/algoritmos-de-roteamento\/algoritmos-de-roteamento-2\/","url_meta":{"origin":1150,"position":3},"title":"Defini\u00e7\u00e3o de Algoritmos de Roteamento","author":"Eduardo Fagundes","date":"18\/11\/2012","format":false,"excerpt":"O algoritmo de rede \u00e9 a parte do software da camada de rede respons\u00e1vel pela decis\u00e3o sobre a linha de sa\u00edda a ser usada na transmiss\u00e3o do pacote de entrada. Se a sub-rede utilizar datagramas internamente, essa decis\u00e3o dever\u00e1 ser tomada mais uma vez para cada pacote de dados recebido,\u2026","rel":"","context":"Post similar","block_context":{"text":"Post similar","link":""},"img":{"alt_text":"","src":"https:\/\/i0.wp.com\/efagundes.com\/networking\/wp-content\/uploads\/sites\/5\/2015\/03\/Slide128.jpg?resize=350%2C200","width":350,"height":200,"srcset":"https:\/\/i0.wp.com\/efagundes.com\/networking\/wp-content\/uploads\/sites\/5\/2015\/03\/Slide128.jpg?resize=350%2C200 1x, https:\/\/i0.wp.com\/efagundes.com\/networking\/wp-content\/uploads\/sites\/5\/2015\/03\/Slide128.jpg?resize=525%2C300 1.5x, https:\/\/i0.wp.com\/efagundes.com\/networking\/wp-content\/uploads\/sites\/5\/2015\/03\/Slide128.jpg?resize=700%2C400 2x"},"classes":[]},{"id":505,"url":"https:\/\/efagundes.com\/networking\/multiplexacao-2\/evolucao-do-transporte-ip-por-fibra-optica\/","url_meta":{"origin":1150,"position":4},"title":"Evolu\u00e7\u00e3o do transporte IP por fibra \u00f3ptica","author":"Eduardo Fagundes","date":"17\/11\/2012","format":false,"excerpt":"Transporte IP. Em uma rede geograficamente distribu\u00edda (WAN) ou atrav\u00e9s da Internet, o tr\u00e1fego IP \u00e9 largamente transportado em canais SONET\/SDH, utilizando redes ATM para o gerenciamento da camada ou utilizando SONET diretamente. No futuro \u00e9 esperado que o IP seja transportado diretamente sobre fibras \u00f3pticas utilizando DWDM, como mostra\u2026","rel":"","context":"Post similar","block_context":{"text":"Post similar","link":""},"img":{"alt_text":"Slide13","src":"https:\/\/i0.wp.com\/efagundes.com\/networking\/wp-content\/uploads\/sites\/5\/2015\/03\/Slide135.jpg?resize=350%2C200","width":350,"height":200,"srcset":"https:\/\/i0.wp.com\/efagundes.com\/networking\/wp-content\/uploads\/sites\/5\/2015\/03\/Slide135.jpg?resize=350%2C200 1x, https:\/\/i0.wp.com\/efagundes.com\/networking\/wp-content\/uploads\/sites\/5\/2015\/03\/Slide135.jpg?resize=525%2C300 1.5x, https:\/\/i0.wp.com\/efagundes.com\/networking\/wp-content\/uploads\/sites\/5\/2015\/03\/Slide135.jpg?resize=700%2C400 2x"},"classes":[]},{"id":1147,"url":"https:\/\/efagundes.com\/networking\/protocolos-tcpip\/enderecamento-ip\/","url_meta":{"origin":1150,"position":5},"title":"Endere\u00e7amento IP","author":"Eduardo Fagundes","date":"19\/11\/2012","format":false,"excerpt":"","rel":"","context":"Post similar","block_context":{"text":"Post similar","link":""},"img":{"alt_text":"Slide235","src":"https:\/\/i0.wp.com\/efagundes.com\/networking\/wp-content\/uploads\/sites\/5\/2012\/11\/Slide235.png?resize=350%2C200","width":350,"height":200,"srcset":"https:\/\/i0.wp.com\/efagundes.com\/networking\/wp-content\/uploads\/sites\/5\/2012\/11\/Slide235.png?resize=350%2C200 1x, https:\/\/i0.wp.com\/efagundes.com\/networking\/wp-content\/uploads\/sites\/5\/2012\/11\/Slide235.png?resize=525%2C300 1.5x, https:\/\/i0.wp.com\/efagundes.com\/networking\/wp-content\/uploads\/sites\/5\/2012\/11\/Slide235.png?resize=700%2C400 2x"},"classes":[]}],"jetpack_sharing_enabled":true,"_links":{"self":[{"href":"https:\/\/efagundes.com\/networking\/wp-json\/wp\/v2\/pages\/1150","targetHints":{"allow":["GET"]}}],"collection":[{"href":"https:\/\/efagundes.com\/networking\/wp-json\/wp\/v2\/pages"}],"about":[{"href":"https:\/\/efagundes.com\/networking\/wp-json\/wp\/v2\/types\/page"}],"author":[{"embeddable":true,"href":"https:\/\/efagundes.com\/networking\/wp-json\/wp\/v2\/users\/1"}],"replies":[{"embeddable":true,"href":"https:\/\/efagundes.com\/networking\/wp-json\/wp\/v2\/comments?post=1150"}],"version-history":[{"count":0,"href":"https:\/\/efagundes.com\/networking\/wp-json\/wp\/v2\/pages\/1150\/revisions"}],"up":[{"embeddable":true,"href":"https:\/\/efagundes.com\/networking\/wp-json\/wp\/v2\/pages\/1138"}],"wp:attachment":[{"href":"https:\/\/efagundes.com\/networking\/wp-json\/wp\/v2\/media?parent=1150"}],"curies":[{"name":"wp","href":"https:\/\/api.w.org\/{rel}","templated":true}]}}