{"id":1153,"date":"2012-11-19T11:16:37","date_gmt":"2012-11-19T13:16:37","guid":{"rendered":"http:\/\/efagundes.com\/openclass_networking\/?page_id=1153"},"modified":"2022-01-16T17:52:32","modified_gmt":"2022-01-16T20:52:32","slug":"roteamento-basico","status":"publish","type":"page","link":"https:\/\/efagundes.com\/networking\/protocolos-tcpip\/roteamento-basico\/","title":{"rendered":"Roteamento B\u00e1sico"},"content":{"rendered":"<p><a href=\"https:\/\/i0.wp.com\/efagundes.com\/networking\/wp-content\/uploads\/sites\/5\/2012\/11\/Slide237.png\"><img data-recalc-dims=\"1\" loading=\"lazy\" decoding=\"async\" data-attachment-id=\"2678\" data-permalink=\"https:\/\/efagundes.com\/networking\/protocolos-tcpip\/roteamento-basico\/slide237\/\" data-orig-file=\"https:\/\/i0.wp.com\/efagundes.com\/networking\/wp-content\/uploads\/sites\/5\/2012\/11\/Slide237.png?fit=960%2C720&amp;ssl=1\" data-orig-size=\"960,720\" data-comments-opened=\"1\" data-image-meta=\"{&quot;aperture&quot;:&quot;0&quot;,&quot;credit&quot;:&quot;&quot;,&quot;camera&quot;:&quot;&quot;,&quot;caption&quot;:&quot;&quot;,&quot;created_timestamp&quot;:&quot;0&quot;,&quot;copyright&quot;:&quot;&quot;,&quot;focal_length&quot;:&quot;0&quot;,&quot;iso&quot;:&quot;0&quot;,&quot;shutter_speed&quot;:&quot;0&quot;,&quot;title&quot;:&quot;&quot;,&quot;orientation&quot;:&quot;0&quot;}\" data-image-title=\"Slide237\" data-image-description=\"\" data-image-caption=\"\" data-large-file=\"https:\/\/i0.wp.com\/efagundes.com\/networking\/wp-content\/uploads\/sites\/5\/2012\/11\/Slide237.png?fit=960%2C720&amp;ssl=1\" class=\"alignnone size-full wp-image-2678\" src=\"https:\/\/i0.wp.com\/efagundes.com\/networking\/wp-content\/uploads\/sites\/5\/2012\/11\/Slide237.png?resize=960%2C720\" alt=\"Slide237\" width=\"960\" height=\"720\" srcset=\"https:\/\/i0.wp.com\/efagundes.com\/networking\/wp-content\/uploads\/sites\/5\/2012\/11\/Slide237.png?w=960&amp;ssl=1 960w, https:\/\/i0.wp.com\/efagundes.com\/networking\/wp-content\/uploads\/sites\/5\/2012\/11\/Slide237.png?resize=300%2C225&amp;ssl=1 300w\" sizes=\"auto, (max-width: 960px) 100vw, 960px\" \/><\/a><\/p>\n<p>Suponha que A queira enviar um pacote pela primeira vez a C, e que conhece o endere\u00e7o IP de C. Para enviar este pacote pela rede Ethernet, A precisaria conhecer endere\u00e7o Ethernet de C. O Protocolo de Resolu\u00e7\u00e3o de Endere\u00e7o (Address Resolution Protocol &#8211; ARP) \u00e9 usado para a descoberta din\u00e2mica destes endere\u00e7os.<\/p>\n<p>ARP mant\u00e9m uma tabela interna de endere\u00e7os IP e o endere\u00e7o Ethernet correspondente. Quando A tenta enviar o pacote IP destinado a C, o m\u00f3dulo de ARP faz um lookup em sua tabela em C&#8217;s IP e descobre que n\u00e3o existe entrada. ARP far\u00e1 um broadcast de um pacote de pedido especial no segmento de Ethernet de modo que todos os n\u00f3s recebam. Se o n\u00f3 receptor tem o IP especificado em C, devolver\u00e1 seu endere\u00e7o Ethernet atrav\u00e9s de um pacote de resposta para A. Uma vez A recebendo este pacote de resposta, atualiza sua tabela e usa o endere\u00e7o Ethernet para enviar os pacotes de A para C. As tabelas ARP podem armazenar estaticamente as informa\u00e7\u00f5es em alguns casos ou reter as informa\u00e7\u00f5es por algum tempo at\u00e9 expirar o tempo de reten\u00e7\u00e3o.<\/p>\n<p>&nbsp;<\/p>\n","protected":false},"excerpt":{"rendered":"<p>Suponha que A queira enviar um pacote pela primeira vez a C, e que conhece o endere\u00e7o IP de C. Para enviar este pacote pela rede Ethernet, A precisaria conhecer endere\u00e7o Ethernet de C. O Protocolo de Resolu\u00e7\u00e3o de Endere\u00e7o (Address Resolution Protocol &#8211; ARP) \u00e9 usado para a descoberta din\u00e2mica destes endere\u00e7os. ARP mant\u00e9m [&hellip;]<\/p>\n","protected":false},"author":1,"featured_media":0,"parent":1138,"menu_order":130,"comment_status":"closed","ping_status":"open","template":"","meta":{"footnotes":""},"class_list":["post-1153","page","type-page","status-publish","hentry"],"jetpack_shortlink":"https:\/\/wp.me\/P8yKGp-iB","jetpack-related-posts":[{"id":1156,"url":"https:\/\/efagundes.com\/networking\/protocolos-tcpip\/roteamento-em-segmentos-diferentes\/","url_meta":{"origin":1153,"position":0},"title":"Roteamento em segmentos diferentes","author":"Eduardo Fagundes","date":"19\/11\/2012","format":false,"excerpt":"O dispositivo C est\u00e1 agindo como um host entre as duas redes. Um roteador \u00e9 um dispositivo que escolhe caminhos diferentes para os pacotes de rede, baseado no endere\u00e7amento dos frames IP. Rotas diferentes conectam a redes diferentes. O roteador ter\u00e1 mais de um endere\u00e7o para estabelecer diferentes rotas para\u2026","rel":"","context":"Post similar","block_context":{"text":"Post similar","link":""},"img":{"alt_text":"Slide239","src":"https:\/\/i0.wp.com\/efagundes.com\/networking\/wp-content\/uploads\/sites\/5\/2012\/11\/Slide239.png?resize=350%2C200","width":350,"height":200,"srcset":"https:\/\/i0.wp.com\/efagundes.com\/networking\/wp-content\/uploads\/sites\/5\/2012\/11\/Slide239.png?resize=350%2C200 1x, https:\/\/i0.wp.com\/efagundes.com\/networking\/wp-content\/uploads\/sites\/5\/2012\/11\/Slide239.png?resize=525%2C300 1.5x, https:\/\/i0.wp.com\/efagundes.com\/networking\/wp-content\/uploads\/sites\/5\/2012\/11\/Slide239.png?resize=700%2C400 2x"},"classes":[]},{"id":644,"url":"https:\/\/efagundes.com\/networking\/ethernet-2\/switched-ethernet\/","url_meta":{"origin":1153,"position":1},"title":"Switched Ethernet","author":"Eduardo Fagundes","date":"17\/11\/2012","format":false,"excerpt":"Importante notar que o funcionamento da topologia em estrela depende do perif\u00e9rico concentrador utilizado, se for um hub ou um switch. No caso da utiliza\u00e7\u00e3o de um hub, a topologia fisicamente ser\u00e1 em estrela, como mostrada na figura no lado direito, por\u00e9m logicamente ela continua sendo uma rede de topologia\u2026","rel":"","context":"Post similar","block_context":{"text":"Post similar","link":""},"img":{"alt_text":"","src":"https:\/\/i0.wp.com\/efagundes.com\/networking\/wp-content\/uploads\/sites\/5\/2015\/03\/Slide351.jpg?resize=350%2C200","width":350,"height":200,"srcset":"https:\/\/i0.wp.com\/efagundes.com\/networking\/wp-content\/uploads\/sites\/5\/2015\/03\/Slide351.jpg?resize=350%2C200 1x, https:\/\/i0.wp.com\/efagundes.com\/networking\/wp-content\/uploads\/sites\/5\/2015\/03\/Slide351.jpg?resize=525%2C300 1.5x, https:\/\/i0.wp.com\/efagundes.com\/networking\/wp-content\/uploads\/sites\/5\/2015\/03\/Slide351.jpg?resize=700%2C400 2x"},"classes":[]},{"id":795,"url":"https:\/\/efagundes.com\/networking\/algoritmos-de-roteamento\/mpls-multiprotocol-label-switching\/","url_meta":{"origin":1153,"position":2},"title":"MPLS (MultiProtocol Label Switching)","author":"Eduardo Fagundes","date":"18\/11\/2012","format":false,"excerpt":"Enquanto a IETF estava desenvolvendo servi\u00e7os integrados e servi\u00e7os diferenciados, v\u00e1rios fabricantes de roteadores estavam desenvolvendo m\u00e9todos de encaminhamento melhores. Esse trabalho se concentrou na inclus\u00e3o de um r\u00f3tulo (label) no in\u00edcio de cada pacote e na execu\u00e7\u00e3o do roteamento baseado no r\u00f3tulo, e n\u00e3o no endere\u00e7o de destino. Fazer\u2026","rel":"","context":"Post similar","block_context":{"text":"Post similar","link":""},"img":{"alt_text":"","src":"https:\/\/i0.wp.com\/efagundes.com\/networking\/wp-content\/uploads\/sites\/5\/2015\/03\/Slide372.jpg?resize=350%2C200","width":350,"height":200,"srcset":"https:\/\/i0.wp.com\/efagundes.com\/networking\/wp-content\/uploads\/sites\/5\/2015\/03\/Slide372.jpg?resize=350%2C200 1x, https:\/\/i0.wp.com\/efagundes.com\/networking\/wp-content\/uploads\/sites\/5\/2015\/03\/Slide372.jpg?resize=525%2C300 1.5x, https:\/\/i0.wp.com\/efagundes.com\/networking\/wp-content\/uploads\/sites\/5\/2015\/03\/Slide372.jpg?resize=700%2C400 2x"},"classes":[]},{"id":65,"url":"https:\/\/efagundes.com\/networking\/hardware-de-rede\/hardware-de-rede-2\/","url_meta":{"origin":1153,"position":3},"title":"Defini\u00e7\u00e3o de Hardware de Rede","author":"Eduardo Fagundes","date":"16\/11\/2012","format":false,"excerpt":"As redes de difus\u00e3o t\u00eam apenas um canal de comunica\u00e7\u00e3o, compartilhando por todas os equipamento da rede. Mensagem curtas, chamados de pacotes, s\u00e3o enviados por qualquer m\u00e1quina e identificados pela m\u00e1quina de destino. Quando as m\u00e1quinas recebem um pacote, as m\u00e1quinas verificam o campo de endere\u00e7o e processar\u00e1 a mensagem\u2026","rel":"","context":"Post similar","block_context":{"text":"Post similar","link":""},"img":{"alt_text":"","src":"https:\/\/i0.wp.com\/efagundes.com.br\/networking\/wp-content\/uploads\/sites\/7\/2012\/11\/Slide8.jpg?resize=350%2C200","width":350,"height":200,"srcset":"https:\/\/i0.wp.com\/efagundes.com.br\/networking\/wp-content\/uploads\/sites\/7\/2012\/11\/Slide8.jpg?resize=350%2C200 1x, https:\/\/i0.wp.com\/efagundes.com.br\/networking\/wp-content\/uploads\/sites\/7\/2012\/11\/Slide8.jpg?resize=525%2C300 1.5x"},"classes":[]},{"id":678,"url":"https:\/\/efagundes.com\/networking\/comutacao-na-camada-de-enlace-de-dados\/repetidores-hubs-bridges-switches-e-gateways-2\/","url_meta":{"origin":1153,"position":4},"title":"Repetidores, hubs, bridges, switches e gateways (II)","author":"Eduardo Fagundes","date":"17\/11\/2012","format":false,"excerpt":"Examinando os dispositivos de comuta\u00e7\u00e3o e ver como eles se relacionam aos pacote e quadros. Na parte inferior, na camada f\u00edsica, encontramos os repetidores. Em seguida temos os hubs. Um hub tem v\u00e1rias linhas de entrada que ele conecta eletricamente. Os quadros que chegam em quaisquer dessas linhas s\u00e3o enviados\u2026","rel":"","context":"Post similar","block_context":{"text":"Post similar","link":""},"img":{"alt_text":"","src":"https:\/\/i0.wp.com\/efagundes.com\/networking\/wp-content\/uploads\/sites\/5\/2015\/03\/Slide50.jpg?resize=350%2C200","width":350,"height":200,"srcset":"https:\/\/i0.wp.com\/efagundes.com\/networking\/wp-content\/uploads\/sites\/5\/2015\/03\/Slide50.jpg?resize=350%2C200 1x, https:\/\/i0.wp.com\/efagundes.com\/networking\/wp-content\/uploads\/sites\/5\/2015\/03\/Slide50.jpg?resize=525%2C300 1.5x, https:\/\/i0.wp.com\/efagundes.com\/networking\/wp-content\/uploads\/sites\/5\/2015\/03\/Slide50.jpg?resize=700%2C400 2x"},"classes":[]},{"id":182,"url":"https:\/\/efagundes.com\/networking\/redes-locais\/ethernet\/","url_meta":{"origin":1153,"position":5},"title":"Ethernet","author":"Eduardo Fagundes","date":"16\/11\/2012","format":false,"excerpt":"O padr\u00e3o Ethernet \u00e9 o m\u00e9todo de acesso mais utilizado em redes locais de computadores (LAN), definido pelo IEEE como padr\u00e3o 802.3. A maioria dos PCs v\u00eam com uma interface Ethernet 10\/100 para uso de casa, n\u00e3o s\u00f3 criar uma rede dom\u00e9stica, mas conectar \u00e0 Internet atrav\u00e9s de uma conex\u00e3o\u2026","rel":"","context":"Post similar","block_context":{"text":"Post similar","link":""},"img":{"alt_text":"Slide18","src":"https:\/\/i0.wp.com\/efagundes.com\/networking\/wp-content\/uploads\/sites\/5\/2015\/03\/Slide181.jpg?resize=350%2C200","width":350,"height":200,"srcset":"https:\/\/i0.wp.com\/efagundes.com\/networking\/wp-content\/uploads\/sites\/5\/2015\/03\/Slide181.jpg?resize=350%2C200 1x, https:\/\/i0.wp.com\/efagundes.com\/networking\/wp-content\/uploads\/sites\/5\/2015\/03\/Slide181.jpg?resize=525%2C300 1.5x, https:\/\/i0.wp.com\/efagundes.com\/networking\/wp-content\/uploads\/sites\/5\/2015\/03\/Slide181.jpg?resize=700%2C400 2x"},"classes":[]}],"jetpack_sharing_enabled":true,"_links":{"self":[{"href":"https:\/\/efagundes.com\/networking\/wp-json\/wp\/v2\/pages\/1153","targetHints":{"allow":["GET"]}}],"collection":[{"href":"https:\/\/efagundes.com\/networking\/wp-json\/wp\/v2\/pages"}],"about":[{"href":"https:\/\/efagundes.com\/networking\/wp-json\/wp\/v2\/types\/page"}],"author":[{"embeddable":true,"href":"https:\/\/efagundes.com\/networking\/wp-json\/wp\/v2\/users\/1"}],"replies":[{"embeddable":true,"href":"https:\/\/efagundes.com\/networking\/wp-json\/wp\/v2\/comments?post=1153"}],"version-history":[{"count":0,"href":"https:\/\/efagundes.com\/networking\/wp-json\/wp\/v2\/pages\/1153\/revisions"}],"up":[{"embeddable":true,"href":"https:\/\/efagundes.com\/networking\/wp-json\/wp\/v2\/pages\/1138"}],"wp:attachment":[{"href":"https:\/\/efagundes.com\/networking\/wp-json\/wp\/v2\/media?parent=1153"}],"curies":[{"name":"wp","href":"https:\/\/api.w.org\/{rel}","templated":true}]}}