{"id":1156,"date":"2012-11-19T11:19:21","date_gmt":"2012-11-19T13:19:21","guid":{"rendered":"http:\/\/efagundes.com\/openclass_networking\/?page_id=1156"},"modified":"2022-01-16T17:52:32","modified_gmt":"2022-01-16T20:52:32","slug":"roteamento-em-segmentos-diferentes","status":"publish","type":"page","link":"https:\/\/efagundes.com\/networking\/protocolos-tcpip\/roteamento-em-segmentos-diferentes\/","title":{"rendered":"Roteamento em segmentos diferentes"},"content":{"rendered":"<p><a href=\"https:\/\/i0.wp.com\/efagundes.com\/networking\/wp-content\/uploads\/sites\/5\/2012\/11\/Slide239.png\"><img data-recalc-dims=\"1\" loading=\"lazy\" decoding=\"async\" data-attachment-id=\"2679\" data-permalink=\"https:\/\/efagundes.com\/networking\/protocolos-tcpip\/roteamento-em-segmentos-diferentes\/slide239\/\" data-orig-file=\"https:\/\/i0.wp.com\/efagundes.com\/networking\/wp-content\/uploads\/sites\/5\/2012\/11\/Slide239.png?fit=960%2C720&amp;ssl=1\" data-orig-size=\"960,720\" data-comments-opened=\"1\" data-image-meta=\"{&quot;aperture&quot;:&quot;0&quot;,&quot;credit&quot;:&quot;&quot;,&quot;camera&quot;:&quot;&quot;,&quot;caption&quot;:&quot;&quot;,&quot;created_timestamp&quot;:&quot;0&quot;,&quot;copyright&quot;:&quot;&quot;,&quot;focal_length&quot;:&quot;0&quot;,&quot;iso&quot;:&quot;0&quot;,&quot;shutter_speed&quot;:&quot;0&quot;,&quot;title&quot;:&quot;&quot;,&quot;orientation&quot;:&quot;0&quot;}\" data-image-title=\"Slide239\" data-image-description=\"\" data-image-caption=\"\" data-large-file=\"https:\/\/i0.wp.com\/efagundes.com\/networking\/wp-content\/uploads\/sites\/5\/2012\/11\/Slide239.png?fit=960%2C720&amp;ssl=1\" class=\"alignnone size-full wp-image-2679\" src=\"https:\/\/i0.wp.com\/efagundes.com\/networking\/wp-content\/uploads\/sites\/5\/2012\/11\/Slide239.png?resize=960%2C720\" alt=\"Slide239\" width=\"960\" height=\"720\" srcset=\"https:\/\/i0.wp.com\/efagundes.com\/networking\/wp-content\/uploads\/sites\/5\/2012\/11\/Slide239.png?w=960&amp;ssl=1 960w, https:\/\/i0.wp.com\/efagundes.com\/networking\/wp-content\/uploads\/sites\/5\/2012\/11\/Slide239.png?resize=300%2C225&amp;ssl=1 300w\" sizes=\"auto, (max-width: 960px) 100vw, 960px\" \/><\/a><\/p>\n<p>O dispositivo C est\u00e1 agindo como um host entre as duas redes. Um roteador \u00e9 um dispositivo que escolhe caminhos diferentes para os pacotes de rede, baseado no endere\u00e7amento dos frames IP. Rotas diferentes conectam a redes diferentes. O roteador ter\u00e1 mais de um endere\u00e7o para estabelecer diferentes rotas para diferentes redes.<\/p>\n<p>Desde que existam dois segmentos Ethernet, cada rede tem seu pr\u00f3prio endere\u00e7amento Classe C. Isto \u00e9 necess\u00e1rio porque o roteador tem que saber qual a interface de rede usar para atingir um n\u00f3 espec\u00edfico, e cada interface \u00e9 nomeada um n\u00famero de rede. Se A deseja enviar um pacote a E, tem que enviar isto primeiro a C que pode remeter o pacote ent\u00e3o a E. C receber\u00e1 um pacote destinado a E e remeter\u00e1 isto ent\u00e3o usando endere\u00e7o de E.<\/p>\n<p>Se E fosse nomeado o mesmo n\u00famero de rede como A, 200.1.2, A tentaria alcan\u00e7ar E da mesma maneira ent\u00e3o alcan\u00e7ou C no exemplo pr\u00e9vio &#8211; enviando um pedido de ARP e esperando para uma resposta. Por\u00e9m, porque E est\u00e1 em um segmento f\u00edsico diferente, nunca ver\u00e1 o ARP pedir e assim o pacote n\u00e3o pode ser entregue. Por especifica\u00e7\u00e3o E est\u00e1 em uma rede diferente, o m\u00f3dulo de IP em A sabe que E n\u00e3o pode ser alcan\u00e7ado sem ter que remeter para algum n\u00f3 na mesma rede como A.<\/p>\n","protected":false},"excerpt":{"rendered":"<p>O dispositivo C est\u00e1 agindo como um host entre as duas redes. Um roteador \u00e9 um dispositivo que escolhe caminhos diferentes para os pacotes de rede, baseado no endere\u00e7amento dos frames IP. Rotas diferentes conectam a redes diferentes. O roteador ter\u00e1 mais de um endere\u00e7o para estabelecer diferentes rotas para diferentes redes. Desde que existam [&hellip;]<\/p>\n","protected":false},"author":1,"featured_media":0,"parent":1138,"menu_order":131,"comment_status":"closed","ping_status":"open","template":"","meta":{"footnotes":""},"class_list":["post-1156","page","type-page","status-publish","hentry"],"jetpack_shortlink":"https:\/\/wp.me\/P8yKGp-iE","jetpack-related-posts":[{"id":77,"url":"https:\/\/efagundes.com\/networking\/hardware-de-rede\/roteador-dedicado\/","url_meta":{"origin":1156,"position":0},"title":"Roteador dedicado","author":"Eduardo Fagundes","date":"16\/11\/2012","format":false,"excerpt":"\u00a0 Em redes geograficamente distribu\u00eddas \u00e9 importante o conceito de roteamento. Entende-se por roteamento \u00e9 a escolha do m\u00f3dulo do n\u00f3 de origem ao n\u00f3 de destino por onde as mensagens devem transitar. Na comuta\u00e7\u00e3o de circuito, nas mensagens ou de pacote. Primeiramente estabelece uma conex\u00e3o entre n\u00f3s de origem\u2026","rel":"","context":"Post similar","block_context":{"text":"Post similar","link":""},"img":{"alt_text":"Slide13","src":"https:\/\/i0.wp.com\/efagundes.com\/networking\/wp-content\/uploads\/sites\/5\/2015\/03\/Slide13.jpg?resize=350%2C200","width":350,"height":200,"srcset":"https:\/\/i0.wp.com\/efagundes.com\/networking\/wp-content\/uploads\/sites\/5\/2015\/03\/Slide13.jpg?resize=350%2C200 1x, https:\/\/i0.wp.com\/efagundes.com\/networking\/wp-content\/uploads\/sites\/5\/2015\/03\/Slide13.jpg?resize=525%2C300 1.5x, https:\/\/i0.wp.com\/efagundes.com\/networking\/wp-content\/uploads\/sites\/5\/2015\/03\/Slide13.jpg?resize=700%2C400 2x"},"classes":[]},{"id":65,"url":"https:\/\/efagundes.com\/networking\/hardware-de-rede\/hardware-de-rede-2\/","url_meta":{"origin":1156,"position":1},"title":"Defini\u00e7\u00e3o de Hardware de Rede","author":"Eduardo Fagundes","date":"16\/11\/2012","format":false,"excerpt":"As redes de difus\u00e3o t\u00eam apenas um canal de comunica\u00e7\u00e3o, compartilhando por todas os equipamento da rede. Mensagem curtas, chamados de pacotes, s\u00e3o enviados por qualquer m\u00e1quina e identificados pela m\u00e1quina de destino. Quando as m\u00e1quinas recebem um pacote, as m\u00e1quinas verificam o campo de endere\u00e7o e processar\u00e1 a mensagem\u2026","rel":"","context":"Post similar","block_context":{"text":"Post similar","link":""},"img":{"alt_text":"","src":"https:\/\/i0.wp.com\/efagundes.com.br\/networking\/wp-content\/uploads\/sites\/7\/2012\/11\/Slide8.jpg?resize=350%2C200","width":350,"height":200,"srcset":"https:\/\/i0.wp.com\/efagundes.com.br\/networking\/wp-content\/uploads\/sites\/7\/2012\/11\/Slide8.jpg?resize=350%2C200 1x, https:\/\/i0.wp.com\/efagundes.com.br\/networking\/wp-content\/uploads\/sites\/7\/2012\/11\/Slide8.jpg?resize=525%2C300 1.5x"},"classes":[]},{"id":644,"url":"https:\/\/efagundes.com\/networking\/ethernet-2\/switched-ethernet\/","url_meta":{"origin":1156,"position":2},"title":"Switched Ethernet","author":"Eduardo Fagundes","date":"17\/11\/2012","format":false,"excerpt":"Importante notar que o funcionamento da topologia em estrela depende do perif\u00e9rico concentrador utilizado, se for um hub ou um switch. No caso da utiliza\u00e7\u00e3o de um hub, a topologia fisicamente ser\u00e1 em estrela, como mostrada na figura no lado direito, por\u00e9m logicamente ela continua sendo uma rede de topologia\u2026","rel":"","context":"Post similar","block_context":{"text":"Post similar","link":""},"img":{"alt_text":"","src":"https:\/\/i0.wp.com\/efagundes.com\/networking\/wp-content\/uploads\/sites\/5\/2015\/03\/Slide351.jpg?resize=350%2C200","width":350,"height":200,"srcset":"https:\/\/i0.wp.com\/efagundes.com\/networking\/wp-content\/uploads\/sites\/5\/2015\/03\/Slide351.jpg?resize=350%2C200 1x, https:\/\/i0.wp.com\/efagundes.com\/networking\/wp-content\/uploads\/sites\/5\/2015\/03\/Slide351.jpg?resize=525%2C300 1.5x, https:\/\/i0.wp.com\/efagundes.com\/networking\/wp-content\/uploads\/sites\/5\/2015\/03\/Slide351.jpg?resize=700%2C400 2x"},"classes":[]},{"id":758,"url":"https:\/\/efagundes.com\/networking\/algoritmos-de-roteamento\/roteamento-por-difusao\/","url_meta":{"origin":1156,"position":3},"title":"Roteamento por difus\u00e3o","author":"Eduardo Fagundes","date":"18\/11\/2012","format":false,"excerpt":"Para algumas aplica\u00e7\u00f5es os hosts precisam enviar mensagens a muitos outros hosts. Um exemplo \u00e9 o servi\u00e7o de distribui\u00e7\u00e3o de relat\u00f3rios sobre o tempo, atualiza\u00e7\u00f5es do mercado de a\u00e7\u00f5es ou programas de r\u00e1dio ao vivo. O envio de um pacote a todos os destinos simultaneamente \u00e9 chamado difus\u00e3o (broadcasting). Um\u2026","rel":"","context":"Post similar","block_context":{"text":"Post similar","link":""},"img":{"alt_text":"","src":"https:\/\/i0.wp.com\/efagundes.com\/networking\/wp-content\/uploads\/sites\/5\/2015\/03\/Slide195.jpg?resize=350%2C200","width":350,"height":200,"srcset":"https:\/\/i0.wp.com\/efagundes.com\/networking\/wp-content\/uploads\/sites\/5\/2015\/03\/Slide195.jpg?resize=350%2C200 1x, https:\/\/i0.wp.com\/efagundes.com\/networking\/wp-content\/uploads\/sites\/5\/2015\/03\/Slide195.jpg?resize=525%2C300 1.5x, https:\/\/i0.wp.com\/efagundes.com\/networking\/wp-content\/uploads\/sites\/5\/2015\/03\/Slide195.jpg?resize=700%2C400 2x"},"classes":[]},{"id":731,"url":"https:\/\/efagundes.com\/networking\/a-camada-de-rede\/comutacao-de-pacotes-store-and-forward\/","url_meta":{"origin":1156,"position":4},"title":"Comuta\u00e7\u00e3o de pacotes store-and-forward","author":"Eduardo Fagundes","date":"18\/11\/2012","format":false,"excerpt":"Dentro do contexto em que operam os protocolos da camada rede, os principais componentes s\u00e3o o equipamento do provedor de telecomunica\u00e7\u00f5es (roteadores conectados por linhas de transmiss\u00e3o), apresentados na elipse sombreada da figura, e o equipamento dos clientes mostrados fora da elipse. O host H1 est\u00e1 diretamente conectado a um\u2026","rel":"","context":"Post similar","block_context":{"text":"Post similar","link":""},"img":{"alt_text":"","src":"https:\/\/i0.wp.com\/efagundes.com\/networking\/wp-content\/uploads\/sites\/5\/2015\/03\/Slide67.jpg?resize=350%2C200","width":350,"height":200,"srcset":"https:\/\/i0.wp.com\/efagundes.com\/networking\/wp-content\/uploads\/sites\/5\/2015\/03\/Slide67.jpg?resize=350%2C200 1x, https:\/\/i0.wp.com\/efagundes.com\/networking\/wp-content\/uploads\/sites\/5\/2015\/03\/Slide67.jpg?resize=525%2C300 1.5x, https:\/\/i0.wp.com\/efagundes.com\/networking\/wp-content\/uploads\/sites\/5\/2015\/03\/Slide67.jpg?resize=700%2C400 2x"},"classes":[]},{"id":745,"url":"https:\/\/efagundes.com\/networking\/algoritmos-de-roteamento\/o-principio-de-otimizacao\/","url_meta":{"origin":1156,"position":5},"title":"O princ\u00edpio de otimiza\u00e7\u00e3o","author":"Eduardo Fagundes","date":"18\/11\/2012","format":false,"excerpt":"\u00c9 poss\u00edvel criar uma descri\u00e7\u00e3o geral das rotas \u00f3timas sem levar em conta a topologia ou o tr\u00e1fego de rede. Essa descri\u00e7\u00e3o \u00e9 conhecida como princ\u00edpio de otimiza\u00e7\u00e3o. Esse princ\u00edpio estabelece que, se o roteador J estiver no caminho \u00f3timo entre o roteador I e o roteador K, o caminho\u2026","rel":"","context":"Post similar","block_context":{"text":"Post similar","link":""},"img":{"alt_text":"","src":"https:\/\/i0.wp.com\/efagundes.com\/networking\/wp-content\/uploads\/sites\/5\/2015\/03\/Slide137.jpg?resize=350%2C200","width":350,"height":200,"srcset":"https:\/\/i0.wp.com\/efagundes.com\/networking\/wp-content\/uploads\/sites\/5\/2015\/03\/Slide137.jpg?resize=350%2C200 1x, https:\/\/i0.wp.com\/efagundes.com\/networking\/wp-content\/uploads\/sites\/5\/2015\/03\/Slide137.jpg?resize=525%2C300 1.5x, https:\/\/i0.wp.com\/efagundes.com\/networking\/wp-content\/uploads\/sites\/5\/2015\/03\/Slide137.jpg?resize=700%2C400 2x"},"classes":[]}],"jetpack_sharing_enabled":true,"_links":{"self":[{"href":"https:\/\/efagundes.com\/networking\/wp-json\/wp\/v2\/pages\/1156","targetHints":{"allow":["GET"]}}],"collection":[{"href":"https:\/\/efagundes.com\/networking\/wp-json\/wp\/v2\/pages"}],"about":[{"href":"https:\/\/efagundes.com\/networking\/wp-json\/wp\/v2\/types\/page"}],"author":[{"embeddable":true,"href":"https:\/\/efagundes.com\/networking\/wp-json\/wp\/v2\/users\/1"}],"replies":[{"embeddable":true,"href":"https:\/\/efagundes.com\/networking\/wp-json\/wp\/v2\/comments?post=1156"}],"version-history":[{"count":0,"href":"https:\/\/efagundes.com\/networking\/wp-json\/wp\/v2\/pages\/1156\/revisions"}],"up":[{"embeddable":true,"href":"https:\/\/efagundes.com\/networking\/wp-json\/wp\/v2\/pages\/1138"}],"wp:attachment":[{"href":"https:\/\/efagundes.com\/networking\/wp-json\/wp\/v2\/media?parent=1156"}],"curies":[{"name":"wp","href":"https:\/\/api.w.org\/{rel}","templated":true}]}}