{"id":1180,"date":"2012-11-19T11:34:12","date_gmt":"2012-11-19T13:34:12","guid":{"rendered":"http:\/\/efagundes.com\/openclass_networking\/?page_id=1180"},"modified":"2022-01-16T17:52:33","modified_gmt":"2022-01-16T20:52:33","slug":"protocolos-de-controle-da-internet","status":"publish","type":"page","link":"https:\/\/efagundes.com\/networking\/protocolos-tcpip\/protocolos-de-controle-da-internet\/","title":{"rendered":"Protocolos de controle da Internet (I)"},"content":{"rendered":"<p><a href=\"https:\/\/i0.wp.com\/efagundes.com\/networking\/wp-content\/uploads\/sites\/5\/2012\/11\/Slide249.png\"><img data-recalc-dims=\"1\" loading=\"lazy\" decoding=\"async\" data-attachment-id=\"2687\" data-permalink=\"https:\/\/efagundes.com\/networking\/protocolos-tcpip\/protocolos-de-controle-da-internet\/slide249\/\" data-orig-file=\"https:\/\/i0.wp.com\/efagundes.com\/networking\/wp-content\/uploads\/sites\/5\/2012\/11\/Slide249.png?fit=960%2C720&amp;ssl=1\" data-orig-size=\"960,720\" data-comments-opened=\"1\" data-image-meta=\"{&quot;aperture&quot;:&quot;0&quot;,&quot;credit&quot;:&quot;&quot;,&quot;camera&quot;:&quot;&quot;,&quot;caption&quot;:&quot;&quot;,&quot;created_timestamp&quot;:&quot;0&quot;,&quot;copyright&quot;:&quot;&quot;,&quot;focal_length&quot;:&quot;0&quot;,&quot;iso&quot;:&quot;0&quot;,&quot;shutter_speed&quot;:&quot;0&quot;,&quot;title&quot;:&quot;&quot;,&quot;orientation&quot;:&quot;0&quot;}\" data-image-title=\"Slide249\" data-image-description=\"\" data-image-caption=\"\" data-large-file=\"https:\/\/i0.wp.com\/efagundes.com\/networking\/wp-content\/uploads\/sites\/5\/2012\/11\/Slide249.png?fit=960%2C720&amp;ssl=1\" class=\"alignnone size-full wp-image-2687\" src=\"https:\/\/i0.wp.com\/efagundes.com\/networking\/wp-content\/uploads\/sites\/5\/2012\/11\/Slide249.png?resize=960%2C720\" alt=\"Slide249\" width=\"960\" height=\"720\" srcset=\"https:\/\/i0.wp.com\/efagundes.com\/networking\/wp-content\/uploads\/sites\/5\/2012\/11\/Slide249.png?w=960&amp;ssl=1 960w, https:\/\/i0.wp.com\/efagundes.com\/networking\/wp-content\/uploads\/sites\/5\/2012\/11\/Slide249.png?resize=300%2C225&amp;ssl=1 300w\" sizes=\"auto, (max-width: 960px) 100vw, 960px\" \/><\/a><\/p>\n","protected":false},"excerpt":{"rendered":"","protected":false},"author":1,"featured_media":0,"parent":1138,"menu_order":138,"comment_status":"closed","ping_status":"open","template":"","meta":{"footnotes":""},"class_list":["post-1180","page","type-page","status-publish","hentry"],"jetpack_shortlink":"https:\/\/wp.me\/P8yKGp-j2","jetpack-related-posts":[{"id":1183,"url":"https:\/\/efagundes.com\/networking\/protocolos-tcpip\/protocolos-de-controle-da-internet-2\/","url_meta":{"origin":1180,"position":0},"title":"Protocolos de controle da Internet (II)","author":"Eduardo Fagundes","date":"19\/11\/2012","format":false,"excerpt":"","rel":"","context":"Post similar","block_context":{"text":"Post similar","link":""},"img":{"alt_text":"Slide250","src":"https:\/\/i0.wp.com\/efagundes.com\/networking\/wp-content\/uploads\/sites\/5\/2012\/11\/Slide250.png?resize=350%2C200","width":350,"height":200,"srcset":"https:\/\/i0.wp.com\/efagundes.com\/networking\/wp-content\/uploads\/sites\/5\/2012\/11\/Slide250.png?resize=350%2C200 1x, https:\/\/i0.wp.com\/efagundes.com\/networking\/wp-content\/uploads\/sites\/5\/2012\/11\/Slide250.png?resize=525%2C300 1.5x, https:\/\/i0.wp.com\/efagundes.com\/networking\/wp-content\/uploads\/sites\/5\/2012\/11\/Slide250.png?resize=700%2C400 2x"},"classes":[]},{"id":604,"url":"https:\/\/efagundes.com\/networking\/exemplos-de-protocolos\/high-level-data-link-control\/","url_meta":{"origin":1180,"position":1},"title":"High-level Data Link Control (I)","author":"Eduardo Fagundes","date":"17\/11\/2012","format":false,"excerpt":"O HDLC (Higher Level Data Link Control) pertence a uma classe de protocolos que diferem muito pouco entre si, como o protocolo SDLC (Synchronous Data Link Control) da IBM em sua rede SNA (System Network Architecture). O HDLC \u00e9 orientado a bit, em contraposi\u00e7\u00e3o aos protocolos orientados a caracteres. Estes\u2026","rel":"","context":"Post similar","block_context":{"text":"Post similar","link":""},"img":{"alt_text":"","src":"https:\/\/i0.wp.com\/efagundes.com\/networking\/wp-content\/uploads\/sites\/5\/2015\/03\/Slide184.jpg?resize=350%2C200","width":350,"height":200,"srcset":"https:\/\/i0.wp.com\/efagundes.com\/networking\/wp-content\/uploads\/sites\/5\/2015\/03\/Slide184.jpg?resize=350%2C200 1x, https:\/\/i0.wp.com\/efagundes.com\/networking\/wp-content\/uploads\/sites\/5\/2015\/03\/Slide184.jpg?resize=525%2C300 1.5x, https:\/\/i0.wp.com\/efagundes.com\/networking\/wp-content\/uploads\/sites\/5\/2015\/03\/Slide184.jpg?resize=700%2C400 2x"},"classes":[]},{"id":172,"url":"https:\/\/efagundes.com\/networking\/redes-geograficamente-distribuidas\/a-internet-2\/","url_meta":{"origin":1180,"position":2},"title":"A Internet 2","author":"Eduardo Fagundes","date":"16\/11\/2012","format":false,"excerpt":"O projeto da Internet2 \u00e9 um esfor\u00e7o conjunto de mais de 200 universidades norte-americanas, agencias federais americanas e empresas do setor privado para desenvolver uma nova gera\u00e7\u00e3o de Internet para pesquisas e educa\u00e7\u00e3o, incluindo tanto servi\u00e7os de redes melhorados como aplica\u00e7\u00f5es multim\u00eddia que ser\u00e3o ativadas por estes servi\u00e7os. O trabalho\u2026","rel":"","context":"Post similar","block_context":{"text":"Post similar","link":""},"img":{"alt_text":"Slide13","src":"https:\/\/i0.wp.com\/efagundes.com\/networking\/wp-content\/uploads\/sites\/5\/2015\/03\/Slide131.jpg?resize=350%2C200","width":350,"height":200,"srcset":"https:\/\/i0.wp.com\/efagundes.com\/networking\/wp-content\/uploads\/sites\/5\/2015\/03\/Slide131.jpg?resize=350%2C200 1x, https:\/\/i0.wp.com\/efagundes.com\/networking\/wp-content\/uploads\/sites\/5\/2015\/03\/Slide131.jpg?resize=525%2C300 1.5x, https:\/\/i0.wp.com\/efagundes.com\/networking\/wp-content\/uploads\/sites\/5\/2015\/03\/Slide131.jpg?resize=700%2C400 2x"},"classes":[]},{"id":156,"url":"https:\/\/efagundes.com\/networking\/redes-geograficamente-distribuidas\/protocolos-do-x-25\/","url_meta":{"origin":1180,"position":3},"title":"Protocolos do X.25","author":"Eduardo Fagundes","date":"16\/11\/2012","format":false,"excerpt":"O conjunto de protocolos X.25 especifica as tr\u00eas camadas inferiores do modelo OSI. Os seguintes protocolos s\u00e3o tipicamente usados numa implementa\u00e7\u00e3o X.25: Packet-Layer Protocol (PLP), Link Access Procedure Balanced (LAPB), e outras interfaces seriais da camada f\u00edsica (como EIA\/TIA-232, EIA\/TIA-449, EIA-530 e G.703). Figura mostra os protocolos X.25 fundamentais para\u2026","rel":"","context":"Post similar","block_context":{"text":"Post similar","link":""},"img":{"alt_text":"Slide8","src":"https:\/\/i0.wp.com\/efagundes.com\/networking\/wp-content\/uploads\/sites\/5\/2015\/03\/Slide81.jpg?resize=350%2C200","width":350,"height":200,"srcset":"https:\/\/i0.wp.com\/efagundes.com\/networking\/wp-content\/uploads\/sites\/5\/2015\/03\/Slide81.jpg?resize=350%2C200 1x, https:\/\/i0.wp.com\/efagundes.com\/networking\/wp-content\/uploads\/sites\/5\/2015\/03\/Slide81.jpg?resize=525%2C300 1.5x, https:\/\/i0.wp.com\/efagundes.com\/networking\/wp-content\/uploads\/sites\/5\/2015\/03\/Slide81.jpg?resize=700%2C400 2x"},"classes":[]},{"id":140,"url":"https:\/\/efagundes.com\/networking\/modelos-de-referencia\/","url_meta":{"origin":1180,"position":4},"title":"Modelos de Refer\u00eancia","author":"Eduardo Fagundes","date":"16\/11\/2012","format":false,"excerpt":"O modelo OSI (Open System Interconnection) \u00e9 o padr\u00e3o ISO (International Organization for Standardization) para comunica\u00e7\u00f5es tem o prop\u00f3sito de padronizar a comunica\u00e7\u00e3o entre sistemas de processamento heterog\u00eaneos, que vem sendo utilizado em diversas aplica\u00e7\u00f5es, por v\u00e1rios organismos normativos. O modelo OSI define uma estrutura homologada internacionalmente para a implementa\u00e7\u00e3o\u2026","rel":"","context":"Post similar","block_context":{"text":"Post similar","link":""},"img":{"alt_text":"Slide1","src":"https:\/\/i0.wp.com\/efagundes.com\/networking\/wp-content\/uploads\/sites\/5\/2015\/03\/Slide110.jpg?resize=350%2C200","width":350,"height":200,"srcset":"https:\/\/i0.wp.com\/efagundes.com\/networking\/wp-content\/uploads\/sites\/5\/2015\/03\/Slide110.jpg?resize=350%2C200 1x, https:\/\/i0.wp.com\/efagundes.com\/networking\/wp-content\/uploads\/sites\/5\/2015\/03\/Slide110.jpg?resize=525%2C300 1.5x, https:\/\/i0.wp.com\/efagundes.com\/networking\/wp-content\/uploads\/sites\/5\/2015\/03\/Slide110.jpg?resize=700%2C400 2x"},"classes":[]},{"id":608,"url":"https:\/\/efagundes.com\/networking\/exemplos-de-protocolos\/a-camada-de-enlace-de-dados-na-internet\/","url_meta":{"origin":1180,"position":5},"title":"A camada de enlace de dados na Internet","author":"Eduardo Fagundes","date":"17\/11\/2012","format":false,"excerpt":"A Internet consiste em m\u00e1quinas individuais (hosts e roteadores) e na infra-estrutura de comunica\u00e7\u00e3o que as conecta. Dentro de um \u00fanico pr\u00e9dio, as LANs s\u00e3o bastante utilizadas para interconex\u00f5es, mas grande parte da infra-estrutura geograficamente distribu\u00edda \u00e9 constru\u00edda a partir de linhas privadas ponto-a-ponto. Geralmente, o PC dom\u00e9stico do usu\u00e1rio\u2026","rel":"","context":"Post similar","block_context":{"text":"Post similar","link":""},"img":{"alt_text":"","src":"https:\/\/i0.wp.com\/efagundes.com\/networking\/wp-content\/uploads\/sites\/5\/2015\/03\/Slide204.jpg?resize=350%2C200","width":350,"height":200,"srcset":"https:\/\/i0.wp.com\/efagundes.com\/networking\/wp-content\/uploads\/sites\/5\/2015\/03\/Slide204.jpg?resize=350%2C200 1x, https:\/\/i0.wp.com\/efagundes.com\/networking\/wp-content\/uploads\/sites\/5\/2015\/03\/Slide204.jpg?resize=525%2C300 1.5x, https:\/\/i0.wp.com\/efagundes.com\/networking\/wp-content\/uploads\/sites\/5\/2015\/03\/Slide204.jpg?resize=700%2C400 2x"},"classes":[]}],"jetpack_sharing_enabled":true,"_links":{"self":[{"href":"https:\/\/efagundes.com\/networking\/wp-json\/wp\/v2\/pages\/1180","targetHints":{"allow":["GET"]}}],"collection":[{"href":"https:\/\/efagundes.com\/networking\/wp-json\/wp\/v2\/pages"}],"about":[{"href":"https:\/\/efagundes.com\/networking\/wp-json\/wp\/v2\/types\/page"}],"author":[{"embeddable":true,"href":"https:\/\/efagundes.com\/networking\/wp-json\/wp\/v2\/users\/1"}],"replies":[{"embeddable":true,"href":"https:\/\/efagundes.com\/networking\/wp-json\/wp\/v2\/comments?post=1180"}],"version-history":[{"count":0,"href":"https:\/\/efagundes.com\/networking\/wp-json\/wp\/v2\/pages\/1180\/revisions"}],"up":[{"embeddable":true,"href":"https:\/\/efagundes.com\/networking\/wp-json\/wp\/v2\/pages\/1138"}],"wp:attachment":[{"href":"https:\/\/efagundes.com\/networking\/wp-json\/wp\/v2\/media?parent=1180"}],"curies":[{"name":"wp","href":"https:\/\/api.w.org\/{rel}","templated":true}]}}