{"id":1198,"date":"2012-11-19T12:14:57","date_gmt":"2012-11-19T14:14:57","guid":{"rendered":"http:\/\/efagundes.com\/openclass_networking\/?page_id=1198"},"modified":"2022-01-16T17:52:36","modified_gmt":"2022-01-16T20:52:36","slug":"relacao-entre-sas","status":"publish","type":"page","link":"https:\/\/efagundes.com\/networking\/protocolos-tcpip\/relacao-entre-sas\/","title":{"rendered":"Rela\u00e7\u00e3o entre SAs"},"content":{"rendered":"<p><a href=\"https:\/\/i0.wp.com\/efagundes.com\/networking\/wp-content\/uploads\/sites\/5\/2012\/11\/Slide254.png\"><img data-recalc-dims=\"1\" loading=\"lazy\" decoding=\"async\" data-attachment-id=\"2692\" data-permalink=\"https:\/\/efagundes.com\/networking\/protocolos-tcpip\/relacao-entre-sas\/slide254\/\" data-orig-file=\"https:\/\/i0.wp.com\/efagundes.com\/networking\/wp-content\/uploads\/sites\/5\/2012\/11\/Slide254.png?fit=960%2C720&amp;ssl=1\" data-orig-size=\"960,720\" data-comments-opened=\"1\" data-image-meta=\"{&quot;aperture&quot;:&quot;0&quot;,&quot;credit&quot;:&quot;&quot;,&quot;camera&quot;:&quot;&quot;,&quot;caption&quot;:&quot;&quot;,&quot;created_timestamp&quot;:&quot;0&quot;,&quot;copyright&quot;:&quot;&quot;,&quot;focal_length&quot;:&quot;0&quot;,&quot;iso&quot;:&quot;0&quot;,&quot;shutter_speed&quot;:&quot;0&quot;,&quot;title&quot;:&quot;&quot;,&quot;orientation&quot;:&quot;0&quot;}\" data-image-title=\"Slide254\" data-image-description=\"\" data-image-caption=\"\" data-large-file=\"https:\/\/i0.wp.com\/efagundes.com\/networking\/wp-content\/uploads\/sites\/5\/2012\/11\/Slide254.png?fit=960%2C720&amp;ssl=1\" class=\"alignnone size-full wp-image-2692\" src=\"https:\/\/i0.wp.com\/efagundes.com\/networking\/wp-content\/uploads\/sites\/5\/2012\/11\/Slide254.png?resize=960%2C720\" alt=\"Slide254\" width=\"960\" height=\"720\" srcset=\"https:\/\/i0.wp.com\/efagundes.com\/networking\/wp-content\/uploads\/sites\/5\/2012\/11\/Slide254.png?w=960&amp;ssl=1 960w, https:\/\/i0.wp.com\/efagundes.com\/networking\/wp-content\/uploads\/sites\/5\/2012\/11\/Slide254.png?resize=300%2C225&amp;ssl=1 300w\" sizes=\"auto, (max-width: 960px) 100vw, 960px\" \/><\/a><\/p>\n","protected":false},"excerpt":{"rendered":"","protected":false},"author":1,"featured_media":0,"parent":1138,"menu_order":143,"comment_status":"closed","ping_status":"open","template":"","meta":{"footnotes":""},"class_list":["post-1198","page","type-page","status-publish","hentry"],"jetpack_shortlink":"https:\/\/wp.me\/P8yKGp-jk","jetpack-related-posts":[{"id":249,"url":"https:\/\/efagundes.com\/networking\/teoria-da-transmissao-e-meios-magneticos\/relacao-entre-as-taxas-de-dados-e-as-harmonicas\/","url_meta":{"origin":1198,"position":0},"title":"Rela\u00e7\u00e3o entre as taxas de dados e as harm\u00f4nicas","author":"Eduardo Fagundes","date":"16\/11\/2012","format":false,"excerpt":"\u00a0 Para certas taxas de dados, os n\u00fameros funcionam de acordo com o padr\u00e3o mostrado na tabela acima. Os n\u00fameros deixam claro que, quando se tenta fazer uma transmiss\u00e3o de 9.600bps usando uma linha telef\u00f4nica com restri\u00e7\u00f5es de largura de banda, modelo sugerido na figura (a) assume a forma mostrada\u2026","rel":"","context":"Post similar","block_context":{"text":"Post similar","link":""},"img":{"alt_text":"Slide6","src":"https:\/\/i0.wp.com\/efagundes.com\/networking\/wp-content\/uploads\/sites\/5\/2015\/03\/Slide62.jpg?resize=350%2C200","width":350,"height":200,"srcset":"https:\/\/i0.wp.com\/efagundes.com\/networking\/wp-content\/uploads\/sites\/5\/2015\/03\/Slide62.jpg?resize=350%2C200 1x, https:\/\/i0.wp.com\/efagundes.com\/networking\/wp-content\/uploads\/sites\/5\/2015\/03\/Slide62.jpg?resize=525%2C300 1.5x, https:\/\/i0.wp.com\/efagundes.com\/networking\/wp-content\/uploads\/sites\/5\/2015\/03\/Slide62.jpg?resize=700%2C400 2x"},"classes":[]},{"id":650,"url":"https:\/\/efagundes.com\/networking\/lans-sem-fio\/802-11-a-camada-fisica\/","url_meta":{"origin":1198,"position":1},"title":"802.11: a camada f\u00edsica","author":"Eduardo Fagundes","date":"17\/11\/2012","format":false,"excerpt":"A OFDM (Orthogonal Frequency Division Multiplexing) \u00e9 uma varia\u00e7\u00e3o da multiplexa\u00e7\u00e3o por divis\u00e3o de freq\u00fc\u00eancia (FDM) usada nos sistemas de telefonia e nas tecnologias de redes de acesso como o ADSL e VDSL, e mais recentemente nas redes wireless. A id\u00e9ia b\u00e1sica \u00e9 dividir um fluxo digital de alta taxa\u2026","rel":"","context":"Post similar","block_context":{"text":"Post similar","link":""},"img":{"alt_text":"Slide179","src":"https:\/\/i0.wp.com\/efagundes.com\/networking\/wp-content\/uploads\/sites\/5\/2012\/11\/Slide179.png?resize=350%2C200","width":350,"height":200,"srcset":"https:\/\/i0.wp.com\/efagundes.com\/networking\/wp-content\/uploads\/sites\/5\/2012\/11\/Slide179.png?resize=350%2C200 1x, https:\/\/i0.wp.com\/efagundes.com\/networking\/wp-content\/uploads\/sites\/5\/2012\/11\/Slide179.png?resize=525%2C300 1.5x, https:\/\/i0.wp.com\/efagundes.com\/networking\/wp-content\/uploads\/sites\/5\/2012\/11\/Slide179.png?resize=700%2C400 2x"},"classes":[]},{"id":333,"url":"https:\/\/efagundes.com\/networking\/transmissao-sem-fio\/espectro-eletromagnetico-i\/","url_meta":{"origin":1198,"position":2},"title":"Espectro eletromagn\u00e9tico (I)","author":"Eduardo Fagundes","date":"16\/11\/2012","format":false,"excerpt":"\u00a0 \u00a0 Quando el\u00e9trons se movem, eles criam ondas eletromagn\u00e9ticas que podem propagar-se atrav\u00e9s do espa\u00e7o livre, mesmo do v\u00e1cuo. Essas ondas foram inicialmente previstas pelo f\u00edsico brit\u00e2nico James Clerk Maxwell em 1865 e pela primeira vez produzidas pelo f\u00edsico alem\u00e3o Heinrich Hertz em 1887. O n\u00famero de oscila\u00e7\u00f5es por\u2026","rel":"","context":"Post similar","block_context":{"text":"Post similar","link":""},"img":{"alt_text":"Slide3","src":"https:\/\/i0.wp.com\/efagundes.com\/networking\/wp-content\/uploads\/sites\/5\/2015\/03\/Slide37.jpg?resize=350%2C200","width":350,"height":200,"srcset":"https:\/\/i0.wp.com\/efagundes.com\/networking\/wp-content\/uploads\/sites\/5\/2015\/03\/Slide37.jpg?resize=350%2C200 1x, https:\/\/i0.wp.com\/efagundes.com\/networking\/wp-content\/uploads\/sites\/5\/2015\/03\/Slide37.jpg?resize=525%2C300 1.5x, https:\/\/i0.wp.com\/efagundes.com\/networking\/wp-content\/uploads\/sites\/5\/2015\/03\/Slide37.jpg?resize=700%2C400 2x"},"classes":[]},{"id":755,"url":"https:\/\/efagundes.com\/networking\/algoritmos-de-roteamento\/roteamento-hierarquico\/","url_meta":{"origin":1198,"position":3},"title":"Roteamento hier\u00e1rquico","author":"Eduardo Fagundes","date":"18\/11\/2012","format":false,"excerpt":"Com o crescimento das redes, as tabelas de roteamento dos roteadores crescem proporcionalmente. N\u00e3o apenas a mem\u00f3ria do roteador \u00e9 consumida por tabelas cada vez maiores, mas tamb\u00e9m \u00e9 necess\u00e1rio dedicar maior tempo da CPU para percorr\u00ea-las e mais largura de banda para enviar relat\u00f3rios de status sobre elas. Um\u2026","rel":"","context":"Post similar","block_context":{"text":"Post similar","link":""},"img":{"alt_text":"","src":"https:\/\/i0.wp.com\/efagundes.com\/networking\/wp-content\/uploads\/sites\/5\/2015\/03\/Slide185.jpg?resize=350%2C200","width":350,"height":200,"srcset":"https:\/\/i0.wp.com\/efagundes.com\/networking\/wp-content\/uploads\/sites\/5\/2015\/03\/Slide185.jpg?resize=350%2C200 1x, https:\/\/i0.wp.com\/efagundes.com\/networking\/wp-content\/uploads\/sites\/5\/2015\/03\/Slide185.jpg?resize=525%2C300 1.5x, https:\/\/i0.wp.com\/efagundes.com\/networking\/wp-content\/uploads\/sites\/5\/2015\/03\/Slide185.jpg?resize=700%2C400 2x"},"classes":[]},{"id":352,"url":"https:\/\/efagundes.com\/networking\/transmissao-sem-fio\/transmissao-de-microondas\/","url_meta":{"origin":1198,"position":4},"title":"Transmiss\u00e3o de microondas","author":"Eduardo Fagundes","date":"16\/11\/2012","format":false,"excerpt":"\u00a0 Acima de 100 MHz, as ondas viajam em linhas retas e podem ser estreitamente focadas atrav\u00e9s do alinhamento do transmissor e receptor.\u00a0 Concentrando toda energia em um pequeno receptor, atrav\u00e9s de uma antena parab\u00f3lica (do tipo daquelas de TV por sat\u00e9lite), resulta em uma rela\u00e7\u00e3o sinal\/ru\u00eddo maior, mas as\u2026","rel":"","context":"Post similar","block_context":{"text":"Post similar","link":""},"img":{"alt_text":"Slide12","src":"https:\/\/i0.wp.com\/efagundes.com\/networking\/wp-content\/uploads\/sites\/5\/2015\/03\/Slide123.jpg?resize=350%2C200","width":350,"height":200,"srcset":"https:\/\/i0.wp.com\/efagundes.com\/networking\/wp-content\/uploads\/sites\/5\/2015\/03\/Slide123.jpg?resize=350%2C200 1x, https:\/\/i0.wp.com\/efagundes.com\/networking\/wp-content\/uploads\/sites\/5\/2015\/03\/Slide123.jpg?resize=525%2C300 1.5x, https:\/\/i0.wp.com\/efagundes.com\/networking\/wp-content\/uploads\/sites\/5\/2015\/03\/Slide123.jpg?resize=700%2C400 2x"},"classes":[]},{"id":255,"url":"https:\/\/efagundes.com\/networking\/teoria-da-transmissao-e-meios-magneticos\/taxa-de-dados-maxima-de-um-canal-ii\/","url_meta":{"origin":1198,"position":5},"title":"Taxa de dados m\u00e1xima de um canal (II)","author":"Eduardo Fagundes","date":"16\/11\/2012","format":false,"excerpt":"\u00a0 Todos os canais de transmiss\u00e3o de qualquer interesse pr\u00e1tico tem uma largura de banda de frequ\u00eancia limitada. As limita\u00e7\u00f5es surgem das propriedades f\u00edsicas do canal ou de limita\u00e7\u00f5es deliberadas na largura de banda para evitar interfer\u00eancia de outras fontes. Principalmente por raz\u00f5es econ\u00f4micas, a maioria dos sistemas de comunica\u00e7\u00e3o\u2026","rel":"","context":"Post similar","block_context":{"text":"Post similar","link":""},"img":{"alt_text":"Slide9","src":"https:\/\/i0.wp.com\/efagundes.com\/networking\/wp-content\/uploads\/sites\/5\/2015\/03\/Slide92.jpg?resize=350%2C200","width":350,"height":200,"srcset":"https:\/\/i0.wp.com\/efagundes.com\/networking\/wp-content\/uploads\/sites\/5\/2015\/03\/Slide92.jpg?resize=350%2C200 1x, https:\/\/i0.wp.com\/efagundes.com\/networking\/wp-content\/uploads\/sites\/5\/2015\/03\/Slide92.jpg?resize=525%2C300 1.5x, https:\/\/i0.wp.com\/efagundes.com\/networking\/wp-content\/uploads\/sites\/5\/2015\/03\/Slide92.jpg?resize=700%2C400 2x"},"classes":[]}],"jetpack_sharing_enabled":true,"_links":{"self":[{"href":"https:\/\/efagundes.com\/networking\/wp-json\/wp\/v2\/pages\/1198","targetHints":{"allow":["GET"]}}],"collection":[{"href":"https:\/\/efagundes.com\/networking\/wp-json\/wp\/v2\/pages"}],"about":[{"href":"https:\/\/efagundes.com\/networking\/wp-json\/wp\/v2\/types\/page"}],"author":[{"embeddable":true,"href":"https:\/\/efagundes.com\/networking\/wp-json\/wp\/v2\/users\/1"}],"replies":[{"embeddable":true,"href":"https:\/\/efagundes.com\/networking\/wp-json\/wp\/v2\/comments?post=1198"}],"version-history":[{"count":0,"href":"https:\/\/efagundes.com\/networking\/wp-json\/wp\/v2\/pages\/1198\/revisions"}],"up":[{"embeddable":true,"href":"https:\/\/efagundes.com\/networking\/wp-json\/wp\/v2\/pages\/1138"}],"wp:attachment":[{"href":"https:\/\/efagundes.com\/networking\/wp-json\/wp\/v2\/media?parent=1198"}],"curies":[{"name":"wp","href":"https:\/\/api.w.org\/{rel}","templated":true}]}}