{"id":1213,"date":"2012-11-19T12:21:34","date_gmt":"2012-11-19T14:21:34","guid":{"rendered":"http:\/\/efagundes.com\/openclass_networking\/?page_id=1213"},"modified":"2022-01-16T17:52:38","modified_gmt":"2022-01-16T20:52:38","slug":"problema-de-seguranca-em-redes","status":"publish","type":"page","link":"https:\/\/efagundes.com\/networking\/seguranca-de-redes\/problema-de-seguranca-em-redes\/","title":{"rendered":"Problema de Seguran\u00e7a em Redes"},"content":{"rendered":"<p><a href=\"https:\/\/i0.wp.com\/efagundes.com\/networking\/wp-content\/uploads\/sites\/5\/2012\/11\/Slide258.png\"><img data-recalc-dims=\"1\" loading=\"lazy\" decoding=\"async\" data-attachment-id=\"2697\" data-permalink=\"https:\/\/efagundes.com\/networking\/seguranca-de-redes\/problema-de-seguranca-em-redes\/slide258\/\" data-orig-file=\"https:\/\/i0.wp.com\/efagundes.com\/networking\/wp-content\/uploads\/sites\/5\/2012\/11\/Slide258.png?fit=960%2C720&amp;ssl=1\" data-orig-size=\"960,720\" data-comments-opened=\"1\" data-image-meta=\"{&quot;aperture&quot;:&quot;0&quot;,&quot;credit&quot;:&quot;&quot;,&quot;camera&quot;:&quot;&quot;,&quot;caption&quot;:&quot;&quot;,&quot;created_timestamp&quot;:&quot;0&quot;,&quot;copyright&quot;:&quot;&quot;,&quot;focal_length&quot;:&quot;0&quot;,&quot;iso&quot;:&quot;0&quot;,&quot;shutter_speed&quot;:&quot;0&quot;,&quot;title&quot;:&quot;&quot;,&quot;orientation&quot;:&quot;0&quot;}\" data-image-title=\"Slide258\" data-image-description=\"\" data-image-caption=\"\" data-large-file=\"https:\/\/i0.wp.com\/efagundes.com\/networking\/wp-content\/uploads\/sites\/5\/2012\/11\/Slide258.png?fit=960%2C720&amp;ssl=1\" class=\"alignnone size-full wp-image-2697\" src=\"https:\/\/i0.wp.com\/efagundes.com\/networking\/wp-content\/uploads\/sites\/5\/2012\/11\/Slide258.png?resize=960%2C720\" alt=\"Slide258\" width=\"960\" height=\"720\" srcset=\"https:\/\/i0.wp.com\/efagundes.com\/networking\/wp-content\/uploads\/sites\/5\/2012\/11\/Slide258.png?w=960&amp;ssl=1 960w, https:\/\/i0.wp.com\/efagundes.com\/networking\/wp-content\/uploads\/sites\/5\/2012\/11\/Slide258.png?resize=300%2C225&amp;ssl=1 300w\" sizes=\"auto, (max-width: 960px) 100vw, 960px\" \/><\/a><\/p>\n","protected":false},"excerpt":{"rendered":"","protected":false},"author":1,"featured_media":0,"parent":1205,"menu_order":271,"comment_status":"closed","ping_status":"open","template":"","meta":{"footnotes":""},"class_list":["post-1213","page","type-page","status-publish","hentry"],"jetpack_shortlink":"https:\/\/wp.me\/P8yKGp-jz","jetpack-related-posts":[{"id":766,"url":"https:\/\/efagundes.com\/networking\/algoritmos-de-roteamento\/aplicacoes-de-roteamento-em-redes-ad-hoc\/","url_meta":{"origin":1213,"position":0},"title":"Aplica\u00e7\u00f5es de roteamento em redes ad hoc","author":"Eduardo Fagundes","date":"18\/11\/2012","format":false,"excerpt":"Al\u00e9m da problem\u00e1tica dos hosts m\u00f3veis com roteadores fixos, existe uma dificuldade adicional em redes com roteamento m\u00f3veis, conhecidas como roteamento em redes ad-hoc. Tr\u00eas de ambientes m\u00f3veis devem ser sempre consideradas quando s\u00e3o projetados algoritmos para redes ad-hoc: Inexist\u00eancia de uma entidade central Possibilidade de r\u00e1pidas mudan\u00e7as topol\u00f3gicas Todas\u2026","rel":"","context":"Post similar","block_context":{"text":"Post similar","link":""},"img":{"alt_text":"","src":"https:\/\/i0.wp.com\/efagundes.com\/networking\/wp-content\/uploads\/sites\/5\/2015\/03\/Slide235.jpg?resize=350%2C200","width":350,"height":200,"srcset":"https:\/\/i0.wp.com\/efagundes.com\/networking\/wp-content\/uploads\/sites\/5\/2015\/03\/Slide235.jpg?resize=350%2C200 1x, https:\/\/i0.wp.com\/efagundes.com\/networking\/wp-content\/uploads\/sites\/5\/2015\/03\/Slide235.jpg?resize=525%2C300 1.5x, https:\/\/i0.wp.com\/efagundes.com\/networking\/wp-content\/uploads\/sites\/5\/2015\/03\/Slide235.jpg?resize=700%2C400 2x"},"classes":[]},{"id":1205,"url":"https:\/\/efagundes.com\/networking\/seguranca-de-redes\/","url_meta":{"origin":1213,"position":1},"title":"Seguran\u00e7a de Redes","author":"Eduardo Fagundes","date":"19\/11\/2012","format":false,"excerpt":"T\u00f3picos do capitulo","rel":"","context":"Post similar","block_context":{"text":"Post similar","link":""},"img":{"alt_text":"Slide256","src":"https:\/\/i0.wp.com\/efagundes.com\/networking\/wp-content\/uploads\/sites\/5\/2012\/11\/Slide256.png?resize=350%2C200","width":350,"height":200,"srcset":"https:\/\/i0.wp.com\/efagundes.com\/networking\/wp-content\/uploads\/sites\/5\/2012\/11\/Slide256.png?resize=350%2C200 1x, https:\/\/i0.wp.com\/efagundes.com\/networking\/wp-content\/uploads\/sites\/5\/2012\/11\/Slide256.png?resize=525%2C300 1.5x, https:\/\/i0.wp.com\/efagundes.com\/networking\/wp-content\/uploads\/sites\/5\/2012\/11\/Slide256.png?resize=700%2C400 2x"},"classes":[]},{"id":774,"url":"https:\/\/efagundes.com\/networking\/algoritmos-de-roteamento\/controle-de-congestionamento-em-sub-redes-de-circuitos-virtuais\/","url_meta":{"origin":1213,"position":2},"title":"Controle de congestionamento em sub-redes de circuitos virtuais","author":"Eduardo Fagundes","date":"18\/11\/2012","format":false,"excerpt":"Uma t\u00e9cnica utilizada para impedir que um congestionamento que j\u00e1 tenha come\u00e7ado se torne pior \u00e9 o controle de admiss\u00e3o. A id\u00e9ia \u00e9 simples: uma vez que o congestionamento tenha dado alguma indica\u00e7\u00e3o de sua exist\u00eancia, nenhum outro circuito virtual ser\u00e1 estabelecido at\u00e9 que o problema tenha passo. Uma estrat\u00e9gia\u2026","rel":"","context":"Post similar","block_context":{"text":"Post similar","link":""},"img":{"alt_text":"","src":"https:\/\/i0.wp.com\/efagundes.com\/networking\/wp-content\/uploads\/sites\/5\/2015\/03\/Slide274.jpg?resize=350%2C200","width":350,"height":200,"srcset":"https:\/\/i0.wp.com\/efagundes.com\/networking\/wp-content\/uploads\/sites\/5\/2015\/03\/Slide274.jpg?resize=350%2C200 1x, https:\/\/i0.wp.com\/efagundes.com\/networking\/wp-content\/uploads\/sites\/5\/2015\/03\/Slide274.jpg?resize=525%2C300 1.5x, https:\/\/i0.wp.com\/efagundes.com\/networking\/wp-content\/uploads\/sites\/5\/2015\/03\/Slide274.jpg?resize=700%2C400 2x"},"classes":[]},{"id":3904,"url":"https:\/\/efagundes.com\/networking\/","url_meta":{"origin":1213,"position":3},"title":"Networking","author":"Eduardo Fagundes","date":"02\/08\/2025","format":false,"excerpt":"Fundamentos de Redes de Computadores Entenda os princ\u00edpios que sustentam a internet, os sistemas corporativos e a transforma\u00e7\u00e3o digital. Aprenda com quem j\u00e1 formou gera\u00e7\u00f5es de profissionais de TI. Curso Gratuito Este curso re\u00fane os materiais desenvolvidos originalmente para a disciplina de Redes de Computadores da gradua\u00e7\u00e3o em Tecnologia da\u2026","rel":"","context":"Post similar","block_context":{"text":"Post similar","link":""},"img":{"alt_text":"","src":"https:\/\/i0.wp.com\/efagundes.com\/networking\/wp-content\/uploads\/sites\/5\/2025\/08\/servicos-efagundes-com-8.jpeg?resize=350%2C200&ssl=1","width":350,"height":200,"srcset":"https:\/\/i0.wp.com\/efagundes.com\/networking\/wp-content\/uploads\/sites\/5\/2025\/08\/servicos-efagundes-com-8.jpeg?resize=350%2C200&ssl=1 1x, https:\/\/i0.wp.com\/efagundes.com\/networking\/wp-content\/uploads\/sites\/5\/2025\/08\/servicos-efagundes-com-8.jpeg?resize=525%2C300&ssl=1 1.5x, https:\/\/i0.wp.com\/efagundes.com\/networking\/wp-content\/uploads\/sites\/5\/2025\/08\/servicos-efagundes-com-8.jpeg?resize=700%2C400&ssl=1 2x, https:\/\/i0.wp.com\/efagundes.com\/networking\/wp-content\/uploads\/sites\/5\/2025\/08\/servicos-efagundes-com-8.jpeg?resize=1050%2C600&ssl=1 3x"},"classes":[]},{"id":1221,"url":"https:\/\/efagundes.com\/networking\/seguranca-de-redes\/cifras-de-substituicao\/","url_meta":{"origin":1213,"position":4},"title":"Cifras de Substitui\u00e7\u00e3o","author":"Eduardo Fagundes","date":"19\/11\/2012","format":false,"excerpt":"","rel":"","context":"Post similar","block_context":{"text":"Post similar","link":""},"img":{"alt_text":"Slide260","src":"https:\/\/i0.wp.com\/efagundes.com\/networking\/wp-content\/uploads\/sites\/5\/2012\/11\/Slide260.png?resize=350%2C200","width":350,"height":200,"srcset":"https:\/\/i0.wp.com\/efagundes.com\/networking\/wp-content\/uploads\/sites\/5\/2012\/11\/Slide260.png?resize=350%2C200 1x, https:\/\/i0.wp.com\/efagundes.com\/networking\/wp-content\/uploads\/sites\/5\/2012\/11\/Slide260.png?resize=525%2C300 1.5x, https:\/\/i0.wp.com\/efagundes.com\/networking\/wp-content\/uploads\/sites\/5\/2012\/11\/Slide260.png?resize=700%2C400 2x"},"classes":[]},{"id":1225,"url":"https:\/\/efagundes.com\/networking\/seguranca-de-redes\/cifras-de-transposicao\/","url_meta":{"origin":1213,"position":5},"title":"Cifras de transposi\u00e7\u00e3o","author":"Eduardo Fagundes","date":"19\/11\/2012","format":false,"excerpt":"","rel":"","context":"Post similar","block_context":{"text":"Post similar","link":""},"img":{"alt_text":"Slide261","src":"https:\/\/i0.wp.com\/efagundes.com\/networking\/wp-content\/uploads\/sites\/5\/2012\/11\/Slide261.png?resize=350%2C200","width":350,"height":200,"srcset":"https:\/\/i0.wp.com\/efagundes.com\/networking\/wp-content\/uploads\/sites\/5\/2012\/11\/Slide261.png?resize=350%2C200 1x, https:\/\/i0.wp.com\/efagundes.com\/networking\/wp-content\/uploads\/sites\/5\/2012\/11\/Slide261.png?resize=525%2C300 1.5x, https:\/\/i0.wp.com\/efagundes.com\/networking\/wp-content\/uploads\/sites\/5\/2012\/11\/Slide261.png?resize=700%2C400 2x"},"classes":[]}],"jetpack_sharing_enabled":true,"_links":{"self":[{"href":"https:\/\/efagundes.com\/networking\/wp-json\/wp\/v2\/pages\/1213","targetHints":{"allow":["GET"]}}],"collection":[{"href":"https:\/\/efagundes.com\/networking\/wp-json\/wp\/v2\/pages"}],"about":[{"href":"https:\/\/efagundes.com\/networking\/wp-json\/wp\/v2\/types\/page"}],"author":[{"embeddable":true,"href":"https:\/\/efagundes.com\/networking\/wp-json\/wp\/v2\/users\/1"}],"replies":[{"embeddable":true,"href":"https:\/\/efagundes.com\/networking\/wp-json\/wp\/v2\/comments?post=1213"}],"version-history":[{"count":0,"href":"https:\/\/efagundes.com\/networking\/wp-json\/wp\/v2\/pages\/1213\/revisions"}],"up":[{"embeddable":true,"href":"https:\/\/efagundes.com\/networking\/wp-json\/wp\/v2\/pages\/1205"}],"wp:attachment":[{"href":"https:\/\/efagundes.com\/networking\/wp-json\/wp\/v2\/media?parent=1213"}],"curies":[{"name":"wp","href":"https:\/\/api.w.org\/{rel}","templated":true}]}}