{"id":1221,"date":"2012-11-19T12:38:44","date_gmt":"2012-11-19T14:38:44","guid":{"rendered":"http:\/\/efagundes.com\/openclass_networking\/?page_id=1221"},"modified":"2022-01-16T17:52:38","modified_gmt":"2022-01-16T20:52:38","slug":"cifras-de-substituicao","status":"publish","type":"page","link":"https:\/\/efagundes.com\/networking\/seguranca-de-redes\/cifras-de-substituicao\/","title":{"rendered":"Cifras de Substitui\u00e7\u00e3o"},"content":{"rendered":"<p><a href=\"https:\/\/i0.wp.com\/efagundes.com\/networking\/wp-content\/uploads\/sites\/5\/2012\/11\/Slide260.png\"><img data-recalc-dims=\"1\" loading=\"lazy\" decoding=\"async\" data-attachment-id=\"2699\" data-permalink=\"https:\/\/efagundes.com\/networking\/seguranca-de-redes\/cifras-de-substituicao\/slide260\/\" data-orig-file=\"https:\/\/i0.wp.com\/efagundes.com\/networking\/wp-content\/uploads\/sites\/5\/2012\/11\/Slide260.png?fit=960%2C720&amp;ssl=1\" data-orig-size=\"960,720\" data-comments-opened=\"1\" data-image-meta=\"{&quot;aperture&quot;:&quot;0&quot;,&quot;credit&quot;:&quot;&quot;,&quot;camera&quot;:&quot;&quot;,&quot;caption&quot;:&quot;&quot;,&quot;created_timestamp&quot;:&quot;0&quot;,&quot;copyright&quot;:&quot;&quot;,&quot;focal_length&quot;:&quot;0&quot;,&quot;iso&quot;:&quot;0&quot;,&quot;shutter_speed&quot;:&quot;0&quot;,&quot;title&quot;:&quot;&quot;,&quot;orientation&quot;:&quot;0&quot;}\" data-image-title=\"Slide260\" data-image-description=\"\" data-image-caption=\"\" data-large-file=\"https:\/\/i0.wp.com\/efagundes.com\/networking\/wp-content\/uploads\/sites\/5\/2012\/11\/Slide260.png?fit=960%2C720&amp;ssl=1\" class=\"alignnone size-full wp-image-2699\" src=\"https:\/\/i0.wp.com\/efagundes.com\/networking\/wp-content\/uploads\/sites\/5\/2012\/11\/Slide260.png?resize=960%2C720\" alt=\"Slide260\" width=\"960\" height=\"720\" srcset=\"https:\/\/i0.wp.com\/efagundes.com\/networking\/wp-content\/uploads\/sites\/5\/2012\/11\/Slide260.png?w=960&amp;ssl=1 960w, https:\/\/i0.wp.com\/efagundes.com\/networking\/wp-content\/uploads\/sites\/5\/2012\/11\/Slide260.png?resize=300%2C225&amp;ssl=1 300w\" sizes=\"auto, (max-width: 960px) 100vw, 960px\" \/><\/a><\/p>\n","protected":false},"excerpt":{"rendered":"","protected":false},"author":1,"featured_media":0,"parent":1205,"menu_order":273,"comment_status":"closed","ping_status":"open","template":"","meta":{"footnotes":""},"class_list":["post-1221","page","type-page","status-publish","hentry"],"jetpack_shortlink":"https:\/\/wp.me\/P8yKGp-jH","jetpack-related-posts":[{"id":1225,"url":"https:\/\/efagundes.com\/networking\/seguranca-de-redes\/cifras-de-transposicao\/","url_meta":{"origin":1221,"position":0},"title":"Cifras de transposi\u00e7\u00e3o","author":"Eduardo Fagundes","date":"19\/11\/2012","format":false,"excerpt":"","rel":"","context":"Post similar","block_context":{"text":"Post similar","link":""},"img":{"alt_text":"Slide261","src":"https:\/\/i0.wp.com\/efagundes.com\/networking\/wp-content\/uploads\/sites\/5\/2012\/11\/Slide261.png?resize=350%2C200","width":350,"height":200,"srcset":"https:\/\/i0.wp.com\/efagundes.com\/networking\/wp-content\/uploads\/sites\/5\/2012\/11\/Slide261.png?resize=350%2C200 1x, https:\/\/i0.wp.com\/efagundes.com\/networking\/wp-content\/uploads\/sites\/5\/2012\/11\/Slide261.png?resize=525%2C300 1.5x, https:\/\/i0.wp.com\/efagundes.com\/networking\/wp-content\/uploads\/sites\/5\/2012\/11\/Slide261.png?resize=700%2C400 2x"},"classes":[]},{"id":91,"url":"https:\/\/efagundes.com\/networking\/lans-sem-fio\/bluetooth\/","url_meta":{"origin":1221,"position":1},"title":"Bluetooth (I)","author":"Eduardo Fagundes","date":"16\/11\/2012","format":false,"excerpt":"Diferentemente dos objetivos das WLANs que s\u00e3o desenhadas para serem extens\u00e3o das redes locais, o Bluetooth tem o objetivo de substituir os cabos que conectam os perif\u00e9ricos das esta\u00e7\u00f5es de trabalho.\u00a0 O Bluetooth prov\u00ea as seguintes funcionalidades: Ponto de acesso para voz e dados Redes pessoais Substitui\u00e7\u00e3o de cabos entre\u2026","rel":"","context":"Post similar","block_context":{"text":"Post similar","link":""},"img":{"alt_text":"","src":"https:\/\/i0.wp.com\/efagundes.com\/networking\/wp-content\/uploads\/sites\/5\/2015\/03\/Slide451.jpg?resize=350%2C200","width":350,"height":200,"srcset":"https:\/\/i0.wp.com\/efagundes.com\/networking\/wp-content\/uploads\/sites\/5\/2015\/03\/Slide451.jpg?resize=350%2C200 1x, https:\/\/i0.wp.com\/efagundes.com\/networking\/wp-content\/uploads\/sites\/5\/2015\/03\/Slide451.jpg?resize=525%2C300 1.5x, https:\/\/i0.wp.com\/efagundes.com\/networking\/wp-content\/uploads\/sites\/5\/2015\/03\/Slide451.jpg?resize=700%2C400 2x"},"classes":[]},{"id":402,"url":"https:\/\/efagundes.com\/networking\/sistema-telefonico\/moderno-sistema-telefonico\/","url_meta":{"origin":1221,"position":2},"title":"Moderno sistema telef\u00f4nico","author":"Eduardo Fagundes","date":"17\/11\/2012","format":false,"excerpt":"\u00a0 A comunica\u00e7\u00e3o via redes de pacotes como IP, ATM e Frame Relay est\u00e3o tendo a prefer\u00eancia dos planejadores de redes corporativas. Alguns especialistas afirmam que o tr\u00e1fico de dados superar\u00e1 o tr\u00e1fico de voz. Se j\u00e1 n\u00e3o ultrapassou. Atualmente, as empresas est\u00e3o avaliando o transporte de voz sobre as\u2026","rel":"","context":"Post similar","block_context":{"text":"Post similar","link":""},"img":{"alt_text":"Slide5","src":"https:\/\/i0.wp.com\/efagundes.com\/networking\/wp-content\/uploads\/sites\/5\/2015\/03\/Slide54.jpg?resize=350%2C200","width":350,"height":200,"srcset":"https:\/\/i0.wp.com\/efagundes.com\/networking\/wp-content\/uploads\/sites\/5\/2015\/03\/Slide54.jpg?resize=350%2C200 1x, https:\/\/i0.wp.com\/efagundes.com\/networking\/wp-content\/uploads\/sites\/5\/2015\/03\/Slide54.jpg?resize=525%2C300 1.5x, https:\/\/i0.wp.com\/efagundes.com\/networking\/wp-content\/uploads\/sites\/5\/2015\/03\/Slide54.jpg?resize=700%2C400 2x"},"classes":[]},{"id":404,"url":"https:\/\/efagundes.com\/networking\/sistema-telefonico\/estrutura-do-sistema-telefonico-i\/","url_meta":{"origin":1221,"position":3},"title":"Estrutura do sistema telef\u00f4nico (I)","author":"Eduardo Fagundes","date":"17\/11\/2012","format":false,"excerpt":"\u00a0 Quando Alexander Graham Bell patenteou o telefone em 1876 existia uma grande demanda por novas inven\u00e7\u00f5es. Inicialmente, os telefones eram comercializados aos pares, ou seja, o cliente comprava um par de telefones e tamb\u00e9m o cabo para conecta-los. Utilizava-se apenas um fio e o retorno dos el\u00e9trons era feito\u2026","rel":"","context":"Post similar","block_context":{"text":"Post similar","link":""},"img":{"alt_text":"Slide6","src":"https:\/\/i0.wp.com\/efagundes.com\/networking\/wp-content\/uploads\/sites\/5\/2015\/03\/Slide64.jpg?resize=350%2C200","width":350,"height":200,"srcset":"https:\/\/i0.wp.com\/efagundes.com\/networking\/wp-content\/uploads\/sites\/5\/2015\/03\/Slide64.jpg?resize=350%2C200 1x, https:\/\/i0.wp.com\/efagundes.com\/networking\/wp-content\/uploads\/sites\/5\/2015\/03\/Slide64.jpg?resize=525%2C300 1.5x, https:\/\/i0.wp.com\/efagundes.com\/networking\/wp-content\/uploads\/sites\/5\/2015\/03\/Slide64.jpg?resize=700%2C400 2x"},"classes":[]},{"id":572,"url":"https:\/\/efagundes.com\/networking\/camada-de-enlace-de-dados\/servicos-oferecidos-a-camada-de-rede\/","url_meta":{"origin":1221,"position":4},"title":"Servi\u00e7os oferecidos \u00e0 camada de rede","author":"Eduardo Fagundes","date":"17\/11\/2012","format":false,"excerpt":"A fun\u00e7\u00e3o da camada de enlace de dados \u00e9 fornece servi\u00e7os \u00e0 camada de rede. O principal servi\u00e7o \u00e9 transferir dados da camada de rede da m\u00e1quina de origem para a camada de rede da m\u00e1quina de destino. Na camada de rede da m\u00e1quina de origem, h\u00e1 uma entidade chamada\u2026","rel":"","context":"Post similar","block_context":{"text":"Post similar","link":""},"img":{"alt_text":"","src":"https:\/\/i0.wp.com\/efagundes.com\/networking\/wp-content\/uploads\/sites\/5\/2015\/03\/Slide310.jpg?resize=350%2C200","width":350,"height":200,"srcset":"https:\/\/i0.wp.com\/efagundes.com\/networking\/wp-content\/uploads\/sites\/5\/2015\/03\/Slide310.jpg?resize=350%2C200 1x, https:\/\/i0.wp.com\/efagundes.com\/networking\/wp-content\/uploads\/sites\/5\/2015\/03\/Slide310.jpg?resize=525%2C300 1.5x, https:\/\/i0.wp.com\/efagundes.com\/networking\/wp-content\/uploads\/sites\/5\/2015\/03\/Slide310.jpg?resize=700%2C400 2x"},"classes":[]},{"id":570,"url":"https:\/\/efagundes.com\/networking\/camada-de-enlace-de-dados\/a-camada-de-enlace-de-dados\/","url_meta":{"origin":1221,"position":5},"title":"A camada de enlace de dados","author":"Eduardo Fagundes","date":"17\/11\/2012","format":false,"excerpt":"O problema b\u00e1sico que esta camada deve resolver \u00e9 a de prover uma linha de comunica\u00e7\u00e3o entre dois nodos que necessitam trocar informa\u00e7\u00f5es entre si. Estes nodos podem tanto ser elementos integrantes de uma rede, como apenas dois elementos de computa\u00e7\u00e3o que se comunicam. A linha f\u00edsica de transmiss\u00e3o que\u2026","rel":"","context":"Post similar","block_context":{"text":"Post similar","link":""},"img":{"alt_text":"","src":"https:\/\/i0.wp.com\/efagundes.com.br\/networking\/wp-content\/uploads\/sites\/7\/2012\/11\/Slide217.jpg?resize=350%2C200","width":350,"height":200,"srcset":"https:\/\/i0.wp.com\/efagundes.com.br\/networking\/wp-content\/uploads\/sites\/7\/2012\/11\/Slide217.jpg?resize=350%2C200 1x, https:\/\/i0.wp.com\/efagundes.com.br\/networking\/wp-content\/uploads\/sites\/7\/2012\/11\/Slide217.jpg?resize=525%2C300 1.5x"},"classes":[]}],"jetpack_sharing_enabled":true,"_links":{"self":[{"href":"https:\/\/efagundes.com\/networking\/wp-json\/wp\/v2\/pages\/1221","targetHints":{"allow":["GET"]}}],"collection":[{"href":"https:\/\/efagundes.com\/networking\/wp-json\/wp\/v2\/pages"}],"about":[{"href":"https:\/\/efagundes.com\/networking\/wp-json\/wp\/v2\/types\/page"}],"author":[{"embeddable":true,"href":"https:\/\/efagundes.com\/networking\/wp-json\/wp\/v2\/users\/1"}],"replies":[{"embeddable":true,"href":"https:\/\/efagundes.com\/networking\/wp-json\/wp\/v2\/comments?post=1221"}],"version-history":[{"count":0,"href":"https:\/\/efagundes.com\/networking\/wp-json\/wp\/v2\/pages\/1221\/revisions"}],"up":[{"embeddable":true,"href":"https:\/\/efagundes.com\/networking\/wp-json\/wp\/v2\/pages\/1205"}],"wp:attachment":[{"href":"https:\/\/efagundes.com\/networking\/wp-json\/wp\/v2\/media?parent=1221"}],"curies":[{"name":"wp","href":"https:\/\/api.w.org\/{rel}","templated":true}]}}