{"id":1256,"date":"2012-11-19T13:00:39","date_gmt":"2012-11-19T15:00:39","guid":{"rendered":"http:\/\/efagundes.com\/openclass_networking\/?page_id=1256"},"modified":"2022-01-16T17:53:21","modified_gmt":"2022-01-16T20:53:21","slug":"exemplo-do-algoritmo-rsa","status":"publish","type":"page","link":"https:\/\/efagundes.com\/networking\/seguranca-de-redes\/exemplo-do-algoritmo-rsa\/","title":{"rendered":"Exemplo do algoritmo RSA"},"content":{"rendered":"<p><a href=\"https:\/\/i0.wp.com\/efagundes.com\/networking\/wp-content\/uploads\/sites\/5\/2012\/11\/Slide269.png\"><img data-recalc-dims=\"1\" loading=\"lazy\" decoding=\"async\" data-attachment-id=\"2713\" data-permalink=\"https:\/\/efagundes.com\/networking\/seguranca-de-redes\/exemplo-do-algoritmo-rsa\/slide269\/\" data-orig-file=\"https:\/\/i0.wp.com\/efagundes.com\/networking\/wp-content\/uploads\/sites\/5\/2012\/11\/Slide269.png?fit=960%2C720&amp;ssl=1\" data-orig-size=\"960,720\" data-comments-opened=\"1\" data-image-meta=\"{&quot;aperture&quot;:&quot;0&quot;,&quot;credit&quot;:&quot;&quot;,&quot;camera&quot;:&quot;&quot;,&quot;caption&quot;:&quot;&quot;,&quot;created_timestamp&quot;:&quot;0&quot;,&quot;copyright&quot;:&quot;&quot;,&quot;focal_length&quot;:&quot;0&quot;,&quot;iso&quot;:&quot;0&quot;,&quot;shutter_speed&quot;:&quot;0&quot;,&quot;title&quot;:&quot;&quot;,&quot;orientation&quot;:&quot;0&quot;}\" data-image-title=\"Slide269\" data-image-description=\"\" data-image-caption=\"\" data-large-file=\"https:\/\/i0.wp.com\/efagundes.com\/networking\/wp-content\/uploads\/sites\/5\/2012\/11\/Slide269.png?fit=960%2C720&amp;ssl=1\" class=\"alignnone size-full wp-image-2713\" src=\"https:\/\/i0.wp.com\/efagundes.com\/networking\/wp-content\/uploads\/sites\/5\/2012\/11\/Slide269.png?resize=960%2C720\" alt=\"Slide269\" width=\"960\" height=\"720\" srcset=\"https:\/\/i0.wp.com\/efagundes.com\/networking\/wp-content\/uploads\/sites\/5\/2012\/11\/Slide269.png?w=960&amp;ssl=1 960w, https:\/\/i0.wp.com\/efagundes.com\/networking\/wp-content\/uploads\/sites\/5\/2012\/11\/Slide269.png?resize=300%2C225&amp;ssl=1 300w\" sizes=\"auto, (max-width: 960px) 100vw, 960px\" \/><\/a><\/p>\n","protected":false},"excerpt":{"rendered":"","protected":false},"author":1,"featured_media":0,"parent":1205,"menu_order":282,"comment_status":"closed","ping_status":"open","template":"","meta":{"footnotes":""},"class_list":["post-1256","page","type-page","status-publish","hentry"],"jetpack_shortlink":"https:\/\/wp.me\/P8yKGp-kg","jetpack-related-posts":[{"id":1243,"url":"https:\/\/efagundes.com\/networking\/seguranca-de-redes\/o-algoritmo-rsa\/","url_meta":{"origin":1256,"position":0},"title":"O Algoritmo RSA (I)","author":"Eduardo Fagundes","date":"19\/11\/2012","format":false,"excerpt":"","rel":"","context":"Post similar","block_context":{"text":"Post similar","link":""},"img":{"alt_text":"Slide266","src":"https:\/\/i0.wp.com\/efagundes.com\/networking\/wp-content\/uploads\/sites\/5\/2012\/11\/Slide266.png?resize=350%2C200","width":350,"height":200,"srcset":"https:\/\/i0.wp.com\/efagundes.com\/networking\/wp-content\/uploads\/sites\/5\/2012\/11\/Slide266.png?resize=350%2C200 1x, https:\/\/i0.wp.com\/efagundes.com\/networking\/wp-content\/uploads\/sites\/5\/2012\/11\/Slide266.png?resize=525%2C300 1.5x, https:\/\/i0.wp.com\/efagundes.com\/networking\/wp-content\/uploads\/sites\/5\/2012\/11\/Slide266.png?resize=700%2C400 2x"},"classes":[]},{"id":1247,"url":"https:\/\/efagundes.com\/networking\/seguranca-de-redes\/o-algoritmo-rsa-2\/","url_meta":{"origin":1256,"position":1},"title":"O Algoritmo RSA (II)","author":"Eduardo Fagundes","date":"19\/11\/2012","format":false,"excerpt":"","rel":"","context":"Post similar","block_context":{"text":"Post similar","link":""},"img":{"alt_text":"Slide267","src":"https:\/\/i0.wp.com\/efagundes.com\/networking\/wp-content\/uploads\/sites\/5\/2012\/11\/Slide267.png?resize=350%2C200","width":350,"height":200,"srcset":"https:\/\/i0.wp.com\/efagundes.com\/networking\/wp-content\/uploads\/sites\/5\/2012\/11\/Slide267.png?resize=350%2C200 1x, https:\/\/i0.wp.com\/efagundes.com\/networking\/wp-content\/uploads\/sites\/5\/2012\/11\/Slide267.png?resize=525%2C300 1.5x, https:\/\/i0.wp.com\/efagundes.com\/networking\/wp-content\/uploads\/sites\/5\/2012\/11\/Slide267.png?resize=700%2C400 2x"},"classes":[]},{"id":1251,"url":"https:\/\/efagundes.com\/networking\/seguranca-de-redes\/o-algoritmo-rsa-3\/","url_meta":{"origin":1256,"position":2},"title":"O Algoritmo RSA (III)","author":"Eduardo Fagundes","date":"19\/11\/2012","format":false,"excerpt":"","rel":"","context":"Post similar","block_context":{"text":"Post similar","link":""},"img":{"alt_text":"Slide268","src":"https:\/\/i0.wp.com\/efagundes.com\/networking\/wp-content\/uploads\/sites\/5\/2012\/11\/Slide268.png?resize=350%2C200","width":350,"height":200,"srcset":"https:\/\/i0.wp.com\/efagundes.com\/networking\/wp-content\/uploads\/sites\/5\/2012\/11\/Slide268.png?resize=350%2C200 1x, https:\/\/i0.wp.com\/efagundes.com\/networking\/wp-content\/uploads\/sites\/5\/2012\/11\/Slide268.png?resize=525%2C300 1.5x, https:\/\/i0.wp.com\/efagundes.com\/networking\/wp-content\/uploads\/sites\/5\/2012\/11\/Slide268.png?resize=700%2C400 2x"},"classes":[]},{"id":576,"url":"https:\/\/efagundes.com\/networking\/camada-de-enlace-de-dados\/enquadramento-contagem-de-caracteres\/","url_meta":{"origin":1256,"position":3},"title":"Enquadramento: contagem de caracteres","author":"Eduardo Fagundes","date":"17\/11\/2012","format":false,"excerpt":"O m\u00e9todo de contagem de caracteres utiliza um campo no cabe\u00e7alho para especificar o n\u00famero de caracteres do quadro. Quando v\u00ea a contagem de caracteres, a camada de enlace de dados de destino sabe quantos caracteres devem vir em seguida e onde est\u00e1 o fim do quadro. O problema com\u2026","rel":"","context":"Post similar","block_context":{"text":"Post similar","link":""},"img":{"alt_text":"","src":"https:\/\/i0.wp.com\/efagundes.com\/networking\/wp-content\/uploads\/sites\/5\/2015\/03\/Slide56.jpg?resize=350%2C200","width":350,"height":200,"srcset":"https:\/\/i0.wp.com\/efagundes.com\/networking\/wp-content\/uploads\/sites\/5\/2015\/03\/Slide56.jpg?resize=350%2C200 1x, https:\/\/i0.wp.com\/efagundes.com\/networking\/wp-content\/uploads\/sites\/5\/2015\/03\/Slide56.jpg?resize=525%2C300 1.5x, https:\/\/i0.wp.com\/efagundes.com\/networking\/wp-content\/uploads\/sites\/5\/2015\/03\/Slide56.jpg?resize=700%2C400 2x"},"classes":[]},{"id":747,"url":"https:\/\/efagundes.com\/networking\/algoritmos-de-roteamento\/roteamento-pelo-caminho-mais-curto\/","url_meta":{"origin":1256,"position":4},"title":"Roteamento pelo caminho mais curto","author":"Eduardo Fagundes","date":"18\/11\/2012","format":false,"excerpt":"O conceito mais simples de caminho mais curto \u00e9 medir o comprimento do caminho atrav\u00e9s do n\u00famero de hops. Uma outra medida \u00e9 a dist\u00e2ncia geogr\u00e1fica em quil\u00f4metros. Entretanto, muitas outras unidades m\u00e9tricas s\u00e3o poss\u00edveis, por exemplo, o retardo m\u00e9dio de enfileiramento e de transmiss\u00e3o referente a um pacote de\u2026","rel":"","context":"Post similar","block_context":{"text":"Post similar","link":""},"img":{"alt_text":"","src":"https:\/\/i0.wp.com\/efagundes.com\/networking\/wp-content\/uploads\/sites\/5\/2015\/03\/Slide147.jpg?resize=350%2C200","width":350,"height":200,"srcset":"https:\/\/i0.wp.com\/efagundes.com\/networking\/wp-content\/uploads\/sites\/5\/2015\/03\/Slide147.jpg?resize=350%2C200 1x, https:\/\/i0.wp.com\/efagundes.com\/networking\/wp-content\/uploads\/sites\/5\/2015\/03\/Slide147.jpg?resize=525%2C300 1.5x, https:\/\/i0.wp.com\/efagundes.com\/networking\/wp-content\/uploads\/sites\/5\/2015\/03\/Slide147.jpg?resize=700%2C400 2x"},"classes":[]},{"id":753,"url":"https:\/\/efagundes.com\/networking\/algoritmos-de-roteamento\/roteamento-por-estado-de-enlace\/","url_meta":{"origin":1256,"position":5},"title":"Roteamento por estado de enlace","author":"Eduardo Fagundes","date":"18\/11\/2012","format":false,"excerpt":"Estado de enlace: Tamb\u00e9m definido como algoritmo Link State, este algoritmo trabalha baseado na ideia de que cada roteador possui informa\u00e7\u00f5es sobre as redes que est\u00e3o conectadas a ele e, periodicamente, testa para determinar se cada enlace est\u00e1 ativo. Com estas informa\u00e7\u00f5es cada roteador divulga uma lista sobre o status\u2026","rel":"","context":"Post similar","block_context":{"text":"Post similar","link":""},"img":{"alt_text":"","src":"https:\/\/i0.wp.com\/efagundes.com\/networking\/wp-content\/uploads\/sites\/5\/2015\/03\/Slide175.jpg?resize=350%2C200","width":350,"height":200,"srcset":"https:\/\/i0.wp.com\/efagundes.com\/networking\/wp-content\/uploads\/sites\/5\/2015\/03\/Slide175.jpg?resize=350%2C200 1x, https:\/\/i0.wp.com\/efagundes.com\/networking\/wp-content\/uploads\/sites\/5\/2015\/03\/Slide175.jpg?resize=525%2C300 1.5x, https:\/\/i0.wp.com\/efagundes.com\/networking\/wp-content\/uploads\/sites\/5\/2015\/03\/Slide175.jpg?resize=700%2C400 2x"},"classes":[]}],"jetpack_sharing_enabled":true,"_links":{"self":[{"href":"https:\/\/efagundes.com\/networking\/wp-json\/wp\/v2\/pages\/1256","targetHints":{"allow":["GET"]}}],"collection":[{"href":"https:\/\/efagundes.com\/networking\/wp-json\/wp\/v2\/pages"}],"about":[{"href":"https:\/\/efagundes.com\/networking\/wp-json\/wp\/v2\/types\/page"}],"author":[{"embeddable":true,"href":"https:\/\/efagundes.com\/networking\/wp-json\/wp\/v2\/users\/1"}],"replies":[{"embeddable":true,"href":"https:\/\/efagundes.com\/networking\/wp-json\/wp\/v2\/comments?post=1256"}],"version-history":[{"count":0,"href":"https:\/\/efagundes.com\/networking\/wp-json\/wp\/v2\/pages\/1256\/revisions"}],"up":[{"embeddable":true,"href":"https:\/\/efagundes.com\/networking\/wp-json\/wp\/v2\/pages\/1205"}],"wp:attachment":[{"href":"https:\/\/efagundes.com\/networking\/wp-json\/wp\/v2\/media?parent=1256"}],"curies":[{"name":"wp","href":"https:\/\/api.w.org\/{rel}","templated":true}]}}