{"id":1296,"date":"2012-11-19T13:18:27","date_gmt":"2012-11-19T15:18:27","guid":{"rendered":"http:\/\/efagundes.com\/openclass_networking\/?page_id=1296"},"modified":"2022-01-16T17:53:24","modified_gmt":"2022-01-16T20:53:24","slug":"como-um-firewall-pode-proteger-uma-rede-interna-2","status":"publish","type":"page","link":"https:\/\/efagundes.com\/networking\/seguranca-de-redes\/como-um-firewall-pode-proteger-uma-rede-interna-2\/","title":{"rendered":"Como um firewall pode proteger uma rede interna (II)"},"content":{"rendered":"<p><a href=\"https:\/\/i0.wp.com\/efagundes.com\/networking\/wp-content\/uploads\/sites\/5\/2012\/11\/Slide282.png\"><img data-recalc-dims=\"1\" loading=\"lazy\" decoding=\"async\" data-attachment-id=\"2729\" data-permalink=\"https:\/\/efagundes.com\/networking\/seguranca-de-redes\/como-um-firewall-pode-proteger-uma-rede-interna-2\/slide282\/\" data-orig-file=\"https:\/\/i0.wp.com\/efagundes.com\/networking\/wp-content\/uploads\/sites\/5\/2012\/11\/Slide282.png?fit=960%2C720&amp;ssl=1\" data-orig-size=\"960,720\" data-comments-opened=\"1\" data-image-meta=\"{&quot;aperture&quot;:&quot;0&quot;,&quot;credit&quot;:&quot;&quot;,&quot;camera&quot;:&quot;&quot;,&quot;caption&quot;:&quot;&quot;,&quot;created_timestamp&quot;:&quot;0&quot;,&quot;copyright&quot;:&quot;&quot;,&quot;focal_length&quot;:&quot;0&quot;,&quot;iso&quot;:&quot;0&quot;,&quot;shutter_speed&quot;:&quot;0&quot;,&quot;title&quot;:&quot;&quot;,&quot;orientation&quot;:&quot;0&quot;}\" data-image-title=\"Slide282\" data-image-description=\"\" data-image-caption=\"\" data-large-file=\"https:\/\/i0.wp.com\/efagundes.com\/networking\/wp-content\/uploads\/sites\/5\/2012\/11\/Slide282.png?fit=960%2C720&amp;ssl=1\" class=\"alignnone size-full wp-image-2729\" src=\"https:\/\/i0.wp.com\/efagundes.com\/networking\/wp-content\/uploads\/sites\/5\/2012\/11\/Slide282.png?resize=960%2C720\" alt=\"Slide282\" width=\"960\" height=\"720\" srcset=\"https:\/\/i0.wp.com\/efagundes.com\/networking\/wp-content\/uploads\/sites\/5\/2012\/11\/Slide282.png?w=960&amp;ssl=1 960w, https:\/\/i0.wp.com\/efagundes.com\/networking\/wp-content\/uploads\/sites\/5\/2012\/11\/Slide282.png?resize=300%2C225&amp;ssl=1 300w\" sizes=\"auto, (max-width: 960px) 100vw, 960px\" \/><\/a><\/p>\n","protected":false},"excerpt":{"rendered":"","protected":false},"author":1,"featured_media":0,"parent":1205,"menu_order":295,"comment_status":"closed","ping_status":"open","template":"","meta":{"footnotes":""},"class_list":["post-1296","page","type-page","status-publish","hentry"],"jetpack_shortlink":"https:\/\/wp.me\/P8yKGp-kU","jetpack-related-posts":[{"id":1293,"url":"https:\/\/efagundes.com\/networking\/seguranca-de-redes\/como-um-firewall-pode-proteger-uma-rede-interna-1\/","url_meta":{"origin":1296,"position":0},"title":"Como um firewall pode proteger uma rede interna (I)","author":"Eduardo Fagundes","date":"19\/11\/2012","format":false,"excerpt":"","rel":"","context":"Post similar","block_context":{"text":"Post similar","link":""},"img":{"alt_text":"Slide281","src":"https:\/\/i0.wp.com\/efagundes.com\/networking\/wp-content\/uploads\/sites\/5\/2012\/11\/Slide281.png?resize=350%2C200","width":350,"height":200,"srcset":"https:\/\/i0.wp.com\/efagundes.com\/networking\/wp-content\/uploads\/sites\/5\/2012\/11\/Slide281.png?resize=350%2C200 1x, https:\/\/i0.wp.com\/efagundes.com\/networking\/wp-content\/uploads\/sites\/5\/2012\/11\/Slide281.png?resize=525%2C300 1.5x, https:\/\/i0.wp.com\/efagundes.com\/networking\/wp-content\/uploads\/sites\/5\/2012\/11\/Slide281.png?resize=700%2C400 2x"},"classes":[]},{"id":787,"url":"https:\/\/efagundes.com\/networking\/algoritmos-de-roteamento\/tecnicas-para-se-alcancar-boa-qualidade-de-servico-algoritmo-do-balde-furado\/","url_meta":{"origin":1296,"position":1},"title":"T\u00e9cnicas para se alcan\u00e7ar boa qualidade de servi\u00e7o: algoritmo do balde furado","author":"Eduardo Fagundes","date":"18\/11\/2012","format":false,"excerpt":"Outra t\u00e9cnica para alcan\u00e7ar boa qualidade de servi\u00e7o \u00e9 o algoritmo do balde furado. Imagine um balde com um pequeno furo no fundo, como ilustra a figura (a) acima. Independente da velocidade com que a \u00e1gua entra no balde, o fluxo de sa\u00edda ocorrer\u00e1 em uma taxa constante, \u03c1, quando\u2026","rel":"","context":"Post similar","block_context":{"text":"Post similar","link":""},"img":{"alt_text":"","src":"https:\/\/i0.wp.com\/efagundes.com\/networking\/wp-content\/uploads\/sites\/5\/2015\/03\/Slide333.jpg?resize=350%2C200","width":350,"height":200,"srcset":"https:\/\/i0.wp.com\/efagundes.com\/networking\/wp-content\/uploads\/sites\/5\/2015\/03\/Slide333.jpg?resize=350%2C200 1x, https:\/\/i0.wp.com\/efagundes.com\/networking\/wp-content\/uploads\/sites\/5\/2015\/03\/Slide333.jpg?resize=525%2C300 1.5x, https:\/\/i0.wp.com\/efagundes.com\/networking\/wp-content\/uploads\/sites\/5\/2015\/03\/Slide333.jpg?resize=700%2C400 2x"},"classes":[]},{"id":68,"url":"https:\/\/efagundes.com\/networking\/hardware-de-rede\/redes-locais-e-distribuidas\/","url_meta":{"origin":1296,"position":2},"title":"Redes Locais e Distribu\u00eddas","author":"Eduardo Fagundes","date":"16\/11\/2012","format":false,"excerpt":"Uma rede local (LAN) \u00e9 uma rede de comunica\u00e7\u00f5es que serve a usu\u00e1rios dentro de uma \u00e1rea geogr\u00e1fica limitada. Os \" clientes \" s\u00e3o tipicamente workstations que rodam Windows, embora tamb\u00e9m sejam utilizados clientes Mac e clientes Linux . Os \" servidores \" armazenam os programas e dados que s\u00e3o\u2026","rel":"","context":"Post similar","block_context":{"text":"Post similar","link":""},"img":{"alt_text":"Slide9","src":"https:\/\/i0.wp.com\/efagundes.com\/networking\/wp-content\/uploads\/sites\/5\/2015\/03\/Slide9.jpg?resize=350%2C200","width":350,"height":200,"srcset":"https:\/\/i0.wp.com\/efagundes.com\/networking\/wp-content\/uploads\/sites\/5\/2015\/03\/Slide9.jpg?resize=350%2C200 1x, https:\/\/i0.wp.com\/efagundes.com\/networking\/wp-content\/uploads\/sites\/5\/2015\/03\/Slide9.jpg?resize=525%2C300 1.5x, https:\/\/i0.wp.com\/efagundes.com\/networking\/wp-content\/uploads\/sites\/5\/2015\/03\/Slide9.jpg?resize=700%2C400 2x"},"classes":[]},{"id":1156,"url":"https:\/\/efagundes.com\/networking\/protocolos-tcpip\/roteamento-em-segmentos-diferentes\/","url_meta":{"origin":1296,"position":3},"title":"Roteamento em segmentos diferentes","author":"Eduardo Fagundes","date":"19\/11\/2012","format":false,"excerpt":"O dispositivo C est\u00e1 agindo como um host entre as duas redes. Um roteador \u00e9 um dispositivo que escolhe caminhos diferentes para os pacotes de rede, baseado no endere\u00e7amento dos frames IP. Rotas diferentes conectam a redes diferentes. O roteador ter\u00e1 mais de um endere\u00e7o para estabelecer diferentes rotas para\u2026","rel":"","context":"Post similar","block_context":{"text":"Post similar","link":""},"img":{"alt_text":"Slide239","src":"https:\/\/i0.wp.com\/efagundes.com\/networking\/wp-content\/uploads\/sites\/5\/2012\/11\/Slide239.png?resize=350%2C200","width":350,"height":200,"srcset":"https:\/\/i0.wp.com\/efagundes.com\/networking\/wp-content\/uploads\/sites\/5\/2012\/11\/Slide239.png?resize=350%2C200 1x, https:\/\/i0.wp.com\/efagundes.com\/networking\/wp-content\/uploads\/sites\/5\/2012\/11\/Slide239.png?resize=525%2C300 1.5x, https:\/\/i0.wp.com\/efagundes.com\/networking\/wp-content\/uploads\/sites\/5\/2012\/11\/Slide239.png?resize=700%2C400 2x"},"classes":[]},{"id":795,"url":"https:\/\/efagundes.com\/networking\/algoritmos-de-roteamento\/mpls-multiprotocol-label-switching\/","url_meta":{"origin":1296,"position":4},"title":"MPLS (MultiProtocol Label Switching)","author":"Eduardo Fagundes","date":"18\/11\/2012","format":false,"excerpt":"Enquanto a IETF estava desenvolvendo servi\u00e7os integrados e servi\u00e7os diferenciados, v\u00e1rios fabricantes de roteadores estavam desenvolvendo m\u00e9todos de encaminhamento melhores. Esse trabalho se concentrou na inclus\u00e3o de um r\u00f3tulo (label) no in\u00edcio de cada pacote e na execu\u00e7\u00e3o do roteamento baseado no r\u00f3tulo, e n\u00e3o no endere\u00e7o de destino. Fazer\u2026","rel":"","context":"Post similar","block_context":{"text":"Post similar","link":""},"img":{"alt_text":"","src":"https:\/\/i0.wp.com\/efagundes.com\/networking\/wp-content\/uploads\/sites\/5\/2015\/03\/Slide372.jpg?resize=350%2C200","width":350,"height":200,"srcset":"https:\/\/i0.wp.com\/efagundes.com\/networking\/wp-content\/uploads\/sites\/5\/2015\/03\/Slide372.jpg?resize=350%2C200 1x, https:\/\/i0.wp.com\/efagundes.com\/networking\/wp-content\/uploads\/sites\/5\/2015\/03\/Slide372.jpg?resize=525%2C300 1.5x, https:\/\/i0.wp.com\/efagundes.com\/networking\/wp-content\/uploads\/sites\/5\/2015\/03\/Slide372.jpg?resize=700%2C400 2x"},"classes":[]},{"id":452,"url":"https:\/\/efagundes.com\/networking\/sistema-de-telefonia-movel\/1xev\/","url_meta":{"origin":1296,"position":5},"title":"1xEV","author":"Eduardo Fagundes","date":"17\/11\/2012","format":false,"excerpt":"Basicamente, 1xEV-DO \u00e9 um sistema de dados sem fio com alta velocidade e alta capacidade que combina a conveni\u00eancia da mobilidade com o desempenho de uma rede de dados fixa. \u00c9 verdadeiramente uma tecnologia 3G uma vez que permite transmiss\u00e3o de dados com taxas acima de 2.4Mbps e ao mesmo\u2026","rel":"","context":"Post similar","block_context":{"text":"Post similar","link":""},"img":{"alt_text":"","src":"https:\/\/i0.wp.com\/efagundes.com\/networking\/wp-content\/uploads\/sites\/5\/2015\/03\/Slide292.jpg?resize=350%2C200","width":350,"height":200,"srcset":"https:\/\/i0.wp.com\/efagundes.com\/networking\/wp-content\/uploads\/sites\/5\/2015\/03\/Slide292.jpg?resize=350%2C200 1x, https:\/\/i0.wp.com\/efagundes.com\/networking\/wp-content\/uploads\/sites\/5\/2015\/03\/Slide292.jpg?resize=525%2C300 1.5x, https:\/\/i0.wp.com\/efagundes.com\/networking\/wp-content\/uploads\/sites\/5\/2015\/03\/Slide292.jpg?resize=700%2C400 2x"},"classes":[]}],"jetpack_sharing_enabled":true,"_links":{"self":[{"href":"https:\/\/efagundes.com\/networking\/wp-json\/wp\/v2\/pages\/1296","targetHints":{"allow":["GET"]}}],"collection":[{"href":"https:\/\/efagundes.com\/networking\/wp-json\/wp\/v2\/pages"}],"about":[{"href":"https:\/\/efagundes.com\/networking\/wp-json\/wp\/v2\/types\/page"}],"author":[{"embeddable":true,"href":"https:\/\/efagundes.com\/networking\/wp-json\/wp\/v2\/users\/1"}],"replies":[{"embeddable":true,"href":"https:\/\/efagundes.com\/networking\/wp-json\/wp\/v2\/comments?post=1296"}],"version-history":[{"count":0,"href":"https:\/\/efagundes.com\/networking\/wp-json\/wp\/v2\/pages\/1296\/revisions"}],"up":[{"embeddable":true,"href":"https:\/\/efagundes.com\/networking\/wp-json\/wp\/v2\/pages\/1205"}],"wp:attachment":[{"href":"https:\/\/efagundes.com\/networking\/wp-json\/wp\/v2\/media?parent=1296"}],"curies":[{"name":"wp","href":"https:\/\/api.w.org\/{rel}","templated":true}]}}