{"id":1333,"date":"2012-11-19T15:10:02","date_gmt":"2012-11-19T17:10:02","guid":{"rendered":"http:\/\/efagundes.com\/openclass_networking\/?page_id=1333"},"modified":"2022-01-16T17:51:11","modified_gmt":"2022-01-16T20:51:11","slug":"multiplexacao-2","status":"publish","type":"page","link":"https:\/\/efagundes.com\/networking\/multiplexacao-2\/","title":{"rendered":"Multiplexa\u00e7\u00e3o"},"content":{"rendered":"<p><a href=\"https:\/\/i0.wp.com\/efagundes.com\/networking\/wp-content\/uploads\/sites\/5\/2015\/03\/Slide118.jpg\"><img data-recalc-dims=\"1\" loading=\"lazy\" decoding=\"async\" data-attachment-id=\"2487\" data-permalink=\"https:\/\/efagundes.com\/networking\/multiplexacao-2\/slide1-6\/\" data-orig-file=\"https:\/\/i0.wp.com\/efagundes.com\/networking\/wp-content\/uploads\/sites\/5\/2015\/03\/Slide118.jpg?fit=960%2C720&amp;ssl=1\" data-orig-size=\"960,720\" data-comments-opened=\"1\" data-image-meta=\"{&quot;aperture&quot;:&quot;0&quot;,&quot;credit&quot;:&quot;&quot;,&quot;camera&quot;:&quot;&quot;,&quot;caption&quot;:&quot;&quot;,&quot;created_timestamp&quot;:&quot;0&quot;,&quot;copyright&quot;:&quot;&quot;,&quot;focal_length&quot;:&quot;0&quot;,&quot;iso&quot;:&quot;0&quot;,&quot;shutter_speed&quot;:&quot;0&quot;,&quot;title&quot;:&quot;&quot;,&quot;orientation&quot;:&quot;0&quot;}\" data-image-title=\"Slide1\" data-image-description=\"\" data-image-caption=\"\" data-large-file=\"https:\/\/i0.wp.com\/efagundes.com\/networking\/wp-content\/uploads\/sites\/5\/2015\/03\/Slide118.jpg?fit=960%2C720&amp;ssl=1\" class=\"alignnone size-full wp-image-2487\" src=\"https:\/\/i0.wp.com\/efagundes.com\/networking\/wp-content\/uploads\/sites\/5\/2015\/03\/Slide118.jpg?resize=960%2C720\" alt=\"Slide1\" width=\"960\" height=\"720\" srcset=\"https:\/\/i0.wp.com\/efagundes.com\/networking\/wp-content\/uploads\/sites\/5\/2015\/03\/Slide118.jpg?w=960&amp;ssl=1 960w, https:\/\/i0.wp.com\/efagundes.com\/networking\/wp-content\/uploads\/sites\/5\/2015\/03\/Slide118.jpg?resize=300%2C225&amp;ssl=1 300w\" sizes=\"auto, (max-width: 960px) 100vw, 960px\" \/><\/a><\/p>\n<p><strong>T\u00f3picos do capitulo<\/strong><br \/>\n\n<!-- Page-list plugin v.5.9 wordpress.org\/plugins\/page-list\/ -->\n<ul class=\"page-list subpages-page-list \">\n<li class=\"page_item page-item-981\"><a href=\"https:\/\/efagundes.com\/networking\/multiplexacao-2\/multiplexacao\/\">Multiplexa\u00e7\u00e3o<\/a><\/li>\n<li class=\"page_item page-item-484\"><a href=\"https:\/\/efagundes.com\/networking\/multiplexacao-2\/multiplexacao-por-divisao-de-tempo\/\">Multiplexa\u00e7\u00e3o por divis\u00e3o de tempo (I)<\/a><\/li>\n<li class=\"page_item page-item-486\"><a href=\"https:\/\/efagundes.com\/networking\/multiplexacao-2\/multiplexacao-por-divisao-de-tempo-2\/\">Multiplexa\u00e7\u00e3o por divis\u00e3o de tempo (II)<\/a><\/li>\n<li class=\"page_item page-item-488\"><a href=\"https:\/\/efagundes.com\/networking\/multiplexacao-2\/multiplexacao-por-divisao-de-tempo-3\/\">Multiplexa\u00e7\u00e3o por divis\u00e3o de tempo (III)<\/a><\/li>\n<li class=\"page_item page-item-988\"><a href=\"https:\/\/efagundes.com\/networking\/multiplexacao-2\/multiplexador-estatistico\/\">Multiplexador Estat\u00edstico<\/a><\/li>\n<li class=\"page_item page-item-480\"><a href=\"https:\/\/efagundes.com\/networking\/multiplexacao-2\/multiplexacao-por-divisao-de-frequencia\/\">Multiplexa\u00e7\u00e3o por divis\u00e3o de frequ\u00eancia<\/a><\/li>\n<li class=\"page_item page-item-482\"><a href=\"https:\/\/efagundes.com\/networking\/multiplexacao-2\/multiplexacao-por-divisao-de-comprimento-de-onda\/\">Multiplexa\u00e7\u00e3o por divis\u00e3o de comprimento de onda<\/a><\/li>\n<li class=\"page_item page-item-300\"><a href=\"https:\/\/efagundes.com\/networking\/multiplexacao-2\/aplicacao-de-fibra-com-dwdm\/\">Aplica\u00e7\u00e3o de fibra com DWDM<\/a><\/li>\n<li class=\"page_item page-item-498\"><a href=\"https:\/\/efagundes.com\/networking\/multiplexacao-2\/sdh-estrutura-do-frame\/\">SDH &#8211; Estrutura do frame<\/a><\/li>\n<li class=\"page_item page-item-501\"><a href=\"https:\/\/efagundes.com\/networking\/multiplexacao-2\/sdh-processo-de-multiplexacao\/\">SDH &#8211; Processo de multiplexa\u00e7\u00e3o<\/a><\/li>\n<li class=\"page_item page-item-503\"><a href=\"https:\/\/efagundes.com\/networking\/multiplexacao-2\/sdh-capacidade-de-transporte\/\">SDH &#8211; Capacidade de transporte<\/a><\/li>\n<li class=\"page_item page-item-490\"><a href=\"https:\/\/efagundes.com\/networking\/multiplexacao-2\/sdh-sonet\/\">SDH-SONET<\/a><\/li>\n<li class=\"page_item page-item-492\"><a href=\"https:\/\/efagundes.com\/networking\/multiplexacao-2\/sonet\/\">SONET<\/a><\/li>\n<li class=\"page_item page-item-494\"><a href=\"https:\/\/efagundes.com\/networking\/multiplexacao-2\/sonet-capacidade-de-transporte\/\">SONET &#8211; capacidade de transporte<\/a><\/li>\n<li class=\"page_item page-item-505\"><a href=\"https:\/\/efagundes.com\/networking\/multiplexacao-2\/evolucao-do-transporte-ip-por-fibra-optica\/\">Evolu\u00e7\u00e3o do transporte IP por fibra \u00f3ptica<\/a><\/li>\n\n<\/ul><\/p>\n","protected":false},"excerpt":{"rendered":"<p>T\u00f3picos do capitulo<\/p>\n","protected":false},"author":1,"featured_media":0,"parent":0,"menu_order":18,"comment_status":"closed","ping_status":"open","template":"","meta":{"footnotes":""},"class_list":["post-1333","page","type-page","status-publish","hentry"],"jetpack_shortlink":"https:\/\/wp.me\/P8yKGp-lv","jetpack-related-posts":[{"id":1001,"url":"https:\/\/efagundes.com\/networking\/comutacao\/","url_meta":{"origin":1333,"position":0},"title":"Comuta\u00e7\u00e3o","author":"Eduardo Fagundes","date":"18\/11\/2012","format":false,"excerpt":"T\u00f3picos do capitulo","rel":"","context":"Post similar","block_context":{"text":"Post similar","link":""},"img":{"alt_text":"Slide1","src":"https:\/\/i0.wp.com\/efagundes.com\/networking\/wp-content\/uploads\/sites\/5\/2015\/03\/Slide118.jpg?resize=350%2C200","width":350,"height":200,"srcset":"https:\/\/i0.wp.com\/efagundes.com\/networking\/wp-content\/uploads\/sites\/5\/2015\/03\/Slide118.jpg?resize=350%2C200 1x, https:\/\/i0.wp.com\/efagundes.com\/networking\/wp-content\/uploads\/sites\/5\/2015\/03\/Slide118.jpg?resize=525%2C300 1.5x, https:\/\/i0.wp.com\/efagundes.com\/networking\/wp-content\/uploads\/sites\/5\/2015\/03\/Slide118.jpg?resize=700%2C400 2x"},"classes":[]},{"id":635,"url":"https:\/\/efagundes.com\/networking\/ethernet-2\/","url_meta":{"origin":1333,"position":1},"title":"Ethernet","author":"Eduardo Fagundes","date":"17\/11\/2012","format":false,"excerpt":"T\u00f3picos do capitulo","rel":"","context":"Post similar","block_context":{"text":"Post similar","link":""},"img":{"alt_text":"","src":"https:\/\/i0.wp.com\/efagundes.com\/networking\/wp-content\/uploads\/sites\/5\/2015\/03\/Slide313.jpg?resize=350%2C200","width":350,"height":200,"srcset":"https:\/\/i0.wp.com\/efagundes.com\/networking\/wp-content\/uploads\/sites\/5\/2015\/03\/Slide313.jpg?resize=350%2C200 1x, https:\/\/i0.wp.com\/efagundes.com\/networking\/wp-content\/uploads\/sites\/5\/2015\/03\/Slide313.jpg?resize=525%2C300 1.5x, https:\/\/i0.wp.com\/efagundes.com\/networking\/wp-content\/uploads\/sites\/5\/2015\/03\/Slide313.jpg?resize=700%2C400 2x"},"classes":[]},{"id":956,"url":"https:\/\/efagundes.com\/networking\/banda-larga\/","url_meta":{"origin":1333,"position":2},"title":"Banda Larga","author":"Eduardo Fagundes","date":"18\/11\/2012","format":false,"excerpt":"T\u00f3picos do capitulo","rel":"","context":"Post similar","block_context":{"text":"Post similar","link":""},"img":{"alt_text":"Slide1","src":"https:\/\/i0.wp.com\/efagundes.com\/networking\/wp-content\/uploads\/sites\/5\/2012\/11\/Slide1.jpg?resize=350%2C200","width":350,"height":200,"srcset":"https:\/\/i0.wp.com\/efagundes.com\/networking\/wp-content\/uploads\/sites\/5\/2012\/11\/Slide1.jpg?resize=350%2C200 1x, https:\/\/i0.wp.com\/efagundes.com\/networking\/wp-content\/uploads\/sites\/5\/2012\/11\/Slide1.jpg?resize=525%2C300 1.5x, https:\/\/i0.wp.com\/efagundes.com\/networking\/wp-content\/uploads\/sites\/5\/2012\/11\/Slide1.jpg?resize=700%2C400 2x"},"classes":[]},{"id":180,"url":"https:\/\/efagundes.com\/networking\/redes-locais\/","url_meta":{"origin":1333,"position":3},"title":"Redes locais","author":"Eduardo Fagundes","date":"16\/11\/2012","format":false,"excerpt":"T\u00f3picos do capitulo","rel":"","context":"Post similar","block_context":{"text":"Post similar","link":""},"img":{"alt_text":"Slide17","src":"https:\/\/i0.wp.com\/efagundes.com\/networking\/wp-content\/uploads\/sites\/5\/2015\/03\/Slide171.jpg?resize=350%2C200","width":350,"height":200,"srcset":"https:\/\/i0.wp.com\/efagundes.com\/networking\/wp-content\/uploads\/sites\/5\/2015\/03\/Slide171.jpg?resize=350%2C200 1x, https:\/\/i0.wp.com\/efagundes.com\/networking\/wp-content\/uploads\/sites\/5\/2015\/03\/Slide171.jpg?resize=525%2C300 1.5x, https:\/\/i0.wp.com\/efagundes.com\/networking\/wp-content\/uploads\/sites\/5\/2015\/03\/Slide171.jpg?resize=700%2C400 2x"},"classes":[]},{"id":259,"url":"https:\/\/efagundes.com\/networking\/meios-magneticos\/","url_meta":{"origin":1333,"position":4},"title":"Meios magn\u00e9ticos","author":"Eduardo Fagundes","date":"16\/11\/2012","format":false,"excerpt":"T\u00f3picos do capitulo","rel":"","context":"Post similar","block_context":{"text":"Post similar","link":""},"img":{"alt_text":"Slide10","src":"https:\/\/i0.wp.com\/efagundes.com\/networking\/wp-content\/uploads\/sites\/5\/2015\/03\/Slide102.jpg?resize=350%2C200","width":350,"height":200,"srcset":"https:\/\/i0.wp.com\/efagundes.com\/networking\/wp-content\/uploads\/sites\/5\/2015\/03\/Slide102.jpg?resize=350%2C200 1x, https:\/\/i0.wp.com\/efagundes.com\/networking\/wp-content\/uploads\/sites\/5\/2015\/03\/Slide102.jpg?resize=525%2C300 1.5x, https:\/\/i0.wp.com\/efagundes.com\/networking\/wp-content\/uploads\/sites\/5\/2015\/03\/Slide102.jpg?resize=700%2C400 2x"},"classes":[]},{"id":394,"url":"https:\/\/efagundes.com\/networking\/sistema-telefonico\/","url_meta":{"origin":1333,"position":5},"title":"Sistema telef\u00f4nico","author":"Eduardo Fagundes","date":"17\/11\/2012","format":false,"excerpt":"T\u00f3picos do capitulo","rel":"","context":"Post similar","block_context":{"text":"Post similar","link":""},"img":{"alt_text":"Slide1","src":"https:\/\/i0.wp.com\/efagundes.com\/networking\/wp-content\/uploads\/sites\/5\/2015\/03\/Slide116.jpg?resize=350%2C200","width":350,"height":200,"srcset":"https:\/\/i0.wp.com\/efagundes.com\/networking\/wp-content\/uploads\/sites\/5\/2015\/03\/Slide116.jpg?resize=350%2C200 1x, https:\/\/i0.wp.com\/efagundes.com\/networking\/wp-content\/uploads\/sites\/5\/2015\/03\/Slide116.jpg?resize=525%2C300 1.5x, https:\/\/i0.wp.com\/efagundes.com\/networking\/wp-content\/uploads\/sites\/5\/2015\/03\/Slide116.jpg?resize=700%2C400 2x"},"classes":[]}],"jetpack_sharing_enabled":true,"_links":{"self":[{"href":"https:\/\/efagundes.com\/networking\/wp-json\/wp\/v2\/pages\/1333","targetHints":{"allow":["GET"]}}],"collection":[{"href":"https:\/\/efagundes.com\/networking\/wp-json\/wp\/v2\/pages"}],"about":[{"href":"https:\/\/efagundes.com\/networking\/wp-json\/wp\/v2\/types\/page"}],"author":[{"embeddable":true,"href":"https:\/\/efagundes.com\/networking\/wp-json\/wp\/v2\/users\/1"}],"replies":[{"embeddable":true,"href":"https:\/\/efagundes.com\/networking\/wp-json\/wp\/v2\/comments?post=1333"}],"version-history":[{"count":0,"href":"https:\/\/efagundes.com\/networking\/wp-json\/wp\/v2\/pages\/1333\/revisions"}],"wp:attachment":[{"href":"https:\/\/efagundes.com\/networking\/wp-json\/wp\/v2\/media?parent=1333"}],"curies":[{"name":"wp","href":"https:\/\/api.w.org\/{rel}","templated":true}]}}