{"id":1334,"date":"2015-03-23T16:10:50","date_gmt":"2015-03-23T16:10:50","guid":{"rendered":"http:\/\/efagundes.com.br\/networking\/?page_id=1334"},"modified":"2023-09-16T10:03:45","modified_gmt":"2023-09-16T13:03:45","slug":"lista-do-conteudo","status":"publish","type":"page","link":"https:\/\/efagundes.com\/networking\/lista-do-conteudo\/","title":{"rendered":"Index do Curso de Redes de Computadores"},"content":{"rendered":"\n<!-- Page-list plugin v.5.9 wordpress.org\/plugins\/page-list\/ -->\n<ul class=\"page-list \">\n<li class=\"page_item page-item-3904\"><a href=\"https:\/\/efagundes.com\/networking\/\">Networking<\/a><\/li>\n<li class=\"page_item page-item-3923\"><a href=\"https:\/\/efagundes.com\/networking\/politica-de-cookies-br\/\">Pol\u00edtica de Cookies (BR)<\/a><\/li>\n<li class=\"page_item page-item-1334\"><a href=\"https:\/\/efagundes.com\/networking\/lista-do-conteudo\/\">Index do Curso de Redes de Computadores<\/a><\/li>\n<li class=\"page_item page-item-799\"><a href=\"https:\/\/efagundes.com\/networking\/redes-e-transmissao-de-dados\/\">Redes e Transmiss\u00e3o de Dados<\/a><\/li>\n<li class=\"page_item page-item-804\"><a href=\"https:\/\/efagundes.com\/networking\/bibliografia\/\">Bibliografia<\/a><\/li>\n<li class=\"page_item page-item-9 page_item_has_children\"><a href=\"https:\/\/efagundes.com\/networking\/curso-de-redes-de-computadores\/\">Uso de Redes de Computadores<\/a><\/li>\n<li class=\"page_item page-item-61 page_item_has_children\"><a href=\"https:\/\/efagundes.com\/networking\/hardware-de-rede\/\">Hardware de Rede<\/a><\/li>\n<li class=\"page_item page-item-99 page_item_has_children\"><a href=\"https:\/\/efagundes.com\/networking\/software-de-rede\/\">Software de rede<\/a><\/li>\n<li class=\"page_item page-item-140 page_item_has_children\"><a href=\"https:\/\/efagundes.com\/networking\/modelos-de-referencia\/\">Modelos de Refer\u00eancia<\/a><\/li>\n<li class=\"page_item page-item-152 page_item_has_children\"><a href=\"https:\/\/efagundes.com\/networking\/redes-geograficamente-distribuidas\/\">Redes geograficamente distribu\u00eddas<\/a><\/li>\n<li class=\"page_item page-item-180 page_item_has_children\"><a href=\"https:\/\/efagundes.com\/networking\/redes-locais\/\">Redes locais<\/a><\/li>\n<li class=\"page_item page-item-186 page_item_has_children\"><a href=\"https:\/\/efagundes.com\/networking\/quem-e-quem-no-mundo-das-telecomunicacoes\/\">Quem \u00e9 quem no mundo das telecomunica\u00e7\u00f5es<\/a><\/li>\n<li class=\"page_item page-item-533 page_item_has_children\"><a href=\"https:\/\/efagundes.com\/networking\/teoria-da-transmissao-e-meios-magneticos\/\">Teoria da transmiss\u00e3o e meios magn\u00e9ticos<\/a><\/li>\n<li class=\"page_item page-item-259 page_item_has_children\"><a href=\"https:\/\/efagundes.com\/networking\/meios-magneticos\/\">Meios magn\u00e9ticos<\/a><\/li>\n<li class=\"page_item page-item-1329 page_item_has_children\"><a href=\"https:\/\/efagundes.com\/networking\/fibra-optica-2\/\">Fibra \u00d3ptica<\/a><\/li>\n<li class=\"page_item page-item-329 page_item_has_children\"><a href=\"https:\/\/efagundes.com\/networking\/transmissao-sem-fio\/\">Transmiss\u00e3o sem fio<\/a><\/li>\n<li class=\"page_item page-item-906 page_item_has_children\"><a href=\"https:\/\/efagundes.com\/networking\/satelites-de-comunicacao\/\">Sat\u00e9lites de Comunica\u00e7\u00e3o<\/a><\/li>\n<li class=\"page_item page-item-394 page_item_has_children\"><a href=\"https:\/\/efagundes.com\/networking\/sistema-telefonico\/\">Sistema telef\u00f4nico<\/a><\/li>\n<li class=\"page_item page-item-956 page_item_has_children\"><a href=\"https:\/\/efagundes.com\/networking\/banda-larga\/\">Banda Larga<\/a><\/li>\n<li class=\"page_item page-item-1333 page_item_has_children\"><a href=\"https:\/\/efagundes.com\/networking\/multiplexacao-2\/\">Multiplexa\u00e7\u00e3o<\/a><\/li>\n<li class=\"page_item page-item-1001 page_item_has_children\"><a href=\"https:\/\/efagundes.com\/networking\/comutacao\/\">Comuta\u00e7\u00e3o<\/a><\/li>\n<li class=\"page_item page-item-438 page_item_has_children\"><a href=\"https:\/\/efagundes.com\/networking\/sistema-de-telefonia-movel\/\">Sistema de telefonia m\u00f3vel<\/a><\/li>\n<li class=\"page_item page-item-568 page_item_has_children\"><a href=\"https:\/\/efagundes.com\/networking\/camada-de-enlace-de-dados\/\">Camada de enlace de dados<\/a><\/li>\n<li class=\"page_item page-item-586 page_item_has_children\"><a href=\"https:\/\/efagundes.com\/networking\/protocolos-elementares-de-enlace-de-dados\/\">Protocolos elementares de enlace de dados<\/a><\/li>\n<li class=\"page_item page-item-602 page_item_has_children\"><a href=\"https:\/\/efagundes.com\/networking\/exemplos-de-protocolos\/\">Exemplos de Protocolos<\/a><\/li>\n<li class=\"page_item page-item-620 page_item_has_children\"><a href=\"https:\/\/efagundes.com\/networking\/subcamada-de-acesso-ao-meio\/\">Subcamada de acesso ao meio<\/a><\/li>\n<li class=\"page_item page-item-635 page_item_has_children\"><a href=\"https:\/\/efagundes.com\/networking\/ethernet-2\/\">Ethernet<\/a><\/li>\n<li class=\"page_item page-item-646 page_item_has_children\"><a href=\"https:\/\/efagundes.com\/networking\/lans-sem-fio\/\">LANs sem fio<\/a><\/li>\n<li class=\"page_item page-item-673 page_item_has_children\"><a href=\"https:\/\/efagundes.com\/networking\/comutacao-na-camada-de-enlace-de-dados\/\">Comuta\u00e7\u00e3o na camada de enlace de dados<\/a><\/li>\n<li class=\"page_item page-item-721 page_item_has_children\"><a href=\"https:\/\/efagundes.com\/networking\/a-camada-de-rede\/\">A camada de rede<\/a><\/li>\n<li class=\"page_item page-item-741 page_item_has_children\"><a href=\"https:\/\/efagundes.com\/networking\/algoritmos-de-roteamento\/\">Algoritmos de Roteamento<\/a><\/li>\n<li class=\"page_item page-item-1138 page_item_has_children\"><a href=\"https:\/\/efagundes.com\/networking\/protocolos-tcpip\/\">Protocolos TCP\/IP<\/a><\/li>\n<li class=\"page_item page-item-1205 page_item_has_children\"><a href=\"https:\/\/efagundes.com\/networking\/seguranca-de-redes\/\">Seguran\u00e7a de Redes<\/a><\/li>\n\n<\/ul>\n","protected":false},"excerpt":{"rendered":"","protected":false},"author":1,"featured_media":0,"parent":0,"menu_order":1,"comment_status":"closed","ping_status":"open","template":"","meta":{"footnotes":""},"class_list":["post-1334","page","type-page","status-publish","hentry"],"jetpack_shortlink":"https:\/\/wp.me\/P8yKGp-lw","jetpack-related-posts":[{"id":49,"url":"https:\/\/efagundes.com\/networking\/curso-de-redes-de-computadores\/aplicacoes-pela-internet-2\/","url_meta":{"origin":1334,"position":0},"title":"Aplica\u00e7\u00f5es pela Internet","author":"Eduardo Fagundes","date":"16\/11\/2012","format":false,"excerpt":"T\u00f3picos do capitulo","rel":"","context":"Post similar","block_context":{"text":"Post similar","link":""},"img":{"alt_text":"Slide2","src":"https:\/\/i0.wp.com\/efagundes.com\/networking\/wp-content\/uploads\/sites\/5\/2015\/03\/Slide2-300x225.jpg?resize=350%2C200","width":350,"height":200,"srcset":"https:\/\/i0.wp.com\/efagundes.com\/networking\/wp-content\/uploads\/sites\/5\/2015\/03\/Slide2-300x225.jpg?resize=350%2C200 1x, https:\/\/i0.wp.com\/efagundes.com\/networking\/wp-content\/uploads\/sites\/5\/2015\/03\/Slide2-300x225.jpg?resize=525%2C300 1.5x"},"classes":[]},{"id":9,"url":"https:\/\/efagundes.com\/networking\/curso-de-redes-de-computadores\/","url_meta":{"origin":1334,"position":1},"title":"Uso de Redes de Computadores","author":"Eduardo Fagundes","date":"16\/11\/2012","format":false,"excerpt":"Antes de come\u00e7armos o estudo das quest\u00f5es t\u00e9cnicas de redes e transmiss\u00e3o de dados \u00e9 interessante entender a import\u00e2ncia das redes de computadores nas empresas e na vida das pessoas. Muitas empresas t\u00eam um n\u00famero significativo de computadores. Inicialmente, esses computadores funcionavam isoladamente, mas em um determinado momento, a ger\u00eancia\u2026","rel":"","context":"Post similar","block_context":{"text":"Post similar","link":""},"img":{"alt_text":"Slide1","src":"https:\/\/i0.wp.com\/efagundes.com\/networking\/wp-content\/uploads\/sites\/5\/2015\/03\/Slide1.jpg?resize=350%2C200","width":350,"height":200,"srcset":"https:\/\/i0.wp.com\/efagundes.com\/networking\/wp-content\/uploads\/sites\/5\/2015\/03\/Slide1.jpg?resize=350%2C200 1x, https:\/\/i0.wp.com\/efagundes.com\/networking\/wp-content\/uploads\/sites\/5\/2015\/03\/Slide1.jpg?resize=525%2C300 1.5x"},"classes":[]},{"id":799,"url":"https:\/\/efagundes.com\/networking\/redes-e-transmissao-de-dados\/","url_meta":{"origin":1334,"position":2},"title":"Redes e Transmiss\u00e3o de Dados","author":"Eduardo Fagundes","date":"18\/11\/2012","format":false,"excerpt":"Este curso foi desenvolvido para cursos de gradua\u00e7\u00e3o de tecnologia da informa\u00e7\u00e3o. Aborda os assuntos fundamentais de redes de computadores e transmiss\u00e3o de dados. O curso tem como refer\u00eancia o\u00a0livro Redes de Computadores, quarta edi\u00e7\u00e3o, de Andrew S. Tanenbaum. Tanenbaum\u00a0\u00e9 um dos mais renomados professores de tecnologia da informa\u00e7\u00e3o e\u2026","rel":"","context":"Post similar","block_context":{"text":"Post similar","link":""},"img":{"alt_text":"","src":"","width":0,"height":0},"classes":[]},{"id":3904,"url":"https:\/\/efagundes.com\/networking\/","url_meta":{"origin":1334,"position":3},"title":"Networking","author":"Eduardo Fagundes","date":"02\/08\/2025","format":false,"excerpt":"Fundamentos de Redes de Computadores Entenda os princ\u00edpios que sustentam a internet, os sistemas corporativos e a transforma\u00e7\u00e3o digital. Aprenda com quem j\u00e1 formou gera\u00e7\u00f5es de profissionais de TI. Curso Gratuito Este curso re\u00fane os materiais desenvolvidos originalmente para a disciplina de Redes de Computadores da gradua\u00e7\u00e3o em Tecnologia da\u2026","rel":"","context":"Post similar","block_context":{"text":"Post similar","link":""},"img":{"alt_text":"","src":"https:\/\/i0.wp.com\/efagundes.com\/networking\/wp-content\/uploads\/sites\/5\/2025\/08\/servicos-efagundes-com-8.jpeg?resize=350%2C200&ssl=1","width":350,"height":200,"srcset":"https:\/\/i0.wp.com\/efagundes.com\/networking\/wp-content\/uploads\/sites\/5\/2025\/08\/servicos-efagundes-com-8.jpeg?resize=350%2C200&ssl=1 1x, https:\/\/i0.wp.com\/efagundes.com\/networking\/wp-content\/uploads\/sites\/5\/2025\/08\/servicos-efagundes-com-8.jpeg?resize=525%2C300&ssl=1 1.5x, https:\/\/i0.wp.com\/efagundes.com\/networking\/wp-content\/uploads\/sites\/5\/2025\/08\/servicos-efagundes-com-8.jpeg?resize=700%2C400&ssl=1 2x, https:\/\/i0.wp.com\/efagundes.com\/networking\/wp-content\/uploads\/sites\/5\/2025\/08\/servicos-efagundes-com-8.jpeg?resize=1050%2C600&ssl=1 3x"},"classes":[]},{"id":59,"url":"https:\/\/efagundes.com\/networking\/curso-de-redes-de-computadores\/usuarios-moveis\/","url_meta":{"origin":1334,"position":4},"title":"Usu\u00e1rios M\u00f3veis","author":"Eduardo Fagundes","date":"16\/11\/2012","format":false,"excerpt":"A Internet e o telefone celular s\u00e3o itens indispens\u00e1veis no cotidiano das pessoas. Outro item que est\u00e1 com um crescimento exponencial \u00e9 o smart-phone (iPhone, Blackberry, Android, Windows Phone). Com isso, \u00e9 natural que a ind\u00fastria de inform\u00e1tica e telecomunica\u00e7\u00f5es esteja trabalhando para integrar as facilidades da Internet nos smart-phones.\u2026","rel":"","context":"Post similar","block_context":{"text":"Post similar","link":""},"img":{"alt_text":"Slide5","src":"https:\/\/i0.wp.com\/efagundes.com\/networking\/wp-content\/uploads\/sites\/5\/2015\/03\/Slide5.jpg?resize=350%2C200","width":350,"height":200,"srcset":"https:\/\/i0.wp.com\/efagundes.com\/networking\/wp-content\/uploads\/sites\/5\/2015\/03\/Slide5.jpg?resize=350%2C200 1x, https:\/\/i0.wp.com\/efagundes.com\/networking\/wp-content\/uploads\/sites\/5\/2015\/03\/Slide5.jpg?resize=525%2C300 1.5x, https:\/\/i0.wp.com\/efagundes.com\/networking\/wp-content\/uploads\/sites\/5\/2015\/03\/Slide5.jpg?resize=700%2C400 2x"},"classes":[]},{"id":54,"url":"https:\/\/efagundes.com\/networking\/curso-de-redes-de-computadores\/business-to-consumer-b2c\/","url_meta":{"origin":1334,"position":5},"title":"Business-to-Consumer (B2C)","author":"Eduardo Fagundes","date":"16\/11\/2012","format":false,"excerpt":"O B2C s\u00e3o todos os processos que permitem que um consumidor final possa adquirir um produto ou servi\u00e7o atrav\u00e9s da Internet. Os shoppings on-line devem prover de todas as informa\u00e7\u00f5es necess\u00e1rias para o consumidor comprar um produto sem a intera\u00e7\u00e3o f\u00edsica com os representantes comerciais da empresa. Mesmo que alguns\u2026","rel":"","context":"Post similar","block_context":{"text":"Post similar","link":""},"img":{"alt_text":"Slide4","src":"https:\/\/i0.wp.com\/efagundes.com\/networking\/wp-content\/uploads\/sites\/5\/2015\/03\/Slide4.jpg?resize=350%2C200","width":350,"height":200,"srcset":"https:\/\/i0.wp.com\/efagundes.com\/networking\/wp-content\/uploads\/sites\/5\/2015\/03\/Slide4.jpg?resize=350%2C200 1x, https:\/\/i0.wp.com\/efagundes.com\/networking\/wp-content\/uploads\/sites\/5\/2015\/03\/Slide4.jpg?resize=525%2C300 1.5x, https:\/\/i0.wp.com\/efagundes.com\/networking\/wp-content\/uploads\/sites\/5\/2015\/03\/Slide4.jpg?resize=700%2C400 2x"},"classes":[]}],"jetpack_sharing_enabled":true,"_links":{"self":[{"href":"https:\/\/efagundes.com\/networking\/wp-json\/wp\/v2\/pages\/1334","targetHints":{"allow":["GET"]}}],"collection":[{"href":"https:\/\/efagundes.com\/networking\/wp-json\/wp\/v2\/pages"}],"about":[{"href":"https:\/\/efagundes.com\/networking\/wp-json\/wp\/v2\/types\/page"}],"author":[{"embeddable":true,"href":"https:\/\/efagundes.com\/networking\/wp-json\/wp\/v2\/users\/1"}],"replies":[{"embeddable":true,"href":"https:\/\/efagundes.com\/networking\/wp-json\/wp\/v2\/comments?post=1334"}],"version-history":[{"count":2,"href":"https:\/\/efagundes.com\/networking\/wp-json\/wp\/v2\/pages\/1334\/revisions"}],"predecessor-version":[{"id":3706,"href":"https:\/\/efagundes.com\/networking\/wp-json\/wp\/v2\/pages\/1334\/revisions\/3706"}],"wp:attachment":[{"href":"https:\/\/efagundes.com\/networking\/wp-json\/wp\/v2\/media?parent=1334"}],"curies":[{"name":"wp","href":"https:\/\/api.w.org\/{rel}","templated":true}]}}