{"id":144,"date":"2012-11-16T20:42:55","date_gmt":"2012-11-16T22:42:55","guid":{"rendered":"http:\/\/efagundes.com\/openclass_networking\/?page_id=144"},"modified":"2022-01-16T17:49:55","modified_gmt":"2022-01-16T20:49:55","slug":"o-modelo-de-referencia-osi","status":"publish","type":"page","link":"https:\/\/efagundes.com\/networking\/modelos-de-referencia\/o-modelo-de-referencia-osi\/","title":{"rendered":"O modelo de refer\u00eancia OSI"},"content":{"rendered":"<p><a href=\"https:\/\/i0.wp.com\/efagundes.com\/networking\/wp-content\/uploads\/sites\/5\/2015\/03\/Slide31.jpg\"><img data-recalc-dims=\"1\" loading=\"lazy\" decoding=\"async\" data-attachment-id=\"2357\" data-permalink=\"https:\/\/efagundes.com\/networking\/modelos-de-referencia\/o-modelo-de-referencia-osi\/slide3-2\/\" data-orig-file=\"https:\/\/i0.wp.com\/efagundes.com\/networking\/wp-content\/uploads\/sites\/5\/2015\/03\/Slide31.jpg?fit=960%2C720&amp;ssl=1\" data-orig-size=\"960,720\" data-comments-opened=\"1\" data-image-meta=\"{&quot;aperture&quot;:&quot;0&quot;,&quot;credit&quot;:&quot;&quot;,&quot;camera&quot;:&quot;&quot;,&quot;caption&quot;:&quot;&quot;,&quot;created_timestamp&quot;:&quot;0&quot;,&quot;copyright&quot;:&quot;&quot;,&quot;focal_length&quot;:&quot;0&quot;,&quot;iso&quot;:&quot;0&quot;,&quot;shutter_speed&quot;:&quot;0&quot;,&quot;title&quot;:&quot;&quot;,&quot;orientation&quot;:&quot;0&quot;}\" data-image-title=\"Slide3\" data-image-description=\"\" data-image-caption=\"\" data-large-file=\"https:\/\/i0.wp.com\/efagundes.com\/networking\/wp-content\/uploads\/sites\/5\/2015\/03\/Slide31.jpg?fit=960%2C720&amp;ssl=1\" class=\"alignnone size-full wp-image-2357\" src=\"https:\/\/i0.wp.com\/efagundes.com\/networking\/wp-content\/uploads\/sites\/5\/2015\/03\/Slide31.jpg?resize=960%2C720\" alt=\"Slide3\" width=\"960\" height=\"720\" srcset=\"https:\/\/i0.wp.com\/efagundes.com\/networking\/wp-content\/uploads\/sites\/5\/2015\/03\/Slide31.jpg?w=960&amp;ssl=1 960w, https:\/\/i0.wp.com\/efagundes.com\/networking\/wp-content\/uploads\/sites\/5\/2015\/03\/Slide31.jpg?resize=300%2C225&amp;ssl=1 300w\" sizes=\"auto, (max-width: 960px) 100vw, 960px\" \/><\/a><\/p>\n<p>As camadas 7 at\u00e9 4 incluem as camadas superiores da pilha de protocolos OSI. Elas est\u00e3o mais relacionadas com as aplica\u00e7\u00f5es dos que as camadas mais baixas (3 at\u00e9 1) que foram projetadas para mover os pacotes n\u00e3o importando o seu conte\u00fado, de um lugar para outro.<\/p>\n<p>Camada Aplica\u00e7\u00e3o (7) Esta camada superior define a linguagem e a sintaxe que os programas usam para se comunicar com outros programas. A camada de aplica\u00e7\u00e3o representa o prop\u00f3sito da comunica\u00e7\u00e3o. Por exemplo, um programa em uma esta\u00e7\u00e3o cliente usa comandos para pedir dados de um programa no servidor. Fun\u00e7\u00f5es comuns a esta camada est\u00e3o: abrindo, fechando, lendo e gravando arquivos. Al\u00e9m disso, de transferir arquivos, enviar mensagens de correio eletr\u00f4nico, executam jobs e obter informa\u00e7\u00f5es dos recursos da rede a partir de servidores de diret\u00f3rios.<\/p>\n<p>Camada Apresenta\u00e7\u00e3o (6) Quando s\u00e3o transmitidos dados entre tipos diferentes de sistemas de computador, a camada de apresenta\u00e7\u00e3o negocia e administra os dados do modo como s\u00e3o representados e codificados. Por exemplo, a camada prov\u00ea um denominador comum entre o c\u00f3digo ASCII e EBCDIC, representa\u00e7\u00e3o de ponto flutuante e formatos bin\u00e1rios. O XDR da Sun Microsystem e o ASN.1 da OSI s\u00e3o dois protocolos usados para este prop\u00f3sito. Esta camada tamb\u00e9m \u00e9 usada para criptografia.<\/p>\n<p>Camada Sess\u00e3o (5) Prov\u00ea coordena\u00e7\u00e3o das comunica\u00e7\u00f5es de forma controlada. Determina se uma comunica\u00e7\u00e3o deve ser em apenas de um sentido ou em ambos sentidos e administra o di\u00e1logo entre ambos os pontos. Por exemplo, tendo certeza que o pedido anterior foi cumprido antes do pr\u00f3ximo ser enviado. Tamb\u00e9m, estabelece marcas (&#8220;checkpoints&#8221;) para permitir uma r\u00e1pida recupera\u00e7\u00e3o de uma falha de comunica\u00e7\u00e3o.<\/p>\n<p>Na pr\u00e1tica, esta camada ou seus servi\u00e7os n\u00e3o s\u00e3o frequentemente utilizado, \u00e0s vezes s\u00e3o incorporados na camada de transporte.<\/p>\n<p>Transporte Camada (4) Esta camada \u00e9 respons\u00e1vel pela validade da comunica\u00e7\u00e3o fim a fim e integridade da transmiss\u00e3o. As mais baixas camadas podem perder pacotes, mas a camada de transporte executa uma verifica\u00e7\u00e3o da seq\u00fc\u00eancia dos dados e assegura que se um arquivo de 12MB \u00e9 enviado o destinat\u00e1rio recebe os mesmos 12MB. Alguns autores consideram essa a camada mais importante do modelo OSI.\u00a0 Os servi\u00e7os de transporte incluem camadas 1 a 4, coletivamente s\u00e3o respons\u00e1vel por entregar uma mensagem completa ou arquivo de enviada pela esta\u00e7\u00e3o receptora sem erro.<\/p>\n<p>&nbsp;<\/p>\n","protected":false},"excerpt":{"rendered":"<p>As camadas 7 at\u00e9 4 incluem as camadas superiores da pilha de protocolos OSI. Elas est\u00e3o mais relacionadas com as aplica\u00e7\u00f5es dos que as camadas mais baixas (3 at\u00e9 1) que foram projetadas para mover os pacotes n\u00e3o importando o seu conte\u00fado, de um lugar para outro. Camada Aplica\u00e7\u00e3o (7) Esta camada superior define a [&hellip;]<\/p>\n","protected":false},"author":1,"featured_media":0,"parent":140,"menu_order":27,"comment_status":"closed","ping_status":"closed","template":"","meta":{"footnotes":""},"class_list":["post-144","page","type-page","status-publish","hentry"],"jetpack_shortlink":"https:\/\/wp.me\/P8yKGp-2k","jetpack-related-posts":[{"id":140,"url":"https:\/\/efagundes.com\/networking\/modelos-de-referencia\/","url_meta":{"origin":144,"position":0},"title":"Modelos de Refer\u00eancia","author":"Eduardo Fagundes","date":"16\/11\/2012","format":false,"excerpt":"O modelo OSI (Open System Interconnection) \u00e9 o padr\u00e3o ISO (International Organization for Standardization) para comunica\u00e7\u00f5es tem o prop\u00f3sito de padronizar a comunica\u00e7\u00e3o entre sistemas de processamento heterog\u00eaneos, que vem sendo utilizado em diversas aplica\u00e7\u00f5es, por v\u00e1rios organismos normativos. O modelo OSI define uma estrutura homologada internacionalmente para a implementa\u00e7\u00e3o\u2026","rel":"","context":"Post similar","block_context":{"text":"Post similar","link":""},"img":{"alt_text":"Slide1","src":"https:\/\/i0.wp.com\/efagundes.com\/networking\/wp-content\/uploads\/sites\/5\/2015\/03\/Slide110.jpg?resize=350%2C200","width":350,"height":200,"srcset":"https:\/\/i0.wp.com\/efagundes.com\/networking\/wp-content\/uploads\/sites\/5\/2015\/03\/Slide110.jpg?resize=350%2C200 1x, https:\/\/i0.wp.com\/efagundes.com\/networking\/wp-content\/uploads\/sites\/5\/2015\/03\/Slide110.jpg?resize=525%2C300 1.5x, https:\/\/i0.wp.com\/efagundes.com\/networking\/wp-content\/uploads\/sites\/5\/2015\/03\/Slide110.jpg?resize=700%2C400 2x"},"classes":[]},{"id":156,"url":"https:\/\/efagundes.com\/networking\/redes-geograficamente-distribuidas\/protocolos-do-x-25\/","url_meta":{"origin":144,"position":1},"title":"Protocolos do X.25","author":"Eduardo Fagundes","date":"16\/11\/2012","format":false,"excerpt":"O conjunto de protocolos X.25 especifica as tr\u00eas camadas inferiores do modelo OSI. Os seguintes protocolos s\u00e3o tipicamente usados numa implementa\u00e7\u00e3o X.25: Packet-Layer Protocol (PLP), Link Access Procedure Balanced (LAPB), e outras interfaces seriais da camada f\u00edsica (como EIA\/TIA-232, EIA\/TIA-449, EIA-530 e G.703). Figura mostra os protocolos X.25 fundamentais para\u2026","rel":"","context":"Post similar","block_context":{"text":"Post similar","link":""},"img":{"alt_text":"Slide8","src":"https:\/\/i0.wp.com\/efagundes.com\/networking\/wp-content\/uploads\/sites\/5\/2015\/03\/Slide81.jpg?resize=350%2C200","width":350,"height":200,"srcset":"https:\/\/i0.wp.com\/efagundes.com\/networking\/wp-content\/uploads\/sites\/5\/2015\/03\/Slide81.jpg?resize=350%2C200 1x, https:\/\/i0.wp.com\/efagundes.com\/networking\/wp-content\/uploads\/sites\/5\/2015\/03\/Slide81.jpg?resize=525%2C300 1.5x, https:\/\/i0.wp.com\/efagundes.com\/networking\/wp-content\/uploads\/sites\/5\/2015\/03\/Slide81.jpg?resize=700%2C400 2x"},"classes":[]},{"id":146,"url":"https:\/\/efagundes.com\/networking\/modelos-de-referencia\/modelo-osi\/","url_meta":{"origin":144,"position":2},"title":"Modelo OSI","author":"Eduardo Fagundes","date":"16\/11\/2012","format":false,"excerpt":"As camadas 3, 2 e 1 s\u00e3o respons\u00e1veis por mover os pacotes de dados da esta\u00e7\u00e3o de origem para a esta\u00e7\u00e3o de destino. Camada Rede (3) A camada de rede estabelece a rota entre o transmissor e o receptor atrav\u00e9s dos pontos de roteamento existentes na rede. O exemplo mais\u2026","rel":"","context":"Post similar","block_context":{"text":"Post similar","link":""},"img":{"alt_text":"Slide2","src":"https:\/\/i0.wp.com\/efagundes.com\/networking\/wp-content\/uploads\/sites\/5\/2015\/03\/Slide210.jpg?resize=350%2C200","width":350,"height":200,"srcset":"https:\/\/i0.wp.com\/efagundes.com\/networking\/wp-content\/uploads\/sites\/5\/2015\/03\/Slide210.jpg?resize=350%2C200 1x, https:\/\/i0.wp.com\/efagundes.com\/networking\/wp-content\/uploads\/sites\/5\/2015\/03\/Slide210.jpg?resize=525%2C300 1.5x, https:\/\/i0.wp.com\/efagundes.com\/networking\/wp-content\/uploads\/sites\/5\/2015\/03\/Slide210.jpg?resize=700%2C400 2x"},"classes":[]},{"id":675,"url":"https:\/\/efagundes.com\/networking\/comutacao-na-camada-de-enlace-de-dados\/repetidores-hubs-bridges-switches-e-gateways\/","url_meta":{"origin":144,"position":3},"title":"Repetidores, hubs, bridges, switches e gateways (I)","author":"Eduardo Fagundes","date":"17\/11\/2012","format":false,"excerpt":"Existem diferentes equipamentos que operam em diferentes camadas do modelo OSI, como mostra a figura acima a esquerda. A camada \u00e9 importante, porque diferentes dispositivos utilizam fragmentos de informa\u00e7\u00f5es diferentes para decidir como realizar a comuta\u00e7\u00e3o. Em um cen\u00e1rio t\u00edpico, o usu\u00e1rio gera alguns dados a serem enviados para um\u2026","rel":"","context":"Post similar","block_context":{"text":"Post similar","link":""},"img":{"alt_text":"","src":"https:\/\/i0.wp.com\/efagundes.com\/networking\/wp-content\/uploads\/sites\/5\/2015\/03\/Slide49.jpg?resize=350%2C200","width":350,"height":200,"srcset":"https:\/\/i0.wp.com\/efagundes.com\/networking\/wp-content\/uploads\/sites\/5\/2015\/03\/Slide49.jpg?resize=350%2C200 1x, https:\/\/i0.wp.com\/efagundes.com\/networking\/wp-content\/uploads\/sites\/5\/2015\/03\/Slide49.jpg?resize=525%2C300 1.5x, https:\/\/i0.wp.com\/efagundes.com\/networking\/wp-content\/uploads\/sites\/5\/2015\/03\/Slide49.jpg?resize=700%2C400 2x"},"classes":[]},{"id":161,"url":"https:\/\/efagundes.com\/networking\/redes-geograficamente-distribuidas\/frame-relay\/","url_meta":{"origin":144,"position":4},"title":"Frame Relay","author":"Eduardo Fagundes","date":"16\/11\/2012","format":false,"excerpt":"O Frame Relay \u00e9 um protocolo de WAN de alto-desempenho que opera nas camadas f\u00edsica e de enlace de dados do modelo OSI. O Frame Relay foi projetado originalmente para uso nas Redes Digitais de Servi\u00e7os Integrados (RDSI). Por\u00e9m, atualmente \u00e9 usado por uma variedade de outras interfaces de rede.\u2026","rel":"","context":"Post similar","block_context":{"text":"Post similar","link":""},"img":{"alt_text":"Slide9","src":"https:\/\/i0.wp.com\/efagundes.com\/networking\/wp-content\/uploads\/sites\/5\/2015\/03\/Slide91.jpg?resize=350%2C200","width":350,"height":200,"srcset":"https:\/\/i0.wp.com\/efagundes.com\/networking\/wp-content\/uploads\/sites\/5\/2015\/03\/Slide91.jpg?resize=350%2C200 1x, https:\/\/i0.wp.com\/efagundes.com\/networking\/wp-content\/uploads\/sites\/5\/2015\/03\/Slide91.jpg?resize=525%2C300 1.5x, https:\/\/i0.wp.com\/efagundes.com\/networking\/wp-content\/uploads\/sites\/5\/2015\/03\/Slide91.jpg?resize=700%2C400 2x"},"classes":[]},{"id":150,"url":"https:\/\/efagundes.com\/networking\/modelos-de-referencia\/uma-comparacao-entre-os-modelos-de-referencia-osi-e-tcpip\/","url_meta":{"origin":144,"position":5},"title":"Uma compara\u00e7\u00e3o entre os modelos de refer\u00eancia OSI e TCP\/IP","author":"Eduardo Fagundes","date":"16\/11\/2012","format":false,"excerpt":"TCP\/IP \u00e9 um protocolo de comunica\u00e7\u00f5es desenvolvido por contrato pelo Departamento norte-americano de Defesa para dissiminar os sistemas inter-redes. Inventado por Vinton Cerf e Bob Kahn, este na verdade \u00e9 um protocolo Unix que adotado pela Internet se tornou o padr\u00e3o global para comunica\u00e7\u00f5es. O TCP\/IP foi desenhado segundo uma\u2026","rel":"","context":"Post similar","block_context":{"text":"Post similar","link":""},"img":{"alt_text":"Slide5","src":"https:\/\/i0.wp.com\/efagundes.com\/networking\/wp-content\/uploads\/sites\/5\/2015\/03\/Slide51.jpg?resize=350%2C200","width":350,"height":200,"srcset":"https:\/\/i0.wp.com\/efagundes.com\/networking\/wp-content\/uploads\/sites\/5\/2015\/03\/Slide51.jpg?resize=350%2C200 1x, https:\/\/i0.wp.com\/efagundes.com\/networking\/wp-content\/uploads\/sites\/5\/2015\/03\/Slide51.jpg?resize=525%2C300 1.5x, https:\/\/i0.wp.com\/efagundes.com\/networking\/wp-content\/uploads\/sites\/5\/2015\/03\/Slide51.jpg?resize=700%2C400 2x"},"classes":[]}],"jetpack_sharing_enabled":true,"_links":{"self":[{"href":"https:\/\/efagundes.com\/networking\/wp-json\/wp\/v2\/pages\/144","targetHints":{"allow":["GET"]}}],"collection":[{"href":"https:\/\/efagundes.com\/networking\/wp-json\/wp\/v2\/pages"}],"about":[{"href":"https:\/\/efagundes.com\/networking\/wp-json\/wp\/v2\/types\/page"}],"author":[{"embeddable":true,"href":"https:\/\/efagundes.com\/networking\/wp-json\/wp\/v2\/users\/1"}],"replies":[{"embeddable":true,"href":"https:\/\/efagundes.com\/networking\/wp-json\/wp\/v2\/comments?post=144"}],"version-history":[{"count":0,"href":"https:\/\/efagundes.com\/networking\/wp-json\/wp\/v2\/pages\/144\/revisions"}],"up":[{"embeddable":true,"href":"https:\/\/efagundes.com\/networking\/wp-json\/wp\/v2\/pages\/140"}],"wp:attachment":[{"href":"https:\/\/efagundes.com\/networking\/wp-json\/wp\/v2\/media?parent=144"}],"curies":[{"name":"wp","href":"https:\/\/api.w.org\/{rel}","templated":true}]}}