{"id":150,"date":"2012-11-16T20:49:39","date_gmt":"2012-11-16T22:49:39","guid":{"rendered":"http:\/\/efagundes.com\/openclass_networking\/?page_id=150"},"modified":"2022-01-16T17:49:56","modified_gmt":"2022-01-16T20:49:56","slug":"uma-comparacao-entre-os-modelos-de-referencia-osi-e-tcpip","status":"publish","type":"page","link":"https:\/\/efagundes.com\/networking\/modelos-de-referencia\/uma-comparacao-entre-os-modelos-de-referencia-osi-e-tcpip\/","title":{"rendered":"Uma compara\u00e7\u00e3o entre os modelos de refer\u00eancia OSI e TCP\/IP"},"content":{"rendered":"<p><a href=\"https:\/\/i0.wp.com\/efagundes.com\/networking\/wp-content\/uploads\/sites\/5\/2015\/03\/Slide51.jpg\"><img data-recalc-dims=\"1\" loading=\"lazy\" decoding=\"async\" data-attachment-id=\"2359\" data-permalink=\"https:\/\/efagundes.com\/networking\/modelos-de-referencia\/uma-comparacao-entre-os-modelos-de-referencia-osi-e-tcpip\/slide5-2\/\" data-orig-file=\"https:\/\/i0.wp.com\/efagundes.com\/networking\/wp-content\/uploads\/sites\/5\/2015\/03\/Slide51.jpg?fit=960%2C720&amp;ssl=1\" data-orig-size=\"960,720\" data-comments-opened=\"1\" data-image-meta=\"{&quot;aperture&quot;:&quot;0&quot;,&quot;credit&quot;:&quot;&quot;,&quot;camera&quot;:&quot;&quot;,&quot;caption&quot;:&quot;&quot;,&quot;created_timestamp&quot;:&quot;0&quot;,&quot;copyright&quot;:&quot;&quot;,&quot;focal_length&quot;:&quot;0&quot;,&quot;iso&quot;:&quot;0&quot;,&quot;shutter_speed&quot;:&quot;0&quot;,&quot;title&quot;:&quot;&quot;,&quot;orientation&quot;:&quot;0&quot;}\" data-image-title=\"Slide5\" data-image-description=\"\" data-image-caption=\"\" data-large-file=\"https:\/\/i0.wp.com\/efagundes.com\/networking\/wp-content\/uploads\/sites\/5\/2015\/03\/Slide51.jpg?fit=960%2C720&amp;ssl=1\" class=\"alignnone size-full wp-image-2359\" src=\"https:\/\/i0.wp.com\/efagundes.com\/networking\/wp-content\/uploads\/sites\/5\/2015\/03\/Slide51.jpg?resize=960%2C720\" alt=\"Slide5\" width=\"960\" height=\"720\" srcset=\"https:\/\/i0.wp.com\/efagundes.com\/networking\/wp-content\/uploads\/sites\/5\/2015\/03\/Slide51.jpg?w=960&amp;ssl=1 960w, https:\/\/i0.wp.com\/efagundes.com\/networking\/wp-content\/uploads\/sites\/5\/2015\/03\/Slide51.jpg?resize=300%2C225&amp;ssl=1 300w\" sizes=\"auto, (max-width: 960px) 100vw, 960px\" \/><\/a><\/p>\n<p>TCP\/IP \u00e9 um protocolo de comunica\u00e7\u00f5es desenvolvido por contrato pelo Departamento norte-americano de Defesa para dissiminar os sistemas inter-redes. Inventado por Vinton Cerf e Bob Kahn, este na verdade \u00e9 um protocolo Unix que adotado pela Internet se tornou o padr\u00e3o global para comunica\u00e7\u00f5es.<\/p>\n<p>O TCP\/IP foi desenhado segundo uma arquitetura de pilha, onde diversas camadas de software interagem somente com as camadas acima e abaixo. H\u00e1 diversas semelhan\u00e7as com o modelo\u00a0 OSI , por\u00e9m poder anterior ao modelo proposto por Vinton<\/p>\n<p>O nome TCP\/IP vem dos nomes dos protocolos mais utilizados desta pilha, o IP (Internet Protocol) e o TCP (Transmission Control Protocol). Mas a pilha TCP\/IP possui ainda muitos outros protocolos, dos quais veremos apenas os mais importantes, v\u00e1rios deles necess\u00e1rios para que o TCP e o IP desempenhem corretamente as suas fun\u00e7\u00f5es.<\/p>\n<p>Visto superficialmente, o TCP\/IP possui 4 camadas, desde as aplica\u00e7\u00f5es de rede at\u00e9 o meio f\u00edsico que carrega os sinais el\u00e9tricos at\u00e9 o seu destino:<\/p>\n<p>&nbsp;<\/p>\n","protected":false},"excerpt":{"rendered":"<p>TCP\/IP \u00e9 um protocolo de comunica\u00e7\u00f5es desenvolvido por contrato pelo Departamento norte-americano de Defesa para dissiminar os sistemas inter-redes. Inventado por Vinton Cerf e Bob Kahn, este na verdade \u00e9 um protocolo Unix que adotado pela Internet se tornou o padr\u00e3o global para comunica\u00e7\u00f5es. O TCP\/IP foi desenhado segundo uma arquitetura de pilha, onde diversas [&hellip;]<\/p>\n","protected":false},"author":1,"featured_media":0,"parent":140,"menu_order":29,"comment_status":"closed","ping_status":"closed","template":"","meta":{"footnotes":""},"class_list":["post-150","page","type-page","status-publish","hentry"],"jetpack_shortlink":"https:\/\/wp.me\/P8yKGp-2q","jetpack-related-posts":[{"id":146,"url":"https:\/\/efagundes.com\/networking\/modelos-de-referencia\/modelo-osi\/","url_meta":{"origin":150,"position":0},"title":"Modelo OSI","author":"Eduardo Fagundes","date":"16\/11\/2012","format":false,"excerpt":"As camadas 3, 2 e 1 s\u00e3o respons\u00e1veis por mover os pacotes de dados da esta\u00e7\u00e3o de origem para a esta\u00e7\u00e3o de destino. Camada Rede (3) A camada de rede estabelece a rota entre o transmissor e o receptor atrav\u00e9s dos pontos de roteamento existentes na rede. O exemplo mais\u2026","rel":"","context":"Post similar","block_context":{"text":"Post similar","link":""},"img":{"alt_text":"Slide2","src":"https:\/\/i0.wp.com\/efagundes.com\/networking\/wp-content\/uploads\/sites\/5\/2015\/03\/Slide210.jpg?resize=350%2C200","width":350,"height":200,"srcset":"https:\/\/i0.wp.com\/efagundes.com\/networking\/wp-content\/uploads\/sites\/5\/2015\/03\/Slide210.jpg?resize=350%2C200 1x, https:\/\/i0.wp.com\/efagundes.com\/networking\/wp-content\/uploads\/sites\/5\/2015\/03\/Slide210.jpg?resize=525%2C300 1.5x, https:\/\/i0.wp.com\/efagundes.com\/networking\/wp-content\/uploads\/sites\/5\/2015\/03\/Slide210.jpg?resize=700%2C400 2x"},"classes":[]},{"id":648,"url":"https:\/\/efagundes.com\/networking\/lans-sem-fio\/802-11-a-pilha-de-protocolos\/","url_meta":{"origin":150,"position":1},"title":"802.11: a pilha de protocolos","author":"Eduardo Fagundes","date":"17\/11\/2012","format":false,"excerpt":"Os protocolos usados por todas as variantes do 802, inclusive a Ethernet, t\u00eam certas caracter\u00edstica comuns em sua estrutura. Uma vis\u00e3o parcial da pilha de protocolos 802.11 \u00e9 a mostrada na figura acima. A camada f\u00edsica corresponde muito bem \u00e0 camada f\u00edsica do modelo OSI, mas a camada de enlace\u2026","rel":"","context":"Post similar","block_context":{"text":"Post similar","link":""},"img":{"alt_text":"Slide178","src":"https:\/\/i0.wp.com\/efagundes.com\/networking\/wp-content\/uploads\/sites\/5\/2012\/11\/Slide178.png?resize=350%2C200","width":350,"height":200,"srcset":"https:\/\/i0.wp.com\/efagundes.com\/networking\/wp-content\/uploads\/sites\/5\/2012\/11\/Slide178.png?resize=350%2C200 1x, https:\/\/i0.wp.com\/efagundes.com\/networking\/wp-content\/uploads\/sites\/5\/2012\/11\/Slide178.png?resize=525%2C300 1.5x, https:\/\/i0.wp.com\/efagundes.com\/networking\/wp-content\/uploads\/sites\/5\/2012\/11\/Slide178.png?resize=700%2C400 2x"},"classes":[]},{"id":144,"url":"https:\/\/efagundes.com\/networking\/modelos-de-referencia\/o-modelo-de-referencia-osi\/","url_meta":{"origin":150,"position":2},"title":"O modelo de refer\u00eancia OSI","author":"Eduardo Fagundes","date":"16\/11\/2012","format":false,"excerpt":"As camadas 7 at\u00e9 4 incluem as camadas superiores da pilha de protocolos OSI. Elas est\u00e3o mais relacionadas com as aplica\u00e7\u00f5es dos que as camadas mais baixas (3 at\u00e9 1) que foram projetadas para mover os pacotes n\u00e3o importando o seu conte\u00fado, de um lugar para outro. Camada Aplica\u00e7\u00e3o (7)\u2026","rel":"","context":"Post similar","block_context":{"text":"Post similar","link":""},"img":{"alt_text":"Slide3","src":"https:\/\/i0.wp.com\/efagundes.com\/networking\/wp-content\/uploads\/sites\/5\/2015\/03\/Slide31.jpg?resize=350%2C200","width":350,"height":200,"srcset":"https:\/\/i0.wp.com\/efagundes.com\/networking\/wp-content\/uploads\/sites\/5\/2015\/03\/Slide31.jpg?resize=350%2C200 1x, https:\/\/i0.wp.com\/efagundes.com\/networking\/wp-content\/uploads\/sites\/5\/2015\/03\/Slide31.jpg?resize=525%2C300 1.5x, https:\/\/i0.wp.com\/efagundes.com\/networking\/wp-content\/uploads\/sites\/5\/2015\/03\/Slide31.jpg?resize=700%2C400 2x"},"classes":[]},{"id":105,"url":"https:\/\/efagundes.com\/networking\/software-de-rede\/fluxo-de-informacoes\/","url_meta":{"origin":150,"position":3},"title":"Fluxo de informa\u00e7\u00f5es","author":"Eduardo Fagundes","date":"16\/11\/2012","format":false,"excerpt":"Na \u00e1rea das comunica\u00e7\u00f5es, um protocolo \u00e9 um conjunto de regras ou conven\u00e7\u00f5es que governam a opera\u00e7\u00e3o e o interc\u00e2mbio de informa\u00e7\u00f5es entre dois sistemas computadorizados. Tanto o modelo OSI como o TCP\/IP (e tamb\u00e9m o SNA) funcionam atrav\u00e9s de pilhas de protocolos, formando assim diversos n\u00edveis, um utilizando os\u2026","rel":"","context":"Post similar","block_context":{"text":"Post similar","link":""},"img":{"alt_text":"Slide27","src":"https:\/\/i0.wp.com\/efagundes.com\/networking\/wp-content\/uploads\/sites\/5\/2015\/03\/Slide27.jpg?resize=350%2C200","width":350,"height":200,"srcset":"https:\/\/i0.wp.com\/efagundes.com\/networking\/wp-content\/uploads\/sites\/5\/2015\/03\/Slide27.jpg?resize=350%2C200 1x, https:\/\/i0.wp.com\/efagundes.com\/networking\/wp-content\/uploads\/sites\/5\/2015\/03\/Slide27.jpg?resize=525%2C300 1.5x, https:\/\/i0.wp.com\/efagundes.com\/networking\/wp-content\/uploads\/sites\/5\/2015\/03\/Slide27.jpg?resize=700%2C400 2x"},"classes":[]},{"id":140,"url":"https:\/\/efagundes.com\/networking\/modelos-de-referencia\/","url_meta":{"origin":150,"position":4},"title":"Modelos de Refer\u00eancia","author":"Eduardo Fagundes","date":"16\/11\/2012","format":false,"excerpt":"O modelo OSI (Open System Interconnection) \u00e9 o padr\u00e3o ISO (International Organization for Standardization) para comunica\u00e7\u00f5es tem o prop\u00f3sito de padronizar a comunica\u00e7\u00e3o entre sistemas de processamento heterog\u00eaneos, que vem sendo utilizado em diversas aplica\u00e7\u00f5es, por v\u00e1rios organismos normativos. O modelo OSI define uma estrutura homologada internacionalmente para a implementa\u00e7\u00e3o\u2026","rel":"","context":"Post similar","block_context":{"text":"Post similar","link":""},"img":{"alt_text":"Slide1","src":"https:\/\/i0.wp.com\/efagundes.com\/networking\/wp-content\/uploads\/sites\/5\/2015\/03\/Slide110.jpg?resize=350%2C200","width":350,"height":200,"srcset":"https:\/\/i0.wp.com\/efagundes.com\/networking\/wp-content\/uploads\/sites\/5\/2015\/03\/Slide110.jpg?resize=350%2C200 1x, https:\/\/i0.wp.com\/efagundes.com\/networking\/wp-content\/uploads\/sites\/5\/2015\/03\/Slide110.jpg?resize=525%2C300 1.5x, https:\/\/i0.wp.com\/efagundes.com\/networking\/wp-content\/uploads\/sites\/5\/2015\/03\/Slide110.jpg?resize=700%2C400 2x"},"classes":[]},{"id":170,"url":"https:\/\/efagundes.com\/networking\/redes-geograficamente-distribuidas\/a-internet\/","url_meta":{"origin":150,"position":5},"title":"A Internet","author":"Eduardo Fagundes","date":"16\/11\/2012","format":false,"excerpt":"Para que a rede possa funcionar \u00e9 necess\u00e1rio procedimento detalhado para a troca de dados. As regras s\u00e3o implementadas atrav\u00e9s de \"protocolos de comunica\u00e7\u00e3o\". As regras de comunica\u00e7\u00e3o entre computadores s\u00e3o similares as de uma linguagem humana. Por exemplo, quando se estabelece uma conversa entre duas pessoas a etiqueta diz\u2026","rel":"","context":"Post similar","block_context":{"text":"Post similar","link":""},"img":{"alt_text":"Slide12","src":"https:\/\/i0.wp.com\/efagundes.com\/networking\/wp-content\/uploads\/sites\/5\/2015\/03\/Slide121.jpg?resize=350%2C200","width":350,"height":200,"srcset":"https:\/\/i0.wp.com\/efagundes.com\/networking\/wp-content\/uploads\/sites\/5\/2015\/03\/Slide121.jpg?resize=350%2C200 1x, https:\/\/i0.wp.com\/efagundes.com\/networking\/wp-content\/uploads\/sites\/5\/2015\/03\/Slide121.jpg?resize=525%2C300 1.5x, https:\/\/i0.wp.com\/efagundes.com\/networking\/wp-content\/uploads\/sites\/5\/2015\/03\/Slide121.jpg?resize=700%2C400 2x"},"classes":[]}],"jetpack_sharing_enabled":true,"_links":{"self":[{"href":"https:\/\/efagundes.com\/networking\/wp-json\/wp\/v2\/pages\/150","targetHints":{"allow":["GET"]}}],"collection":[{"href":"https:\/\/efagundes.com\/networking\/wp-json\/wp\/v2\/pages"}],"about":[{"href":"https:\/\/efagundes.com\/networking\/wp-json\/wp\/v2\/types\/page"}],"author":[{"embeddable":true,"href":"https:\/\/efagundes.com\/networking\/wp-json\/wp\/v2\/users\/1"}],"replies":[{"embeddable":true,"href":"https:\/\/efagundes.com\/networking\/wp-json\/wp\/v2\/comments?post=150"}],"version-history":[{"count":0,"href":"https:\/\/efagundes.com\/networking\/wp-json\/wp\/v2\/pages\/150\/revisions"}],"up":[{"embeddable":true,"href":"https:\/\/efagundes.com\/networking\/wp-json\/wp\/v2\/pages\/140"}],"wp:attachment":[{"href":"https:\/\/efagundes.com\/networking\/wp-json\/wp\/v2\/media?parent=150"}],"curies":[{"name":"wp","href":"https:\/\/api.w.org\/{rel}","templated":true}]}}