{"id":163,"date":"2012-11-16T21:00:31","date_gmt":"2012-11-16T23:00:31","guid":{"rendered":"http:\/\/efagundes.com\/openclass_networking\/?page_id=163"},"modified":"2022-01-16T17:50:01","modified_gmt":"2022-01-16T20:50:01","slug":"asynchronous-transfer-mode-atm","status":"publish","type":"page","link":"https:\/\/efagundes.com\/networking\/redes-geograficamente-distribuidas\/asynchronous-transfer-mode-atm\/","title":{"rendered":"Asynchronous Transfer Mode (ATM)"},"content":{"rendered":"<p><a href=\"https:\/\/i0.wp.com\/efagundes.com.br\/networking\/wp-content\/uploads\/sites\/7\/2012\/11\/Slide101.jpg\"><img data-recalc-dims=\"1\" loading=\"lazy\" decoding=\"async\" class=\"alignnone  wp-image-124\" title=\"ATM\" src=\"https:\/\/i0.wp.com\/efagundes.com.br\/networking\/wp-content\/uploads\/sites\/7\/2012\/11\/Slide101.jpg?resize=576%2C432\" alt=\"\" width=\"576\" height=\"432\" \/><\/a><\/p>\n<p>O ATM (Asynchronous Transfer Mode) \u00e9 uma tecnologia de rede tanto para redes locais como para redes geograficamente distribu\u00eddas (LANs e WANs) que suporta voz em tempo real, bem como v\u00eddeo e dados. A topologia usa comutadores que estabelecem um circuito l\u00f3gico fim-a-fim que garante a qualidade de servi\u00e7o na transmiss\u00e3o (QoS). Por\u00e9m, os circuitos l\u00f3gicos que s\u00e3o dedicados para telefonia podem utilizar canais l\u00f3gicos ociosos do ATM. Por exemplo, pode-se utilizar uma largura de banda inativa de um circuito de v\u00eddeo conferencia para transferir dados.<\/p>\n<p>O ATM se popularizou como a tecnologia da infra-estrutura b\u00e1sica das operadoras de telecomunica\u00e7\u00f5es e grandes corpora\u00e7\u00f5es, entretanto, nunca se popularizou nas redes locais (LAN). O ATM \u00e9 altamente escal\u00e1vel e suporta taxas de transmiss\u00e3o de 1.5, 25, 100, 155, 622, 2488 e 9953 Mbps. O ATM \u00e9 tamb\u00e9m lento como operar a 9,6 Kbps para a transmiss\u00e3o de dados entre navios em alto mar.<\/p>\n<p>O ATM trabalha transmitindo todo o tr\u00e1fico numa c\u00e9lula fixa de 53 bytes. Isto permitiu a constru\u00e7\u00e3o de comutadores muito r\u00e1pidos, porque \u00e9 muito mais r\u00e1pido processar um pacote de tamanho conhecido do que entender o come\u00e7o e o fim de pacotes com comprimento vari\u00e1veis. O pequeno pacote do ATM assegura que a voz e v\u00eddeo possam ser inseridos no fluxo para transmiss\u00e3o em tempo real.<\/p>\n<p>O ATM trabalha na camada 2 do modelo OSI e tipicamente usa SONET (OC-3, OC-12, etc.) para transmiss\u00e3o e fazer corre\u00e7\u00e3o de erros da linha.<\/p>\n<p>A habilidade para especificar uma qualidade de servi\u00e7o (QoS) \u00e9 uma das mais importantes caracter\u00edsticas do ATM, permitindo a transmiss\u00e3o de voz e v\u00eddeo suavemente.\u00a0 a maioria das caracter\u00edsticas importantes, permitindo transmitir voz e v\u00eddeo suavemente.<\/p>\n<p>&nbsp;<\/p>\n","protected":false},"excerpt":{"rendered":"<p>O ATM (Asynchronous Transfer Mode) \u00e9 uma tecnologia de rede tanto para redes locais como para redes geograficamente distribu\u00eddas (LANs e WANs) que suporta voz em tempo real, bem como v\u00eddeo e dados. A topologia usa comutadores que estabelecem um circuito l\u00f3gico fim-a-fim que garante a qualidade de servi\u00e7o na transmiss\u00e3o (QoS). Por\u00e9m, os circuitos [&hellip;]<\/p>\n","protected":false},"author":1,"featured_media":0,"parent":152,"menu_order":4,"comment_status":"closed","ping_status":"open","template":"","meta":{"footnotes":""},"class_list":["post-163","page","type-page","status-publish","hentry"],"jetpack_shortlink":"https:\/\/wp.me\/P8yKGp-2D","jetpack-related-posts":[{"id":165,"url":"https:\/\/efagundes.com\/networking\/redes-geograficamente-distribuidas\/asynchronous-transfer-mode-atm-2\/","url_meta":{"origin":163,"position":0},"title":"Asynchronous Transfer Mode (ATM)","author":"Eduardo Fagundes","date":"16\/11\/2012","format":false,"excerpt":"","rel":"","context":"Post similar","block_context":{"text":"Post similar","link":""},"img":{"alt_text":"Slide10","src":"https:\/\/i0.wp.com\/efagundes.com\/networking\/wp-content\/uploads\/sites\/5\/2015\/03\/Slide101.jpg?resize=350%2C200","width":350,"height":200,"srcset":"https:\/\/i0.wp.com\/efagundes.com\/networking\/wp-content\/uploads\/sites\/5\/2015\/03\/Slide101.jpg?resize=350%2C200 1x, https:\/\/i0.wp.com\/efagundes.com\/networking\/wp-content\/uploads\/sites\/5\/2015\/03\/Slide101.jpg?resize=525%2C300 1.5x, https:\/\/i0.wp.com\/efagundes.com\/networking\/wp-content\/uploads\/sites\/5\/2015\/03\/Slide101.jpg?resize=700%2C400 2x"},"classes":[]},{"id":402,"url":"https:\/\/efagundes.com\/networking\/sistema-telefonico\/moderno-sistema-telefonico\/","url_meta":{"origin":163,"position":1},"title":"Moderno sistema telef\u00f4nico","author":"Eduardo Fagundes","date":"17\/11\/2012","format":false,"excerpt":"\u00a0 A comunica\u00e7\u00e3o via redes de pacotes como IP, ATM e Frame Relay est\u00e3o tendo a prefer\u00eancia dos planejadores de redes corporativas. Alguns especialistas afirmam que o tr\u00e1fico de dados superar\u00e1 o tr\u00e1fico de voz. Se j\u00e1 n\u00e3o ultrapassou. Atualmente, as empresas est\u00e3o avaliando o transporte de voz sobre as\u2026","rel":"","context":"Post similar","block_context":{"text":"Post similar","link":""},"img":{"alt_text":"Slide5","src":"https:\/\/i0.wp.com\/efagundes.com\/networking\/wp-content\/uploads\/sites\/5\/2015\/03\/Slide54.jpg?resize=350%2C200","width":350,"height":200,"srcset":"https:\/\/i0.wp.com\/efagundes.com\/networking\/wp-content\/uploads\/sites\/5\/2015\/03\/Slide54.jpg?resize=350%2C200 1x, https:\/\/i0.wp.com\/efagundes.com\/networking\/wp-content\/uploads\/sites\/5\/2015\/03\/Slide54.jpg?resize=525%2C300 1.5x, https:\/\/i0.wp.com\/efagundes.com\/networking\/wp-content\/uploads\/sites\/5\/2015\/03\/Slide54.jpg?resize=700%2C400 2x"},"classes":[]},{"id":281,"url":"https:\/\/efagundes.com\/networking\/fibra-optica-2\/fibras-opticas\/","url_meta":{"origin":163,"position":2},"title":"Fibras \u00d3pticas (I)","author":"Eduardo Fagundes","date":"16\/11\/2012","format":false,"excerpt":"\u00a0 A fibra \u00f3ptica \u00e9 a tecnologia mais avan\u00e7ada em uso comercial para transmiss\u00e3o de dados, atualmente. A transmiss\u00e3o de dados por fibra \u00f3ptica \u00e9 realizada pelo envio de um sinal de luz codificado, dentro do dom\u00ednio de frequ\u00eancia do infravermelho a uma velocidade de 10 a 15 MHz. O\u2026","rel":"","context":"Post similar","block_context":{"text":"Post similar","link":""},"img":{"alt_text":"Slide22","src":"https:\/\/i0.wp.com\/efagundes.com\/networking\/wp-content\/uploads\/sites\/5\/2015\/03\/Slide222.jpg?resize=350%2C200","width":350,"height":200,"srcset":"https:\/\/i0.wp.com\/efagundes.com\/networking\/wp-content\/uploads\/sites\/5\/2015\/03\/Slide222.jpg?resize=350%2C200 1x, https:\/\/i0.wp.com\/efagundes.com\/networking\/wp-content\/uploads\/sites\/5\/2015\/03\/Slide222.jpg?resize=525%2C300 1.5x, https:\/\/i0.wp.com\/efagundes.com\/networking\/wp-content\/uploads\/sites\/5\/2015\/03\/Slide222.jpg?resize=700%2C400 2x"},"classes":[]},{"id":86,"url":"https:\/\/efagundes.com\/networking\/hardware-de-rede\/redes-metropolitanas\/","url_meta":{"origin":163,"position":3},"title":"Redes metropolitanas","author":"Eduardo Fagundes","date":"16\/11\/2012","format":false,"excerpt":"Uma \"Metropolitan Area Network\" \u00e9 basicamente uma WAN com dimens\u00f5es reduzidas, geralmente faz a interliga\u00e7\u00e3o de redes locais. A \u00e1rea abrangida corresponde no m\u00e1ximo a uma cidade. S\u00e3o usadas por exemplo para interligar v\u00e1rios edif\u00edcios afins espalhados na cidade. As operadoras de telecomunica\u00e7\u00f5es tamb\u00e9m utilizam as MANs para as conex\u00f5es\u2026","rel":"","context":"Post similar","block_context":{"text":"Post similar","link":""},"img":{"alt_text":"Slide17","src":"https:\/\/i0.wp.com\/efagundes.com\/networking\/wp-content\/uploads\/sites\/5\/2015\/03\/Slide17.jpg?resize=350%2C200","width":350,"height":200,"srcset":"https:\/\/i0.wp.com\/efagundes.com\/networking\/wp-content\/uploads\/sites\/5\/2015\/03\/Slide17.jpg?resize=350%2C200 1x, https:\/\/i0.wp.com\/efagundes.com\/networking\/wp-content\/uploads\/sites\/5\/2015\/03\/Slide17.jpg?resize=525%2C300 1.5x, https:\/\/i0.wp.com\/efagundes.com\/networking\/wp-content\/uploads\/sites\/5\/2015\/03\/Slide17.jpg?resize=700%2C400 2x"},"classes":[]},{"id":91,"url":"https:\/\/efagundes.com\/networking\/lans-sem-fio\/bluetooth\/","url_meta":{"origin":163,"position":4},"title":"Bluetooth (I)","author":"Eduardo Fagundes","date":"16\/11\/2012","format":false,"excerpt":"Diferentemente dos objetivos das WLANs que s\u00e3o desenhadas para serem extens\u00e3o das redes locais, o Bluetooth tem o objetivo de substituir os cabos que conectam os perif\u00e9ricos das esta\u00e7\u00f5es de trabalho.\u00a0 O Bluetooth prov\u00ea as seguintes funcionalidades: Ponto de acesso para voz e dados Redes pessoais Substitui\u00e7\u00e3o de cabos entre\u2026","rel":"","context":"Post similar","block_context":{"text":"Post similar","link":""},"img":{"alt_text":"","src":"https:\/\/i0.wp.com\/efagundes.com\/networking\/wp-content\/uploads\/sites\/5\/2015\/03\/Slide451.jpg?resize=350%2C200","width":350,"height":200,"srcset":"https:\/\/i0.wp.com\/efagundes.com\/networking\/wp-content\/uploads\/sites\/5\/2015\/03\/Slide451.jpg?resize=350%2C200 1x, https:\/\/i0.wp.com\/efagundes.com\/networking\/wp-content\/uploads\/sites\/5\/2015\/03\/Slide451.jpg?resize=525%2C300 1.5x, https:\/\/i0.wp.com\/efagundes.com\/networking\/wp-content\/uploads\/sites\/5\/2015\/03\/Slide451.jpg?resize=700%2C400 2x"},"classes":[]},{"id":436,"url":"https:\/\/efagundes.com\/networking\/transmissao-sem-fio\/lmds\/","url_meta":{"origin":163,"position":5},"title":"LMDS","author":"Eduardo Fagundes","date":"17\/11\/2012","format":false,"excerpt":"\u00a0 A tecnologia LMDS foi desenvolvida a partir de 1986, usando como meio de transmiss\u00e3o r\u00e1dios microondas em configura\u00e7\u00e3o ponto multiponto formando c\u00e9lulas para otimizar a cobertura de uma localidade. Inicialmente a tecnologia LMDS oferecia servi\u00e7os de TV por assinatura, a partir da transmiss\u00e3o anal\u00f3gica de sinais de televis\u00e3o. Hoje,\u2026","rel":"","context":"Post similar","block_context":{"text":"Post similar","link":""},"img":{"alt_text":"Slide13","src":"https:\/\/i0.wp.com\/efagundes.com\/networking\/wp-content\/uploads\/sites\/5\/2015\/03\/Slide133.jpg?resize=350%2C200","width":350,"height":200,"srcset":"https:\/\/i0.wp.com\/efagundes.com\/networking\/wp-content\/uploads\/sites\/5\/2015\/03\/Slide133.jpg?resize=350%2C200 1x, https:\/\/i0.wp.com\/efagundes.com\/networking\/wp-content\/uploads\/sites\/5\/2015\/03\/Slide133.jpg?resize=525%2C300 1.5x, https:\/\/i0.wp.com\/efagundes.com\/networking\/wp-content\/uploads\/sites\/5\/2015\/03\/Slide133.jpg?resize=700%2C400 2x"},"classes":[]}],"jetpack_sharing_enabled":true,"_links":{"self":[{"href":"https:\/\/efagundes.com\/networking\/wp-json\/wp\/v2\/pages\/163","targetHints":{"allow":["GET"]}}],"collection":[{"href":"https:\/\/efagundes.com\/networking\/wp-json\/wp\/v2\/pages"}],"about":[{"href":"https:\/\/efagundes.com\/networking\/wp-json\/wp\/v2\/types\/page"}],"author":[{"embeddable":true,"href":"https:\/\/efagundes.com\/networking\/wp-json\/wp\/v2\/users\/1"}],"replies":[{"embeddable":true,"href":"https:\/\/efagundes.com\/networking\/wp-json\/wp\/v2\/comments?post=163"}],"version-history":[{"count":0,"href":"https:\/\/efagundes.com\/networking\/wp-json\/wp\/v2\/pages\/163\/revisions"}],"up":[{"embeddable":true,"href":"https:\/\/efagundes.com\/networking\/wp-json\/wp\/v2\/pages\/152"}],"wp:attachment":[{"href":"https:\/\/efagundes.com\/networking\/wp-json\/wp\/v2\/media?parent=163"}],"curies":[{"name":"wp","href":"https:\/\/api.w.org\/{rel}","templated":true}]}}