{"id":172,"date":"2012-11-16T21:11:26","date_gmt":"2012-11-16T23:11:26","guid":{"rendered":"http:\/\/efagundes.com\/openclass_networking\/?page_id=172"},"modified":"2022-01-16T17:50:02","modified_gmt":"2022-01-16T20:50:02","slug":"a-internet-2","status":"publish","type":"page","link":"https:\/\/efagundes.com\/networking\/redes-geograficamente-distribuidas\/a-internet-2\/","title":{"rendered":"A Internet 2"},"content":{"rendered":"<p><a href=\"https:\/\/i0.wp.com\/efagundes.com\/networking\/wp-content\/uploads\/sites\/5\/2015\/03\/Slide131.jpg\"><img data-recalc-dims=\"1\" loading=\"lazy\" decoding=\"async\" data-attachment-id=\"2367\" data-permalink=\"https:\/\/efagundes.com\/networking\/redes-geograficamente-distribuidas\/a-internet-2\/slide13-2\/\" data-orig-file=\"https:\/\/i0.wp.com\/efagundes.com\/networking\/wp-content\/uploads\/sites\/5\/2015\/03\/Slide131.jpg?fit=960%2C720&amp;ssl=1\" data-orig-size=\"960,720\" data-comments-opened=\"1\" data-image-meta=\"{&quot;aperture&quot;:&quot;0&quot;,&quot;credit&quot;:&quot;&quot;,&quot;camera&quot;:&quot;&quot;,&quot;caption&quot;:&quot;&quot;,&quot;created_timestamp&quot;:&quot;0&quot;,&quot;copyright&quot;:&quot;&quot;,&quot;focal_length&quot;:&quot;0&quot;,&quot;iso&quot;:&quot;0&quot;,&quot;shutter_speed&quot;:&quot;0&quot;,&quot;title&quot;:&quot;&quot;,&quot;orientation&quot;:&quot;0&quot;}\" data-image-title=\"Slide13\" data-image-description=\"\" data-image-caption=\"\" data-large-file=\"https:\/\/i0.wp.com\/efagundes.com\/networking\/wp-content\/uploads\/sites\/5\/2015\/03\/Slide131.jpg?fit=960%2C720&amp;ssl=1\" class=\"alignnone size-full wp-image-2367\" src=\"https:\/\/i0.wp.com\/efagundes.com\/networking\/wp-content\/uploads\/sites\/5\/2015\/03\/Slide131.jpg?resize=960%2C720\" alt=\"Slide13\" width=\"960\" height=\"720\" srcset=\"https:\/\/i0.wp.com\/efagundes.com\/networking\/wp-content\/uploads\/sites\/5\/2015\/03\/Slide131.jpg?w=960&amp;ssl=1 960w, https:\/\/i0.wp.com\/efagundes.com\/networking\/wp-content\/uploads\/sites\/5\/2015\/03\/Slide131.jpg?resize=300%2C225&amp;ssl=1 300w\" sizes=\"auto, (max-width: 960px) 100vw, 960px\" \/><\/a><\/p>\n<p>O projeto da Internet2 \u00e9 um esfor\u00e7o conjunto de mais de 200 universidades norte-americanas, agencias federais americanas e empresas do setor privado para desenvolver uma nova gera\u00e7\u00e3o de Internet para pesquisas e educa\u00e7\u00e3o, incluindo tanto servi\u00e7os de redes melhorados como aplica\u00e7\u00f5es multim\u00eddia que ser\u00e3o ativadas por estes servi\u00e7os. O trabalho \u00e9 de desenvolvimento e de colabora\u00e7\u00e3o.<\/p>\n<p>Universidades s\u00e3o especialmente qualificadas para atingir as metas da Internet2 porque elas possuem tanto a demanda para os tipos de aplica\u00e7\u00f5es que a Internet2 desenvolver\u00e1 como a provis\u00e3o de talentos necess\u00e1ria para implementar o projeto.<\/p>\n<p>Os objetivos t\u00e9cnicos da Internet2 incluem:<\/p>\n<ul>\n<li>Roteadores de capacidade muito alta, capazes de suportar links de no m\u00ednimo 622 megabits\/segundo.<\/li>\n<li>Roteadores aceitando IPv4 e IPv6, al\u00e9m de protocolos de &#8220;qualidade de servi\u00e7o&#8221; (QoS).<\/li>\n<li>Multiplexadores SONET ou ATM para habilitar a aloca\u00e7\u00e3o de capacidade aos links para diferentes servi\u00e7os tais como: envio de pacotes IP com alta seguran\u00e7a, \u00e1rea de testes para protocolos em desenvolvimento ou outras necessidades por novas iniciativas dos membros da comunidade participante.<\/li>\n<li>Controle de tr\u00e1fego e agrupamento de dados relacionados para possibilitar aos participantes da rede a defini\u00e7\u00e3o das caracter\u00edsticas de fluxo como parte do monitoramento de performance e opera\u00e7\u00e3o dos GigaPOPs (backbones).<\/li>\n<li>Manter um servi\u00e7o portador comum capaz de atender as aplica\u00e7\u00f5es novas bem como as j\u00e1 existentes.<\/li>\n<li>Passar do sistema atual de envio de pacotes (&#8220;melhor esfor\u00e7o&#8221;) para um servi\u00e7o de comunica\u00e7\u00e3o diferenciado.<\/li>\n<li>Alcan\u00e7ar uma infra-estrutura de comunica\u00e7\u00f5es avan\u00e7ada para a comunidade de educa\u00e7\u00e3o e pesquisa.<\/li>\n<\/ul>\n<p>&nbsp;<\/p>\n","protected":false},"excerpt":{"rendered":"<p>O projeto da Internet2 \u00e9 um esfor\u00e7o conjunto de mais de 200 universidades norte-americanas, agencias federais americanas e empresas do setor privado para desenvolver uma nova gera\u00e7\u00e3o de Internet para pesquisas e educa\u00e7\u00e3o, incluindo tanto servi\u00e7os de redes melhorados como aplica\u00e7\u00f5es multim\u00eddia que ser\u00e3o ativadas por estes servi\u00e7os. O trabalho \u00e9 de desenvolvimento e de [&hellip;]<\/p>\n","protected":false},"author":1,"featured_media":0,"parent":152,"menu_order":47,"comment_status":"closed","ping_status":"closed","template":"","meta":{"footnotes":""},"class_list":["post-172","page","type-page","status-publish","hentry"],"jetpack_shortlink":"https:\/\/wp.me\/P8yKGp-2M","jetpack-related-posts":[{"id":733,"url":"https:\/\/efagundes.com\/networking\/a-camada-de-rede\/servicos-oferecidos-a-camada-de-transporte\/","url_meta":{"origin":172,"position":0},"title":"Servi\u00e7os oferecidos \u00e0 camada de transporte","author":"Eduardo Fagundes","date":"18\/11\/2012","format":false,"excerpt":"Tendo definido os objetivos da camada de rede, os projetistas da camada de rede t\u00eam liberdade para escrever especifica\u00e7\u00f5es detalhadas dos servi\u00e7os a serem oferecidos \u00e0 camada de transporte. Uma discuss\u00e3o acad\u00eamica \u00e9 se a camada de rede deve fornecer servi\u00e7o orientado a conex\u00f5es ou servi\u00e7o sem conex\u00f5es. Um lado,\u2026","rel":"","context":"Post similar","block_context":{"text":"Post similar","link":""},"img":{"alt_text":"","src":"https:\/\/i0.wp.com\/efagundes.com\/networking\/wp-content\/uploads\/sites\/5\/2015\/03\/Slide77.jpg?resize=350%2C200","width":350,"height":200,"srcset":"https:\/\/i0.wp.com\/efagundes.com\/networking\/wp-content\/uploads\/sites\/5\/2015\/03\/Slide77.jpg?resize=350%2C200 1x, https:\/\/i0.wp.com\/efagundes.com\/networking\/wp-content\/uploads\/sites\/5\/2015\/03\/Slide77.jpg?resize=525%2C300 1.5x, https:\/\/i0.wp.com\/efagundes.com\/networking\/wp-content\/uploads\/sites\/5\/2015\/03\/Slide77.jpg?resize=700%2C400 2x"},"classes":[]},{"id":760,"url":"https:\/\/efagundes.com\/networking\/algoritmos-de-roteamento\/roteamento-por-multidifusao\/","url_meta":{"origin":172,"position":1},"title":"Roteamento por multidifus\u00e3o","author":"Eduardo Fagundes","date":"18\/11\/2012","format":false,"excerpt":"O roteamento por multidifus\u00e3o \u00e9 empregado em aplica\u00e7\u00f5es que funcionam reunidos em grupo; por exemplo, um grupo de processos que implementa um sistema de banco de dados distribu\u00eddos. Nessas situa\u00e7\u00f5es, muitas vezes \u00e9 necess\u00f3ario que um processo envie uma mensagem a todos os outros membro do grupo. A difus\u00e3o pode\u2026","rel":"","context":"Post similar","block_context":{"text":"Post similar","link":""},"img":{"alt_text":"","src":"https:\/\/i0.wp.com\/efagundes.com\/networking\/wp-content\/uploads\/sites\/5\/2015\/03\/Slide205.jpg?resize=350%2C200","width":350,"height":200,"srcset":"https:\/\/i0.wp.com\/efagundes.com\/networking\/wp-content\/uploads\/sites\/5\/2015\/03\/Slide205.jpg?resize=350%2C200 1x, https:\/\/i0.wp.com\/efagundes.com\/networking\/wp-content\/uploads\/sites\/5\/2015\/03\/Slide205.jpg?resize=525%2C300 1.5x, https:\/\/i0.wp.com\/efagundes.com\/networking\/wp-content\/uploads\/sites\/5\/2015\/03\/Slide205.jpg?resize=700%2C400 2x"},"classes":[]},{"id":766,"url":"https:\/\/efagundes.com\/networking\/algoritmos-de-roteamento\/aplicacoes-de-roteamento-em-redes-ad-hoc\/","url_meta":{"origin":172,"position":2},"title":"Aplica\u00e7\u00f5es de roteamento em redes ad hoc","author":"Eduardo Fagundes","date":"18\/11\/2012","format":false,"excerpt":"Al\u00e9m da problem\u00e1tica dos hosts m\u00f3veis com roteadores fixos, existe uma dificuldade adicional em redes com roteamento m\u00f3veis, conhecidas como roteamento em redes ad-hoc. Tr\u00eas de ambientes m\u00f3veis devem ser sempre consideradas quando s\u00e3o projetados algoritmos para redes ad-hoc: Inexist\u00eancia de uma entidade central Possibilidade de r\u00e1pidas mudan\u00e7as topol\u00f3gicas Todas\u2026","rel":"","context":"Post similar","block_context":{"text":"Post similar","link":""},"img":{"alt_text":"","src":"https:\/\/i0.wp.com\/efagundes.com\/networking\/wp-content\/uploads\/sites\/5\/2015\/03\/Slide235.jpg?resize=350%2C200","width":350,"height":200,"srcset":"https:\/\/i0.wp.com\/efagundes.com\/networking\/wp-content\/uploads\/sites\/5\/2015\/03\/Slide235.jpg?resize=350%2C200 1x, https:\/\/i0.wp.com\/efagundes.com\/networking\/wp-content\/uploads\/sites\/5\/2015\/03\/Slide235.jpg?resize=525%2C300 1.5x, https:\/\/i0.wp.com\/efagundes.com\/networking\/wp-content\/uploads\/sites\/5\/2015\/03\/Slide235.jpg?resize=700%2C400 2x"},"classes":[]},{"id":77,"url":"https:\/\/efagundes.com\/networking\/hardware-de-rede\/roteador-dedicado\/","url_meta":{"origin":172,"position":3},"title":"Roteador dedicado","author":"Eduardo Fagundes","date":"16\/11\/2012","format":false,"excerpt":"\u00a0 Em redes geograficamente distribu\u00eddas \u00e9 importante o conceito de roteamento. Entende-se por roteamento \u00e9 a escolha do m\u00f3dulo do n\u00f3 de origem ao n\u00f3 de destino por onde as mensagens devem transitar. Na comuta\u00e7\u00e3o de circuito, nas mensagens ou de pacote. Primeiramente estabelece uma conex\u00e3o entre n\u00f3s de origem\u2026","rel":"","context":"Post similar","block_context":{"text":"Post similar","link":""},"img":{"alt_text":"Slide13","src":"https:\/\/i0.wp.com\/efagundes.com\/networking\/wp-content\/uploads\/sites\/5\/2015\/03\/Slide13.jpg?resize=350%2C200","width":350,"height":200,"srcset":"https:\/\/i0.wp.com\/efagundes.com\/networking\/wp-content\/uploads\/sites\/5\/2015\/03\/Slide13.jpg?resize=350%2C200 1x, https:\/\/i0.wp.com\/efagundes.com\/networking\/wp-content\/uploads\/sites\/5\/2015\/03\/Slide13.jpg?resize=525%2C300 1.5x, https:\/\/i0.wp.com\/efagundes.com\/networking\/wp-content\/uploads\/sites\/5\/2015\/03\/Slide13.jpg?resize=700%2C400 2x"},"classes":[]},{"id":778,"url":"https:\/\/efagundes.com\/networking\/algoritmos-de-roteamento\/controle-de-flutuacao-jitter-control\/","url_meta":{"origin":172,"position":4},"title":"Controle de flutua\u00e7\u00e3o (Jitter Control)","author":"Eduardo Fagundes","date":"18\/11\/2012","format":false,"excerpt":"Para aplica\u00e7\u00f5es como a transmiss\u00e3o de \u00e1udio e v\u00eddeo, n\u00e3o importa muito se os pacotes demoram 20 ms ou 30 ms para serem entregues, o importante \u00e9 que o tempo em tr\u00e2nsito seja constante. A varia\u00e7\u00e3o (isto \u00e9, o desvio padr\u00e3o) nos tempos de chegada de pacotes \u00e9 chamada flutua\u00e7\u00e3o\u2026","rel":"","context":"Post similar","block_context":{"text":"Post similar","link":""},"img":{"alt_text":"","src":"https:\/\/i0.wp.com\/efagundes.com\/networking\/wp-content\/uploads\/sites\/5\/2015\/03\/Slide294.jpg?resize=350%2C200","width":350,"height":200,"srcset":"https:\/\/i0.wp.com\/efagundes.com\/networking\/wp-content\/uploads\/sites\/5\/2015\/03\/Slide294.jpg?resize=350%2C200 1x, https:\/\/i0.wp.com\/efagundes.com\/networking\/wp-content\/uploads\/sites\/5\/2015\/03\/Slide294.jpg?resize=525%2C300 1.5x, https:\/\/i0.wp.com\/efagundes.com\/networking\/wp-content\/uploads\/sites\/5\/2015\/03\/Slide294.jpg?resize=700%2C400 2x"},"classes":[]},{"id":795,"url":"https:\/\/efagundes.com\/networking\/algoritmos-de-roteamento\/mpls-multiprotocol-label-switching\/","url_meta":{"origin":172,"position":5},"title":"MPLS (MultiProtocol Label Switching)","author":"Eduardo Fagundes","date":"18\/11\/2012","format":false,"excerpt":"Enquanto a IETF estava desenvolvendo servi\u00e7os integrados e servi\u00e7os diferenciados, v\u00e1rios fabricantes de roteadores estavam desenvolvendo m\u00e9todos de encaminhamento melhores. Esse trabalho se concentrou na inclus\u00e3o de um r\u00f3tulo (label) no in\u00edcio de cada pacote e na execu\u00e7\u00e3o do roteamento baseado no r\u00f3tulo, e n\u00e3o no endere\u00e7o de destino. Fazer\u2026","rel":"","context":"Post similar","block_context":{"text":"Post similar","link":""},"img":{"alt_text":"","src":"https:\/\/i0.wp.com\/efagundes.com\/networking\/wp-content\/uploads\/sites\/5\/2015\/03\/Slide372.jpg?resize=350%2C200","width":350,"height":200,"srcset":"https:\/\/i0.wp.com\/efagundes.com\/networking\/wp-content\/uploads\/sites\/5\/2015\/03\/Slide372.jpg?resize=350%2C200 1x, https:\/\/i0.wp.com\/efagundes.com\/networking\/wp-content\/uploads\/sites\/5\/2015\/03\/Slide372.jpg?resize=525%2C300 1.5x, https:\/\/i0.wp.com\/efagundes.com\/networking\/wp-content\/uploads\/sites\/5\/2015\/03\/Slide372.jpg?resize=700%2C400 2x"},"classes":[]}],"jetpack_sharing_enabled":true,"_links":{"self":[{"href":"https:\/\/efagundes.com\/networking\/wp-json\/wp\/v2\/pages\/172","targetHints":{"allow":["GET"]}}],"collection":[{"href":"https:\/\/efagundes.com\/networking\/wp-json\/wp\/v2\/pages"}],"about":[{"href":"https:\/\/efagundes.com\/networking\/wp-json\/wp\/v2\/types\/page"}],"author":[{"embeddable":true,"href":"https:\/\/efagundes.com\/networking\/wp-json\/wp\/v2\/users\/1"}],"replies":[{"embeddable":true,"href":"https:\/\/efagundes.com\/networking\/wp-json\/wp\/v2\/comments?post=172"}],"version-history":[{"count":0,"href":"https:\/\/efagundes.com\/networking\/wp-json\/wp\/v2\/pages\/172\/revisions"}],"up":[{"embeddable":true,"href":"https:\/\/efagundes.com\/networking\/wp-json\/wp\/v2\/pages\/152"}],"wp:attachment":[{"href":"https:\/\/efagundes.com\/networking\/wp-json\/wp\/v2\/media?parent=172"}],"curies":[{"name":"wp","href":"https:\/\/api.w.org\/{rel}","templated":true}]}}