{"id":186,"date":"2012-11-16T21:23:03","date_gmt":"2012-11-16T23:23:03","guid":{"rendered":"http:\/\/efagundes.com\/openclass_networking\/?page_id=186"},"modified":"2022-01-16T17:50:05","modified_gmt":"2022-01-16T20:50:05","slug":"quem-e-quem-no-mundo-das-telecomunicacoes","status":"publish","type":"page","link":"https:\/\/efagundes.com\/networking\/quem-e-quem-no-mundo-das-telecomunicacoes\/","title":{"rendered":"Quem \u00e9 quem no mundo das telecomunica\u00e7\u00f5es"},"content":{"rendered":"<p><a href=\"https:\/\/i0.wp.com\/efagundes.com\/networking\/wp-content\/uploads\/sites\/5\/2015\/03\/Slide201.jpg\"><img data-recalc-dims=\"1\" loading=\"lazy\" decoding=\"async\" data-attachment-id=\"2374\" data-permalink=\"https:\/\/efagundes.com\/networking\/quem-e-quem-no-mundo-das-telecomunicacoes\/slide20-2\/\" data-orig-file=\"https:\/\/i0.wp.com\/efagundes.com\/networking\/wp-content\/uploads\/sites\/5\/2015\/03\/Slide201.jpg?fit=960%2C720&amp;ssl=1\" data-orig-size=\"960,720\" data-comments-opened=\"1\" data-image-meta=\"{&quot;aperture&quot;:&quot;0&quot;,&quot;credit&quot;:&quot;&quot;,&quot;camera&quot;:&quot;&quot;,&quot;caption&quot;:&quot;&quot;,&quot;created_timestamp&quot;:&quot;0&quot;,&quot;copyright&quot;:&quot;&quot;,&quot;focal_length&quot;:&quot;0&quot;,&quot;iso&quot;:&quot;0&quot;,&quot;shutter_speed&quot;:&quot;0&quot;,&quot;title&quot;:&quot;&quot;,&quot;orientation&quot;:&quot;0&quot;}\" data-image-title=\"Slide20\" data-image-description=\"\" data-image-caption=\"\" data-large-file=\"https:\/\/i0.wp.com\/efagundes.com\/networking\/wp-content\/uploads\/sites\/5\/2015\/03\/Slide201.jpg?fit=960%2C720&amp;ssl=1\" class=\"alignnone size-full wp-image-2374\" src=\"https:\/\/i0.wp.com\/efagundes.com\/networking\/wp-content\/uploads\/sites\/5\/2015\/03\/Slide201.jpg?resize=960%2C720\" alt=\"Slide20\" width=\"960\" height=\"720\" srcset=\"https:\/\/i0.wp.com\/efagundes.com\/networking\/wp-content\/uploads\/sites\/5\/2015\/03\/Slide201.jpg?w=960&amp;ssl=1 960w, https:\/\/i0.wp.com\/efagundes.com\/networking\/wp-content\/uploads\/sites\/5\/2015\/03\/Slide201.jpg?resize=300%2C225&amp;ssl=1 300w\" sizes=\"auto, (max-width: 960px) 100vw, 960px\" \/><\/a><\/p>\n<p><strong>T\u00f3picos do capitulo<\/strong><br \/>\n\n<!-- Page-list plugin v.5.9 wordpress.org\/plugins\/page-list\/ -->\n<ul class=\"page-list subpages-page-list \">\n<li class=\"page_item page-item-188\"><a href=\"https:\/\/efagundes.com\/networking\/quem-e-quem-no-mundo-das-telecomunicacoes\/uti\/\">UTI<\/a><\/li>\n<li class=\"page_item page-item-190\"><a href=\"https:\/\/efagundes.com\/networking\/quem-e-quem-no-mundo-das-telecomunicacoes\/ieee\/\">IEEE<\/a><\/li>\n<li class=\"page_item page-item-192\"><a href=\"https:\/\/efagundes.com\/networking\/quem-e-quem-no-mundo-das-telecomunicacoes\/iso\/\">ISO<\/a><\/li>\n<li class=\"page_item page-item-196\"><a href=\"https:\/\/efagundes.com\/networking\/quem-e-quem-no-mundo-das-telecomunicacoes\/anatel\/\">ANATEL<\/a><\/li>\n<li class=\"page_item page-item-194\"><a href=\"https:\/\/efagundes.com\/networking\/quem-e-quem-no-mundo-das-telecomunicacoes\/abnt\/\">ABNT<\/a><\/li>\n\n<\/ul><\/p>\n","protected":false},"excerpt":{"rendered":"<p>T\u00f3picos do capitulo<\/p>\n","protected":false},"author":1,"featured_media":0,"parent":0,"menu_order":10,"comment_status":"closed","ping_status":"closed","template":"","meta":{"footnotes":""},"class_list":["post-186","page","type-page","status-publish","hentry"],"jetpack_shortlink":"https:\/\/wp.me\/P8yKGp-30","jetpack-related-posts":[{"id":194,"url":"https:\/\/efagundes.com\/networking\/quem-e-quem-no-mundo-das-telecomunicacoes\/abnt\/","url_meta":{"origin":186,"position":0},"title":"ABNT","author":"Eduardo Fagundes","date":"16\/11\/2012","format":false,"excerpt":"","rel":"","context":"Post similar","block_context":{"text":"Post similar","link":""},"img":{"alt_text":"","src":"https:\/\/i0.wp.com\/efagundes.com.br\/networking\/wp-content\/uploads\/sites\/7\/2012\/11\/Slide241.jpg?resize=350%2C200","width":350,"height":200,"srcset":"https:\/\/i0.wp.com\/efagundes.com.br\/networking\/wp-content\/uploads\/sites\/7\/2012\/11\/Slide241.jpg?resize=350%2C200 1x, https:\/\/i0.wp.com\/efagundes.com.br\/networking\/wp-content\/uploads\/sites\/7\/2012\/11\/Slide241.jpg?resize=525%2C300 1.5x"},"classes":[]},{"id":188,"url":"https:\/\/efagundes.com\/networking\/quem-e-quem-no-mundo-das-telecomunicacoes\/uti\/","url_meta":{"origin":186,"position":1},"title":"UTI","author":"Eduardo Fagundes","date":"16\/11\/2012","format":false,"excerpt":"","rel":"","context":"Post similar","block_context":{"text":"Post similar","link":""},"img":{"alt_text":"Slide21","src":"https:\/\/i0.wp.com\/efagundes.com\/networking\/wp-content\/uploads\/sites\/5\/2015\/03\/Slide211.jpg?resize=350%2C200","width":350,"height":200,"srcset":"https:\/\/i0.wp.com\/efagundes.com\/networking\/wp-content\/uploads\/sites\/5\/2015\/03\/Slide211.jpg?resize=350%2C200 1x, https:\/\/i0.wp.com\/efagundes.com\/networking\/wp-content\/uploads\/sites\/5\/2015\/03\/Slide211.jpg?resize=525%2C300 1.5x, https:\/\/i0.wp.com\/efagundes.com\/networking\/wp-content\/uploads\/sites\/5\/2015\/03\/Slide211.jpg?resize=700%2C400 2x"},"classes":[]},{"id":190,"url":"https:\/\/efagundes.com\/networking\/quem-e-quem-no-mundo-das-telecomunicacoes\/ieee\/","url_meta":{"origin":186,"position":2},"title":"IEEE","author":"Eduardo Fagundes","date":"16\/11\/2012","format":false,"excerpt":"","rel":"","context":"Post similar","block_context":{"text":"Post similar","link":""},"img":{"alt_text":"Slide22","src":"https:\/\/i0.wp.com\/efagundes.com\/networking\/wp-content\/uploads\/sites\/5\/2015\/03\/Slide221.jpg?resize=350%2C200","width":350,"height":200,"srcset":"https:\/\/i0.wp.com\/efagundes.com\/networking\/wp-content\/uploads\/sites\/5\/2015\/03\/Slide221.jpg?resize=350%2C200 1x, https:\/\/i0.wp.com\/efagundes.com\/networking\/wp-content\/uploads\/sites\/5\/2015\/03\/Slide221.jpg?resize=525%2C300 1.5x, https:\/\/i0.wp.com\/efagundes.com\/networking\/wp-content\/uploads\/sites\/5\/2015\/03\/Slide221.jpg?resize=700%2C400 2x"},"classes":[]},{"id":192,"url":"https:\/\/efagundes.com\/networking\/quem-e-quem-no-mundo-das-telecomunicacoes\/iso\/","url_meta":{"origin":186,"position":3},"title":"ISO","author":"Eduardo Fagundes","date":"16\/11\/2012","format":false,"excerpt":"","rel":"","context":"Post similar","block_context":{"text":"Post similar","link":""},"img":{"alt_text":"Slide23","src":"https:\/\/i0.wp.com\/efagundes.com\/networking\/wp-content\/uploads\/sites\/5\/2015\/03\/Slide231.jpg?resize=350%2C200","width":350,"height":200,"srcset":"https:\/\/i0.wp.com\/efagundes.com\/networking\/wp-content\/uploads\/sites\/5\/2015\/03\/Slide231.jpg?resize=350%2C200 1x, https:\/\/i0.wp.com\/efagundes.com\/networking\/wp-content\/uploads\/sites\/5\/2015\/03\/Slide231.jpg?resize=525%2C300 1.5x, https:\/\/i0.wp.com\/efagundes.com\/networking\/wp-content\/uploads\/sites\/5\/2015\/03\/Slide231.jpg?resize=700%2C400 2x"},"classes":[]},{"id":196,"url":"https:\/\/efagundes.com\/networking\/quem-e-quem-no-mundo-das-telecomunicacoes\/anatel\/","url_meta":{"origin":186,"position":4},"title":"ANATEL","author":"Eduardo Fagundes","date":"16\/11\/2012","format":false,"excerpt":"","rel":"","context":"Post similar","block_context":{"text":"Post similar","link":""},"img":{"alt_text":"Slide25","src":"https:\/\/i0.wp.com\/efagundes.com\/networking\/wp-content\/uploads\/sites\/5\/2015\/03\/Slide251.jpg?resize=350%2C200","width":350,"height":200,"srcset":"https:\/\/i0.wp.com\/efagundes.com\/networking\/wp-content\/uploads\/sites\/5\/2015\/03\/Slide251.jpg?resize=350%2C200 1x, https:\/\/i0.wp.com\/efagundes.com\/networking\/wp-content\/uploads\/sites\/5\/2015\/03\/Slide251.jpg?resize=525%2C300 1.5x, https:\/\/i0.wp.com\/efagundes.com\/networking\/wp-content\/uploads\/sites\/5\/2015\/03\/Slide251.jpg?resize=700%2C400 2x"},"classes":[]},{"id":140,"url":"https:\/\/efagundes.com\/networking\/modelos-de-referencia\/","url_meta":{"origin":186,"position":5},"title":"Modelos de Refer\u00eancia","author":"Eduardo Fagundes","date":"16\/11\/2012","format":false,"excerpt":"O modelo OSI (Open System Interconnection) \u00e9 o padr\u00e3o ISO (International Organization for Standardization) para comunica\u00e7\u00f5es tem o prop\u00f3sito de padronizar a comunica\u00e7\u00e3o entre sistemas de processamento heterog\u00eaneos, que vem sendo utilizado em diversas aplica\u00e7\u00f5es, por v\u00e1rios organismos normativos. O modelo OSI define uma estrutura homologada internacionalmente para a implementa\u00e7\u00e3o\u2026","rel":"","context":"Post similar","block_context":{"text":"Post similar","link":""},"img":{"alt_text":"Slide1","src":"https:\/\/i0.wp.com\/efagundes.com\/networking\/wp-content\/uploads\/sites\/5\/2015\/03\/Slide110.jpg?resize=350%2C200","width":350,"height":200,"srcset":"https:\/\/i0.wp.com\/efagundes.com\/networking\/wp-content\/uploads\/sites\/5\/2015\/03\/Slide110.jpg?resize=350%2C200 1x, https:\/\/i0.wp.com\/efagundes.com\/networking\/wp-content\/uploads\/sites\/5\/2015\/03\/Slide110.jpg?resize=525%2C300 1.5x, https:\/\/i0.wp.com\/efagundes.com\/networking\/wp-content\/uploads\/sites\/5\/2015\/03\/Slide110.jpg?resize=700%2C400 2x"},"classes":[]}],"jetpack_sharing_enabled":true,"_links":{"self":[{"href":"https:\/\/efagundes.com\/networking\/wp-json\/wp\/v2\/pages\/186","targetHints":{"allow":["GET"]}}],"collection":[{"href":"https:\/\/efagundes.com\/networking\/wp-json\/wp\/v2\/pages"}],"about":[{"href":"https:\/\/efagundes.com\/networking\/wp-json\/wp\/v2\/types\/page"}],"author":[{"embeddable":true,"href":"https:\/\/efagundes.com\/networking\/wp-json\/wp\/v2\/users\/1"}],"replies":[{"embeddable":true,"href":"https:\/\/efagundes.com\/networking\/wp-json\/wp\/v2\/comments?post=186"}],"version-history":[{"count":0,"href":"https:\/\/efagundes.com\/networking\/wp-json\/wp\/v2\/pages\/186\/revisions"}],"wp:attachment":[{"href":"https:\/\/efagundes.com\/networking\/wp-json\/wp\/v2\/media?parent=186"}],"curies":[{"name":"wp","href":"https:\/\/api.w.org\/{rel}","templated":true}]}}