{"id":240,"date":"2012-11-16T21:42:58","date_gmt":"2012-11-16T23:42:58","guid":{"rendered":"http:\/\/efagundes.com\/openclass_networking\/?page_id=240"},"modified":"2022-01-16T17:50:08","modified_gmt":"2022-01-16T20:50:08","slug":"sinais-limitados-pela-largura-de-banda-i","status":"publish","type":"page","link":"https:\/\/efagundes.com\/networking\/teoria-da-transmissao-e-meios-magneticos\/sinais-limitados-pela-largura-de-banda-i\/","title":{"rendered":"Sinais limitados pela largura de banda (I)"},"content":{"rendered":"<p><a href=\"https:\/\/i0.wp.com\/efagundes.com\/networking\/wp-content\/uploads\/sites\/5\/2015\/03\/Slide32.jpg\"><img data-recalc-dims=\"1\" loading=\"lazy\" decoding=\"async\" data-attachment-id=\"2390\" data-permalink=\"https:\/\/efagundes.com\/networking\/teoria-da-transmissao-e-meios-magneticos\/sinais-limitados-pela-largura-de-banda-ii\/slide3-3\/\" data-orig-file=\"https:\/\/i0.wp.com\/efagundes.com\/networking\/wp-content\/uploads\/sites\/5\/2015\/03\/Slide32.jpg?fit=960%2C720&amp;ssl=1\" data-orig-size=\"960,720\" data-comments-opened=\"1\" data-image-meta=\"{&quot;aperture&quot;:&quot;0&quot;,&quot;credit&quot;:&quot;&quot;,&quot;camera&quot;:&quot;&quot;,&quot;caption&quot;:&quot;&quot;,&quot;created_timestamp&quot;:&quot;0&quot;,&quot;copyright&quot;:&quot;&quot;,&quot;focal_length&quot;:&quot;0&quot;,&quot;iso&quot;:&quot;0&quot;,&quot;shutter_speed&quot;:&quot;0&quot;,&quot;title&quot;:&quot;&quot;,&quot;orientation&quot;:&quot;0&quot;}\" data-image-title=\"Slide3\" data-image-description=\"\" data-image-caption=\"\" data-large-file=\"https:\/\/i0.wp.com\/efagundes.com\/networking\/wp-content\/uploads\/sites\/5\/2015\/03\/Slide32.jpg?fit=960%2C720&amp;ssl=1\" class=\"alignnone size-full wp-image-2390\" src=\"https:\/\/i0.wp.com\/efagundes.com\/networking\/wp-content\/uploads\/sites\/5\/2015\/03\/Slide32.jpg?resize=960%2C720\" alt=\"Slide3\" width=\"960\" height=\"720\" srcset=\"https:\/\/i0.wp.com\/efagundes.com\/networking\/wp-content\/uploads\/sites\/5\/2015\/03\/Slide32.jpg?w=960&amp;ssl=1 960w, https:\/\/i0.wp.com\/efagundes.com\/networking\/wp-content\/uploads\/sites\/5\/2015\/03\/Slide32.jpg?resize=300%2C225&amp;ssl=1 300w\" sizes=\"auto, (max-width: 960px) 100vw, 960px\" \/><\/a><\/p>\n<p>Nenhum recurso de transmiss\u00e3o \u00e9 capaz de transmitir sinais sem perder parte da energia no processo. Se todos os coeficientes da s\u00e9rie de Fourier fossem igualmente reduzidos, o sinal resultante seria reduzido em amplitude, mas n\u00e3o seria distorcido. Entretanto, todos os meios de transmiss\u00e3o reduzem os componentes de Fourier ocasionando uma distor\u00e7\u00e3o no sinal. Normalmente, as amplitudes s\u00e3o transmitidas sem redu\u00e7\u00e3o, de 0 at\u00e9 alguma freq\u00fc\u00eancia f<sub>c<\/sub>, medida em ciclos por segundo ou Hertz (Hz). Freq\u00fc\u00eancias acima da chamada freq\u00fc\u00eancia de corte (cutoff frequency) s\u00e3o atenuadas. A faixa de freq\u00fc\u00eancias transmitidas sem atenua\u00e7\u00e3o s\u00e3o conhecidas como largura de banda. Na pr\u00e1tica, o corte n\u00e3o \u00e9 n\u00edtido.<\/p>\n<p>A largura de banda depende da constru\u00e7\u00e3o, espessura e comprimento do meio de transmiss\u00e3o. Em alguns casos existe uma limita\u00e7\u00e3o proposital da largura de banda para os clientes. Um exemplo \u00e9 a limita\u00e7\u00e3o imposta as linhas telef\u00f4nicas que podem operar em 1MHz em dist\u00e2ncias curtas, por\u00e9m s\u00e3o limitadas em 3.100Hz, suficiente apenas para a transmiss\u00e3o de voz.<\/p>\n<p>Vamos analisar como seria o sinal da figura (a) se a largura de banda fosse t\u00e3o baixa que apenas as freq\u00fc\u00eancias mais baixas fossem transmitidas. A figura (b) mostra o sinal resultante de um canal pelo qual apenas o primeiro harm\u00f4nico pode passar. A mesma situa\u00e7\u00e3o para a figura (c ) e as figuras do pr\u00f3xima p\u00e1gina (d) e (e) que mostra os espectros e as fun\u00e7\u00f5es reconstru\u00eddas para canais com uma largura de banda mais alta.<\/p>\n<p>Dada uma taxa de bits igual a b bits\/s, o tempo necess\u00e1rio para o envio de 8 bits, um bit de cada vez, \u00e9 8\/b segundos. Sendo assim, a freq\u00fc\u00eancia do primeiro harm\u00f4nico \u00e9 b\/8 Hz. Uma linha telef\u00f4nica tem uma freq\u00fc\u00eancia de corte de 3.000Hz. Para essa largura de banda o n\u00famero do harm\u00f4nico mais alto transmitido \u00e9 aproximadamente 3.000\/(b\/8) ou 24.000\/b, aproximadamente.<\/p>\n<p>&nbsp;<\/p>\n","protected":false},"excerpt":{"rendered":"<p>Nenhum recurso de transmiss\u00e3o \u00e9 capaz de transmitir sinais sem perder parte da energia no processo. Se todos os coeficientes da s\u00e9rie de Fourier fossem igualmente reduzidos, o sinal resultante seria reduzido em amplitude, mas n\u00e3o seria distorcido. Entretanto, todos os meios de transmiss\u00e3o reduzem os componentes de Fourier ocasionando uma distor\u00e7\u00e3o no sinal. Normalmente, [&hellip;]<\/p>\n","protected":false},"author":1,"featured_media":0,"parent":533,"menu_order":2,"comment_status":"closed","ping_status":"open","template":"","meta":{"footnotes":""},"class_list":["post-240","page","type-page","status-publish","hentry"],"jetpack_shortlink":"https:\/\/wp.me\/P8yKGp-3S","jetpack-related-posts":[{"id":335,"url":"https:\/\/efagundes.com\/networking\/transmissao-sem-fio\/o-espectro-eletromagnetico-ii\/","url_meta":{"origin":240,"position":0},"title":"O espectro eletromagn\u00e9tico (II)","author":"Eduardo Fagundes","date":"16\/11\/2012","format":false,"excerpt":"\u00a0 A quantidade de informa\u00e7\u00e3o que uma onda eletromagn\u00e9tica pode transportar \u00e9 relacionada \u00e0 sua largura de banda. Com a tecnologia atual, \u00e9 poss\u00edvel codificar alguns bits por Hz em frequ\u00eancias baixas, mas em altas frequ\u00eancias pode-se codificar cerca de 40 bits, assim, um cabo de 500MHz transporta v\u00e1rios gigabits\/s.\u2026","rel":"","context":"Post similar","block_context":{"text":"Post similar","link":""},"img":{"alt_text":"Slide4","src":"https:\/\/i0.wp.com\/efagundes.com\/networking\/wp-content\/uploads\/sites\/5\/2015\/03\/Slide43.jpg?resize=350%2C200","width":350,"height":200,"srcset":"https:\/\/i0.wp.com\/efagundes.com\/networking\/wp-content\/uploads\/sites\/5\/2015\/03\/Slide43.jpg?resize=350%2C200 1x, https:\/\/i0.wp.com\/efagundes.com\/networking\/wp-content\/uploads\/sites\/5\/2015\/03\/Slide43.jpg?resize=525%2C300 1.5x, https:\/\/i0.wp.com\/efagundes.com\/networking\/wp-content\/uploads\/sites\/5\/2015\/03\/Slide43.jpg?resize=700%2C400 2x"},"classes":[]},{"id":345,"url":"https:\/\/efagundes.com\/networking\/transmissao-sem-fio\/radio-digital\/","url_meta":{"origin":240,"position":1},"title":"R\u00e1dio Digital","author":"Eduardo Fagundes","date":"16\/11\/2012","format":false,"excerpt":"\u00a0 Usa ondas eletromagn\u00e9ticas (r\u00e1dio ou infravermelho) para transmitir informa\u00e7\u00e3o de um ponto a outro, sem necessitar de alguma uma conex\u00e3o f\u00edsica. Ondas de r\u00e1dio s\u00e3o geralmente referidas como portadoras de r\u00e1dio porque simplesmente fazem a fun\u00e7\u00e3o de entregar energia para um receptor remoto. O dado a ser transmitido \u00e9\u2026","rel":"","context":"Post similar","block_context":{"text":"Post similar","link":""},"img":{"alt_text":"Slide9","src":"https:\/\/i0.wp.com\/efagundes.com\/networking\/wp-content\/uploads\/sites\/5\/2015\/03\/Slide93.jpg?resize=350%2C200","width":350,"height":200,"srcset":"https:\/\/i0.wp.com\/efagundes.com\/networking\/wp-content\/uploads\/sites\/5\/2015\/03\/Slide93.jpg?resize=350%2C200 1x, https:\/\/i0.wp.com\/efagundes.com\/networking\/wp-content\/uploads\/sites\/5\/2015\/03\/Slide93.jpg?resize=525%2C300 1.5x, https:\/\/i0.wp.com\/efagundes.com\/networking\/wp-content\/uploads\/sites\/5\/2015\/03\/Slide93.jpg?resize=700%2C400 2x"},"classes":[]},{"id":249,"url":"https:\/\/efagundes.com\/networking\/teoria-da-transmissao-e-meios-magneticos\/relacao-entre-as-taxas-de-dados-e-as-harmonicas\/","url_meta":{"origin":240,"position":2},"title":"Rela\u00e7\u00e3o entre as taxas de dados e as harm\u00f4nicas","author":"Eduardo Fagundes","date":"16\/11\/2012","format":false,"excerpt":"\u00a0 Para certas taxas de dados, os n\u00fameros funcionam de acordo com o padr\u00e3o mostrado na tabela acima. Os n\u00fameros deixam claro que, quando se tenta fazer uma transmiss\u00e3o de 9.600bps usando uma linha telef\u00f4nica com restri\u00e7\u00f5es de largura de banda, modelo sugerido na figura (a) assume a forma mostrada\u2026","rel":"","context":"Post similar","block_context":{"text":"Post similar","link":""},"img":{"alt_text":"Slide6","src":"https:\/\/i0.wp.com\/efagundes.com\/networking\/wp-content\/uploads\/sites\/5\/2015\/03\/Slide62.jpg?resize=350%2C200","width":350,"height":200,"srcset":"https:\/\/i0.wp.com\/efagundes.com\/networking\/wp-content\/uploads\/sites\/5\/2015\/03\/Slide62.jpg?resize=350%2C200 1x, https:\/\/i0.wp.com\/efagundes.com\/networking\/wp-content\/uploads\/sites\/5\/2015\/03\/Slide62.jpg?resize=525%2C300 1.5x, https:\/\/i0.wp.com\/efagundes.com\/networking\/wp-content\/uploads\/sites\/5\/2015\/03\/Slide62.jpg?resize=700%2C400 2x"},"classes":[]},{"id":255,"url":"https:\/\/efagundes.com\/networking\/teoria-da-transmissao-e-meios-magneticos\/taxa-de-dados-maxima-de-um-canal-ii\/","url_meta":{"origin":240,"position":3},"title":"Taxa de dados m\u00e1xima de um canal (II)","author":"Eduardo Fagundes","date":"16\/11\/2012","format":false,"excerpt":"\u00a0 Todos os canais de transmiss\u00e3o de qualquer interesse pr\u00e1tico tem uma largura de banda de frequ\u00eancia limitada. As limita\u00e7\u00f5es surgem das propriedades f\u00edsicas do canal ou de limita\u00e7\u00f5es deliberadas na largura de banda para evitar interfer\u00eancia de outras fontes. Principalmente por raz\u00f5es econ\u00f4micas, a maioria dos sistemas de comunica\u00e7\u00e3o\u2026","rel":"","context":"Post similar","block_context":{"text":"Post similar","link":""},"img":{"alt_text":"Slide9","src":"https:\/\/i0.wp.com\/efagundes.com\/networking\/wp-content\/uploads\/sites\/5\/2015\/03\/Slide92.jpg?resize=350%2C200","width":350,"height":200,"srcset":"https:\/\/i0.wp.com\/efagundes.com\/networking\/wp-content\/uploads\/sites\/5\/2015\/03\/Slide92.jpg?resize=350%2C200 1x, https:\/\/i0.wp.com\/efagundes.com\/networking\/wp-content\/uploads\/sites\/5\/2015\/03\/Slide92.jpg?resize=525%2C300 1.5x, https:\/\/i0.wp.com\/efagundes.com\/networking\/wp-content\/uploads\/sites\/5\/2015\/03\/Slide92.jpg?resize=700%2C400 2x"},"classes":[]},{"id":253,"url":"https:\/\/efagundes.com\/networking\/teoria-da-transmissao-e-meios-magneticos\/frequencias-de-amostragem\/","url_meta":{"origin":240,"position":4},"title":"Frequ\u00eancias de amostragem","author":"Eduardo Fagundes","date":"16\/11\/2012","format":false,"excerpt":"\u00a0 O circuito que permite amostrar o sinal \u00e9 uma simples chave que se fecha por um brev\u00edssimo instante, na cadencia da freq\u00fc\u00eancia de amostragem. Por ex. se a frequ\u00eancia de amostragem for de 8 kHz, a chave se fecha 8000 vezes por segundo, ou seja, a cada 125 micro\u2026","rel":"","context":"Post similar","block_context":{"text":"Post similar","link":""},"img":{"alt_text":"Slide8","src":"https:\/\/i0.wp.com\/efagundes.com\/networking\/wp-content\/uploads\/sites\/5\/2015\/03\/Slide82.jpg?resize=350%2C200","width":350,"height":200,"srcset":"https:\/\/i0.wp.com\/efagundes.com\/networking\/wp-content\/uploads\/sites\/5\/2015\/03\/Slide82.jpg?resize=350%2C200 1x, https:\/\/i0.wp.com\/efagundes.com\/networking\/wp-content\/uploads\/sites\/5\/2015\/03\/Slide82.jpg?resize=525%2C300 1.5x, https:\/\/i0.wp.com\/efagundes.com\/networking\/wp-content\/uploads\/sites\/5\/2015\/03\/Slide82.jpg?resize=700%2C400 2x"},"classes":[]},{"id":242,"url":"https:\/\/efagundes.com\/networking\/teoria-da-transmissao-e-meios-magneticos\/sinais-limitados-pela-largura-de-banda-ii\/","url_meta":{"origin":240,"position":5},"title":"Sinais limitados pela largura de banda (II)","author":"Eduardo Fagundes","date":"16\/11\/2012","format":false,"excerpt":"","rel":"","context":"Post similar","block_context":{"text":"Post similar","link":""},"img":{"alt_text":"Slide4","src":"https:\/\/i0.wp.com\/efagundes.com\/networking\/wp-content\/uploads\/sites\/5\/2015\/03\/Slide42.jpg?resize=350%2C200","width":350,"height":200,"srcset":"https:\/\/i0.wp.com\/efagundes.com\/networking\/wp-content\/uploads\/sites\/5\/2015\/03\/Slide42.jpg?resize=350%2C200 1x, https:\/\/i0.wp.com\/efagundes.com\/networking\/wp-content\/uploads\/sites\/5\/2015\/03\/Slide42.jpg?resize=525%2C300 1.5x, https:\/\/i0.wp.com\/efagundes.com\/networking\/wp-content\/uploads\/sites\/5\/2015\/03\/Slide42.jpg?resize=700%2C400 2x"},"classes":[]}],"jetpack_sharing_enabled":true,"_links":{"self":[{"href":"https:\/\/efagundes.com\/networking\/wp-json\/wp\/v2\/pages\/240","targetHints":{"allow":["GET"]}}],"collection":[{"href":"https:\/\/efagundes.com\/networking\/wp-json\/wp\/v2\/pages"}],"about":[{"href":"https:\/\/efagundes.com\/networking\/wp-json\/wp\/v2\/types\/page"}],"author":[{"embeddable":true,"href":"https:\/\/efagundes.com\/networking\/wp-json\/wp\/v2\/users\/1"}],"replies":[{"embeddable":true,"href":"https:\/\/efagundes.com\/networking\/wp-json\/wp\/v2\/comments?post=240"}],"version-history":[{"count":0,"href":"https:\/\/efagundes.com\/networking\/wp-json\/wp\/v2\/pages\/240\/revisions"}],"up":[{"embeddable":true,"href":"https:\/\/efagundes.com\/networking\/wp-json\/wp\/v2\/pages\/533"}],"wp:attachment":[{"href":"https:\/\/efagundes.com\/networking\/wp-json\/wp\/v2\/media?parent=240"}],"curies":[{"name":"wp","href":"https:\/\/api.w.org\/{rel}","templated":true}]}}