{"id":261,"date":"2012-11-16T22:02:44","date_gmt":"2012-11-17T00:02:44","guid":{"rendered":"http:\/\/efagundes.com\/openclass_networking\/?page_id=261"},"modified":"2022-01-16T17:50:10","modified_gmt":"2022-01-16T20:50:10","slug":"par-trancado","status":"publish","type":"page","link":"https:\/\/efagundes.com\/networking\/meios-magneticos\/par-trancado\/","title":{"rendered":"Par tran\u00e7ado (I)"},"content":{"rendered":"<p><a href=\"https:\/\/i0.wp.com\/efagundes.com\/networking\/wp-content\/uploads\/sites\/5\/2015\/03\/Slide113.jpg\"><img data-recalc-dims=\"1\" loading=\"lazy\" decoding=\"async\" data-attachment-id=\"2398\" data-permalink=\"https:\/\/efagundes.com\/networking\/meios-magneticos\/par-trancado\/slide11-3\/\" data-orig-file=\"https:\/\/i0.wp.com\/efagundes.com\/networking\/wp-content\/uploads\/sites\/5\/2015\/03\/Slide113.jpg?fit=960%2C720&amp;ssl=1\" data-orig-size=\"960,720\" data-comments-opened=\"1\" data-image-meta=\"{&quot;aperture&quot;:&quot;0&quot;,&quot;credit&quot;:&quot;&quot;,&quot;camera&quot;:&quot;&quot;,&quot;caption&quot;:&quot;&quot;,&quot;created_timestamp&quot;:&quot;0&quot;,&quot;copyright&quot;:&quot;&quot;,&quot;focal_length&quot;:&quot;0&quot;,&quot;iso&quot;:&quot;0&quot;,&quot;shutter_speed&quot;:&quot;0&quot;,&quot;title&quot;:&quot;&quot;,&quot;orientation&quot;:&quot;0&quot;}\" data-image-title=\"Slide11\" data-image-description=\"\" data-image-caption=\"\" data-large-file=\"https:\/\/i0.wp.com\/efagundes.com\/networking\/wp-content\/uploads\/sites\/5\/2015\/03\/Slide113.jpg?fit=960%2C720&amp;ssl=1\" class=\"alignnone size-full wp-image-2398\" src=\"https:\/\/i0.wp.com\/efagundes.com\/networking\/wp-content\/uploads\/sites\/5\/2015\/03\/Slide113.jpg?resize=960%2C720\" alt=\"Slide11\" width=\"960\" height=\"720\" srcset=\"https:\/\/i0.wp.com\/efagundes.com\/networking\/wp-content\/uploads\/sites\/5\/2015\/03\/Slide113.jpg?w=960&amp;ssl=1 960w, https:\/\/i0.wp.com\/efagundes.com\/networking\/wp-content\/uploads\/sites\/5\/2015\/03\/Slide113.jpg?resize=300%2C225&amp;ssl=1 300w\" sizes=\"auto, (max-width: 960px) 100vw, 960px\" \/><\/a>Esse tipo de cabo tornou-se muito usado devido a falta de flexibilidade de outros cabos e por causa da necessidade de se ter um meio f\u00edsico que conseguisse uma taxa de transmiss\u00e3o alta e mais r\u00e1pida. Os cabos de par tran\u00e7ado possuem dois ou mais fios entrela\u00e7ados em forma de espiral e, por isso, reduzem o ru\u00eddo e mant\u00e9m constante as propriedades el\u00e9tricas do meio, em todo o seu comprimento.<\/p>\n<p>A desvantagem deste tipo de cabo, que pode ter transmiss\u00e3o tanto anal\u00f3gica quanto digital, \u00e9 sua suscetibilidade \u00e0s interfer\u00eancias a ru\u00eddos (eletromagn\u00e9ticos e radiofreq\u00fc\u00eancia). Esses efeitos podem, entretanto, ser minimizados com blindagem adequada. Vale destacar que v\u00e1rias empresas j\u00e1 perceberam que, em sistemas de baixa freq\u00fc\u00eancia, a imunidade a ru\u00eddos \u00e9 t\u00e3o boa quanto a do cabo coaxial.<\/p>\n<p>O cabo de par tran\u00e7ado \u00e9 o meio de transmiss\u00e3o de menor custo por comprimento no mercado. A liga\u00e7\u00e3o de n\u00f3s ao cabo \u00e9 tamb\u00e9m extremamente simples e de baixo custo. Esse cabo se adapta muito bem \u00e0s redes com topologia em estrela, onde as taxas de dados mais elevadas permitidas por ele e pela fibra \u00f3ptica ultrapassam, e muito, a capacidade das chaves dispon\u00edveis com a tecnologia atual.<\/p>\n<p>&nbsp;<\/p>\n","protected":false},"excerpt":{"rendered":"<p>Esse tipo de cabo tornou-se muito usado devido a falta de flexibilidade de outros cabos e por causa da necessidade de se ter um meio f\u00edsico que conseguisse uma taxa de transmiss\u00e3o alta e mais r\u00e1pida. Os cabos de par tran\u00e7ado possuem dois ou mais fios entrela\u00e7ados em forma de espiral e, por isso, reduzem [&hellip;]<\/p>\n","protected":false},"author":1,"featured_media":0,"parent":259,"menu_order":66,"comment_status":"closed","ping_status":"closed","template":"","meta":{"footnotes":""},"class_list":["post-261","page","type-page","status-publish","hentry"],"jetpack_shortlink":"https:\/\/wp.me\/P8yKGp-4d","jetpack-related-posts":[{"id":281,"url":"https:\/\/efagundes.com\/networking\/fibra-optica-2\/fibras-opticas\/","url_meta":{"origin":261,"position":0},"title":"Fibras \u00d3pticas (I)","author":"Eduardo Fagundes","date":"16\/11\/2012","format":false,"excerpt":"\u00a0 A fibra \u00f3ptica \u00e9 a tecnologia mais avan\u00e7ada em uso comercial para transmiss\u00e3o de dados, atualmente. A transmiss\u00e3o de dados por fibra \u00f3ptica \u00e9 realizada pelo envio de um sinal de luz codificado, dentro do dom\u00ednio de frequ\u00eancia do infravermelho a uma velocidade de 10 a 15 MHz. O\u2026","rel":"","context":"Post similar","block_context":{"text":"Post similar","link":""},"img":{"alt_text":"Slide22","src":"https:\/\/i0.wp.com\/efagundes.com\/networking\/wp-content\/uploads\/sites\/5\/2015\/03\/Slide222.jpg?resize=350%2C200","width":350,"height":200,"srcset":"https:\/\/i0.wp.com\/efagundes.com\/networking\/wp-content\/uploads\/sites\/5\/2015\/03\/Slide222.jpg?resize=350%2C200 1x, https:\/\/i0.wp.com\/efagundes.com\/networking\/wp-content\/uploads\/sites\/5\/2015\/03\/Slide222.jpg?resize=525%2C300 1.5x, https:\/\/i0.wp.com\/efagundes.com\/networking\/wp-content\/uploads\/sites\/5\/2015\/03\/Slide222.jpg?resize=700%2C400 2x"},"classes":[]},{"id":273,"url":"https:\/\/efagundes.com\/networking\/meios-magneticos\/cabo-coaxial-de-banda-basica\/","url_meta":{"origin":261,"position":1},"title":"Cabo coaxial de banda b\u00e1sica","author":"Eduardo Fagundes","date":"16\/11\/2012","format":false,"excerpt":"O primeiro tipo de cabeamento no mercado. H\u00e1 alguns anos, esse cabo era o muito utilizado para a conex\u00e3o de computadores. At\u00e9 hoje existem v\u00e1rios tipos de cabos coaxiais, cada um com suas caracter\u00edsticas espec\u00edficas. Alguns s\u00e3o melhores para transmiss\u00e3o em alta frequ\u00eancia, outros tem atenua\u00e7\u00e3o mais baixa, e outros\u2026","rel":"","context":"Post similar","block_context":{"text":"Post similar","link":""},"img":{"alt_text":"Slide17","src":"https:\/\/i0.wp.com\/efagundes.com\/networking\/wp-content\/uploads\/sites\/5\/2015\/03\/Slide172.jpg?resize=350%2C200","width":350,"height":200,"srcset":"https:\/\/i0.wp.com\/efagundes.com\/networking\/wp-content\/uploads\/sites\/5\/2015\/03\/Slide172.jpg?resize=350%2C200 1x, https:\/\/i0.wp.com\/efagundes.com\/networking\/wp-content\/uploads\/sites\/5\/2015\/03\/Slide172.jpg?resize=525%2C300 1.5x, https:\/\/i0.wp.com\/efagundes.com\/networking\/wp-content\/uploads\/sites\/5\/2015\/03\/Slide172.jpg?resize=700%2C400 2x"},"classes":[]},{"id":75,"url":"https:\/\/efagundes.com\/networking\/hardware-de-rede\/ethernet-em-par-trancado\/","url_meta":{"origin":261,"position":2},"title":"Ethernet em par-tran\u00e7ado","author":"Eduardo Fagundes","date":"16\/11\/2012","format":false,"excerpt":"O cabo de par tran\u00e7ado \u00e9 composto por pares de fios, sendo que cada par \u00e9 isolado do outro e todos s\u00e3o tran\u00e7ados juntos dentro de uma cobertura externa. N\u00e3o h\u00e1 uma blindagem f\u00edsica na cabo UTP; ele obt\u00e9m sua prote\u00e7\u00e3o pelo efeito de cancelamento m\u00fatuo dos campos eletromagn\u00e9ticos devido\u2026","rel":"","context":"Post similar","block_context":{"text":"Post similar","link":""},"img":{"alt_text":"Slide12","src":"https:\/\/i0.wp.com\/efagundes.com\/networking\/wp-content\/uploads\/sites\/5\/2015\/03\/Slide12.jpg?resize=350%2C200","width":350,"height":200,"srcset":"https:\/\/i0.wp.com\/efagundes.com\/networking\/wp-content\/uploads\/sites\/5\/2015\/03\/Slide12.jpg?resize=350%2C200 1x, https:\/\/i0.wp.com\/efagundes.com\/networking\/wp-content\/uploads\/sites\/5\/2015\/03\/Slide12.jpg?resize=525%2C300 1.5x, https:\/\/i0.wp.com\/efagundes.com\/networking\/wp-content\/uploads\/sites\/5\/2015\/03\/Slide12.jpg?resize=700%2C400 2x"},"classes":[]},{"id":263,"url":"https:\/\/efagundes.com\/networking\/meios-magneticos\/par-trancado-ii\/","url_meta":{"origin":261,"position":3},"title":"Par tran\u00e7ado (II)","author":"Eduardo Fagundes","date":"16\/11\/2012","format":false,"excerpt":"\u00a0 O padr\u00e3o dos cabos foi definido pelo Comit\u00ea de normaliza\u00e7\u00e3o Internacional\u00a0 IEEE formado pelas empresas americanas Electrical Industrial American EIA, e as Telecomunications Industrial American TIA, se uniram no intuito de pesquisar e produzir um meio de comunica\u00e7\u00e3o eficiente e seguro para as redes de computadores, desenvolvendo o Standard\u2026","rel":"","context":"Post similar","block_context":{"text":"Post similar","link":""},"img":{"alt_text":"Slide12","src":"https:\/\/i0.wp.com\/efagundes.com\/networking\/wp-content\/uploads\/sites\/5\/2015\/03\/Slide122.jpg?resize=350%2C200","width":350,"height":200,"srcset":"https:\/\/i0.wp.com\/efagundes.com\/networking\/wp-content\/uploads\/sites\/5\/2015\/03\/Slide122.jpg?resize=350%2C200 1x, https:\/\/i0.wp.com\/efagundes.com\/networking\/wp-content\/uploads\/sites\/5\/2015\/03\/Slide122.jpg?resize=525%2C300 1.5x, https:\/\/i0.wp.com\/efagundes.com\/networking\/wp-content\/uploads\/sites\/5\/2015\/03\/Slide122.jpg?resize=700%2C400 2x"},"classes":[]},{"id":265,"url":"https:\/\/efagundes.com\/networking\/meios-magneticos\/twisted-pair-ethernet\/","url_meta":{"origin":261,"position":4},"title":"Twisted Pair Ethernet","author":"Eduardo Fagundes","date":"16\/11\/2012","format":false,"excerpt":"\u00a0 100 Base-T Fast Ethernet Este padr\u00e3o mant\u00e9m as principais caracter\u00edsticas do padr\u00e3o Ethernet 10Mbit\/s, tais como o formato do frame, a quantidade de dados que um frame pode carregar, e o mecanismo de controle de acesso ao meio, diferenciando do padr\u00e3o original apenas na velocidade de transmiss\u00e3o dos pacotes,\u2026","rel":"","context":"Com 1 coment\u00e1rio","block_context":{"text":"Com 1 coment\u00e1rio","link":"https:\/\/efagundes.com\/networking\/meios-magneticos\/twisted-pair-ethernet\/#comments"},"img":{"alt_text":"Slide13","src":"https:\/\/i0.wp.com\/efagundes.com\/networking\/wp-content\/uploads\/sites\/5\/2015\/03\/Slide132.jpg?resize=350%2C200","width":350,"height":200,"srcset":"https:\/\/i0.wp.com\/efagundes.com\/networking\/wp-content\/uploads\/sites\/5\/2015\/03\/Slide132.jpg?resize=350%2C200 1x, https:\/\/i0.wp.com\/efagundes.com\/networking\/wp-content\/uploads\/sites\/5\/2015\/03\/Slide132.jpg?resize=525%2C300 1.5x, https:\/\/i0.wp.com\/efagundes.com\/networking\/wp-content\/uploads\/sites\/5\/2015\/03\/Slide132.jpg?resize=700%2C400 2x"},"classes":[]},{"id":73,"url":"https:\/\/efagundes.com\/networking\/hardware-de-rede\/internet-em-cabo-coaxial\/","url_meta":{"origin":261,"position":5},"title":"Internet em cabo coaxial","author":"Eduardo Fagundes","date":"16\/11\/2012","format":false,"excerpt":"O cabo coaxial consiste em um fio de cobre esticado na parte central envolvido por material isolante. O isolante \u00e9 envolvido por uma malha condutora cil\u00edndrica entrela\u00e7ada. O condutor externo \u00e9 coberto por uma camada pl\u00e1stica protetora. A constru\u00e7\u00e3o e a blindagem do cabo oferecem uma boa combina\u00e7\u00e3o de alta\u2026","rel":"","context":"Post similar","block_context":{"text":"Post similar","link":""},"img":{"alt_text":"Slide11","src":"https:\/\/i0.wp.com\/efagundes.com\/networking\/wp-content\/uploads\/sites\/5\/2015\/03\/Slide11.jpg?resize=350%2C200","width":350,"height":200,"srcset":"https:\/\/i0.wp.com\/efagundes.com\/networking\/wp-content\/uploads\/sites\/5\/2015\/03\/Slide11.jpg?resize=350%2C200 1x, https:\/\/i0.wp.com\/efagundes.com\/networking\/wp-content\/uploads\/sites\/5\/2015\/03\/Slide11.jpg?resize=525%2C300 1.5x, https:\/\/i0.wp.com\/efagundes.com\/networking\/wp-content\/uploads\/sites\/5\/2015\/03\/Slide11.jpg?resize=700%2C400 2x"},"classes":[]}],"jetpack_sharing_enabled":true,"_links":{"self":[{"href":"https:\/\/efagundes.com\/networking\/wp-json\/wp\/v2\/pages\/261","targetHints":{"allow":["GET"]}}],"collection":[{"href":"https:\/\/efagundes.com\/networking\/wp-json\/wp\/v2\/pages"}],"about":[{"href":"https:\/\/efagundes.com\/networking\/wp-json\/wp\/v2\/types\/page"}],"author":[{"embeddable":true,"href":"https:\/\/efagundes.com\/networking\/wp-json\/wp\/v2\/users\/1"}],"replies":[{"embeddable":true,"href":"https:\/\/efagundes.com\/networking\/wp-json\/wp\/v2\/comments?post=261"}],"version-history":[{"count":0,"href":"https:\/\/efagundes.com\/networking\/wp-json\/wp\/v2\/pages\/261\/revisions"}],"up":[{"embeddable":true,"href":"https:\/\/efagundes.com\/networking\/wp-json\/wp\/v2\/pages\/259"}],"wp:attachment":[{"href":"https:\/\/efagundes.com\/networking\/wp-json\/wp\/v2\/media?parent=261"}],"curies":[{"name":"wp","href":"https:\/\/api.w.org\/{rel}","templated":true}]}}