{"id":263,"date":"2012-11-16T22:05:42","date_gmt":"2012-11-17T00:05:42","guid":{"rendered":"http:\/\/efagundes.com\/openclass_networking\/?page_id=263"},"modified":"2022-01-16T17:50:10","modified_gmt":"2022-01-16T20:50:10","slug":"par-trancado-ii","status":"publish","type":"page","link":"https:\/\/efagundes.com\/networking\/meios-magneticos\/par-trancado-ii\/","title":{"rendered":"Par tran\u00e7ado (II)"},"content":{"rendered":"<p>&nbsp;<\/p>\n<p><img data-recalc-dims=\"1\" loading=\"lazy\" decoding=\"async\" data-attachment-id=\"2399\" data-permalink=\"https:\/\/efagundes.com\/networking\/meios-magneticos\/par-trancado-ii\/slide12-3\/\" data-orig-file=\"https:\/\/i0.wp.com\/efagundes.com\/networking\/wp-content\/uploads\/sites\/5\/2015\/03\/Slide122.jpg?fit=960%2C720&amp;ssl=1\" data-orig-size=\"960,720\" data-comments-opened=\"1\" data-image-meta=\"{&quot;aperture&quot;:&quot;0&quot;,&quot;credit&quot;:&quot;&quot;,&quot;camera&quot;:&quot;&quot;,&quot;caption&quot;:&quot;&quot;,&quot;created_timestamp&quot;:&quot;0&quot;,&quot;copyright&quot;:&quot;&quot;,&quot;focal_length&quot;:&quot;0&quot;,&quot;iso&quot;:&quot;0&quot;,&quot;shutter_speed&quot;:&quot;0&quot;,&quot;title&quot;:&quot;&quot;,&quot;orientation&quot;:&quot;0&quot;}\" data-image-title=\"Slide12\" data-image-description=\"\" data-image-caption=\"\" data-large-file=\"https:\/\/i0.wp.com\/efagundes.com\/networking\/wp-content\/uploads\/sites\/5\/2015\/03\/Slide122.jpg?fit=960%2C720&amp;ssl=1\" class=\"alignnone size-full wp-image-2399\" src=\"https:\/\/i0.wp.com\/efagundes.com\/networking\/wp-content\/uploads\/sites\/5\/2015\/03\/Slide122.jpg?resize=960%2C720\" alt=\"Slide12\" width=\"960\" height=\"720\" srcset=\"https:\/\/i0.wp.com\/efagundes.com\/networking\/wp-content\/uploads\/sites\/5\/2015\/03\/Slide122.jpg?w=960&amp;ssl=1 960w, https:\/\/i0.wp.com\/efagundes.com\/networking\/wp-content\/uploads\/sites\/5\/2015\/03\/Slide122.jpg?resize=300%2C225&amp;ssl=1 300w\" sizes=\"auto, (max-width: 960px) 100vw, 960px\" \/>O padr\u00e3o dos cabos foi definido pelo Comit\u00ea de normaliza\u00e7\u00e3o Internacional\u00a0 IEEE formado pelas empresas americanas <em>Electrical Industrial American<\/em> EIA, e as <em>Telecomunications Industrial American<\/em> TIA, se uniram no intuito de pesquisar e produzir um meio de comunica\u00e7\u00e3o eficiente e seguro para as redes de computadores, desenvolvendo o Standard 10 BASE T em 1988.<\/p>\n<p>Surgiu assim, na Bell Laboratories o cabo UTP sem blindagem (Unshilded Twisted Par), ou seja, o par torcido sem blindagem. Existem os cabos STP e ScTP com blindagem.<\/p>\n<p>&nbsp;<\/p>\n<p>A teoria \u00e9 que, um par de fios torcidos cria uma espira virtual com capacit\u00e2ncia e indut\u00e2ncia, suficientes para ir cancelando o ru\u00eddo externo atrav\u00e9s de suas m\u00faltiplas.<\/p>\n<table border=\"0\" width=\"381\" cellspacing=\"0\" cellpadding=\"0\">\n<colgroup>\n<col width=\"64\" \/>\n<col width=\"98\" \/>\n<col width=\"112\" \/>\n<col width=\"107\" \/> <\/colgroup>\n<tbody>\n<tr>\n<td width=\"64\" height=\"20\">CAT #<\/td>\n<td width=\"98\">Tipo de Cabo<\/td>\n<td width=\"112\">Largura de Banda (MHz)<\/td>\n<td width=\"107\">Taxa de Dados<\/td>\n<\/tr>\n<tr>\n<td height=\"20\">CAT1<\/td>\n<td>UTP<\/td>\n<td>Voz anal\u00f3gica<\/td>\n<td><\/td>\n<\/tr>\n<tr>\n<td height=\"20\">CAT2<\/td>\n<td>UTP<\/td>\n<td>Voz digital<\/td>\n<td><\/td>\n<\/tr>\n<tr>\n<td height=\"20\">CAT3<\/td>\n<td>UTP\/ScTP\/STP<\/td>\n<td>16 MHz<\/td>\n<td>4 Mbps<\/td>\n<\/tr>\n<tr>\n<td height=\"20\">CAT4<\/td>\n<td>UTP\/ScTP\/STP<\/td>\n<td>20 MHz<\/td>\n<td>16 Mbps<\/td>\n<\/tr>\n<tr>\n<td height=\"20\">CAT5<\/td>\n<td>UTP\/ScTP\/STP<\/td>\n<td>100 MHz<\/td>\n<td>100 Mbps<\/td>\n<\/tr>\n<tr>\n<td height=\"20\">CAT5e<\/td>\n<td>UTP\/ScTP\/STP<\/td>\n<td>100 MHz<\/td>\n<td>1 Gbps<\/td>\n<\/tr>\n<tr>\n<td height=\"20\">CAT6<\/td>\n<td>UTP\/ScTP\/STP<\/td>\n<td>250 MHz<\/td>\n<td>10 Gbps (&lt; 10 m)<\/td>\n<\/tr>\n<tr>\n<td height=\"20\">CAT6a<\/td>\n<td>UTP\/ScTP\/STP<\/td>\n<td>500 MHz<\/td>\n<td>10 Gbps (&gt; 10 m)<\/td>\n<\/tr>\n<tr>\n<td height=\"20\">CAT7<\/td>\n<td>ScTP\/STP<\/td>\n<td>600 MHz<\/td>\n<td>10 Gbps \/ 100 m<\/td>\n<\/tr>\n<tr>\n<td height=\"20\">CAT7a<\/td>\n<td>ScTP\/STP<\/td>\n<td>1000 MHz<\/td>\n<td>40 Gbps (&lt; 15 m)<\/td>\n<\/tr>\n<\/tbody>\n<\/table>\n<p>&nbsp;<\/p>\n<p>&nbsp;<\/p>\n","protected":false},"excerpt":{"rendered":"<p>&nbsp; O padr\u00e3o dos cabos foi definido pelo Comit\u00ea de normaliza\u00e7\u00e3o Internacional\u00a0 IEEE formado pelas empresas americanas Electrical Industrial American EIA, e as Telecomunications Industrial American TIA, se uniram no intuito de pesquisar e produzir um meio de comunica\u00e7\u00e3o eficiente e seguro para as redes de computadores, desenvolvendo o Standard 10 BASE T em 1988. [&hellip;]<\/p>\n","protected":false},"author":1,"featured_media":0,"parent":259,"menu_order":67,"comment_status":"closed","ping_status":"closed","template":"","meta":{"footnotes":""},"class_list":["post-263","page","type-page","status-publish","hentry"],"jetpack_shortlink":"https:\/\/wp.me\/P8yKGp-4f","jetpack-related-posts":[{"id":75,"url":"https:\/\/efagundes.com\/networking\/hardware-de-rede\/ethernet-em-par-trancado\/","url_meta":{"origin":263,"position":0},"title":"Ethernet em par-tran\u00e7ado","author":"Eduardo Fagundes","date":"16\/11\/2012","format":false,"excerpt":"O cabo de par tran\u00e7ado \u00e9 composto por pares de fios, sendo que cada par \u00e9 isolado do outro e todos s\u00e3o tran\u00e7ados juntos dentro de uma cobertura externa. N\u00e3o h\u00e1 uma blindagem f\u00edsica na cabo UTP; ele obt\u00e9m sua prote\u00e7\u00e3o pelo efeito de cancelamento m\u00fatuo dos campos eletromagn\u00e9ticos devido\u2026","rel":"","context":"Post similar","block_context":{"text":"Post similar","link":""},"img":{"alt_text":"Slide12","src":"https:\/\/i0.wp.com\/efagundes.com\/networking\/wp-content\/uploads\/sites\/5\/2015\/03\/Slide12.jpg?resize=350%2C200","width":350,"height":200,"srcset":"https:\/\/i0.wp.com\/efagundes.com\/networking\/wp-content\/uploads\/sites\/5\/2015\/03\/Slide12.jpg?resize=350%2C200 1x, https:\/\/i0.wp.com\/efagundes.com\/networking\/wp-content\/uploads\/sites\/5\/2015\/03\/Slide12.jpg?resize=525%2C300 1.5x, https:\/\/i0.wp.com\/efagundes.com\/networking\/wp-content\/uploads\/sites\/5\/2015\/03\/Slide12.jpg?resize=700%2C400 2x"},"classes":[]},{"id":261,"url":"https:\/\/efagundes.com\/networking\/meios-magneticos\/par-trancado\/","url_meta":{"origin":263,"position":1},"title":"Par tran\u00e7ado (I)","author":"Eduardo Fagundes","date":"16\/11\/2012","format":false,"excerpt":"Esse tipo de cabo tornou-se muito usado devido a falta de flexibilidade de outros cabos e por causa da necessidade de se ter um meio f\u00edsico que conseguisse uma taxa de transmiss\u00e3o alta e mais r\u00e1pida. Os cabos de par tran\u00e7ado possuem dois ou mais fios entrela\u00e7ados em forma de\u2026","rel":"","context":"Post similar","block_context":{"text":"Post similar","link":""},"img":{"alt_text":"Slide11","src":"https:\/\/i0.wp.com\/efagundes.com\/networking\/wp-content\/uploads\/sites\/5\/2015\/03\/Slide113.jpg?resize=350%2C200","width":350,"height":200,"srcset":"https:\/\/i0.wp.com\/efagundes.com\/networking\/wp-content\/uploads\/sites\/5\/2015\/03\/Slide113.jpg?resize=350%2C200 1x, https:\/\/i0.wp.com\/efagundes.com\/networking\/wp-content\/uploads\/sites\/5\/2015\/03\/Slide113.jpg?resize=525%2C300 1.5x, https:\/\/i0.wp.com\/efagundes.com\/networking\/wp-content\/uploads\/sites\/5\/2015\/03\/Slide113.jpg?resize=700%2C400 2x"},"classes":[]},{"id":73,"url":"https:\/\/efagundes.com\/networking\/hardware-de-rede\/internet-em-cabo-coaxial\/","url_meta":{"origin":263,"position":2},"title":"Internet em cabo coaxial","author":"Eduardo Fagundes","date":"16\/11\/2012","format":false,"excerpt":"O cabo coaxial consiste em um fio de cobre esticado na parte central envolvido por material isolante. O isolante \u00e9 envolvido por uma malha condutora cil\u00edndrica entrela\u00e7ada. O condutor externo \u00e9 coberto por uma camada pl\u00e1stica protetora. A constru\u00e7\u00e3o e a blindagem do cabo oferecem uma boa combina\u00e7\u00e3o de alta\u2026","rel":"","context":"Post similar","block_context":{"text":"Post similar","link":""},"img":{"alt_text":"Slide11","src":"https:\/\/i0.wp.com\/efagundes.com\/networking\/wp-content\/uploads\/sites\/5\/2015\/03\/Slide11.jpg?resize=350%2C200","width":350,"height":200,"srcset":"https:\/\/i0.wp.com\/efagundes.com\/networking\/wp-content\/uploads\/sites\/5\/2015\/03\/Slide11.jpg?resize=350%2C200 1x, https:\/\/i0.wp.com\/efagundes.com\/networking\/wp-content\/uploads\/sites\/5\/2015\/03\/Slide11.jpg?resize=525%2C300 1.5x, https:\/\/i0.wp.com\/efagundes.com\/networking\/wp-content\/uploads\/sites\/5\/2015\/03\/Slide11.jpg?resize=700%2C400 2x"},"classes":[]},{"id":310,"url":"https:\/\/efagundes.com\/networking\/fibra-optica-2\/instalacao-de-cabo-submarino\/","url_meta":{"origin":263,"position":3},"title":"Instala\u00e7\u00e3o de cabo submarino","author":"Eduardo Fagundes","date":"16\/11\/2012","format":false,"excerpt":"O cabo submarino acompanha a topografia do fundo do oceano e fica praticamente \u201cestacionado\u201d no leito submarino. Isto se deve ao pr\u00f3prio peso do cabo e ao peso dos amplificadores (em torno de 500 kg cada um). Assim, na parte oce\u00e2nica o cabo submarino n\u00e3o necessita de uma maior prote\u00e7\u00e3o\u2026","rel":"","context":"Post similar","block_context":{"text":"Post similar","link":""},"img":{"alt_text":"Slide35","src":"https:\/\/i0.wp.com\/efagundes.com\/networking\/wp-content\/uploads\/sites\/5\/2015\/03\/Slide35.jpg?resize=350%2C200","width":350,"height":200,"srcset":"https:\/\/i0.wp.com\/efagundes.com\/networking\/wp-content\/uploads\/sites\/5\/2015\/03\/Slide35.jpg?resize=350%2C200 1x, https:\/\/i0.wp.com\/efagundes.com\/networking\/wp-content\/uploads\/sites\/5\/2015\/03\/Slide35.jpg?resize=525%2C300 1.5x, https:\/\/i0.wp.com\/efagundes.com\/networking\/wp-content\/uploads\/sites\/5\/2015\/03\/Slide35.jpg?resize=700%2C400 2x"},"classes":[]},{"id":408,"url":"https:\/\/efagundes.com\/networking\/sistema-telefonico\/os-metais-dos-cabos\/","url_meta":{"origin":263,"position":4},"title":"Os metais dos cabos","author":"Eduardo Fagundes","date":"17\/11\/2012","format":false,"excerpt":"\u00a0 Os par de fios utilizado para interconectar os elementos do sistema telef\u00f4nico \u00e9 chamado de par f\u00edsico, e \u00e9 constitu\u00eddo por 2 fios tran\u00e7ados para evitar interfer\u00eancias. Esse par de fios, aparentemente inofensivo, pode causar uma grave distor\u00e7\u00e3o de amplitude, dependendo do seu comprimento e da espessura do fio\u2026","rel":"","context":"Post similar","block_context":{"text":"Post similar","link":""},"img":{"alt_text":"Slide8","src":"https:\/\/i0.wp.com\/efagundes.com\/networking\/wp-content\/uploads\/sites\/5\/2015\/03\/Slide84.jpg?resize=350%2C200","width":350,"height":200,"srcset":"https:\/\/i0.wp.com\/efagundes.com\/networking\/wp-content\/uploads\/sites\/5\/2015\/03\/Slide84.jpg?resize=350%2C200 1x, https:\/\/i0.wp.com\/efagundes.com\/networking\/wp-content\/uploads\/sites\/5\/2015\/03\/Slide84.jpg?resize=525%2C300 1.5x, https:\/\/i0.wp.com\/efagundes.com\/networking\/wp-content\/uploads\/sites\/5\/2015\/03\/Slide84.jpg?resize=700%2C400 2x"},"classes":[]},{"id":273,"url":"https:\/\/efagundes.com\/networking\/meios-magneticos\/cabo-coaxial-de-banda-basica\/","url_meta":{"origin":263,"position":5},"title":"Cabo coaxial de banda b\u00e1sica","author":"Eduardo Fagundes","date":"16\/11\/2012","format":false,"excerpt":"O primeiro tipo de cabeamento no mercado. H\u00e1 alguns anos, esse cabo era o muito utilizado para a conex\u00e3o de computadores. At\u00e9 hoje existem v\u00e1rios tipos de cabos coaxiais, cada um com suas caracter\u00edsticas espec\u00edficas. Alguns s\u00e3o melhores para transmiss\u00e3o em alta frequ\u00eancia, outros tem atenua\u00e7\u00e3o mais baixa, e outros\u2026","rel":"","context":"Post similar","block_context":{"text":"Post similar","link":""},"img":{"alt_text":"Slide17","src":"https:\/\/i0.wp.com\/efagundes.com\/networking\/wp-content\/uploads\/sites\/5\/2015\/03\/Slide172.jpg?resize=350%2C200","width":350,"height":200,"srcset":"https:\/\/i0.wp.com\/efagundes.com\/networking\/wp-content\/uploads\/sites\/5\/2015\/03\/Slide172.jpg?resize=350%2C200 1x, https:\/\/i0.wp.com\/efagundes.com\/networking\/wp-content\/uploads\/sites\/5\/2015\/03\/Slide172.jpg?resize=525%2C300 1.5x, https:\/\/i0.wp.com\/efagundes.com\/networking\/wp-content\/uploads\/sites\/5\/2015\/03\/Slide172.jpg?resize=700%2C400 2x"},"classes":[]}],"jetpack_sharing_enabled":true,"_links":{"self":[{"href":"https:\/\/efagundes.com\/networking\/wp-json\/wp\/v2\/pages\/263","targetHints":{"allow":["GET"]}}],"collection":[{"href":"https:\/\/efagundes.com\/networking\/wp-json\/wp\/v2\/pages"}],"about":[{"href":"https:\/\/efagundes.com\/networking\/wp-json\/wp\/v2\/types\/page"}],"author":[{"embeddable":true,"href":"https:\/\/efagundes.com\/networking\/wp-json\/wp\/v2\/users\/1"}],"replies":[{"embeddable":true,"href":"https:\/\/efagundes.com\/networking\/wp-json\/wp\/v2\/comments?post=263"}],"version-history":[{"count":0,"href":"https:\/\/efagundes.com\/networking\/wp-json\/wp\/v2\/pages\/263\/revisions"}],"up":[{"embeddable":true,"href":"https:\/\/efagundes.com\/networking\/wp-json\/wp\/v2\/pages\/259"}],"wp:attachment":[{"href":"https:\/\/efagundes.com\/networking\/wp-json\/wp\/v2\/media?parent=263"}],"curies":[{"name":"wp","href":"https:\/\/api.w.org\/{rel}","templated":true}]}}