{"id":267,"date":"2012-11-16T22:09:04","date_gmt":"2012-11-17T00:09:04","guid":{"rendered":"http:\/\/efagundes.com\/openclass_networking\/?page_id=267"},"modified":"2022-01-16T17:50:11","modified_gmt":"2022-01-16T20:50:11","slug":"conectores","status":"publish","type":"page","link":"https:\/\/efagundes.com\/networking\/meios-magneticos\/conectores\/","title":{"rendered":"Conectores"},"content":{"rendered":"<p><a href=\"https:\/\/i0.wp.com\/efagundes.com\/networking\/wp-content\/uploads\/sites\/5\/2015\/03\/Slide142.jpg\"><img data-recalc-dims=\"1\" loading=\"lazy\" decoding=\"async\" data-attachment-id=\"2401\" data-permalink=\"https:\/\/efagundes.com\/networking\/meios-magneticos\/conectores\/slide14-3\/\" data-orig-file=\"https:\/\/i0.wp.com\/efagundes.com\/networking\/wp-content\/uploads\/sites\/5\/2015\/03\/Slide142.jpg?fit=960%2C720&amp;ssl=1\" data-orig-size=\"960,720\" data-comments-opened=\"1\" data-image-meta=\"{&quot;aperture&quot;:&quot;0&quot;,&quot;credit&quot;:&quot;&quot;,&quot;camera&quot;:&quot;&quot;,&quot;caption&quot;:&quot;&quot;,&quot;created_timestamp&quot;:&quot;0&quot;,&quot;copyright&quot;:&quot;&quot;,&quot;focal_length&quot;:&quot;0&quot;,&quot;iso&quot;:&quot;0&quot;,&quot;shutter_speed&quot;:&quot;0&quot;,&quot;title&quot;:&quot;&quot;,&quot;orientation&quot;:&quot;0&quot;}\" data-image-title=\"Slide14\" data-image-description=\"\" data-image-caption=\"\" data-large-file=\"https:\/\/i0.wp.com\/efagundes.com\/networking\/wp-content\/uploads\/sites\/5\/2015\/03\/Slide142.jpg?fit=960%2C720&amp;ssl=1\" class=\"alignnone size-full wp-image-2401\" src=\"https:\/\/i0.wp.com\/efagundes.com\/networking\/wp-content\/uploads\/sites\/5\/2015\/03\/Slide142.jpg?resize=960%2C720\" alt=\"Slide14\" width=\"960\" height=\"720\" srcset=\"https:\/\/i0.wp.com\/efagundes.com\/networking\/wp-content\/uploads\/sites\/5\/2015\/03\/Slide142.jpg?w=960&amp;ssl=1 960w, https:\/\/i0.wp.com\/efagundes.com\/networking\/wp-content\/uploads\/sites\/5\/2015\/03\/Slide142.jpg?resize=300%2C225&amp;ssl=1 300w\" sizes=\"auto, (max-width: 960px) 100vw, 960px\" \/><\/a><\/p>\n","protected":false},"excerpt":{"rendered":"","protected":false},"author":1,"featured_media":0,"parent":259,"menu_order":69,"comment_status":"closed","ping_status":"closed","template":"","meta":{"footnotes":""},"class_list":["post-267","page","type-page","status-publish","hentry"],"jetpack_shortlink":"https:\/\/wp.me\/P8yKGp-4j","jetpack-related-posts":[{"id":73,"url":"https:\/\/efagundes.com\/networking\/hardware-de-rede\/internet-em-cabo-coaxial\/","url_meta":{"origin":267,"position":0},"title":"Internet em cabo coaxial","author":"Eduardo Fagundes","date":"16\/11\/2012","format":false,"excerpt":"O cabo coaxial consiste em um fio de cobre esticado na parte central envolvido por material isolante. O isolante \u00e9 envolvido por uma malha condutora cil\u00edndrica entrela\u00e7ada. O condutor externo \u00e9 coberto por uma camada pl\u00e1stica protetora. A constru\u00e7\u00e3o e a blindagem do cabo oferecem uma boa combina\u00e7\u00e3o de alta\u2026","rel":"","context":"Post similar","block_context":{"text":"Post similar","link":""},"img":{"alt_text":"Slide11","src":"https:\/\/i0.wp.com\/efagundes.com\/networking\/wp-content\/uploads\/sites\/5\/2015\/03\/Slide11.jpg?resize=350%2C200","width":350,"height":200,"srcset":"https:\/\/i0.wp.com\/efagundes.com\/networking\/wp-content\/uploads\/sites\/5\/2015\/03\/Slide11.jpg?resize=350%2C200 1x, https:\/\/i0.wp.com\/efagundes.com\/networking\/wp-content\/uploads\/sites\/5\/2015\/03\/Slide11.jpg?resize=525%2C300 1.5x, https:\/\/i0.wp.com\/efagundes.com\/networking\/wp-content\/uploads\/sites\/5\/2015\/03\/Slide11.jpg?resize=700%2C400 2x"},"classes":[]},{"id":273,"url":"https:\/\/efagundes.com\/networking\/meios-magneticos\/cabo-coaxial-de-banda-basica\/","url_meta":{"origin":267,"position":1},"title":"Cabo coaxial de banda b\u00e1sica","author":"Eduardo Fagundes","date":"16\/11\/2012","format":false,"excerpt":"O primeiro tipo de cabeamento no mercado. H\u00e1 alguns anos, esse cabo era o muito utilizado para a conex\u00e3o de computadores. At\u00e9 hoje existem v\u00e1rios tipos de cabos coaxiais, cada um com suas caracter\u00edsticas espec\u00edficas. Alguns s\u00e3o melhores para transmiss\u00e3o em alta frequ\u00eancia, outros tem atenua\u00e7\u00e3o mais baixa, e outros\u2026","rel":"","context":"Post similar","block_context":{"text":"Post similar","link":""},"img":{"alt_text":"Slide17","src":"https:\/\/i0.wp.com\/efagundes.com\/networking\/wp-content\/uploads\/sites\/5\/2015\/03\/Slide172.jpg?resize=350%2C200","width":350,"height":200,"srcset":"https:\/\/i0.wp.com\/efagundes.com\/networking\/wp-content\/uploads\/sites\/5\/2015\/03\/Slide172.jpg?resize=350%2C200 1x, https:\/\/i0.wp.com\/efagundes.com\/networking\/wp-content\/uploads\/sites\/5\/2015\/03\/Slide172.jpg?resize=525%2C300 1.5x, https:\/\/i0.wp.com\/efagundes.com\/networking\/wp-content\/uploads\/sites\/5\/2015\/03\/Slide172.jpg?resize=700%2C400 2x"},"classes":[]},{"id":182,"url":"https:\/\/efagundes.com\/networking\/redes-locais\/ethernet\/","url_meta":{"origin":267,"position":2},"title":"Ethernet","author":"Eduardo Fagundes","date":"16\/11\/2012","format":false,"excerpt":"O padr\u00e3o Ethernet \u00e9 o m\u00e9todo de acesso mais utilizado em redes locais de computadores (LAN), definido pelo IEEE como padr\u00e3o 802.3. A maioria dos PCs v\u00eam com uma interface Ethernet 10\/100 para uso de casa, n\u00e3o s\u00f3 criar uma rede dom\u00e9stica, mas conectar \u00e0 Internet atrav\u00e9s de uma conex\u00e3o\u2026","rel":"","context":"Post similar","block_context":{"text":"Post similar","link":""},"img":{"alt_text":"Slide18","src":"https:\/\/i0.wp.com\/efagundes.com\/networking\/wp-content\/uploads\/sites\/5\/2015\/03\/Slide181.jpg?resize=350%2C200","width":350,"height":200,"srcset":"https:\/\/i0.wp.com\/efagundes.com\/networking\/wp-content\/uploads\/sites\/5\/2015\/03\/Slide181.jpg?resize=350%2C200 1x, https:\/\/i0.wp.com\/efagundes.com\/networking\/wp-content\/uploads\/sites\/5\/2015\/03\/Slide181.jpg?resize=525%2C300 1.5x, https:\/\/i0.wp.com\/efagundes.com\/networking\/wp-content\/uploads\/sites\/5\/2015\/03\/Slide181.jpg?resize=700%2C400 2x"},"classes":[]}],"jetpack_sharing_enabled":true,"_links":{"self":[{"href":"https:\/\/efagundes.com\/networking\/wp-json\/wp\/v2\/pages\/267","targetHints":{"allow":["GET"]}}],"collection":[{"href":"https:\/\/efagundes.com\/networking\/wp-json\/wp\/v2\/pages"}],"about":[{"href":"https:\/\/efagundes.com\/networking\/wp-json\/wp\/v2\/types\/page"}],"author":[{"embeddable":true,"href":"https:\/\/efagundes.com\/networking\/wp-json\/wp\/v2\/users\/1"}],"replies":[{"embeddable":true,"href":"https:\/\/efagundes.com\/networking\/wp-json\/wp\/v2\/comments?post=267"}],"version-history":[{"count":0,"href":"https:\/\/efagundes.com\/networking\/wp-json\/wp\/v2\/pages\/267\/revisions"}],"up":[{"embeddable":true,"href":"https:\/\/efagundes.com\/networking\/wp-json\/wp\/v2\/pages\/259"}],"wp:attachment":[{"href":"https:\/\/efagundes.com\/networking\/wp-json\/wp\/v2\/media?parent=267"}],"curies":[{"name":"wp","href":"https:\/\/api.w.org\/{rel}","templated":true}]}}