{"id":271,"date":"2012-11-16T22:12:31","date_gmt":"2012-11-17T00:12:31","guid":{"rendered":"http:\/\/efagundes.com\/openclass_networking\/?page_id=271"},"modified":"2022-01-16T17:50:10","modified_gmt":"2022-01-16T20:50:10","slug":"vantagens-do-cabo-utp","status":"publish","type":"page","link":"https:\/\/efagundes.com\/networking\/meios-magneticos\/vantagens-do-cabo-utp\/","title":{"rendered":"Vantagens do cabo UTP"},"content":{"rendered":"<p><a href=\"https:\/\/i0.wp.com\/efagundes.com\/networking\/wp-content\/uploads\/sites\/5\/2015\/03\/Slide162.jpg\"><img data-recalc-dims=\"1\" loading=\"lazy\" decoding=\"async\" data-attachment-id=\"2403\" data-permalink=\"https:\/\/efagundes.com\/networking\/meios-magneticos\/vantagens-do-cabo-utp\/slide16-3\/\" data-orig-file=\"https:\/\/i0.wp.com\/efagundes.com\/networking\/wp-content\/uploads\/sites\/5\/2015\/03\/Slide162.jpg?fit=960%2C720&amp;ssl=1\" data-orig-size=\"960,720\" data-comments-opened=\"1\" data-image-meta=\"{&quot;aperture&quot;:&quot;0&quot;,&quot;credit&quot;:&quot;&quot;,&quot;camera&quot;:&quot;&quot;,&quot;caption&quot;:&quot;&quot;,&quot;created_timestamp&quot;:&quot;0&quot;,&quot;copyright&quot;:&quot;&quot;,&quot;focal_length&quot;:&quot;0&quot;,&quot;iso&quot;:&quot;0&quot;,&quot;shutter_speed&quot;:&quot;0&quot;,&quot;title&quot;:&quot;&quot;,&quot;orientation&quot;:&quot;0&quot;}\" data-image-title=\"Slide16\" data-image-description=\"\" data-image-caption=\"\" data-large-file=\"https:\/\/i0.wp.com\/efagundes.com\/networking\/wp-content\/uploads\/sites\/5\/2015\/03\/Slide162.jpg?fit=960%2C720&amp;ssl=1\" class=\"alignnone size-full wp-image-2403\" src=\"https:\/\/i0.wp.com\/efagundes.com\/networking\/wp-content\/uploads\/sites\/5\/2015\/03\/Slide162.jpg?resize=960%2C720\" alt=\"Slide16\" width=\"960\" height=\"720\" srcset=\"https:\/\/i0.wp.com\/efagundes.com\/networking\/wp-content\/uploads\/sites\/5\/2015\/03\/Slide162.jpg?w=960&amp;ssl=1 960w, https:\/\/i0.wp.com\/efagundes.com\/networking\/wp-content\/uploads\/sites\/5\/2015\/03\/Slide162.jpg?resize=300%2C225&amp;ssl=1 300w\" sizes=\"auto, (max-width: 960px) 100vw, 960px\" \/><\/a><\/p>\n","protected":false},"excerpt":{"rendered":"","protected":false},"author":1,"featured_media":0,"parent":259,"menu_order":13,"comment_status":"closed","ping_status":"open","template":"","meta":{"footnotes":""},"class_list":["post-271","page","type-page","status-publish","hentry"],"jetpack_shortlink":"https:\/\/wp.me\/P8yKGp-4n","jetpack-related-posts":[{"id":75,"url":"https:\/\/efagundes.com\/networking\/hardware-de-rede\/ethernet-em-par-trancado\/","url_meta":{"origin":271,"position":0},"title":"Ethernet em par-tran\u00e7ado","author":"Eduardo Fagundes","date":"16\/11\/2012","format":false,"excerpt":"O cabo de par tran\u00e7ado \u00e9 composto por pares de fios, sendo que cada par \u00e9 isolado do outro e todos s\u00e3o tran\u00e7ados juntos dentro de uma cobertura externa. N\u00e3o h\u00e1 uma blindagem f\u00edsica na cabo UTP; ele obt\u00e9m sua prote\u00e7\u00e3o pelo efeito de cancelamento m\u00fatuo dos campos eletromagn\u00e9ticos devido\u2026","rel":"","context":"Post similar","block_context":{"text":"Post similar","link":""},"img":{"alt_text":"Slide12","src":"https:\/\/i0.wp.com\/efagundes.com\/networking\/wp-content\/uploads\/sites\/5\/2015\/03\/Slide12.jpg?resize=350%2C200","width":350,"height":200,"srcset":"https:\/\/i0.wp.com\/efagundes.com\/networking\/wp-content\/uploads\/sites\/5\/2015\/03\/Slide12.jpg?resize=350%2C200 1x, https:\/\/i0.wp.com\/efagundes.com\/networking\/wp-content\/uploads\/sites\/5\/2015\/03\/Slide12.jpg?resize=525%2C300 1.5x, https:\/\/i0.wp.com\/efagundes.com\/networking\/wp-content\/uploads\/sites\/5\/2015\/03\/Slide12.jpg?resize=700%2C400 2x"},"classes":[]},{"id":263,"url":"https:\/\/efagundes.com\/networking\/meios-magneticos\/par-trancado-ii\/","url_meta":{"origin":271,"position":1},"title":"Par tran\u00e7ado (II)","author":"Eduardo Fagundes","date":"16\/11\/2012","format":false,"excerpt":"\u00a0 O padr\u00e3o dos cabos foi definido pelo Comit\u00ea de normaliza\u00e7\u00e3o Internacional\u00a0 IEEE formado pelas empresas americanas Electrical Industrial American EIA, e as Telecomunications Industrial American TIA, se uniram no intuito de pesquisar e produzir um meio de comunica\u00e7\u00e3o eficiente e seguro para as redes de computadores, desenvolvendo o Standard\u2026","rel":"","context":"Post similar","block_context":{"text":"Post similar","link":""},"img":{"alt_text":"Slide12","src":"https:\/\/i0.wp.com\/efagundes.com\/networking\/wp-content\/uploads\/sites\/5\/2015\/03\/Slide122.jpg?resize=350%2C200","width":350,"height":200,"srcset":"https:\/\/i0.wp.com\/efagundes.com\/networking\/wp-content\/uploads\/sites\/5\/2015\/03\/Slide122.jpg?resize=350%2C200 1x, https:\/\/i0.wp.com\/efagundes.com\/networking\/wp-content\/uploads\/sites\/5\/2015\/03\/Slide122.jpg?resize=525%2C300 1.5x, https:\/\/i0.wp.com\/efagundes.com\/networking\/wp-content\/uploads\/sites\/5\/2015\/03\/Slide122.jpg?resize=700%2C400 2x"},"classes":[]},{"id":265,"url":"https:\/\/efagundes.com\/networking\/meios-magneticos\/twisted-pair-ethernet\/","url_meta":{"origin":271,"position":2},"title":"Twisted Pair Ethernet","author":"Eduardo Fagundes","date":"16\/11\/2012","format":false,"excerpt":"\u00a0 100 Base-T Fast Ethernet Este padr\u00e3o mant\u00e9m as principais caracter\u00edsticas do padr\u00e3o Ethernet 10Mbit\/s, tais como o formato do frame, a quantidade de dados que um frame pode carregar, e o mecanismo de controle de acesso ao meio, diferenciando do padr\u00e3o original apenas na velocidade de transmiss\u00e3o dos pacotes,\u2026","rel":"","context":"Com 1 coment\u00e1rio","block_context":{"text":"Com 1 coment\u00e1rio","link":"https:\/\/efagundes.com\/networking\/meios-magneticos\/twisted-pair-ethernet\/#comments"},"img":{"alt_text":"Slide13","src":"https:\/\/i0.wp.com\/efagundes.com\/networking\/wp-content\/uploads\/sites\/5\/2015\/03\/Slide132.jpg?resize=350%2C200","width":350,"height":200,"srcset":"https:\/\/i0.wp.com\/efagundes.com\/networking\/wp-content\/uploads\/sites\/5\/2015\/03\/Slide132.jpg?resize=350%2C200 1x, https:\/\/i0.wp.com\/efagundes.com\/networking\/wp-content\/uploads\/sites\/5\/2015\/03\/Slide132.jpg?resize=525%2C300 1.5x, https:\/\/i0.wp.com\/efagundes.com\/networking\/wp-content\/uploads\/sites\/5\/2015\/03\/Slide132.jpg?resize=700%2C400 2x"},"classes":[]},{"id":608,"url":"https:\/\/efagundes.com\/networking\/exemplos-de-protocolos\/a-camada-de-enlace-de-dados-na-internet\/","url_meta":{"origin":271,"position":3},"title":"A camada de enlace de dados na Internet","author":"Eduardo Fagundes","date":"17\/11\/2012","format":false,"excerpt":"A Internet consiste em m\u00e1quinas individuais (hosts e roteadores) e na infra-estrutura de comunica\u00e7\u00e3o que as conecta. Dentro de um \u00fanico pr\u00e9dio, as LANs s\u00e3o bastante utilizadas para interconex\u00f5es, mas grande parte da infra-estrutura geograficamente distribu\u00edda \u00e9 constru\u00edda a partir de linhas privadas ponto-a-ponto. Geralmente, o PC dom\u00e9stico do usu\u00e1rio\u2026","rel":"","context":"Post similar","block_context":{"text":"Post similar","link":""},"img":{"alt_text":"","src":"https:\/\/i0.wp.com\/efagundes.com\/networking\/wp-content\/uploads\/sites\/5\/2015\/03\/Slide204.jpg?resize=350%2C200","width":350,"height":200,"srcset":"https:\/\/i0.wp.com\/efagundes.com\/networking\/wp-content\/uploads\/sites\/5\/2015\/03\/Slide204.jpg?resize=350%2C200 1x, https:\/\/i0.wp.com\/efagundes.com\/networking\/wp-content\/uploads\/sites\/5\/2015\/03\/Slide204.jpg?resize=525%2C300 1.5x, https:\/\/i0.wp.com\/efagundes.com\/networking\/wp-content\/uploads\/sites\/5\/2015\/03\/Slide204.jpg?resize=700%2C400 2x"},"classes":[]},{"id":279,"url":"https:\/\/efagundes.com\/networking\/meios-magneticos\/desvantagens-do-cabo-coaxial\/","url_meta":{"origin":271,"position":4},"title":"Desvantagens do cabo coaxial","author":"Eduardo Fagundes","date":"16\/11\/2012","format":false,"excerpt":"","rel":"","context":"Post similar","block_context":{"text":"Post similar","link":""},"img":{"alt_text":"Slide20","src":"https:\/\/i0.wp.com\/efagundes.com\/networking\/wp-content\/uploads\/sites\/5\/2015\/03\/Slide202.jpg?resize=350%2C200","width":350,"height":200,"srcset":"https:\/\/i0.wp.com\/efagundes.com\/networking\/wp-content\/uploads\/sites\/5\/2015\/03\/Slide202.jpg?resize=350%2C200 1x, https:\/\/i0.wp.com\/efagundes.com\/networking\/wp-content\/uploads\/sites\/5\/2015\/03\/Slide202.jpg?resize=525%2C300 1.5x, https:\/\/i0.wp.com\/efagundes.com\/networking\/wp-content\/uploads\/sites\/5\/2015\/03\/Slide202.jpg?resize=700%2C400 2x"},"classes":[]},{"id":291,"url":"https:\/\/efagundes.com\/networking\/fibra-optica-2\/vantagens-da-fibra-optica\/","url_meta":{"origin":271,"position":5},"title":"Vantagens da fibra \u00f3ptica","author":"Eduardo Fagundes","date":"16\/11\/2012","format":false,"excerpt":"","rel":"","context":"Post similar","block_context":{"text":"Post similar","link":""},"img":{"alt_text":"Slide26","src":"https:\/\/i0.wp.com\/efagundes.com\/networking\/wp-content\/uploads\/sites\/5\/2015\/03\/Slide261.jpg?resize=350%2C200","width":350,"height":200,"srcset":"https:\/\/i0.wp.com\/efagundes.com\/networking\/wp-content\/uploads\/sites\/5\/2015\/03\/Slide261.jpg?resize=350%2C200 1x, https:\/\/i0.wp.com\/efagundes.com\/networking\/wp-content\/uploads\/sites\/5\/2015\/03\/Slide261.jpg?resize=525%2C300 1.5x, https:\/\/i0.wp.com\/efagundes.com\/networking\/wp-content\/uploads\/sites\/5\/2015\/03\/Slide261.jpg?resize=700%2C400 2x"},"classes":[]}],"jetpack_sharing_enabled":true,"_links":{"self":[{"href":"https:\/\/efagundes.com\/networking\/wp-json\/wp\/v2\/pages\/271","targetHints":{"allow":["GET"]}}],"collection":[{"href":"https:\/\/efagundes.com\/networking\/wp-json\/wp\/v2\/pages"}],"about":[{"href":"https:\/\/efagundes.com\/networking\/wp-json\/wp\/v2\/types\/page"}],"author":[{"embeddable":true,"href":"https:\/\/efagundes.com\/networking\/wp-json\/wp\/v2\/users\/1"}],"replies":[{"embeddable":true,"href":"https:\/\/efagundes.com\/networking\/wp-json\/wp\/v2\/comments?post=271"}],"version-history":[{"count":0,"href":"https:\/\/efagundes.com\/networking\/wp-json\/wp\/v2\/pages\/271\/revisions"}],"up":[{"embeddable":true,"href":"https:\/\/efagundes.com\/networking\/wp-json\/wp\/v2\/pages\/259"}],"wp:attachment":[{"href":"https:\/\/efagundes.com\/networking\/wp-json\/wp\/v2\/media?parent=271"}],"curies":[{"name":"wp","href":"https:\/\/api.w.org\/{rel}","templated":true}]}}