{"id":273,"date":"2012-11-16T22:14:34","date_gmt":"2012-11-17T00:14:34","guid":{"rendered":"http:\/\/efagundes.com\/openclass_networking\/?page_id=273"},"modified":"2022-01-16T17:50:11","modified_gmt":"2022-01-16T20:50:11","slug":"cabo-coaxial-de-banda-basica","status":"publish","type":"page","link":"https:\/\/efagundes.com\/networking\/meios-magneticos\/cabo-coaxial-de-banda-basica\/","title":{"rendered":"Cabo coaxial de banda b\u00e1sica"},"content":{"rendered":"<p><a href=\"https:\/\/i0.wp.com\/efagundes.com\/networking\/wp-content\/uploads\/sites\/5\/2015\/03\/Slide172.jpg\"><img data-recalc-dims=\"1\" loading=\"lazy\" decoding=\"async\" data-attachment-id=\"2404\" data-permalink=\"https:\/\/efagundes.com\/networking\/meios-magneticos\/cabo-coaxial-de-banda-basica\/slide17-3\/\" data-orig-file=\"https:\/\/i0.wp.com\/efagundes.com\/networking\/wp-content\/uploads\/sites\/5\/2015\/03\/Slide172.jpg?fit=960%2C720&amp;ssl=1\" data-orig-size=\"960,720\" data-comments-opened=\"1\" data-image-meta=\"{&quot;aperture&quot;:&quot;0&quot;,&quot;credit&quot;:&quot;&quot;,&quot;camera&quot;:&quot;&quot;,&quot;caption&quot;:&quot;&quot;,&quot;created_timestamp&quot;:&quot;0&quot;,&quot;copyright&quot;:&quot;&quot;,&quot;focal_length&quot;:&quot;0&quot;,&quot;iso&quot;:&quot;0&quot;,&quot;shutter_speed&quot;:&quot;0&quot;,&quot;title&quot;:&quot;&quot;,&quot;orientation&quot;:&quot;0&quot;}\" data-image-title=\"Slide17\" data-image-description=\"\" data-image-caption=\"\" data-large-file=\"https:\/\/i0.wp.com\/efagundes.com\/networking\/wp-content\/uploads\/sites\/5\/2015\/03\/Slide172.jpg?fit=960%2C720&amp;ssl=1\" class=\"alignnone size-full wp-image-2404\" src=\"https:\/\/i0.wp.com\/efagundes.com\/networking\/wp-content\/uploads\/sites\/5\/2015\/03\/Slide172.jpg?resize=960%2C720\" alt=\"Slide17\" width=\"960\" height=\"720\" srcset=\"https:\/\/i0.wp.com\/efagundes.com\/networking\/wp-content\/uploads\/sites\/5\/2015\/03\/Slide172.jpg?w=960&amp;ssl=1 960w, https:\/\/i0.wp.com\/efagundes.com\/networking\/wp-content\/uploads\/sites\/5\/2015\/03\/Slide172.jpg?resize=300%2C225&amp;ssl=1 300w\" sizes=\"auto, (max-width: 960px) 100vw, 960px\" \/><\/a>O primeiro tipo de cabeamento no mercado. H\u00e1 alguns anos, esse cabo era o muito utilizado para a conex\u00e3o de computadores. At\u00e9 hoje existem v\u00e1rios tipos de cabos coaxiais, cada um com suas caracter\u00edsticas espec\u00edficas. Alguns s\u00e3o melhores para transmiss\u00e3o em alta frequ\u00eancia, outros tem atenua\u00e7\u00e3o mais baixa, e outros s\u00e3o imunes a ru\u00eddos e interfer\u00eancias.<\/p>\n<p>Os cabos coaxiais de alta qualidade n\u00e3o s\u00e3o male\u00e1veis e s\u00e3o dif\u00edceis de instalar e os cabos de baixa qualidade podem ser inadequados para trafegar dados em alta velocidade e longas dist\u00e2ncias. Ao contr\u00e1rio do cabo de par tran\u00e7ado, o coaxial mant\u00e9m uma capacidade constante e baixa, independente do seu comprimento, evitando assim v\u00e1rios problemas t\u00e9cnicos. Devido a isso, ele oferece velocidade da ordem de megabits\/seg, n\u00e3o sendo necess\u00e1rio a regenera\u00e7\u00e3o do sinal, sem distor\u00e7\u00e3o ou eco, propriedade que j\u00e1 revela alta tecnologia. O cabo coaxial pode ser usado em liga\u00e7\u00f5es ponto a ponto ou multiponto. A liga\u00e7\u00e3o do cabo coaxial causa reflex\u00e3o devido a imped\u00e2ncia n\u00e3o infinita do conector. A coloca\u00e7\u00e3o destes conectores, em liga\u00e7\u00e3o multiponto, deve ser controlada de forma a garantir que as reflex\u00f5es n\u00e3o desapare\u00e7am em fase de um valor significativo.<\/p>\n<p>A maioria dos sistemas de transmiss\u00e3o de banda base utilizam cabos de imped\u00e2ncia com caracter\u00edsticas de 50 Ohm, geralmente utilizados nas TVs a cabo e em redes de banda larga. Isso se deve ao fato de a transmiss\u00e3o em banda base sofrer menos reflex\u00f5es, devido \u00e0s capacit\u00e2ncias introduzidas nas liga\u00e7\u00f5es ao cabo de 50 Ohm.<\/p>\n<p>Os cabos coaxiais possuem uma maior imunidade a ru\u00eddos eletromagn\u00e9ticos de baixa frequ\u00eancia e, por isso, eram o meio de transmiss\u00e3o mais usado em redes locais.<\/p>\n<p>&nbsp;<\/p>\n","protected":false},"excerpt":{"rendered":"<p>O primeiro tipo de cabeamento no mercado. H\u00e1 alguns anos, esse cabo era o muito utilizado para a conex\u00e3o de computadores. At\u00e9 hoje existem v\u00e1rios tipos de cabos coaxiais, cada um com suas caracter\u00edsticas espec\u00edficas. Alguns s\u00e3o melhores para transmiss\u00e3o em alta frequ\u00eancia, outros tem atenua\u00e7\u00e3o mais baixa, e outros s\u00e3o imunes a ru\u00eddos e [&hellip;]<\/p>\n","protected":false},"author":1,"featured_media":0,"parent":259,"menu_order":71,"comment_status":"closed","ping_status":"closed","template":"","meta":{"footnotes":""},"class_list":["post-273","page","type-page","status-publish","hentry"],"jetpack_shortlink":"https:\/\/wp.me\/P8yKGp-4p","jetpack-related-posts":[{"id":73,"url":"https:\/\/efagundes.com\/networking\/hardware-de-rede\/internet-em-cabo-coaxial\/","url_meta":{"origin":273,"position":0},"title":"Internet em cabo coaxial","author":"Eduardo Fagundes","date":"16\/11\/2012","format":false,"excerpt":"O cabo coaxial consiste em um fio de cobre esticado na parte central envolvido por material isolante. O isolante \u00e9 envolvido por uma malha condutora cil\u00edndrica entrela\u00e7ada. O condutor externo \u00e9 coberto por uma camada pl\u00e1stica protetora. A constru\u00e7\u00e3o e a blindagem do cabo oferecem uma boa combina\u00e7\u00e3o de alta\u2026","rel":"","context":"Post similar","block_context":{"text":"Post similar","link":""},"img":{"alt_text":"Slide11","src":"https:\/\/i0.wp.com\/efagundes.com\/networking\/wp-content\/uploads\/sites\/5\/2015\/03\/Slide11.jpg?resize=350%2C200","width":350,"height":200,"srcset":"https:\/\/i0.wp.com\/efagundes.com\/networking\/wp-content\/uploads\/sites\/5\/2015\/03\/Slide11.jpg?resize=350%2C200 1x, https:\/\/i0.wp.com\/efagundes.com\/networking\/wp-content\/uploads\/sites\/5\/2015\/03\/Slide11.jpg?resize=525%2C300 1.5x, https:\/\/i0.wp.com\/efagundes.com\/networking\/wp-content\/uploads\/sites\/5\/2015\/03\/Slide11.jpg?resize=700%2C400 2x"},"classes":[]},{"id":261,"url":"https:\/\/efagundes.com\/networking\/meios-magneticos\/par-trancado\/","url_meta":{"origin":273,"position":1},"title":"Par tran\u00e7ado (I)","author":"Eduardo Fagundes","date":"16\/11\/2012","format":false,"excerpt":"Esse tipo de cabo tornou-se muito usado devido a falta de flexibilidade de outros cabos e por causa da necessidade de se ter um meio f\u00edsico que conseguisse uma taxa de transmiss\u00e3o alta e mais r\u00e1pida. Os cabos de par tran\u00e7ado possuem dois ou mais fios entrela\u00e7ados em forma de\u2026","rel":"","context":"Post similar","block_context":{"text":"Post similar","link":""},"img":{"alt_text":"Slide11","src":"https:\/\/i0.wp.com\/efagundes.com\/networking\/wp-content\/uploads\/sites\/5\/2015\/03\/Slide113.jpg?resize=350%2C200","width":350,"height":200,"srcset":"https:\/\/i0.wp.com\/efagundes.com\/networking\/wp-content\/uploads\/sites\/5\/2015\/03\/Slide113.jpg?resize=350%2C200 1x, https:\/\/i0.wp.com\/efagundes.com\/networking\/wp-content\/uploads\/sites\/5\/2015\/03\/Slide113.jpg?resize=525%2C300 1.5x, https:\/\/i0.wp.com\/efagundes.com\/networking\/wp-content\/uploads\/sites\/5\/2015\/03\/Slide113.jpg?resize=700%2C400 2x"},"classes":[]},{"id":639,"url":"https:\/\/efagundes.com\/networking\/ethernet-2\/cabeamento-ethernet\/","url_meta":{"origin":273,"position":2},"title":"Cabeamento Ethernet (II)","author":"Eduardo Fagundes","date":"17\/11\/2012","format":false,"excerpt":"A figura mostra tr\u00eas esquemas de fia\u00e7\u00e3o. Para o 10Base5, um transceptor \u00e9 preso firmemente ao cabo para que seu conector de press\u00e3o fa\u00e7a contato com o n\u00facleo interno do cabo. O transceptor cont\u00e9m circuitos eletr\u00f4nicos que tratam da detec\u00e7\u00e3o da portadora e da detec\u00e7\u00e3o de colis\u00f5es. Quando \u00e9 detectada\u2026","rel":"","context":"Post similar","block_context":{"text":"Post similar","link":""},"img":{"alt_text":"","src":"https:\/\/i0.wp.com\/efagundes.com\/networking\/wp-content\/uploads\/sites\/5\/2015\/03\/Slide342.jpg?resize=350%2C200","width":350,"height":200,"srcset":"https:\/\/i0.wp.com\/efagundes.com\/networking\/wp-content\/uploads\/sites\/5\/2015\/03\/Slide342.jpg?resize=350%2C200 1x, https:\/\/i0.wp.com\/efagundes.com\/networking\/wp-content\/uploads\/sites\/5\/2015\/03\/Slide342.jpg?resize=525%2C300 1.5x, https:\/\/i0.wp.com\/efagundes.com\/networking\/wp-content\/uploads\/sites\/5\/2015\/03\/Slide342.jpg?resize=700%2C400 2x"},"classes":[]},{"id":281,"url":"https:\/\/efagundes.com\/networking\/fibra-optica-2\/fibras-opticas\/","url_meta":{"origin":273,"position":3},"title":"Fibras \u00d3pticas (I)","author":"Eduardo Fagundes","date":"16\/11\/2012","format":false,"excerpt":"\u00a0 A fibra \u00f3ptica \u00e9 a tecnologia mais avan\u00e7ada em uso comercial para transmiss\u00e3o de dados, atualmente. A transmiss\u00e3o de dados por fibra \u00f3ptica \u00e9 realizada pelo envio de um sinal de luz codificado, dentro do dom\u00ednio de frequ\u00eancia do infravermelho a uma velocidade de 10 a 15 MHz. O\u2026","rel":"","context":"Post similar","block_context":{"text":"Post similar","link":""},"img":{"alt_text":"Slide22","src":"https:\/\/i0.wp.com\/efagundes.com\/networking\/wp-content\/uploads\/sites\/5\/2015\/03\/Slide222.jpg?resize=350%2C200","width":350,"height":200,"srcset":"https:\/\/i0.wp.com\/efagundes.com\/networking\/wp-content\/uploads\/sites\/5\/2015\/03\/Slide222.jpg?resize=350%2C200 1x, https:\/\/i0.wp.com\/efagundes.com\/networking\/wp-content\/uploads\/sites\/5\/2015\/03\/Slide222.jpg?resize=525%2C300 1.5x, https:\/\/i0.wp.com\/efagundes.com\/networking\/wp-content\/uploads\/sites\/5\/2015\/03\/Slide222.jpg?resize=700%2C400 2x"},"classes":[]},{"id":641,"url":"https:\/\/efagundes.com\/networking\/ethernet-2\/cabeamento-ethernet-2\/","url_meta":{"origin":273,"position":4},"title":"Cabeamento Ethernet (III)","author":"Eduardo Fagundes","date":"17\/11\/2012","format":false,"excerpt":"A figura mostra outras formas de instalar cabos em um edif\u00edcio. Um \u00fanico cabo \u00e9 arrastado de sala em sala, com cada esta\u00e7\u00e3o se contando a ele no ponto mais pr\u00f3ximo. Na figura (b), um backbone vertical vai do por\u00e3o do pr\u00e9dio ao telhado, com cabos horizontais em cada andar\u2026","rel":"","context":"Post similar","block_context":{"text":"Post similar","link":""},"img":{"alt_text":"","src":"https:\/\/i0.wp.com\/efagundes.com\/networking\/wp-content\/uploads\/sites\/5\/2015\/03\/Slide351.jpg?resize=350%2C200","width":350,"height":200,"srcset":"https:\/\/i0.wp.com\/efagundes.com\/networking\/wp-content\/uploads\/sites\/5\/2015\/03\/Slide351.jpg?resize=350%2C200 1x, https:\/\/i0.wp.com\/efagundes.com\/networking\/wp-content\/uploads\/sites\/5\/2015\/03\/Slide351.jpg?resize=525%2C300 1.5x, https:\/\/i0.wp.com\/efagundes.com\/networking\/wp-content\/uploads\/sites\/5\/2015\/03\/Slide351.jpg?resize=700%2C400 2x"},"classes":[]},{"id":302,"url":"https:\/\/efagundes.com\/networking\/fibra-optica-2\/cabos-de-fibra-na-america-do-sul\/","url_meta":{"origin":273,"position":5},"title":"Cabos de fibra na Am\u00e9rica do Sul","author":"Eduardo Fagundes","date":"16\/11\/2012","format":false,"excerpt":"\u00a0 O cabo submarino coaxial surgiu em 1956 e permitiu a comunica\u00e7\u00e3o de v\u00e1rias pessoas ao mesmo tempo. No in\u00edcio dos anos 70, com o desenvolvimento do cabo \u00f3ptico e a sua aplica\u00e7\u00e3o na comunica\u00e7\u00e3o submarina, este meio de transmiss\u00e3o tornou-se a melhor op\u00e7\u00e3o. O primeiro sistema \u00f3ptico, precursor dos\u2026","rel":"","context":"Post similar","block_context":{"text":"Post similar","link":""},"img":{"alt_text":"Slide31","src":"https:\/\/i0.wp.com\/efagundes.com\/networking\/wp-content\/uploads\/sites\/5\/2015\/03\/Slide311.jpg?resize=350%2C200","width":350,"height":200,"srcset":"https:\/\/i0.wp.com\/efagundes.com\/networking\/wp-content\/uploads\/sites\/5\/2015\/03\/Slide311.jpg?resize=350%2C200 1x, https:\/\/i0.wp.com\/efagundes.com\/networking\/wp-content\/uploads\/sites\/5\/2015\/03\/Slide311.jpg?resize=525%2C300 1.5x, https:\/\/i0.wp.com\/efagundes.com\/networking\/wp-content\/uploads\/sites\/5\/2015\/03\/Slide311.jpg?resize=700%2C400 2x"},"classes":[]}],"jetpack_sharing_enabled":true,"_links":{"self":[{"href":"https:\/\/efagundes.com\/networking\/wp-json\/wp\/v2\/pages\/273","targetHints":{"allow":["GET"]}}],"collection":[{"href":"https:\/\/efagundes.com\/networking\/wp-json\/wp\/v2\/pages"}],"about":[{"href":"https:\/\/efagundes.com\/networking\/wp-json\/wp\/v2\/types\/page"}],"author":[{"embeddable":true,"href":"https:\/\/efagundes.com\/networking\/wp-json\/wp\/v2\/users\/1"}],"replies":[{"embeddable":true,"href":"https:\/\/efagundes.com\/networking\/wp-json\/wp\/v2\/comments?post=273"}],"version-history":[{"count":0,"href":"https:\/\/efagundes.com\/networking\/wp-json\/wp\/v2\/pages\/273\/revisions"}],"up":[{"embeddable":true,"href":"https:\/\/efagundes.com\/networking\/wp-json\/wp\/v2\/pages\/259"}],"wp:attachment":[{"href":"https:\/\/efagundes.com\/networking\/wp-json\/wp\/v2\/media?parent=273"}],"curies":[{"name":"wp","href":"https:\/\/api.w.org\/{rel}","templated":true}]}}