{"id":275,"date":"2012-11-16T22:16:04","date_gmt":"2012-11-17T00:16:04","guid":{"rendered":"http:\/\/efagundes.com\/openclass_networking\/?page_id=275"},"modified":"2022-01-16T17:50:11","modified_gmt":"2022-01-16T20:50:11","slug":"a-ethernet-original","status":"publish","type":"page","link":"https:\/\/efagundes.com\/networking\/meios-magneticos\/a-ethernet-original\/","title":{"rendered":"A Ethernet original"},"content":{"rendered":"<p><a href=\"https:\/\/i0.wp.com\/efagundes.com\/networking\/wp-content\/uploads\/sites\/5\/2015\/03\/Slide182.jpg\"><img data-recalc-dims=\"1\" loading=\"lazy\" decoding=\"async\" data-attachment-id=\"2405\" data-permalink=\"https:\/\/efagundes.com\/networking\/meios-magneticos\/a-ethernet-original\/slide18-3\/\" data-orig-file=\"https:\/\/i0.wp.com\/efagundes.com\/networking\/wp-content\/uploads\/sites\/5\/2015\/03\/Slide182.jpg?fit=960%2C720&amp;ssl=1\" data-orig-size=\"960,720\" data-comments-opened=\"1\" data-image-meta=\"{&quot;aperture&quot;:&quot;0&quot;,&quot;credit&quot;:&quot;&quot;,&quot;camera&quot;:&quot;&quot;,&quot;caption&quot;:&quot;&quot;,&quot;created_timestamp&quot;:&quot;0&quot;,&quot;copyright&quot;:&quot;&quot;,&quot;focal_length&quot;:&quot;0&quot;,&quot;iso&quot;:&quot;0&quot;,&quot;shutter_speed&quot;:&quot;0&quot;,&quot;title&quot;:&quot;&quot;,&quot;orientation&quot;:&quot;0&quot;}\" data-image-title=\"Slide18\" data-image-description=\"\" data-image-caption=\"\" data-large-file=\"https:\/\/i0.wp.com\/efagundes.com\/networking\/wp-content\/uploads\/sites\/5\/2015\/03\/Slide182.jpg?fit=960%2C720&amp;ssl=1\" class=\"alignnone size-full wp-image-2405\" src=\"https:\/\/i0.wp.com\/efagundes.com\/networking\/wp-content\/uploads\/sites\/5\/2015\/03\/Slide182.jpg?resize=960%2C720\" alt=\"Slide18\" width=\"960\" height=\"720\" srcset=\"https:\/\/i0.wp.com\/efagundes.com\/networking\/wp-content\/uploads\/sites\/5\/2015\/03\/Slide182.jpg?w=960&amp;ssl=1 960w, https:\/\/i0.wp.com\/efagundes.com\/networking\/wp-content\/uploads\/sites\/5\/2015\/03\/Slide182.jpg?resize=300%2C225&amp;ssl=1 300w\" sizes=\"auto, (max-width: 960px) 100vw, 960px\" \/><\/a><\/p>\n","protected":false},"excerpt":{"rendered":"","protected":false},"author":1,"featured_media":0,"parent":259,"menu_order":72,"comment_status":"closed","ping_status":"closed","template":"","meta":{"footnotes":""},"class_list":["post-275","page","type-page","status-publish","hentry"],"jetpack_shortlink":"https:\/\/wp.me\/P8yKGp-4r","jetpack-related-posts":[{"id":265,"url":"https:\/\/efagundes.com\/networking\/meios-magneticos\/twisted-pair-ethernet\/","url_meta":{"origin":275,"position":0},"title":"Twisted Pair Ethernet","author":"Eduardo Fagundes","date":"16\/11\/2012","format":false,"excerpt":"\u00a0 100 Base-T Fast Ethernet Este padr\u00e3o mant\u00e9m as principais caracter\u00edsticas do padr\u00e3o Ethernet 10Mbit\/s, tais como o formato do frame, a quantidade de dados que um frame pode carregar, e o mecanismo de controle de acesso ao meio, diferenciando do padr\u00e3o original apenas na velocidade de transmiss\u00e3o dos pacotes,\u2026","rel":"","context":"Com 1 coment\u00e1rio","block_context":{"text":"Com 1 coment\u00e1rio","link":"https:\/\/efagundes.com\/networking\/meios-magneticos\/twisted-pair-ethernet\/#comments"},"img":{"alt_text":"Slide13","src":"https:\/\/i0.wp.com\/efagundes.com\/networking\/wp-content\/uploads\/sites\/5\/2015\/03\/Slide132.jpg?resize=350%2C200","width":350,"height":200,"srcset":"https:\/\/i0.wp.com\/efagundes.com\/networking\/wp-content\/uploads\/sites\/5\/2015\/03\/Slide132.jpg?resize=350%2C200 1x, https:\/\/i0.wp.com\/efagundes.com\/networking\/wp-content\/uploads\/sites\/5\/2015\/03\/Slide132.jpg?resize=525%2C300 1.5x, https:\/\/i0.wp.com\/efagundes.com\/networking\/wp-content\/uploads\/sites\/5\/2015\/03\/Slide132.jpg?resize=700%2C400 2x"},"classes":[]},{"id":1072,"url":"https:\/\/efagundes.com\/networking\/ethernet-2\/fast-ethernet\/","url_meta":{"origin":275,"position":1},"title":"Fast Ethernet","author":"Eduardo Fagundes","date":"18\/11\/2012","format":false,"excerpt":"","rel":"","context":"Post similar","block_context":{"text":"Post similar","link":""},"img":{"alt_text":"Slide174","src":"https:\/\/i0.wp.com\/efagundes.com\/networking\/wp-content\/uploads\/sites\/5\/2012\/11\/Slide174.png?resize=350%2C200","width":350,"height":200,"srcset":"https:\/\/i0.wp.com\/efagundes.com\/networking\/wp-content\/uploads\/sites\/5\/2012\/11\/Slide174.png?resize=350%2C200 1x, https:\/\/i0.wp.com\/efagundes.com\/networking\/wp-content\/uploads\/sites\/5\/2012\/11\/Slide174.png?resize=525%2C300 1.5x, https:\/\/i0.wp.com\/efagundes.com\/networking\/wp-content\/uploads\/sites\/5\/2012\/11\/Slide174.png?resize=700%2C400 2x"},"classes":[]},{"id":295,"url":"https:\/\/efagundes.com\/networking\/ethernet-2\/gigabit-ethernet\/","url_meta":{"origin":275,"position":2},"title":"Gigabit Ethernet","author":"Eduardo Fagundes","date":"16\/11\/2012","format":false,"excerpt":"","rel":"","context":"Post similar","block_context":{"text":"Post similar","link":""},"img":{"alt_text":"Slide28","src":"https:\/\/i0.wp.com\/efagundes.com\/networking\/wp-content\/uploads\/sites\/5\/2015\/03\/Slide281.jpg?resize=350%2C200","width":350,"height":200,"srcset":"https:\/\/i0.wp.com\/efagundes.com\/networking\/wp-content\/uploads\/sites\/5\/2015\/03\/Slide281.jpg?resize=350%2C200 1x, https:\/\/i0.wp.com\/efagundes.com\/networking\/wp-content\/uploads\/sites\/5\/2015\/03\/Slide281.jpg?resize=525%2C300 1.5x, https:\/\/i0.wp.com\/efagundes.com\/networking\/wp-content\/uploads\/sites\/5\/2015\/03\/Slide281.jpg?resize=700%2C400 2x"},"classes":[]},{"id":298,"url":"https:\/\/efagundes.com\/networking\/ethernet-2\/10gb-ethernet\/","url_meta":{"origin":275,"position":3},"title":"10Gb Ethernet","author":"Eduardo Fagundes","date":"16\/11\/2012","format":false,"excerpt":"","rel":"","context":"Post similar","block_context":{"text":"Post similar","link":""},"img":{"alt_text":"Slide29","src":"https:\/\/i0.wp.com\/efagundes.com\/networking\/wp-content\/uploads\/sites\/5\/2015\/03\/Slide291.jpg?resize=350%2C200","width":350,"height":200,"srcset":"https:\/\/i0.wp.com\/efagundes.com\/networking\/wp-content\/uploads\/sites\/5\/2015\/03\/Slide291.jpg?resize=350%2C200 1x, https:\/\/i0.wp.com\/efagundes.com\/networking\/wp-content\/uploads\/sites\/5\/2015\/03\/Slide291.jpg?resize=525%2C300 1.5x, https:\/\/i0.wp.com\/efagundes.com\/networking\/wp-content\/uploads\/sites\/5\/2015\/03\/Slide291.jpg?resize=700%2C400 2x"},"classes":[]},{"id":1065,"url":"https:\/\/efagundes.com\/networking\/ethernet-2\/cabeamento-ethernet-tipos-mais-comuns\/","url_meta":{"origin":275,"position":4},"title":"Cabeamento Ethernet (I)","author":"Eduardo Fagundes","date":"18\/11\/2012","format":false,"excerpt":"","rel":"","context":"Post similar","block_context":{"text":"Post similar","link":""},"img":{"alt_text":"","src":"https:\/\/i0.wp.com\/efagundes.com\/networking\/wp-content\/uploads\/sites\/5\/2015\/03\/Slide332.jpg?resize=350%2C200","width":350,"height":200,"srcset":"https:\/\/i0.wp.com\/efagundes.com\/networking\/wp-content\/uploads\/sites\/5\/2015\/03\/Slide332.jpg?resize=350%2C200 1x, https:\/\/i0.wp.com\/efagundes.com\/networking\/wp-content\/uploads\/sites\/5\/2015\/03\/Slide332.jpg?resize=525%2C300 1.5x, https:\/\/i0.wp.com\/efagundes.com\/networking\/wp-content\/uploads\/sites\/5\/2015\/03\/Slide332.jpg?resize=700%2C400 2x"},"classes":[]},{"id":182,"url":"https:\/\/efagundes.com\/networking\/redes-locais\/ethernet\/","url_meta":{"origin":275,"position":5},"title":"Ethernet","author":"Eduardo Fagundes","date":"16\/11\/2012","format":false,"excerpt":"O padr\u00e3o Ethernet \u00e9 o m\u00e9todo de acesso mais utilizado em redes locais de computadores (LAN), definido pelo IEEE como padr\u00e3o 802.3. A maioria dos PCs v\u00eam com uma interface Ethernet 10\/100 para uso de casa, n\u00e3o s\u00f3 criar uma rede dom\u00e9stica, mas conectar \u00e0 Internet atrav\u00e9s de uma conex\u00e3o\u2026","rel":"","context":"Post similar","block_context":{"text":"Post similar","link":""},"img":{"alt_text":"Slide18","src":"https:\/\/i0.wp.com\/efagundes.com\/networking\/wp-content\/uploads\/sites\/5\/2015\/03\/Slide181.jpg?resize=350%2C200","width":350,"height":200,"srcset":"https:\/\/i0.wp.com\/efagundes.com\/networking\/wp-content\/uploads\/sites\/5\/2015\/03\/Slide181.jpg?resize=350%2C200 1x, https:\/\/i0.wp.com\/efagundes.com\/networking\/wp-content\/uploads\/sites\/5\/2015\/03\/Slide181.jpg?resize=525%2C300 1.5x, https:\/\/i0.wp.com\/efagundes.com\/networking\/wp-content\/uploads\/sites\/5\/2015\/03\/Slide181.jpg?resize=700%2C400 2x"},"classes":[]}],"jetpack_sharing_enabled":true,"_links":{"self":[{"href":"https:\/\/efagundes.com\/networking\/wp-json\/wp\/v2\/pages\/275","targetHints":{"allow":["GET"]}}],"collection":[{"href":"https:\/\/efagundes.com\/networking\/wp-json\/wp\/v2\/pages"}],"about":[{"href":"https:\/\/efagundes.com\/networking\/wp-json\/wp\/v2\/types\/page"}],"author":[{"embeddable":true,"href":"https:\/\/efagundes.com\/networking\/wp-json\/wp\/v2\/users\/1"}],"replies":[{"embeddable":true,"href":"https:\/\/efagundes.com\/networking\/wp-json\/wp\/v2\/comments?post=275"}],"version-history":[{"count":0,"href":"https:\/\/efagundes.com\/networking\/wp-json\/wp\/v2\/pages\/275\/revisions"}],"up":[{"embeddable":true,"href":"https:\/\/efagundes.com\/networking\/wp-json\/wp\/v2\/pages\/259"}],"wp:attachment":[{"href":"https:\/\/efagundes.com\/networking\/wp-json\/wp\/v2\/media?parent=275"}],"curies":[{"name":"wp","href":"https:\/\/api.w.org\/{rel}","templated":true}]}}