{"id":281,"date":"2012-11-16T22:21:29","date_gmt":"2012-11-17T00:21:29","guid":{"rendered":"http:\/\/efagundes.com\/openclass_networking\/?page_id=281"},"modified":"2022-01-16T17:50:14","modified_gmt":"2022-01-16T20:50:14","slug":"fibras-opticas","status":"publish","type":"page","link":"https:\/\/efagundes.com\/networking\/fibra-optica-2\/fibras-opticas\/","title":{"rendered":"Fibras \u00d3pticas (I)"},"content":{"rendered":"<p>&nbsp;<\/p>\n<p><a href=\"https:\/\/i0.wp.com\/efagundes.com\/networking\/wp-content\/uploads\/sites\/5\/2015\/03\/Slide222.jpg\"><img data-recalc-dims=\"1\" loading=\"lazy\" decoding=\"async\" data-attachment-id=\"2409\" data-permalink=\"https:\/\/efagundes.com\/networking\/fibra-optica-2\/fibras-opticas\/slide22-3\/\" data-orig-file=\"https:\/\/i0.wp.com\/efagundes.com\/networking\/wp-content\/uploads\/sites\/5\/2015\/03\/Slide222.jpg?fit=960%2C720&amp;ssl=1\" data-orig-size=\"960,720\" data-comments-opened=\"1\" data-image-meta=\"{&quot;aperture&quot;:&quot;0&quot;,&quot;credit&quot;:&quot;&quot;,&quot;camera&quot;:&quot;&quot;,&quot;caption&quot;:&quot;&quot;,&quot;created_timestamp&quot;:&quot;0&quot;,&quot;copyright&quot;:&quot;&quot;,&quot;focal_length&quot;:&quot;0&quot;,&quot;iso&quot;:&quot;0&quot;,&quot;shutter_speed&quot;:&quot;0&quot;,&quot;title&quot;:&quot;&quot;,&quot;orientation&quot;:&quot;0&quot;}\" data-image-title=\"Slide22\" data-image-description=\"\" data-image-caption=\"\" data-large-file=\"https:\/\/i0.wp.com\/efagundes.com\/networking\/wp-content\/uploads\/sites\/5\/2015\/03\/Slide222.jpg?fit=960%2C720&amp;ssl=1\" class=\"alignnone size-full wp-image-2409\" src=\"https:\/\/i0.wp.com\/efagundes.com\/networking\/wp-content\/uploads\/sites\/5\/2015\/03\/Slide222.jpg?resize=960%2C720\" alt=\"Slide22\" width=\"960\" height=\"720\" srcset=\"https:\/\/i0.wp.com\/efagundes.com\/networking\/wp-content\/uploads\/sites\/5\/2015\/03\/Slide222.jpg?w=960&amp;ssl=1 960w, https:\/\/i0.wp.com\/efagundes.com\/networking\/wp-content\/uploads\/sites\/5\/2015\/03\/Slide222.jpg?resize=300%2C225&amp;ssl=1 300w\" sizes=\"auto, (max-width: 960px) 100vw, 960px\" \/><\/a>A fibra \u00f3ptica \u00e9 a tecnologia mais avan\u00e7ada em uso comercial para transmiss\u00e3o de dados, atualmente. A transmiss\u00e3o de dados por fibra \u00f3ptica \u00e9 realizada pelo envio de um sinal de luz codificado, dentro do dom\u00ednio de frequ\u00eancia do infravermelho a uma velocidade de 10 a 15 MHz. O cabo \u00f3ptico consiste de um filamento de s\u00edlica e de pl\u00e1stico, onde \u00e9 feita a transmiss\u00e3o da luz.<\/p>\n<p>As fontes de transmiss\u00e3o de luz podem ser diodos emissores de luz (LED) ou lasers semicondutores. O cabo \u00f3ptico com transmiss\u00e3o de raio laser \u00e9 o mais eficiente em pot\u00eancia devido a sua espessura reduzida. J\u00e1 os cabos com diodos emissores de luz s\u00e3o muito baratos, al\u00e9m de serem mais adapt\u00e1veis \u00e0 temperatura ambiente e de terem um ciclo de vida maior que o do laser.<\/p>\n<p>Apesar de serem mais caros, os cabos de fibra \u00f3ptica n\u00e3o sofrem interfer\u00eancias com ru\u00eddos eletromagn\u00e9ticos e com radiofreq\u00fc\u00eancias e permitem uma total isolamento entre transmissor e receptor. Portanto, quem deseja ter uma rede segura, preservar dados de qualquer tipo de ru\u00eddo e ter velocidade na transmiss\u00e3o de dados, os cabos de fibra \u00f3ptica s\u00e3o a melhor op\u00e7\u00e3o do mercado.<\/p>\n<p>O cabo de fibra \u00f3ptica pode ser utilizado tanto em liga\u00e7\u00f5es ponto a ponto quanto em liga\u00e7\u00f5es multiponto. A exemplo do cabo de par tran\u00e7ado, a fibra \u00f3ptica tamb\u00e9m est\u00e1 sendo muito usada em conjunto com sistemas ATM, que transmitem os dados em alta velocidade. O tipo de cabeamento mais usado em ambientes internos (LANs) \u00e9 o de par tran\u00e7ado, enquanto o de fibra \u00f3ptica \u00e9 o mais usado em ambientes externos.<\/p>\n<p>Um\u00a0 cabeamento de fibra \u00f3tica teria uma largura de banda t\u00edpica em torno de 1ghz, o suficiente para utilizar-se os servi\u00e7os mais corriqueiros da Internet ( FTP, e-mail, Web, videoconfer\u00eancia etc&#8230; ) com muita folga, assumindo-se um comprimento m\u00e1ximo de 1,5 km.<\/p>\n<p>&nbsp;<\/p>\n","protected":false},"excerpt":{"rendered":"<p>&nbsp; A fibra \u00f3ptica \u00e9 a tecnologia mais avan\u00e7ada em uso comercial para transmiss\u00e3o de dados, atualmente. A transmiss\u00e3o de dados por fibra \u00f3ptica \u00e9 realizada pelo envio de um sinal de luz codificado, dentro do dom\u00ednio de frequ\u00eancia do infravermelho a uma velocidade de 10 a 15 MHz. O cabo \u00f3ptico consiste de um [&hellip;]<\/p>\n","protected":false},"author":1,"featured_media":0,"parent":1329,"menu_order":0,"comment_status":"closed","ping_status":"open","template":"","meta":{"footnotes":""},"class_list":["post-281","page","type-page","status-publish","hentry"],"jetpack_shortlink":"https:\/\/wp.me\/P8yKGp-4x","jetpack-related-posts":[{"id":302,"url":"https:\/\/efagundes.com\/networking\/fibra-optica-2\/cabos-de-fibra-na-america-do-sul\/","url_meta":{"origin":281,"position":0},"title":"Cabos de fibra na Am\u00e9rica do Sul","author":"Eduardo Fagundes","date":"16\/11\/2012","format":false,"excerpt":"\u00a0 O cabo submarino coaxial surgiu em 1956 e permitiu a comunica\u00e7\u00e3o de v\u00e1rias pessoas ao mesmo tempo. No in\u00edcio dos anos 70, com o desenvolvimento do cabo \u00f3ptico e a sua aplica\u00e7\u00e3o na comunica\u00e7\u00e3o submarina, este meio de transmiss\u00e3o tornou-se a melhor op\u00e7\u00e3o. O primeiro sistema \u00f3ptico, precursor dos\u2026","rel":"","context":"Post similar","block_context":{"text":"Post similar","link":""},"img":{"alt_text":"Slide31","src":"https:\/\/i0.wp.com\/efagundes.com\/networking\/wp-content\/uploads\/sites\/5\/2015\/03\/Slide311.jpg?resize=350%2C200","width":350,"height":200,"srcset":"https:\/\/i0.wp.com\/efagundes.com\/networking\/wp-content\/uploads\/sites\/5\/2015\/03\/Slide311.jpg?resize=350%2C200 1x, https:\/\/i0.wp.com\/efagundes.com\/networking\/wp-content\/uploads\/sites\/5\/2015\/03\/Slide311.jpg?resize=525%2C300 1.5x, https:\/\/i0.wp.com\/efagundes.com\/networking\/wp-content\/uploads\/sites\/5\/2015\/03\/Slide311.jpg?resize=700%2C400 2x"},"classes":[]},{"id":285,"url":"https:\/\/efagundes.com\/networking\/fibra-optica-2\/fibras-opticas-iii\/","url_meta":{"origin":281,"position":1},"title":"Fibras \u00f3pticas (III)","author":"Eduardo Fagundes","date":"16\/11\/2012","format":false,"excerpt":"\u00a0 As fibras \u00f3pticas s\u00e3o classificadas a partir de suas caracter\u00edsticas de transmiss\u00e3o que dependem do \u00edndice de refra\u00e7\u00e3o. Essas caracter\u00edsticas definem a capacidade de transmiss\u00e3o (largura de banda) e as facilidades operacionais de conex\u00e3o e acoplamento com fontes e detectores de luz.] Fibra mult\u00edmodo \u00edndice degrau (ID) - Simplicidade\u2026","rel":"","context":"Com 1 coment\u00e1rio","block_context":{"text":"Com 1 coment\u00e1rio","link":"https:\/\/efagundes.com\/networking\/fibra-optica-2\/fibras-opticas-iii\/#comments"},"img":{"alt_text":"Slide24","src":"https:\/\/i0.wp.com\/efagundes.com\/networking\/wp-content\/uploads\/sites\/5\/2015\/03\/Slide242.jpg?resize=350%2C200","width":350,"height":200,"srcset":"https:\/\/i0.wp.com\/efagundes.com\/networking\/wp-content\/uploads\/sites\/5\/2015\/03\/Slide242.jpg?resize=350%2C200 1x, https:\/\/i0.wp.com\/efagundes.com\/networking\/wp-content\/uploads\/sites\/5\/2015\/03\/Slide242.jpg?resize=525%2C300 1.5x, https:\/\/i0.wp.com\/efagundes.com\/networking\/wp-content\/uploads\/sites\/5\/2015\/03\/Slide242.jpg?resize=700%2C400 2x"},"classes":[]},{"id":71,"url":"https:\/\/efagundes.com\/networking\/hardware-de-rede\/fibra-optica\/","url_meta":{"origin":281,"position":2},"title":"Fibra \u00f3ptica","author":"Eduardo Fagundes","date":"16\/11\/2012","format":false,"excerpt":"As fibras \u00f3pticas s\u00e3o fios de vidro que transmitem luz. Uma fibra \u00f3ptica \u00e9 um capilar formado por materiais cristalinos e homog\u00eaneos, transparentes o bastante para guiar um feixe de luz (vis\u00edvel ou infravermelho) atrav\u00e9s de um trajeto qualquer. Uma \u00fanica fibra \u00f3ptica \u00e9 capaz de transmitir trilh\u00f5es de bits\u2026","rel":"","context":"Post similar","block_context":{"text":"Post similar","link":""},"img":{"alt_text":"Slide10","src":"https:\/\/i0.wp.com\/efagundes.com\/networking\/wp-content\/uploads\/sites\/5\/2015\/03\/Slide10.jpg?resize=350%2C200","width":350,"height":200,"srcset":"https:\/\/i0.wp.com\/efagundes.com\/networking\/wp-content\/uploads\/sites\/5\/2015\/03\/Slide10.jpg?resize=350%2C200 1x, https:\/\/i0.wp.com\/efagundes.com\/networking\/wp-content\/uploads\/sites\/5\/2015\/03\/Slide10.jpg?resize=525%2C300 1.5x, https:\/\/i0.wp.com\/efagundes.com\/networking\/wp-content\/uploads\/sites\/5\/2015\/03\/Slide10.jpg?resize=700%2C400 2x"},"classes":[]},{"id":308,"url":"https:\/\/efagundes.com\/networking\/fibra-optica-2\/estrutura-basica-do-sistema-de-fibra-optica-submarina\/","url_meta":{"origin":281,"position":3},"title":"Estrutura b\u00e1sica do sistema de fibra \u00f3ptica submarina","author":"Eduardo Fagundes","date":"16\/11\/2012","format":false,"excerpt":"\u00a0 A principal caracter\u00edstica dos sistemas de comunica\u00e7\u00f5es de cabos \u00f3pticos submarinos, al\u00e9m da sua alta capacidade de transmiss\u00e3o \u00e9 a dist\u00e2ncia que se pode atingir, chegando a at\u00e9 9.000 km sem necessidade de regenera\u00e7\u00e3o do sinal. Nos sistemas que utilizam fibras \u00f3pticas de terceira gera\u00e7\u00e3o (1300nm) consegue-se atingir espa\u00e7amentos\u2026","rel":"","context":"Post similar","block_context":{"text":"Post similar","link":""},"img":{"alt_text":"Slide34","src":"https:\/\/i0.wp.com\/efagundes.com\/networking\/wp-content\/uploads\/sites\/5\/2015\/03\/Slide34.jpg?resize=350%2C200","width":350,"height":200,"srcset":"https:\/\/i0.wp.com\/efagundes.com\/networking\/wp-content\/uploads\/sites\/5\/2015\/03\/Slide34.jpg?resize=350%2C200 1x, https:\/\/i0.wp.com\/efagundes.com\/networking\/wp-content\/uploads\/sites\/5\/2015\/03\/Slide34.jpg?resize=525%2C300 1.5x, https:\/\/i0.wp.com\/efagundes.com\/networking\/wp-content\/uploads\/sites\/5\/2015\/03\/Slide34.jpg?resize=700%2C400 2x"},"classes":[]},{"id":261,"url":"https:\/\/efagundes.com\/networking\/meios-magneticos\/par-trancado\/","url_meta":{"origin":281,"position":4},"title":"Par tran\u00e7ado (I)","author":"Eduardo Fagundes","date":"16\/11\/2012","format":false,"excerpt":"Esse tipo de cabo tornou-se muito usado devido a falta de flexibilidade de outros cabos e por causa da necessidade de se ter um meio f\u00edsico que conseguisse uma taxa de transmiss\u00e3o alta e mais r\u00e1pida. Os cabos de par tran\u00e7ado possuem dois ou mais fios entrela\u00e7ados em forma de\u2026","rel":"","context":"Post similar","block_context":{"text":"Post similar","link":""},"img":{"alt_text":"Slide11","src":"https:\/\/i0.wp.com\/efagundes.com\/networking\/wp-content\/uploads\/sites\/5\/2015\/03\/Slide113.jpg?resize=350%2C200","width":350,"height":200,"srcset":"https:\/\/i0.wp.com\/efagundes.com\/networking\/wp-content\/uploads\/sites\/5\/2015\/03\/Slide113.jpg?resize=350%2C200 1x, https:\/\/i0.wp.com\/efagundes.com\/networking\/wp-content\/uploads\/sites\/5\/2015\/03\/Slide113.jpg?resize=525%2C300 1.5x, https:\/\/i0.wp.com\/efagundes.com\/networking\/wp-content\/uploads\/sites\/5\/2015\/03\/Slide113.jpg?resize=700%2C400 2x"},"classes":[]},{"id":482,"url":"https:\/\/efagundes.com\/networking\/multiplexacao-2\/multiplexacao-por-divisao-de-comprimento-de-onda\/","url_meta":{"origin":281,"position":5},"title":"Multiplexa\u00e7\u00e3o por divis\u00e3o de comprimento de onda","author":"Eduardo Fagundes","date":"17\/11\/2012","format":false,"excerpt":"(Wavelength Division Multiplexing) \u00e9 uma tecnologia que usa m\u00faltiplos lasers e transmite v\u00e1rios comprimentos de onda de luz (lambdas) simultaneamente em cima de uma \u00fanica fibra \u00f3ptica. Cada sinal viaja dentro de uma \u00fanica faixa de cor que \u00e9 modulada pelos dados (texto, voz, v\u00eddeo, etc.). WDM aumentou a capacidade\u2026","rel":"","context":"Post similar","block_context":{"text":"Post similar","link":""},"img":{"alt_text":"Slide3","src":"https:\/\/i0.wp.com\/efagundes.com\/networking\/wp-content\/uploads\/sites\/5\/2015\/03\/Slide39.jpg?resize=350%2C200","width":350,"height":200,"srcset":"https:\/\/i0.wp.com\/efagundes.com\/networking\/wp-content\/uploads\/sites\/5\/2015\/03\/Slide39.jpg?resize=350%2C200 1x, https:\/\/i0.wp.com\/efagundes.com\/networking\/wp-content\/uploads\/sites\/5\/2015\/03\/Slide39.jpg?resize=525%2C300 1.5x, https:\/\/i0.wp.com\/efagundes.com\/networking\/wp-content\/uploads\/sites\/5\/2015\/03\/Slide39.jpg?resize=700%2C400 2x"},"classes":[]}],"jetpack_sharing_enabled":true,"_links":{"self":[{"href":"https:\/\/efagundes.com\/networking\/wp-json\/wp\/v2\/pages\/281","targetHints":{"allow":["GET"]}}],"collection":[{"href":"https:\/\/efagundes.com\/networking\/wp-json\/wp\/v2\/pages"}],"about":[{"href":"https:\/\/efagundes.com\/networking\/wp-json\/wp\/v2\/types\/page"}],"author":[{"embeddable":true,"href":"https:\/\/efagundes.com\/networking\/wp-json\/wp\/v2\/users\/1"}],"replies":[{"embeddable":true,"href":"https:\/\/efagundes.com\/networking\/wp-json\/wp\/v2\/comments?post=281"}],"version-history":[{"count":0,"href":"https:\/\/efagundes.com\/networking\/wp-json\/wp\/v2\/pages\/281\/revisions"}],"up":[{"embeddable":true,"href":"https:\/\/efagundes.com\/networking\/wp-json\/wp\/v2\/pages\/1329"}],"wp:attachment":[{"href":"https:\/\/efagundes.com\/networking\/wp-json\/wp\/v2\/media?parent=281"}],"curies":[{"name":"wp","href":"https:\/\/api.w.org\/{rel}","templated":true}]}}