{"id":287,"date":"2012-11-16T22:25:51","date_gmt":"2012-11-17T00:25:51","guid":{"rendered":"http:\/\/efagundes.com\/openclass_networking\/?page_id=287"},"modified":"2022-01-16T17:50:15","modified_gmt":"2022-01-16T20:50:15","slug":"caracteristicas-da-fibra-monomodo","status":"publish","type":"page","link":"https:\/\/efagundes.com\/networking\/fibra-optica-2\/caracteristicas-da-fibra-monomodo\/","title":{"rendered":"Caracter\u00edsticas das fibras monomodo"},"content":{"rendered":"<p><a href=\"https:\/\/i0.wp.com\/efagundes.com\/networking\/wp-content\/uploads\/sites\/5\/2015\/03\/Slide242.jpg\"><img data-recalc-dims=\"1\" loading=\"lazy\" decoding=\"async\" data-attachment-id=\"2411\" data-permalink=\"https:\/\/efagundes.com\/networking\/fibra-optica-2\/fibras-opticas-iii\/slide24-3\/\" data-orig-file=\"https:\/\/i0.wp.com\/efagundes.com\/networking\/wp-content\/uploads\/sites\/5\/2015\/03\/Slide242.jpg?fit=960%2C720&amp;ssl=1\" data-orig-size=\"960,720\" data-comments-opened=\"1\" data-image-meta=\"{&quot;aperture&quot;:&quot;0&quot;,&quot;credit&quot;:&quot;&quot;,&quot;camera&quot;:&quot;&quot;,&quot;caption&quot;:&quot;&quot;,&quot;created_timestamp&quot;:&quot;0&quot;,&quot;copyright&quot;:&quot;&quot;,&quot;focal_length&quot;:&quot;0&quot;,&quot;iso&quot;:&quot;0&quot;,&quot;shutter_speed&quot;:&quot;0&quot;,&quot;title&quot;:&quot;&quot;,&quot;orientation&quot;:&quot;0&quot;}\" data-image-title=\"Slide24\" data-image-description=\"\" data-image-caption=\"\" data-large-file=\"https:\/\/i0.wp.com\/efagundes.com\/networking\/wp-content\/uploads\/sites\/5\/2015\/03\/Slide242.jpg?fit=960%2C720&amp;ssl=1\" class=\"alignnone size-full wp-image-2411\" src=\"https:\/\/i0.wp.com\/efagundes.com\/networking\/wp-content\/uploads\/sites\/5\/2015\/03\/Slide242.jpg?resize=960%2C720\" alt=\"Slide24\" width=\"960\" height=\"720\" srcset=\"https:\/\/i0.wp.com\/efagundes.com\/networking\/wp-content\/uploads\/sites\/5\/2015\/03\/Slide242.jpg?w=960&amp;ssl=1 960w, https:\/\/i0.wp.com\/efagundes.com\/networking\/wp-content\/uploads\/sites\/5\/2015\/03\/Slide242.jpg?resize=300%2C225&amp;ssl=1 300w\" sizes=\"auto, (max-width: 960px) 100vw, 960px\" \/><\/a><\/p>\n","protected":false},"excerpt":{"rendered":"","protected":false},"author":1,"featured_media":0,"parent":1329,"menu_order":5,"comment_status":"closed","ping_status":"open","template":"","meta":{"footnotes":""},"class_list":["post-287","page","type-page","status-publish","hentry"],"jetpack_shortlink":"https:\/\/wp.me\/P8yKGp-4D","jetpack-related-posts":[{"id":285,"url":"https:\/\/efagundes.com\/networking\/fibra-optica-2\/fibras-opticas-iii\/","url_meta":{"origin":287,"position":0},"title":"Fibras \u00f3pticas (III)","author":"Eduardo Fagundes","date":"16\/11\/2012","format":false,"excerpt":"\u00a0 As fibras \u00f3pticas s\u00e3o classificadas a partir de suas caracter\u00edsticas de transmiss\u00e3o que dependem do \u00edndice de refra\u00e7\u00e3o. Essas caracter\u00edsticas definem a capacidade de transmiss\u00e3o (largura de banda) e as facilidades operacionais de conex\u00e3o e acoplamento com fontes e detectores de luz.] Fibra mult\u00edmodo \u00edndice degrau (ID) - Simplicidade\u2026","rel":"","context":"Com 1 coment\u00e1rio","block_context":{"text":"Com 1 coment\u00e1rio","link":"https:\/\/efagundes.com\/networking\/fibra-optica-2\/fibras-opticas-iii\/#comments"},"img":{"alt_text":"Slide24","src":"https:\/\/i0.wp.com\/efagundes.com\/networking\/wp-content\/uploads\/sites\/5\/2015\/03\/Slide242.jpg?resize=350%2C200","width":350,"height":200,"srcset":"https:\/\/i0.wp.com\/efagundes.com\/networking\/wp-content\/uploads\/sites\/5\/2015\/03\/Slide242.jpg?resize=350%2C200 1x, https:\/\/i0.wp.com\/efagundes.com\/networking\/wp-content\/uploads\/sites\/5\/2015\/03\/Slide242.jpg?resize=525%2C300 1.5x, https:\/\/i0.wp.com\/efagundes.com\/networking\/wp-content\/uploads\/sites\/5\/2015\/03\/Slide242.jpg?resize=700%2C400 2x"},"classes":[]},{"id":289,"url":"https:\/\/efagundes.com\/networking\/fibra-optica-2\/caracteristicas-da-fibra-multimodo\/","url_meta":{"origin":287,"position":1},"title":"Caracter\u00edsticas das fibras multimodo","author":"Eduardo Fagundes","date":"16\/11\/2012","format":false,"excerpt":"","rel":"","context":"Post similar","block_context":{"text":"Post similar","link":""},"img":{"alt_text":"Slide25","src":"https:\/\/i0.wp.com\/efagundes.com\/networking\/wp-content\/uploads\/sites\/5\/2015\/03\/Slide252.jpg?resize=350%2C200","width":350,"height":200,"srcset":"https:\/\/i0.wp.com\/efagundes.com\/networking\/wp-content\/uploads\/sites\/5\/2015\/03\/Slide252.jpg?resize=350%2C200 1x, https:\/\/i0.wp.com\/efagundes.com\/networking\/wp-content\/uploads\/sites\/5\/2015\/03\/Slide252.jpg?resize=525%2C300 1.5x, https:\/\/i0.wp.com\/efagundes.com\/networking\/wp-content\/uploads\/sites\/5\/2015\/03\/Slide252.jpg?resize=700%2C400 2x"},"classes":[]},{"id":71,"url":"https:\/\/efagundes.com\/networking\/hardware-de-rede\/fibra-optica\/","url_meta":{"origin":287,"position":2},"title":"Fibra \u00f3ptica","author":"Eduardo Fagundes","date":"16\/11\/2012","format":false,"excerpt":"As fibras \u00f3pticas s\u00e3o fios de vidro que transmitem luz. Uma fibra \u00f3ptica \u00e9 um capilar formado por materiais cristalinos e homog\u00eaneos, transparentes o bastante para guiar um feixe de luz (vis\u00edvel ou infravermelho) atrav\u00e9s de um trajeto qualquer. Uma \u00fanica fibra \u00f3ptica \u00e9 capaz de transmitir trilh\u00f5es de bits\u2026","rel":"","context":"Post similar","block_context":{"text":"Post similar","link":""},"img":{"alt_text":"Slide10","src":"https:\/\/i0.wp.com\/efagundes.com\/networking\/wp-content\/uploads\/sites\/5\/2015\/03\/Slide10.jpg?resize=350%2C200","width":350,"height":200,"srcset":"https:\/\/i0.wp.com\/efagundes.com\/networking\/wp-content\/uploads\/sites\/5\/2015\/03\/Slide10.jpg?resize=350%2C200 1x, https:\/\/i0.wp.com\/efagundes.com\/networking\/wp-content\/uploads\/sites\/5\/2015\/03\/Slide10.jpg?resize=525%2C300 1.5x, https:\/\/i0.wp.com\/efagundes.com\/networking\/wp-content\/uploads\/sites\/5\/2015\/03\/Slide10.jpg?resize=700%2C400 2x"},"classes":[]},{"id":936,"url":"https:\/\/efagundes.com\/networking\/sistema-telefonico\/caracteristicas-das-linhas\/","url_meta":{"origin":287,"position":3},"title":"Caracter\u00edsticas das linhas","author":"Eduardo Fagundes","date":"18\/11\/2012","format":false,"excerpt":"","rel":"","context":"Post similar","block_context":{"text":"Post similar","link":""},"img":{"alt_text":"","src":"","width":0,"height":0},"classes":[]},{"id":283,"url":"https:\/\/efagundes.com\/networking\/fibra-optica-2\/fibras-opticas-2\/","url_meta":{"origin":287,"position":4},"title":"Fibras \u00d3pticas (II)","author":"Eduardo Fagundes","date":"16\/11\/2012","format":false,"excerpt":"","rel":"","context":"Post similar","block_context":{"text":"Post similar","link":""},"img":{"alt_text":"Slide23","src":"https:\/\/i0.wp.com\/efagundes.com\/networking\/wp-content\/uploads\/sites\/5\/2015\/03\/Slide232.jpg?resize=350%2C200","width":350,"height":200,"srcset":"https:\/\/i0.wp.com\/efagundes.com\/networking\/wp-content\/uploads\/sites\/5\/2015\/03\/Slide232.jpg?resize=350%2C200 1x, https:\/\/i0.wp.com\/efagundes.com\/networking\/wp-content\/uploads\/sites\/5\/2015\/03\/Slide232.jpg?resize=525%2C300 1.5x, https:\/\/i0.wp.com\/efagundes.com\/networking\/wp-content\/uploads\/sites\/5\/2015\/03\/Slide232.jpg?resize=700%2C400 2x"},"classes":[]},{"id":352,"url":"https:\/\/efagundes.com\/networking\/transmissao-sem-fio\/transmissao-de-microondas\/","url_meta":{"origin":287,"position":5},"title":"Transmiss\u00e3o de microondas","author":"Eduardo Fagundes","date":"16\/11\/2012","format":false,"excerpt":"\u00a0 Acima de 100 MHz, as ondas viajam em linhas retas e podem ser estreitamente focadas atrav\u00e9s do alinhamento do transmissor e receptor.\u00a0 Concentrando toda energia em um pequeno receptor, atrav\u00e9s de uma antena parab\u00f3lica (do tipo daquelas de TV por sat\u00e9lite), resulta em uma rela\u00e7\u00e3o sinal\/ru\u00eddo maior, mas as\u2026","rel":"","context":"Post similar","block_context":{"text":"Post similar","link":""},"img":{"alt_text":"Slide12","src":"https:\/\/i0.wp.com\/efagundes.com\/networking\/wp-content\/uploads\/sites\/5\/2015\/03\/Slide123.jpg?resize=350%2C200","width":350,"height":200,"srcset":"https:\/\/i0.wp.com\/efagundes.com\/networking\/wp-content\/uploads\/sites\/5\/2015\/03\/Slide123.jpg?resize=350%2C200 1x, https:\/\/i0.wp.com\/efagundes.com\/networking\/wp-content\/uploads\/sites\/5\/2015\/03\/Slide123.jpg?resize=525%2C300 1.5x, https:\/\/i0.wp.com\/efagundes.com\/networking\/wp-content\/uploads\/sites\/5\/2015\/03\/Slide123.jpg?resize=700%2C400 2x"},"classes":[]}],"jetpack_sharing_enabled":true,"_links":{"self":[{"href":"https:\/\/efagundes.com\/networking\/wp-json\/wp\/v2\/pages\/287","targetHints":{"allow":["GET"]}}],"collection":[{"href":"https:\/\/efagundes.com\/networking\/wp-json\/wp\/v2\/pages"}],"about":[{"href":"https:\/\/efagundes.com\/networking\/wp-json\/wp\/v2\/types\/page"}],"author":[{"embeddable":true,"href":"https:\/\/efagundes.com\/networking\/wp-json\/wp\/v2\/users\/1"}],"replies":[{"embeddable":true,"href":"https:\/\/efagundes.com\/networking\/wp-json\/wp\/v2\/comments?post=287"}],"version-history":[{"count":0,"href":"https:\/\/efagundes.com\/networking\/wp-json\/wp\/v2\/pages\/287\/revisions"}],"up":[{"embeddable":true,"href":"https:\/\/efagundes.com\/networking\/wp-json\/wp\/v2\/pages\/1329"}],"wp:attachment":[{"href":"https:\/\/efagundes.com\/networking\/wp-json\/wp\/v2\/media?parent=287"}],"curies":[{"name":"wp","href":"https:\/\/api.w.org\/{rel}","templated":true}]}}