{"id":302,"date":"2012-11-16T22:52:12","date_gmt":"2012-11-17T00:52:12","guid":{"rendered":"http:\/\/efagundes.com\/openclass_networking\/?page_id=302"},"modified":"2022-01-16T17:50:15","modified_gmt":"2022-01-16T20:50:15","slug":"cabos-de-fibra-na-america-do-sul","status":"publish","type":"page","link":"https:\/\/efagundes.com\/networking\/fibra-optica-2\/cabos-de-fibra-na-america-do-sul\/","title":{"rendered":"Cabos de fibra na Am\u00e9rica do Sul"},"content":{"rendered":"<p>&nbsp;<\/p>\n<p><a href=\"https:\/\/i0.wp.com\/efagundes.com\/networking\/wp-content\/uploads\/sites\/5\/2015\/03\/Slide311.jpg\"><img data-recalc-dims=\"1\" loading=\"lazy\" decoding=\"async\" data-attachment-id=\"2418\" data-permalink=\"https:\/\/efagundes.com\/networking\/fibra-optica-2\/cabos-de-fibra-na-america-do-sul\/slide31\/\" data-orig-file=\"https:\/\/i0.wp.com\/efagundes.com\/networking\/wp-content\/uploads\/sites\/5\/2015\/03\/Slide311.jpg?fit=960%2C720&amp;ssl=1\" data-orig-size=\"960,720\" data-comments-opened=\"1\" data-image-meta=\"{&quot;aperture&quot;:&quot;0&quot;,&quot;credit&quot;:&quot;&quot;,&quot;camera&quot;:&quot;&quot;,&quot;caption&quot;:&quot;&quot;,&quot;created_timestamp&quot;:&quot;0&quot;,&quot;copyright&quot;:&quot;&quot;,&quot;focal_length&quot;:&quot;0&quot;,&quot;iso&quot;:&quot;0&quot;,&quot;shutter_speed&quot;:&quot;0&quot;,&quot;title&quot;:&quot;&quot;,&quot;orientation&quot;:&quot;0&quot;}\" data-image-title=\"Slide31\" data-image-description=\"\" data-image-caption=\"\" data-large-file=\"https:\/\/i0.wp.com\/efagundes.com\/networking\/wp-content\/uploads\/sites\/5\/2015\/03\/Slide311.jpg?fit=960%2C720&amp;ssl=1\" class=\"alignnone size-full wp-image-2418\" src=\"https:\/\/i0.wp.com\/efagundes.com\/networking\/wp-content\/uploads\/sites\/5\/2015\/03\/Slide311.jpg?resize=960%2C720\" alt=\"Slide31\" width=\"960\" height=\"720\" srcset=\"https:\/\/i0.wp.com\/efagundes.com\/networking\/wp-content\/uploads\/sites\/5\/2015\/03\/Slide311.jpg?w=960&amp;ssl=1 960w, https:\/\/i0.wp.com\/efagundes.com\/networking\/wp-content\/uploads\/sites\/5\/2015\/03\/Slide311.jpg?resize=300%2C225&amp;ssl=1 300w\" sizes=\"auto, (max-width: 960px) 100vw, 960px\" \/><\/a>O cabo submarino coaxial surgiu em 1956 e permitiu a comunica\u00e7\u00e3o de v\u00e1rias pessoas ao mesmo tempo. No in\u00edcio dos anos 70, com o desenvolvimento do cabo \u00f3ptico e a sua aplica\u00e7\u00e3o na comunica\u00e7\u00e3o submarina, este meio de transmiss\u00e3o tornou-se a melhor op\u00e7\u00e3o. O primeiro sistema \u00f3ptico, precursor dos sistemas de cabos submarinos atuais, foi implantado nas Ilhas Can\u00e1rias em 1982. A era do cabo \u00f3ptico submarino de longa dist\u00e2ncia teve in\u00edcio efetivamente em 1988 com o lan\u00e7amento de um cabo \u00f3ptico submarino transatl\u00e2ntico entre os oceanos Pac\u00edfico e Atl\u00e2ntico (interligando USA, Fran\u00e7a e Inglaterra) com capacidade de transmiss\u00e3o em massa.<\/p>\n<p>A primeira rede de fibra \u00f3tica projetada para utiliza\u00e7\u00e3o da t\u00e9cnica DWDM (Dense Wavelength Division Multiplexer) foi implementada em 1988 e interligou os Estados Unidos com a Gr\u00e3 Bretanha, a Alemanha e a Holanda. Este cabo era associado ao sistema TAT-8 e elevou a capacidade de tr\u00e1fego entre os EUA e a Europa para 20.000 circuitos de voz.<\/p>\n<p>No final do s\u00e9culo XX e in\u00edcio do s\u00e9culo XXI o mundo viu um aumento efetivo de oferta de banda atrav\u00e9s dos novos sistemas de cabos submarinos que foram lan\u00e7ados neste per\u00edodo no Oceano Pac\u00edfico, Oceano Atl\u00e2ntico, Sudeste da \u00c1sia, e Am\u00e9rica do Sul. Neste per\u00edodo as Am\u00e9ricas vivenciaram o lan\u00e7amento de tr\u00eas novas redes \u00f3pticas submarinas de grande capacidade e alta tecnologia que interligam as tr\u00eas Am\u00e9ricas circundando-as pelo Atl\u00e2ntico e o Pac\u00edfico: SAM1 da Emergia, o South American Crossing da Global Crossing e o 360 Network (Globenet).<\/p>\n<p>Uma combina\u00e7\u00e3o de fatores foi respons\u00e1vel por este aumento de banda, como a demanda reprimida, o aumento de tr\u00e1fego telef\u00f4nico e de TV internacional, a Internet, a desregulamenta\u00e7\u00e3o do setor de telecomunica\u00e7\u00f5es em v\u00e1rios pa\u00edses, a competi\u00e7\u00e3o e o avan\u00e7o tecnol\u00f3gico como o DWDM, t\u00e9cnicas de amplifica\u00e7\u00e3o \u00f3ptica (amplificador \u00f3ptico em linha, p\u00f3s-amplificador, pr\u00e9-amplificador, amplifica\u00e7\u00e3o remota, etc.). Tais fatores permitiram ampliar as bandas e reduzir os custos de equipamentos, cabos e os servi\u00e7os de instala\u00e7\u00e3o e lan\u00e7amento, tendo sido determinantes para que os pre\u00e7os de banda passassem a um novo patamar.<\/p>\n<p>&nbsp;<\/p>\n","protected":false},"excerpt":{"rendered":"<p>&nbsp; O cabo submarino coaxial surgiu em 1956 e permitiu a comunica\u00e7\u00e3o de v\u00e1rias pessoas ao mesmo tempo. No in\u00edcio dos anos 70, com o desenvolvimento do cabo \u00f3ptico e a sua aplica\u00e7\u00e3o na comunica\u00e7\u00e3o submarina, este meio de transmiss\u00e3o tornou-se a melhor op\u00e7\u00e3o. O primeiro sistema \u00f3ptico, precursor dos sistemas de cabos submarinos atuais, [&hellip;]<\/p>\n","protected":false},"author":1,"featured_media":0,"parent":1329,"menu_order":9,"comment_status":"closed","ping_status":"closed","template":"","meta":{"footnotes":""},"class_list":["post-302","page","type-page","status-publish","hentry"],"jetpack_shortlink":"https:\/\/wp.me\/P8yKGp-4S","jetpack-related-posts":[{"id":304,"url":"https:\/\/efagundes.com\/networking\/fibra-optica-2\/cabos-submarinos-no-brasil\/","url_meta":{"origin":302,"position":0},"title":"Cabos submarinos no Brasil","author":"Eduardo Fagundes","date":"16\/11\/2012","format":false,"excerpt":"\u00a0 AMERICAS II \u2014 O cabo submarino Am\u00e9ricas II entrou em opera\u00e7\u00e3o em setembro de 2000, interligando o Brasil (Fortaleza) aos Estados Unidos. Com 9.000km de extens\u00e3o, quatro pares de fibras \u00f3ticas e capacidade de transmiss\u00e3o de 80 Gbps, o Am\u00e9ricas II interliga o Brasil, a Guiana Francesa, Trinidad e\u2026","rel":"","context":"Post similar","block_context":{"text":"Post similar","link":""},"img":{"alt_text":"Slide32","src":"https:\/\/i0.wp.com\/efagundes.com\/networking\/wp-content\/uploads\/sites\/5\/2015\/03\/Slide321.jpg?resize=350%2C200","width":350,"height":200,"srcset":"https:\/\/i0.wp.com\/efagundes.com\/networking\/wp-content\/uploads\/sites\/5\/2015\/03\/Slide321.jpg?resize=350%2C200 1x, https:\/\/i0.wp.com\/efagundes.com\/networking\/wp-content\/uploads\/sites\/5\/2015\/03\/Slide321.jpg?resize=525%2C300 1.5x, https:\/\/i0.wp.com\/efagundes.com\/networking\/wp-content\/uploads\/sites\/5\/2015\/03\/Slide321.jpg?resize=700%2C400 2x"},"classes":[]},{"id":281,"url":"https:\/\/efagundes.com\/networking\/fibra-optica-2\/fibras-opticas\/","url_meta":{"origin":302,"position":1},"title":"Fibras \u00d3pticas (I)","author":"Eduardo Fagundes","date":"16\/11\/2012","format":false,"excerpt":"\u00a0 A fibra \u00f3ptica \u00e9 a tecnologia mais avan\u00e7ada em uso comercial para transmiss\u00e3o de dados, atualmente. A transmiss\u00e3o de dados por fibra \u00f3ptica \u00e9 realizada pelo envio de um sinal de luz codificado, dentro do dom\u00ednio de frequ\u00eancia do infravermelho a uma velocidade de 10 a 15 MHz. O\u2026","rel":"","context":"Post similar","block_context":{"text":"Post similar","link":""},"img":{"alt_text":"Slide22","src":"https:\/\/i0.wp.com\/efagundes.com\/networking\/wp-content\/uploads\/sites\/5\/2015\/03\/Slide222.jpg?resize=350%2C200","width":350,"height":200,"srcset":"https:\/\/i0.wp.com\/efagundes.com\/networking\/wp-content\/uploads\/sites\/5\/2015\/03\/Slide222.jpg?resize=350%2C200 1x, https:\/\/i0.wp.com\/efagundes.com\/networking\/wp-content\/uploads\/sites\/5\/2015\/03\/Slide222.jpg?resize=525%2C300 1.5x, https:\/\/i0.wp.com\/efagundes.com\/networking\/wp-content\/uploads\/sites\/5\/2015\/03\/Slide222.jpg?resize=700%2C400 2x"},"classes":[]},{"id":310,"url":"https:\/\/efagundes.com\/networking\/fibra-optica-2\/instalacao-de-cabo-submarino\/","url_meta":{"origin":302,"position":2},"title":"Instala\u00e7\u00e3o de cabo submarino","author":"Eduardo Fagundes","date":"16\/11\/2012","format":false,"excerpt":"O cabo submarino acompanha a topografia do fundo do oceano e fica praticamente \u201cestacionado\u201d no leito submarino. Isto se deve ao pr\u00f3prio peso do cabo e ao peso dos amplificadores (em torno de 500 kg cada um). Assim, na parte oce\u00e2nica o cabo submarino n\u00e3o necessita de uma maior prote\u00e7\u00e3o\u2026","rel":"","context":"Post similar","block_context":{"text":"Post similar","link":""},"img":{"alt_text":"Slide35","src":"https:\/\/i0.wp.com\/efagundes.com\/networking\/wp-content\/uploads\/sites\/5\/2015\/03\/Slide35.jpg?resize=350%2C200","width":350,"height":200,"srcset":"https:\/\/i0.wp.com\/efagundes.com\/networking\/wp-content\/uploads\/sites\/5\/2015\/03\/Slide35.jpg?resize=350%2C200 1x, https:\/\/i0.wp.com\/efagundes.com\/networking\/wp-content\/uploads\/sites\/5\/2015\/03\/Slide35.jpg?resize=525%2C300 1.5x, https:\/\/i0.wp.com\/efagundes.com\/networking\/wp-content\/uploads\/sites\/5\/2015\/03\/Slide35.jpg?resize=700%2C400 2x"},"classes":[]},{"id":312,"url":"https:\/\/efagundes.com\/networking\/fibra-optica-2\/reparo-de-cabo-submarino\/","url_meta":{"origin":302,"position":3},"title":"Reparo de cabo submarino","author":"Eduardo Fagundes","date":"16\/11\/2012","format":false,"excerpt":"","rel":"","context":"Post similar","block_context":{"text":"Post similar","link":""},"img":{"alt_text":"Slide36","src":"https:\/\/i0.wp.com\/efagundes.com\/networking\/wp-content\/uploads\/sites\/5\/2015\/03\/Slide36.jpg?resize=350%2C200","width":350,"height":200,"srcset":"https:\/\/i0.wp.com\/efagundes.com\/networking\/wp-content\/uploads\/sites\/5\/2015\/03\/Slide36.jpg?resize=350%2C200 1x, https:\/\/i0.wp.com\/efagundes.com\/networking\/wp-content\/uploads\/sites\/5\/2015\/03\/Slide36.jpg?resize=525%2C300 1.5x, https:\/\/i0.wp.com\/efagundes.com\/networking\/wp-content\/uploads\/sites\/5\/2015\/03\/Slide36.jpg?resize=700%2C400 2x"},"classes":[]},{"id":308,"url":"https:\/\/efagundes.com\/networking\/fibra-optica-2\/estrutura-basica-do-sistema-de-fibra-optica-submarina\/","url_meta":{"origin":302,"position":4},"title":"Estrutura b\u00e1sica do sistema de fibra \u00f3ptica submarina","author":"Eduardo Fagundes","date":"16\/11\/2012","format":false,"excerpt":"\u00a0 A principal caracter\u00edstica dos sistemas de comunica\u00e7\u00f5es de cabos \u00f3pticos submarinos, al\u00e9m da sua alta capacidade de transmiss\u00e3o \u00e9 a dist\u00e2ncia que se pode atingir, chegando a at\u00e9 9.000 km sem necessidade de regenera\u00e7\u00e3o do sinal. Nos sistemas que utilizam fibras \u00f3pticas de terceira gera\u00e7\u00e3o (1300nm) consegue-se atingir espa\u00e7amentos\u2026","rel":"","context":"Post similar","block_context":{"text":"Post similar","link":""},"img":{"alt_text":"Slide34","src":"https:\/\/i0.wp.com\/efagundes.com\/networking\/wp-content\/uploads\/sites\/5\/2015\/03\/Slide34.jpg?resize=350%2C200","width":350,"height":200,"srcset":"https:\/\/i0.wp.com\/efagundes.com\/networking\/wp-content\/uploads\/sites\/5\/2015\/03\/Slide34.jpg?resize=350%2C200 1x, https:\/\/i0.wp.com\/efagundes.com\/networking\/wp-content\/uploads\/sites\/5\/2015\/03\/Slide34.jpg?resize=525%2C300 1.5x, https:\/\/i0.wp.com\/efagundes.com\/networking\/wp-content\/uploads\/sites\/5\/2015\/03\/Slide34.jpg?resize=700%2C400 2x"},"classes":[]},{"id":300,"url":"https:\/\/efagundes.com\/networking\/multiplexacao-2\/aplicacao-de-fibra-com-dwdm\/","url_meta":{"origin":302,"position":5},"title":"Aplica\u00e7\u00e3o de fibra com DWDM","author":"Eduardo Fagundes","date":"16\/11\/2012","format":false,"excerpt":"Multiplexa\u00e7\u00e3o por Divis\u00e3o de Onda Densa (DWDM) Os sistemas submarinos atuais t\u00eam capacidade de transmitir v\u00e1rios sinais \u00f3pticos independentes, cada um com um comprimento de onda caracter\u00edstico (lambda). O m\u00e9todo pelo qual v\u00e1rios sinais em diferentes comprimentos de onda s\u00e3o combinados numa \u00fanica fibra \u00e9 conhecido pelo nome de multiplexa\u00e7\u00e3o\u2026","rel":"","context":"Post similar","block_context":{"text":"Post similar","link":""},"img":{"alt_text":"Slide30","src":"https:\/\/i0.wp.com\/efagundes.com\/networking\/wp-content\/uploads\/sites\/5\/2015\/03\/Slide301.jpg?resize=350%2C200","width":350,"height":200,"srcset":"https:\/\/i0.wp.com\/efagundes.com\/networking\/wp-content\/uploads\/sites\/5\/2015\/03\/Slide301.jpg?resize=350%2C200 1x, https:\/\/i0.wp.com\/efagundes.com\/networking\/wp-content\/uploads\/sites\/5\/2015\/03\/Slide301.jpg?resize=525%2C300 1.5x, https:\/\/i0.wp.com\/efagundes.com\/networking\/wp-content\/uploads\/sites\/5\/2015\/03\/Slide301.jpg?resize=700%2C400 2x"},"classes":[]}],"jetpack_sharing_enabled":true,"_links":{"self":[{"href":"https:\/\/efagundes.com\/networking\/wp-json\/wp\/v2\/pages\/302","targetHints":{"allow":["GET"]}}],"collection":[{"href":"https:\/\/efagundes.com\/networking\/wp-json\/wp\/v2\/pages"}],"about":[{"href":"https:\/\/efagundes.com\/networking\/wp-json\/wp\/v2\/types\/page"}],"author":[{"embeddable":true,"href":"https:\/\/efagundes.com\/networking\/wp-json\/wp\/v2\/users\/1"}],"replies":[{"embeddable":true,"href":"https:\/\/efagundes.com\/networking\/wp-json\/wp\/v2\/comments?post=302"}],"version-history":[{"count":0,"href":"https:\/\/efagundes.com\/networking\/wp-json\/wp\/v2\/pages\/302\/revisions"}],"up":[{"embeddable":true,"href":"https:\/\/efagundes.com\/networking\/wp-json\/wp\/v2\/pages\/1329"}],"wp:attachment":[{"href":"https:\/\/efagundes.com\/networking\/wp-json\/wp\/v2\/media?parent=302"}],"curies":[{"name":"wp","href":"https:\/\/api.w.org\/{rel}","templated":true}]}}