{"id":304,"date":"2012-11-16T22:54:03","date_gmt":"2012-11-17T00:54:03","guid":{"rendered":"http:\/\/efagundes.com\/openclass_networking\/?page_id=304"},"modified":"2022-01-16T17:50:15","modified_gmt":"2022-01-16T20:50:15","slug":"cabos-submarinos-no-brasil","status":"publish","type":"page","link":"https:\/\/efagundes.com\/networking\/fibra-optica-2\/cabos-submarinos-no-brasil\/","title":{"rendered":"Cabos submarinos no Brasil"},"content":{"rendered":"<p>&nbsp;<\/p>\n<p><a href=\"https:\/\/i0.wp.com\/efagundes.com\/networking\/wp-content\/uploads\/sites\/5\/2015\/03\/Slide321.jpg\"><img data-recalc-dims=\"1\" loading=\"lazy\" decoding=\"async\" data-attachment-id=\"2419\" data-permalink=\"https:\/\/efagundes.com\/networking\/fibra-optica-2\/cabos-submarinos-no-brasil\/slide32\/\" data-orig-file=\"https:\/\/i0.wp.com\/efagundes.com\/networking\/wp-content\/uploads\/sites\/5\/2015\/03\/Slide321.jpg?fit=960%2C720&amp;ssl=1\" data-orig-size=\"960,720\" data-comments-opened=\"1\" data-image-meta=\"{&quot;aperture&quot;:&quot;0&quot;,&quot;credit&quot;:&quot;&quot;,&quot;camera&quot;:&quot;&quot;,&quot;caption&quot;:&quot;&quot;,&quot;created_timestamp&quot;:&quot;0&quot;,&quot;copyright&quot;:&quot;&quot;,&quot;focal_length&quot;:&quot;0&quot;,&quot;iso&quot;:&quot;0&quot;,&quot;shutter_speed&quot;:&quot;0&quot;,&quot;title&quot;:&quot;&quot;,&quot;orientation&quot;:&quot;0&quot;}\" data-image-title=\"Slide32\" data-image-description=\"\" data-image-caption=\"\" data-large-file=\"https:\/\/i0.wp.com\/efagundes.com\/networking\/wp-content\/uploads\/sites\/5\/2015\/03\/Slide321.jpg?fit=960%2C720&amp;ssl=1\" class=\"alignnone size-full wp-image-2419\" src=\"https:\/\/i0.wp.com\/efagundes.com\/networking\/wp-content\/uploads\/sites\/5\/2015\/03\/Slide321.jpg?resize=960%2C720\" alt=\"Slide32\" width=\"960\" height=\"720\" srcset=\"https:\/\/i0.wp.com\/efagundes.com\/networking\/wp-content\/uploads\/sites\/5\/2015\/03\/Slide321.jpg?w=960&amp;ssl=1 960w, https:\/\/i0.wp.com\/efagundes.com\/networking\/wp-content\/uploads\/sites\/5\/2015\/03\/Slide321.jpg?resize=300%2C225&amp;ssl=1 300w\" sizes=\"auto, (max-width: 960px) 100vw, 960px\" \/><\/a>AMERICAS II \u2014 O cabo submarino Am\u00e9ricas II entrou em opera\u00e7\u00e3o em setembro de 2000, interligando o Brasil (Fortaleza) aos Estados Unidos. Com 9.000km de extens\u00e3o, quatro pares de fibras \u00f3ticas e capacidade de transmiss\u00e3o de 80 Gbps, o Am\u00e9ricas II interliga o Brasil, a Guiana Francesa, Trinidad e Tobago, Venezuela, Cura\u00e7ao, Martinica, Porto Rico e Estados Unidos. O Am\u00e9ricas II tem a capacidade de transmitir 151.200 liga\u00e7\u00f5es simult\u00e2neas e possui 8 lambdas em cada par de fibra, com uma velocidade de 2,5 Gbps por lambda.<\/p>\n<p>ATLANTIS-2 \u2014 Este cabo submarino pertence a um cons\u00f3rcio internacional formado por 25 grandes empresas de telecomunica\u00e7\u00f5es Com cerca de 12 mil quil\u00f4metros de extens\u00e3o e em opera\u00e7\u00e3o desde o inicio de 2000, liga o Brasil (de Natal at\u00e9 o Rio de Janeiro) \u00e0 Europa, \u00c1frica e Am\u00e9rica do Sul.\u00a0 \u00c9 o \u00fanico cabo submarino transatl\u00e2ntico que interliga diretamente a Am\u00e9rica do Sul \u00e0 Europa. A capacidade atual deste cabo \u00e9 de 20 Gbps, sendo a sua capacidade final prevista de 40 Gbps.<\/p>\n<p>EMERGIA \u2013 SAM 1\u2014 O cabo submarino SAM 1 da Emergia \u00e9 um sistema constru\u00eddo pela Telef\u00f3nica S.A., que investiu US$ 1,6 bilh\u00e3o na sua realiza\u00e7\u00e3o. Ele interliga as tr\u00eas Am\u00e9ricas por meio de cabos que somam 25 mil quil\u00f4metros de extens\u00e3o. Possui quatro pares de fibras \u00f3ticas, 48 lambdas em cada par de fibras, com uma velocidade de 10 Gbps por lambda o que lhe garante uma capacidade de transmiss\u00e3o final igual a 1,92 Tbps.<\/p>\n<p>GLOBAL CROSSING &#8211; SAC\u00a0 &#8211;\u00a0 Em opera\u00e7\u00e3o comercial desde o in\u00edcio de 2001 o SAC da Global Crossing teve um custo estimado da ordem de US$ 2 bilh\u00f5es. O cabo submarino tem 15 mil quil\u00f4metros e interliga os principais pa\u00edses da Am\u00e9rica do Sul, Central e Norte (Brasil, Argentina, Chile, Peru, Panam\u00e1 e USA). Em sua configura\u00e7\u00e3o final, o SAC ter\u00e1 quatro pares de fibras \u00f3pticas, 32 l\u00e2mbdas em cada par de fibras, com uma velocidade de 10 Gbps por lambda o que lhe garantir\u00e1 uma capacidade de transmiss\u00e3o final igual a 1,28 Tbps.<\/p>\n<p>GLOBENET\/360 NETWORK\u00a0 &#8211;\u00a0 Recentemente adquirida pela Brasil Telecom, o cabo da Globenet entrou em opera\u00e7\u00e3o comercial no in\u00edcio de 2001. Com 22,5 km e 303 repetidores, o cabo da Globenet ter\u00e1 em sua configura\u00e7\u00e3o final 4 pares de fibras \u00f3pticas, 34 l\u00e2mbdas em cada par de fibras, com uma velocidade de 10 Gbps por lambda o que lhe garantir\u00e1 uma capacidade de transmiss\u00e3o final igual a 1,36 Tbps.<\/p>\n<p>UNISUR\u00a0 &#8211;\u00a0 Inaugurado oficialmente em 1 de novembro de 1994, o sistema de telecomunica\u00e7\u00f5es UNISUR interconecta os pa\u00edses do Mercosul, Argentina (La Plata), Brasil (Florian\u00f3polis) e Uruguai (Maldonado).<\/p>\n<p>&nbsp;<\/p>\n","protected":false},"excerpt":{"rendered":"<p>&nbsp; AMERICAS II \u2014 O cabo submarino Am\u00e9ricas II entrou em opera\u00e7\u00e3o em setembro de 2000, interligando o Brasil (Fortaleza) aos Estados Unidos. Com 9.000km de extens\u00e3o, quatro pares de fibras \u00f3ticas e capacidade de transmiss\u00e3o de 80 Gbps, o Am\u00e9ricas II interliga o Brasil, a Guiana Francesa, Trinidad e Tobago, Venezuela, Cura\u00e7ao, Martinica, Porto [&hellip;]<\/p>\n","protected":false},"author":1,"featured_media":0,"parent":1329,"menu_order":8,"comment_status":"closed","ping_status":"open","template":"","meta":{"footnotes":""},"class_list":["post-304","page","type-page","status-publish","hentry"],"jetpack_shortlink":"https:\/\/wp.me\/P8yKGp-4U","jetpack-related-posts":[{"id":302,"url":"https:\/\/efagundes.com\/networking\/fibra-optica-2\/cabos-de-fibra-na-america-do-sul\/","url_meta":{"origin":304,"position":0},"title":"Cabos de fibra na Am\u00e9rica do Sul","author":"Eduardo Fagundes","date":"16\/11\/2012","format":false,"excerpt":"\u00a0 O cabo submarino coaxial surgiu em 1956 e permitiu a comunica\u00e7\u00e3o de v\u00e1rias pessoas ao mesmo tempo. No in\u00edcio dos anos 70, com o desenvolvimento do cabo \u00f3ptico e a sua aplica\u00e7\u00e3o na comunica\u00e7\u00e3o submarina, este meio de transmiss\u00e3o tornou-se a melhor op\u00e7\u00e3o. O primeiro sistema \u00f3ptico, precursor dos\u2026","rel":"","context":"Post similar","block_context":{"text":"Post similar","link":""},"img":{"alt_text":"Slide31","src":"https:\/\/i0.wp.com\/efagundes.com\/networking\/wp-content\/uploads\/sites\/5\/2015\/03\/Slide311.jpg?resize=350%2C200","width":350,"height":200,"srcset":"https:\/\/i0.wp.com\/efagundes.com\/networking\/wp-content\/uploads\/sites\/5\/2015\/03\/Slide311.jpg?resize=350%2C200 1x, https:\/\/i0.wp.com\/efagundes.com\/networking\/wp-content\/uploads\/sites\/5\/2015\/03\/Slide311.jpg?resize=525%2C300 1.5x, https:\/\/i0.wp.com\/efagundes.com\/networking\/wp-content\/uploads\/sites\/5\/2015\/03\/Slide311.jpg?resize=700%2C400 2x"},"classes":[]},{"id":310,"url":"https:\/\/efagundes.com\/networking\/fibra-optica-2\/instalacao-de-cabo-submarino\/","url_meta":{"origin":304,"position":1},"title":"Instala\u00e7\u00e3o de cabo submarino","author":"Eduardo Fagundes","date":"16\/11\/2012","format":false,"excerpt":"O cabo submarino acompanha a topografia do fundo do oceano e fica praticamente \u201cestacionado\u201d no leito submarino. Isto se deve ao pr\u00f3prio peso do cabo e ao peso dos amplificadores (em torno de 500 kg cada um). Assim, na parte oce\u00e2nica o cabo submarino n\u00e3o necessita de uma maior prote\u00e7\u00e3o\u2026","rel":"","context":"Post similar","block_context":{"text":"Post similar","link":""},"img":{"alt_text":"Slide35","src":"https:\/\/i0.wp.com\/efagundes.com\/networking\/wp-content\/uploads\/sites\/5\/2015\/03\/Slide35.jpg?resize=350%2C200","width":350,"height":200,"srcset":"https:\/\/i0.wp.com\/efagundes.com\/networking\/wp-content\/uploads\/sites\/5\/2015\/03\/Slide35.jpg?resize=350%2C200 1x, https:\/\/i0.wp.com\/efagundes.com\/networking\/wp-content\/uploads\/sites\/5\/2015\/03\/Slide35.jpg?resize=525%2C300 1.5x, https:\/\/i0.wp.com\/efagundes.com\/networking\/wp-content\/uploads\/sites\/5\/2015\/03\/Slide35.jpg?resize=700%2C400 2x"},"classes":[]},{"id":263,"url":"https:\/\/efagundes.com\/networking\/meios-magneticos\/par-trancado-ii\/","url_meta":{"origin":304,"position":2},"title":"Par tran\u00e7ado (II)","author":"Eduardo Fagundes","date":"16\/11\/2012","format":false,"excerpt":"\u00a0 O padr\u00e3o dos cabos foi definido pelo Comit\u00ea de normaliza\u00e7\u00e3o Internacional\u00a0 IEEE formado pelas empresas americanas Electrical Industrial American EIA, e as Telecomunications Industrial American TIA, se uniram no intuito de pesquisar e produzir um meio de comunica\u00e7\u00e3o eficiente e seguro para as redes de computadores, desenvolvendo o Standard\u2026","rel":"","context":"Post similar","block_context":{"text":"Post similar","link":""},"img":{"alt_text":"Slide12","src":"https:\/\/i0.wp.com\/efagundes.com\/networking\/wp-content\/uploads\/sites\/5\/2015\/03\/Slide122.jpg?resize=350%2C200","width":350,"height":200,"srcset":"https:\/\/i0.wp.com\/efagundes.com\/networking\/wp-content\/uploads\/sites\/5\/2015\/03\/Slide122.jpg?resize=350%2C200 1x, https:\/\/i0.wp.com\/efagundes.com\/networking\/wp-content\/uploads\/sites\/5\/2015\/03\/Slide122.jpg?resize=525%2C300 1.5x, https:\/\/i0.wp.com\/efagundes.com\/networking\/wp-content\/uploads\/sites\/5\/2015\/03\/Slide122.jpg?resize=700%2C400 2x"},"classes":[]},{"id":312,"url":"https:\/\/efagundes.com\/networking\/fibra-optica-2\/reparo-de-cabo-submarino\/","url_meta":{"origin":304,"position":3},"title":"Reparo de cabo submarino","author":"Eduardo Fagundes","date":"16\/11\/2012","format":false,"excerpt":"","rel":"","context":"Post similar","block_context":{"text":"Post similar","link":""},"img":{"alt_text":"Slide36","src":"https:\/\/i0.wp.com\/efagundes.com\/networking\/wp-content\/uploads\/sites\/5\/2015\/03\/Slide36.jpg?resize=350%2C200","width":350,"height":200,"srcset":"https:\/\/i0.wp.com\/efagundes.com\/networking\/wp-content\/uploads\/sites\/5\/2015\/03\/Slide36.jpg?resize=350%2C200 1x, https:\/\/i0.wp.com\/efagundes.com\/networking\/wp-content\/uploads\/sites\/5\/2015\/03\/Slide36.jpg?resize=525%2C300 1.5x, https:\/\/i0.wp.com\/efagundes.com\/networking\/wp-content\/uploads\/sites\/5\/2015\/03\/Slide36.jpg?resize=700%2C400 2x"},"classes":[]},{"id":176,"url":"https:\/\/efagundes.com\/networking\/redes-geograficamente-distribuidas\/a-internet-no-brasil-ii\/","url_meta":{"origin":304,"position":4},"title":"A Internet no Brasil (II)","author":"Eduardo Fagundes","date":"16\/11\/2012","format":false,"excerpt":"","rel":"","context":"Post similar","block_context":{"text":"Post similar","link":""},"img":{"alt_text":"Slide15","src":"https:\/\/i0.wp.com\/efagundes.com\/networking\/wp-content\/uploads\/sites\/5\/2015\/03\/Slide151.jpg?resize=350%2C200","width":350,"height":200,"srcset":"https:\/\/i0.wp.com\/efagundes.com\/networking\/wp-content\/uploads\/sites\/5\/2015\/03\/Slide151.jpg?resize=350%2C200 1x, https:\/\/i0.wp.com\/efagundes.com\/networking\/wp-content\/uploads\/sites\/5\/2015\/03\/Slide151.jpg?resize=525%2C300 1.5x, https:\/\/i0.wp.com\/efagundes.com\/networking\/wp-content\/uploads\/sites\/5\/2015\/03\/Slide151.jpg?resize=700%2C400 2x"},"classes":[]},{"id":300,"url":"https:\/\/efagundes.com\/networking\/multiplexacao-2\/aplicacao-de-fibra-com-dwdm\/","url_meta":{"origin":304,"position":5},"title":"Aplica\u00e7\u00e3o de fibra com DWDM","author":"Eduardo Fagundes","date":"16\/11\/2012","format":false,"excerpt":"Multiplexa\u00e7\u00e3o por Divis\u00e3o de Onda Densa (DWDM) Os sistemas submarinos atuais t\u00eam capacidade de transmitir v\u00e1rios sinais \u00f3pticos independentes, cada um com um comprimento de onda caracter\u00edstico (lambda). O m\u00e9todo pelo qual v\u00e1rios sinais em diferentes comprimentos de onda s\u00e3o combinados numa \u00fanica fibra \u00e9 conhecido pelo nome de multiplexa\u00e7\u00e3o\u2026","rel":"","context":"Post similar","block_context":{"text":"Post similar","link":""},"img":{"alt_text":"Slide30","src":"https:\/\/i0.wp.com\/efagundes.com\/networking\/wp-content\/uploads\/sites\/5\/2015\/03\/Slide301.jpg?resize=350%2C200","width":350,"height":200,"srcset":"https:\/\/i0.wp.com\/efagundes.com\/networking\/wp-content\/uploads\/sites\/5\/2015\/03\/Slide301.jpg?resize=350%2C200 1x, https:\/\/i0.wp.com\/efagundes.com\/networking\/wp-content\/uploads\/sites\/5\/2015\/03\/Slide301.jpg?resize=525%2C300 1.5x, https:\/\/i0.wp.com\/efagundes.com\/networking\/wp-content\/uploads\/sites\/5\/2015\/03\/Slide301.jpg?resize=700%2C400 2x"},"classes":[]}],"jetpack_sharing_enabled":true,"_links":{"self":[{"href":"https:\/\/efagundes.com\/networking\/wp-json\/wp\/v2\/pages\/304","targetHints":{"allow":["GET"]}}],"collection":[{"href":"https:\/\/efagundes.com\/networking\/wp-json\/wp\/v2\/pages"}],"about":[{"href":"https:\/\/efagundes.com\/networking\/wp-json\/wp\/v2\/types\/page"}],"author":[{"embeddable":true,"href":"https:\/\/efagundes.com\/networking\/wp-json\/wp\/v2\/users\/1"}],"replies":[{"embeddable":true,"href":"https:\/\/efagundes.com\/networking\/wp-json\/wp\/v2\/comments?post=304"}],"version-history":[{"count":0,"href":"https:\/\/efagundes.com\/networking\/wp-json\/wp\/v2\/pages\/304\/revisions"}],"up":[{"embeddable":true,"href":"https:\/\/efagundes.com\/networking\/wp-json\/wp\/v2\/pages\/1329"}],"wp:attachment":[{"href":"https:\/\/efagundes.com\/networking\/wp-json\/wp\/v2\/media?parent=304"}],"curies":[{"name":"wp","href":"https:\/\/api.w.org\/{rel}","templated":true}]}}