{"id":312,"date":"2012-11-16T23:00:47","date_gmt":"2012-11-17T01:00:47","guid":{"rendered":"http:\/\/efagundes.com\/openclass_networking\/?page_id=312"},"modified":"2022-01-16T17:50:15","modified_gmt":"2022-01-16T20:50:15","slug":"reparo-de-cabo-submarino","status":"publish","type":"page","link":"https:\/\/efagundes.com\/networking\/fibra-optica-2\/reparo-de-cabo-submarino\/","title":{"rendered":"Reparo de cabo submarino"},"content":{"rendered":"<p><a href=\"https:\/\/i0.wp.com\/efagundes.com\/networking\/wp-content\/uploads\/sites\/5\/2015\/03\/Slide36.jpg\"><img data-recalc-dims=\"1\" loading=\"lazy\" decoding=\"async\" data-attachment-id=\"2423\" data-permalink=\"https:\/\/efagundes.com\/networking\/fibra-optica-2\/reparo-de-cabo-submarino\/slide36\/\" data-orig-file=\"https:\/\/i0.wp.com\/efagundes.com\/networking\/wp-content\/uploads\/sites\/5\/2015\/03\/Slide36.jpg?fit=960%2C720&amp;ssl=1\" data-orig-size=\"960,720\" data-comments-opened=\"1\" data-image-meta=\"{&quot;aperture&quot;:&quot;0&quot;,&quot;credit&quot;:&quot;&quot;,&quot;camera&quot;:&quot;&quot;,&quot;caption&quot;:&quot;&quot;,&quot;created_timestamp&quot;:&quot;0&quot;,&quot;copyright&quot;:&quot;&quot;,&quot;focal_length&quot;:&quot;0&quot;,&quot;iso&quot;:&quot;0&quot;,&quot;shutter_speed&quot;:&quot;0&quot;,&quot;title&quot;:&quot;&quot;,&quot;orientation&quot;:&quot;0&quot;}\" data-image-title=\"Slide36\" data-image-description=\"\" data-image-caption=\"\" data-large-file=\"https:\/\/i0.wp.com\/efagundes.com\/networking\/wp-content\/uploads\/sites\/5\/2015\/03\/Slide36.jpg?fit=960%2C720&amp;ssl=1\" class=\"alignnone size-full wp-image-2423\" src=\"https:\/\/i0.wp.com\/efagundes.com\/networking\/wp-content\/uploads\/sites\/5\/2015\/03\/Slide36.jpg?resize=960%2C720\" alt=\"Slide36\" width=\"960\" height=\"720\" srcset=\"https:\/\/i0.wp.com\/efagundes.com\/networking\/wp-content\/uploads\/sites\/5\/2015\/03\/Slide36.jpg?w=960&amp;ssl=1 960w, https:\/\/i0.wp.com\/efagundes.com\/networking\/wp-content\/uploads\/sites\/5\/2015\/03\/Slide36.jpg?resize=300%2C225&amp;ssl=1 300w\" sizes=\"auto, (max-width: 960px) 100vw, 960px\" \/><\/a><\/p>\n","protected":false},"excerpt":{"rendered":"","protected":false},"author":1,"featured_media":0,"parent":1329,"menu_order":13,"comment_status":"closed","ping_status":"closed","template":"","meta":{"footnotes":""},"class_list":["post-312","page","type-page","status-publish","hentry"],"jetpack_shortlink":"https:\/\/wp.me\/P8yKGp-52","jetpack-related-posts":[{"id":310,"url":"https:\/\/efagundes.com\/networking\/fibra-optica-2\/instalacao-de-cabo-submarino\/","url_meta":{"origin":312,"position":0},"title":"Instala\u00e7\u00e3o de cabo submarino","author":"Eduardo Fagundes","date":"16\/11\/2012","format":false,"excerpt":"O cabo submarino acompanha a topografia do fundo do oceano e fica praticamente \u201cestacionado\u201d no leito submarino. Isto se deve ao pr\u00f3prio peso do cabo e ao peso dos amplificadores (em torno de 500 kg cada um). Assim, na parte oce\u00e2nica o cabo submarino n\u00e3o necessita de uma maior prote\u00e7\u00e3o\u2026","rel":"","context":"Post similar","block_context":{"text":"Post similar","link":""},"img":{"alt_text":"Slide35","src":"https:\/\/i0.wp.com\/efagundes.com\/networking\/wp-content\/uploads\/sites\/5\/2015\/03\/Slide35.jpg?resize=350%2C200","width":350,"height":200,"srcset":"https:\/\/i0.wp.com\/efagundes.com\/networking\/wp-content\/uploads\/sites\/5\/2015\/03\/Slide35.jpg?resize=350%2C200 1x, https:\/\/i0.wp.com\/efagundes.com\/networking\/wp-content\/uploads\/sites\/5\/2015\/03\/Slide35.jpg?resize=525%2C300 1.5x, https:\/\/i0.wp.com\/efagundes.com\/networking\/wp-content\/uploads\/sites\/5\/2015\/03\/Slide35.jpg?resize=700%2C400 2x"},"classes":[]},{"id":304,"url":"https:\/\/efagundes.com\/networking\/fibra-optica-2\/cabos-submarinos-no-brasil\/","url_meta":{"origin":312,"position":1},"title":"Cabos submarinos no Brasil","author":"Eduardo Fagundes","date":"16\/11\/2012","format":false,"excerpt":"\u00a0 AMERICAS II \u2014 O cabo submarino Am\u00e9ricas II entrou em opera\u00e7\u00e3o em setembro de 2000, interligando o Brasil (Fortaleza) aos Estados Unidos. Com 9.000km de extens\u00e3o, quatro pares de fibras \u00f3ticas e capacidade de transmiss\u00e3o de 80 Gbps, o Am\u00e9ricas II interliga o Brasil, a Guiana Francesa, Trinidad e\u2026","rel":"","context":"Post similar","block_context":{"text":"Post similar","link":""},"img":{"alt_text":"Slide32","src":"https:\/\/i0.wp.com\/efagundes.com\/networking\/wp-content\/uploads\/sites\/5\/2015\/03\/Slide321.jpg?resize=350%2C200","width":350,"height":200,"srcset":"https:\/\/i0.wp.com\/efagundes.com\/networking\/wp-content\/uploads\/sites\/5\/2015\/03\/Slide321.jpg?resize=350%2C200 1x, https:\/\/i0.wp.com\/efagundes.com\/networking\/wp-content\/uploads\/sites\/5\/2015\/03\/Slide321.jpg?resize=525%2C300 1.5x, https:\/\/i0.wp.com\/efagundes.com\/networking\/wp-content\/uploads\/sites\/5\/2015\/03\/Slide321.jpg?resize=700%2C400 2x"},"classes":[]},{"id":302,"url":"https:\/\/efagundes.com\/networking\/fibra-optica-2\/cabos-de-fibra-na-america-do-sul\/","url_meta":{"origin":312,"position":2},"title":"Cabos de fibra na Am\u00e9rica do Sul","author":"Eduardo Fagundes","date":"16\/11\/2012","format":false,"excerpt":"\u00a0 O cabo submarino coaxial surgiu em 1956 e permitiu a comunica\u00e7\u00e3o de v\u00e1rias pessoas ao mesmo tempo. No in\u00edcio dos anos 70, com o desenvolvimento do cabo \u00f3ptico e a sua aplica\u00e7\u00e3o na comunica\u00e7\u00e3o submarina, este meio de transmiss\u00e3o tornou-se a melhor op\u00e7\u00e3o. O primeiro sistema \u00f3ptico, precursor dos\u2026","rel":"","context":"Post similar","block_context":{"text":"Post similar","link":""},"img":{"alt_text":"Slide31","src":"https:\/\/i0.wp.com\/efagundes.com\/networking\/wp-content\/uploads\/sites\/5\/2015\/03\/Slide311.jpg?resize=350%2C200","width":350,"height":200,"srcset":"https:\/\/i0.wp.com\/efagundes.com\/networking\/wp-content\/uploads\/sites\/5\/2015\/03\/Slide311.jpg?resize=350%2C200 1x, https:\/\/i0.wp.com\/efagundes.com\/networking\/wp-content\/uploads\/sites\/5\/2015\/03\/Slide311.jpg?resize=525%2C300 1.5x, https:\/\/i0.wp.com\/efagundes.com\/networking\/wp-content\/uploads\/sites\/5\/2015\/03\/Slide311.jpg?resize=700%2C400 2x"},"classes":[]},{"id":300,"url":"https:\/\/efagundes.com\/networking\/multiplexacao-2\/aplicacao-de-fibra-com-dwdm\/","url_meta":{"origin":312,"position":3},"title":"Aplica\u00e7\u00e3o de fibra com DWDM","author":"Eduardo Fagundes","date":"16\/11\/2012","format":false,"excerpt":"Multiplexa\u00e7\u00e3o por Divis\u00e3o de Onda Densa (DWDM) Os sistemas submarinos atuais t\u00eam capacidade de transmitir v\u00e1rios sinais \u00f3pticos independentes, cada um com um comprimento de onda caracter\u00edstico (lambda). O m\u00e9todo pelo qual v\u00e1rios sinais em diferentes comprimentos de onda s\u00e3o combinados numa \u00fanica fibra \u00e9 conhecido pelo nome de multiplexa\u00e7\u00e3o\u2026","rel":"","context":"Post similar","block_context":{"text":"Post similar","link":""},"img":{"alt_text":"Slide30","src":"https:\/\/i0.wp.com\/efagundes.com\/networking\/wp-content\/uploads\/sites\/5\/2015\/03\/Slide301.jpg?resize=350%2C200","width":350,"height":200,"srcset":"https:\/\/i0.wp.com\/efagundes.com\/networking\/wp-content\/uploads\/sites\/5\/2015\/03\/Slide301.jpg?resize=350%2C200 1x, https:\/\/i0.wp.com\/efagundes.com\/networking\/wp-content\/uploads\/sites\/5\/2015\/03\/Slide301.jpg?resize=525%2C300 1.5x, https:\/\/i0.wp.com\/efagundes.com\/networking\/wp-content\/uploads\/sites\/5\/2015\/03\/Slide301.jpg?resize=700%2C400 2x"},"classes":[]},{"id":273,"url":"https:\/\/efagundes.com\/networking\/meios-magneticos\/cabo-coaxial-de-banda-basica\/","url_meta":{"origin":312,"position":4},"title":"Cabo coaxial de banda b\u00e1sica","author":"Eduardo Fagundes","date":"16\/11\/2012","format":false,"excerpt":"O primeiro tipo de cabeamento no mercado. H\u00e1 alguns anos, esse cabo era o muito utilizado para a conex\u00e3o de computadores. At\u00e9 hoje existem v\u00e1rios tipos de cabos coaxiais, cada um com suas caracter\u00edsticas espec\u00edficas. Alguns s\u00e3o melhores para transmiss\u00e3o em alta frequ\u00eancia, outros tem atenua\u00e7\u00e3o mais baixa, e outros\u2026","rel":"","context":"Post similar","block_context":{"text":"Post similar","link":""},"img":{"alt_text":"Slide17","src":"https:\/\/i0.wp.com\/efagundes.com\/networking\/wp-content\/uploads\/sites\/5\/2015\/03\/Slide172.jpg?resize=350%2C200","width":350,"height":200,"srcset":"https:\/\/i0.wp.com\/efagundes.com\/networking\/wp-content\/uploads\/sites\/5\/2015\/03\/Slide172.jpg?resize=350%2C200 1x, https:\/\/i0.wp.com\/efagundes.com\/networking\/wp-content\/uploads\/sites\/5\/2015\/03\/Slide172.jpg?resize=525%2C300 1.5x, https:\/\/i0.wp.com\/efagundes.com\/networking\/wp-content\/uploads\/sites\/5\/2015\/03\/Slide172.jpg?resize=700%2C400 2x"},"classes":[]},{"id":261,"url":"https:\/\/efagundes.com\/networking\/meios-magneticos\/par-trancado\/","url_meta":{"origin":312,"position":5},"title":"Par tran\u00e7ado (I)","author":"Eduardo Fagundes","date":"16\/11\/2012","format":false,"excerpt":"Esse tipo de cabo tornou-se muito usado devido a falta de flexibilidade de outros cabos e por causa da necessidade de se ter um meio f\u00edsico que conseguisse uma taxa de transmiss\u00e3o alta e mais r\u00e1pida. Os cabos de par tran\u00e7ado possuem dois ou mais fios entrela\u00e7ados em forma de\u2026","rel":"","context":"Post similar","block_context":{"text":"Post similar","link":""},"img":{"alt_text":"Slide11","src":"https:\/\/i0.wp.com\/efagundes.com\/networking\/wp-content\/uploads\/sites\/5\/2015\/03\/Slide113.jpg?resize=350%2C200","width":350,"height":200,"srcset":"https:\/\/i0.wp.com\/efagundes.com\/networking\/wp-content\/uploads\/sites\/5\/2015\/03\/Slide113.jpg?resize=350%2C200 1x, https:\/\/i0.wp.com\/efagundes.com\/networking\/wp-content\/uploads\/sites\/5\/2015\/03\/Slide113.jpg?resize=525%2C300 1.5x, https:\/\/i0.wp.com\/efagundes.com\/networking\/wp-content\/uploads\/sites\/5\/2015\/03\/Slide113.jpg?resize=700%2C400 2x"},"classes":[]}],"jetpack_sharing_enabled":true,"_links":{"self":[{"href":"https:\/\/efagundes.com\/networking\/wp-json\/wp\/v2\/pages\/312","targetHints":{"allow":["GET"]}}],"collection":[{"href":"https:\/\/efagundes.com\/networking\/wp-json\/wp\/v2\/pages"}],"about":[{"href":"https:\/\/efagundes.com\/networking\/wp-json\/wp\/v2\/types\/page"}],"author":[{"embeddable":true,"href":"https:\/\/efagundes.com\/networking\/wp-json\/wp\/v2\/users\/1"}],"replies":[{"embeddable":true,"href":"https:\/\/efagundes.com\/networking\/wp-json\/wp\/v2\/comments?post=312"}],"version-history":[{"count":0,"href":"https:\/\/efagundes.com\/networking\/wp-json\/wp\/v2\/pages\/312\/revisions"}],"up":[{"embeddable":true,"href":"https:\/\/efagundes.com\/networking\/wp-json\/wp\/v2\/pages\/1329"}],"wp:attachment":[{"href":"https:\/\/efagundes.com\/networking\/wp-json\/wp\/v2\/media?parent=312"}],"curies":[{"name":"wp","href":"https:\/\/api.w.org\/{rel}","templated":true}]}}