{"id":329,"date":"2012-11-16T23:07:36","date_gmt":"2012-11-17T01:07:36","guid":{"rendered":"http:\/\/efagundes.com\/openclass_networking\/?page_id=329"},"modified":"2022-01-16T17:50:56","modified_gmt":"2022-01-16T20:50:56","slug":"transmissao-sem-fio","status":"publish","type":"page","link":"https:\/\/efagundes.com\/networking\/transmissao-sem-fio\/","title":{"rendered":"Transmiss\u00e3o sem fio"},"content":{"rendered":"<p><a href=\"https:\/\/i0.wp.com\/efagundes.com\/networking\/wp-content\/uploads\/sites\/5\/2015\/03\/Slide114.jpg\"><img data-recalc-dims=\"1\" loading=\"lazy\" decoding=\"async\" data-attachment-id=\"2436\" data-permalink=\"https:\/\/efagundes.com\/networking\/transmissao-sem-fio\/slide1-4\/\" data-orig-file=\"https:\/\/i0.wp.com\/efagundes.com\/networking\/wp-content\/uploads\/sites\/5\/2015\/03\/Slide114.jpg?fit=960%2C720&amp;ssl=1\" data-orig-size=\"960,720\" data-comments-opened=\"1\" data-image-meta=\"{&quot;aperture&quot;:&quot;0&quot;,&quot;credit&quot;:&quot;&quot;,&quot;camera&quot;:&quot;&quot;,&quot;caption&quot;:&quot;&quot;,&quot;created_timestamp&quot;:&quot;0&quot;,&quot;copyright&quot;:&quot;&quot;,&quot;focal_length&quot;:&quot;0&quot;,&quot;iso&quot;:&quot;0&quot;,&quot;shutter_speed&quot;:&quot;0&quot;,&quot;title&quot;:&quot;&quot;,&quot;orientation&quot;:&quot;0&quot;}\" data-image-title=\"Slide1\" data-image-description=\"\" data-image-caption=\"\" data-large-file=\"https:\/\/i0.wp.com\/efagundes.com\/networking\/wp-content\/uploads\/sites\/5\/2015\/03\/Slide114.jpg?fit=960%2C720&amp;ssl=1\" class=\"alignnone size-full wp-image-2436\" src=\"https:\/\/i0.wp.com\/efagundes.com\/networking\/wp-content\/uploads\/sites\/5\/2015\/03\/Slide114.jpg?resize=960%2C720\" alt=\"Slide1\" width=\"960\" height=\"720\" srcset=\"https:\/\/i0.wp.com\/efagundes.com\/networking\/wp-content\/uploads\/sites\/5\/2015\/03\/Slide114.jpg?w=960&amp;ssl=1 960w, https:\/\/i0.wp.com\/efagundes.com\/networking\/wp-content\/uploads\/sites\/5\/2015\/03\/Slide114.jpg?resize=300%2C225&amp;ssl=1 300w\" sizes=\"auto, (max-width: 960px) 100vw, 960px\" \/><\/a><\/p>\n<p><strong>T\u00f3picos do capitulo<\/strong><br \/>\n\n<!-- Page-list plugin v.5.9 wordpress.org\/plugins\/page-list\/ -->\n<ul class=\"page-list subpages-page-list \">\n<li class=\"page_item page-item-331\"><a href=\"https:\/\/efagundes.com\/networking\/transmissao-sem-fio\/ondas-e-energia\/\">Ondas e energia<\/a><\/li>\n<li class=\"page_item page-item-333\"><a href=\"https:\/\/efagundes.com\/networking\/transmissao-sem-fio\/espectro-eletromagnetico-i\/\">Espectro eletromagn\u00e9tico (I)<\/a><\/li>\n<li class=\"page_item page-item-335\"><a href=\"https:\/\/efagundes.com\/networking\/transmissao-sem-fio\/o-espectro-eletromagnetico-ii\/\">O espectro eletromagn\u00e9tico (II)<\/a><\/li>\n<li class=\"page_item page-item-337\"><a href=\"https:\/\/efagundes.com\/networking\/transmissao-sem-fio\/o-espectro-eletromagnetico-iii\/\">O espectro eletromagn\u00e9tico (III)<\/a><\/li>\n<li class=\"page_item page-item-339\"><a href=\"https:\/\/efagundes.com\/networking\/transmissao-sem-fio\/ism-industrial-scientific-medical\/\">ISM (Industrial, Scientific, Medical)<\/a><\/li>\n<li class=\"page_item page-item-341\"><a href=\"https:\/\/efagundes.com\/networking\/transmissao-sem-fio\/propagacao-das-ondas-de-radio\/\">Propaga\u00e7\u00e3o das ondas de r\u00e1dio<\/a><\/li>\n<li class=\"page_item page-item-343\"><a href=\"https:\/\/efagundes.com\/networking\/transmissao-sem-fio\/funcionamento-simples-de-um-radio\/\">Funcionamento simples de um r\u00e1dio<\/a><\/li>\n<li class=\"page_item page-item-345\"><a href=\"https:\/\/efagundes.com\/networking\/transmissao-sem-fio\/radio-digital\/\">R\u00e1dio Digital<\/a><\/li>\n<li class=\"page_item page-item-347\"><a href=\"https:\/\/efagundes.com\/networking\/transmissao-sem-fio\/diagrama-de-um-radio-digital\/\">Diagrama de um r\u00e1dio digital<\/a><\/li>\n<li class=\"page_item page-item-349\"><a href=\"https:\/\/efagundes.com\/networking\/transmissao-sem-fio\/topologia-de-uma-rede-de-radios\/\">Topologia de uma rede de r\u00e1dios<\/a><\/li>\n<li class=\"page_item page-item-352\"><a href=\"https:\/\/efagundes.com\/networking\/transmissao-sem-fio\/transmissao-de-microondas\/\">Transmiss\u00e3o de microondas<\/a><\/li>\n<li class=\"page_item page-item-436\"><a href=\"https:\/\/efagundes.com\/networking\/transmissao-sem-fio\/lmds\/\">LMDS<\/a><\/li>\n<li class=\"page_item page-item-354\"><a href=\"https:\/\/efagundes.com\/networking\/transmissao-sem-fio\/ondas-de-infravermelho-e-milimetricas\/\">Ondas de infravermelho e milim\u00e9tricas<\/a><\/li>\n<li class=\"page_item page-item-356\"><a href=\"https:\/\/efagundes.com\/networking\/transmissao-sem-fio\/transmissao-por-ondas-de-luz\/\">Transmiss\u00e3o por ondas de luz<\/a><\/li>\n\n<\/ul><\/p>\n","protected":false},"excerpt":{"rendered":"<p>T\u00f3picos do capitulo<\/p>\n","protected":false},"author":1,"featured_media":0,"parent":0,"menu_order":14,"comment_status":"closed","ping_status":"closed","template":"","meta":{"footnotes":""},"class_list":["post-329","page","type-page","status-publish","hentry"],"jetpack_shortlink":"https:\/\/wp.me\/P8yKGp-5j","jetpack-related-posts":[{"id":646,"url":"https:\/\/efagundes.com\/networking\/lans-sem-fio\/","url_meta":{"origin":329,"position":0},"title":"LANs sem fio","author":"Eduardo Fagundes","date":"17\/11\/2012","format":false,"excerpt":"T\u00f3picos do capitulo","rel":"","context":"Post similar","block_context":{"text":"Post similar","link":""},"img":{"alt_text":"","src":"https:\/\/i0.wp.com\/efagundes.com\/networking\/wp-content\/uploads\/sites\/5\/2015\/03\/Slide361.jpg?resize=350%2C200","width":350,"height":200,"srcset":"https:\/\/i0.wp.com\/efagundes.com\/networking\/wp-content\/uploads\/sites\/5\/2015\/03\/Slide361.jpg?resize=350%2C200 1x, https:\/\/i0.wp.com\/efagundes.com\/networking\/wp-content\/uploads\/sites\/5\/2015\/03\/Slide361.jpg?resize=525%2C300 1.5x, https:\/\/i0.wp.com\/efagundes.com\/networking\/wp-content\/uploads\/sites\/5\/2015\/03\/Slide361.jpg?resize=700%2C400 2x"},"classes":[]},{"id":533,"url":"https:\/\/efagundes.com\/networking\/teoria-da-transmissao-e-meios-magneticos\/","url_meta":{"origin":329,"position":1},"title":"Teoria da transmiss\u00e3o e meios magn\u00e9ticos","author":"Eduardo Fagundes","date":"16\/11\/2012","format":false,"excerpt":"T\u00f3picos do capitulo","rel":"","context":"Post similar","block_context":{"text":"Post similar","link":""},"img":{"alt_text":"Slide1","src":"https:\/\/i0.wp.com\/efagundes.com\/networking\/wp-content\/uploads\/sites\/5\/2015\/03\/Slide112.jpg?resize=350%2C200","width":350,"height":200,"srcset":"https:\/\/i0.wp.com\/efagundes.com\/networking\/wp-content\/uploads\/sites\/5\/2015\/03\/Slide112.jpg?resize=350%2C200 1x, https:\/\/i0.wp.com\/efagundes.com\/networking\/wp-content\/uploads\/sites\/5\/2015\/03\/Slide112.jpg?resize=525%2C300 1.5x, https:\/\/i0.wp.com\/efagundes.com\/networking\/wp-content\/uploads\/sites\/5\/2015\/03\/Slide112.jpg?resize=700%2C400 2x"},"classes":[]},{"id":1001,"url":"https:\/\/efagundes.com\/networking\/comutacao\/","url_meta":{"origin":329,"position":2},"title":"Comuta\u00e7\u00e3o","author":"Eduardo Fagundes","date":"18\/11\/2012","format":false,"excerpt":"T\u00f3picos do capitulo","rel":"","context":"Post similar","block_context":{"text":"Post similar","link":""},"img":{"alt_text":"Slide1","src":"https:\/\/i0.wp.com\/efagundes.com\/networking\/wp-content\/uploads\/sites\/5\/2015\/03\/Slide118.jpg?resize=350%2C200","width":350,"height":200,"srcset":"https:\/\/i0.wp.com\/efagundes.com\/networking\/wp-content\/uploads\/sites\/5\/2015\/03\/Slide118.jpg?resize=350%2C200 1x, https:\/\/i0.wp.com\/efagundes.com\/networking\/wp-content\/uploads\/sites\/5\/2015\/03\/Slide118.jpg?resize=525%2C300 1.5x, https:\/\/i0.wp.com\/efagundes.com\/networking\/wp-content\/uploads\/sites\/5\/2015\/03\/Slide118.jpg?resize=700%2C400 2x"},"classes":[]},{"id":635,"url":"https:\/\/efagundes.com\/networking\/ethernet-2\/","url_meta":{"origin":329,"position":3},"title":"Ethernet","author":"Eduardo Fagundes","date":"17\/11\/2012","format":false,"excerpt":"T\u00f3picos do capitulo","rel":"","context":"Post similar","block_context":{"text":"Post similar","link":""},"img":{"alt_text":"","src":"https:\/\/i0.wp.com\/efagundes.com\/networking\/wp-content\/uploads\/sites\/5\/2015\/03\/Slide313.jpg?resize=350%2C200","width":350,"height":200,"srcset":"https:\/\/i0.wp.com\/efagundes.com\/networking\/wp-content\/uploads\/sites\/5\/2015\/03\/Slide313.jpg?resize=350%2C200 1x, https:\/\/i0.wp.com\/efagundes.com\/networking\/wp-content\/uploads\/sites\/5\/2015\/03\/Slide313.jpg?resize=525%2C300 1.5x, https:\/\/i0.wp.com\/efagundes.com\/networking\/wp-content\/uploads\/sites\/5\/2015\/03\/Slide313.jpg?resize=700%2C400 2x"},"classes":[]},{"id":1333,"url":"https:\/\/efagundes.com\/networking\/multiplexacao-2\/","url_meta":{"origin":329,"position":4},"title":"Multiplexa\u00e7\u00e3o","author":"Eduardo Fagundes","date":"19\/11\/2012","format":false,"excerpt":"T\u00f3picos do capitulo","rel":"","context":"Post similar","block_context":{"text":"Post similar","link":""},"img":{"alt_text":"Slide1","src":"https:\/\/i0.wp.com\/efagundes.com\/networking\/wp-content\/uploads\/sites\/5\/2015\/03\/Slide118.jpg?resize=350%2C200","width":350,"height":200,"srcset":"https:\/\/i0.wp.com\/efagundes.com\/networking\/wp-content\/uploads\/sites\/5\/2015\/03\/Slide118.jpg?resize=350%2C200 1x, https:\/\/i0.wp.com\/efagundes.com\/networking\/wp-content\/uploads\/sites\/5\/2015\/03\/Slide118.jpg?resize=525%2C300 1.5x, https:\/\/i0.wp.com\/efagundes.com\/networking\/wp-content\/uploads\/sites\/5\/2015\/03\/Slide118.jpg?resize=700%2C400 2x"},"classes":[]},{"id":956,"url":"https:\/\/efagundes.com\/networking\/banda-larga\/","url_meta":{"origin":329,"position":5},"title":"Banda Larga","author":"Eduardo Fagundes","date":"18\/11\/2012","format":false,"excerpt":"T\u00f3picos do capitulo","rel":"","context":"Post similar","block_context":{"text":"Post similar","link":""},"img":{"alt_text":"Slide1","src":"https:\/\/i0.wp.com\/efagundes.com\/networking\/wp-content\/uploads\/sites\/5\/2012\/11\/Slide1.jpg?resize=350%2C200","width":350,"height":200,"srcset":"https:\/\/i0.wp.com\/efagundes.com\/networking\/wp-content\/uploads\/sites\/5\/2012\/11\/Slide1.jpg?resize=350%2C200 1x, https:\/\/i0.wp.com\/efagundes.com\/networking\/wp-content\/uploads\/sites\/5\/2012\/11\/Slide1.jpg?resize=525%2C300 1.5x, https:\/\/i0.wp.com\/efagundes.com\/networking\/wp-content\/uploads\/sites\/5\/2012\/11\/Slide1.jpg?resize=700%2C400 2x"},"classes":[]}],"jetpack_sharing_enabled":true,"_links":{"self":[{"href":"https:\/\/efagundes.com\/networking\/wp-json\/wp\/v2\/pages\/329","targetHints":{"allow":["GET"]}}],"collection":[{"href":"https:\/\/efagundes.com\/networking\/wp-json\/wp\/v2\/pages"}],"about":[{"href":"https:\/\/efagundes.com\/networking\/wp-json\/wp\/v2\/types\/page"}],"author":[{"embeddable":true,"href":"https:\/\/efagundes.com\/networking\/wp-json\/wp\/v2\/users\/1"}],"replies":[{"embeddable":true,"href":"https:\/\/efagundes.com\/networking\/wp-json\/wp\/v2\/comments?post=329"}],"version-history":[{"count":0,"href":"https:\/\/efagundes.com\/networking\/wp-json\/wp\/v2\/pages\/329\/revisions"}],"wp:attachment":[{"href":"https:\/\/efagundes.com\/networking\/wp-json\/wp\/v2\/media?parent=329"}],"curies":[{"name":"wp","href":"https:\/\/api.w.org\/{rel}","templated":true}]}}