{"id":331,"date":"2012-11-16T23:09:31","date_gmt":"2012-11-17T01:09:31","guid":{"rendered":"http:\/\/efagundes.com\/openclass_networking\/?page_id=331"},"modified":"2022-01-16T17:50:19","modified_gmt":"2022-01-16T20:50:19","slug":"ondas-e-energia","status":"publish","type":"page","link":"https:\/\/efagundes.com\/networking\/transmissao-sem-fio\/ondas-e-energia\/","title":{"rendered":"Ondas e energia"},"content":{"rendered":"<p>&nbsp;<\/p>\n<p><a href=\"https:\/\/i0.wp.com\/efagundes.com\/networking\/wp-content\/uploads\/sites\/5\/2015\/03\/Slide214.jpg\"><img data-recalc-dims=\"1\" loading=\"lazy\" decoding=\"async\" data-attachment-id=\"2437\" data-permalink=\"https:\/\/efagundes.com\/networking\/transmissao-sem-fio\/ondas-e-energia\/slide2-4\/\" data-orig-file=\"https:\/\/i0.wp.com\/efagundes.com\/networking\/wp-content\/uploads\/sites\/5\/2015\/03\/Slide214.jpg?fit=960%2C720&amp;ssl=1\" data-orig-size=\"960,720\" data-comments-opened=\"1\" data-image-meta=\"{&quot;aperture&quot;:&quot;0&quot;,&quot;credit&quot;:&quot;&quot;,&quot;camera&quot;:&quot;&quot;,&quot;caption&quot;:&quot;&quot;,&quot;created_timestamp&quot;:&quot;0&quot;,&quot;copyright&quot;:&quot;&quot;,&quot;focal_length&quot;:&quot;0&quot;,&quot;iso&quot;:&quot;0&quot;,&quot;shutter_speed&quot;:&quot;0&quot;,&quot;title&quot;:&quot;&quot;,&quot;orientation&quot;:&quot;0&quot;}\" data-image-title=\"Slide2\" data-image-description=\"\" data-image-caption=\"\" data-large-file=\"https:\/\/i0.wp.com\/efagundes.com\/networking\/wp-content\/uploads\/sites\/5\/2015\/03\/Slide214.jpg?fit=960%2C720&amp;ssl=1\" class=\"alignnone size-full wp-image-2437\" src=\"https:\/\/i0.wp.com\/efagundes.com\/networking\/wp-content\/uploads\/sites\/5\/2015\/03\/Slide214.jpg?resize=960%2C720\" alt=\"Slide2\" width=\"960\" height=\"720\" srcset=\"https:\/\/i0.wp.com\/efagundes.com\/networking\/wp-content\/uploads\/sites\/5\/2015\/03\/Slide214.jpg?w=960&amp;ssl=1 960w, https:\/\/i0.wp.com\/efagundes.com\/networking\/wp-content\/uploads\/sites\/5\/2015\/03\/Slide214.jpg?resize=300%2C225&amp;ssl=1 300w\" sizes=\"auto, (max-width: 960px) 100vw, 960px\" \/><\/a>Voc\u00ea j\u00e1 deve ter atirado uma pedra em um lago, e mesmo que n\u00e3o o tenha feito, deve ter observado algum efeito semelhante. Quando atiramos uma pedra na \u00e1gua, ela agita a superf\u00edcie da \u00e1gua na forma de ondas. Estas ondas, na verdade, carregam a energia gerada pela queda da pedra na \u00e1gua at\u00e9 a beira do lago &#8211; se continuarmos analisando, vamos ver que esta energia na verdade \u00e9 correspondente a que voc\u00ea gastou para tirar a pedra do ch\u00e3o e atir\u00e1-la no lago. N\u00e3o \u00e9 dif\u00edcil notar que as ondas formam c\u00edrculos a partir do ponto onde a pedra caiu, e tamb\u00e9m que a altura das ondas vai diminuindo a medida que se afastam do ponto onde a pedra caiu. Imagine uma folha que flutua perto de onde a pedra caiu e outra mais afastada: ambas ir\u00e3o subir e descer na \u00e1gua em fun\u00e7\u00e3o das ondas geradas pela queda da pedra, mas a que estiver mais pr\u00f3xima do centro ir\u00e1 subir e descer mais do que a que estiver afastada. Aqui voc\u00ea j\u00e1 pode observar dois conceitos importantes: Comprimento de Onda e Amplitude de Onda.<\/p>\n<p>Se voc\u00ea puder tirar uma boa foto da superf\u00edcie do lago, voc\u00ea poder\u00e1 &#8220;medir&#8221; a dist\u00e2ncia entre duas cristas (partes mais altas) consecutivas das ondas que se iniciaram com a queda da pedra. Esta dist\u00e2ncia \u00e9 o comprimento de onda. Medindo a altura que corresponde \u00e0 parte mais baixa (vale) e a mais alta (crista) de uma onda voc\u00ea tem a Amplitude de Onda. Uma coisa interessante que voc\u00ea vai notar se conseguir fazer esta experi\u00eancia \u00e9 que a Amplitude de Onda diminui a medida que nos afastamos do local onde a pedra caiu, mas o Comprimento de Onda \u00e9 constante, ele \u00e9 o mesmo que medimos entre quaisquer duas cristas de onda consecutivas.Agora, ao inv\u00e9s de fotografar, imagine que voc\u00ea est\u00e1 filmando uma folha que est\u00e1 na superf\u00edcie do lago. Contando durante um segundo o tempo em que a folha sobe e desce com as ondas geradas pela pedra (conte cada vez que a folha atinge o ponto mais alto) temos o que chamamos de Freq\u00fc\u00eancia. Freq\u00fc\u00eancia e comprimento de onda andam juntos &#8211; um \u00e9 fun\u00e7\u00e3o do outro e de um valor constante que depende do meio em que a onda est\u00e1 se propaga. Para ati\u00e7ar a sua curiosidade, uma mesma pedra jogada em um lago de \u00e1gua doce ou de \u00e1gua salgada ir\u00e1 gerar ondas diferentes &#8211; na \u00e1gua salgada o comprimento de onda ser\u00e1 maior e a freq\u00fc\u00eancia menor.<\/p>\n<p>&nbsp;<\/p>\n","protected":false},"excerpt":{"rendered":"<p>&nbsp; Voc\u00ea j\u00e1 deve ter atirado uma pedra em um lago, e mesmo que n\u00e3o o tenha feito, deve ter observado algum efeito semelhante. Quando atiramos uma pedra na \u00e1gua, ela agita a superf\u00edcie da \u00e1gua na forma de ondas. Estas ondas, na verdade, carregam a energia gerada pela queda da pedra na \u00e1gua at\u00e9 [&hellip;]<\/p>\n","protected":false},"author":1,"featured_media":0,"parent":329,"menu_order":0,"comment_status":"closed","ping_status":"open","template":"","meta":{"footnotes":""},"class_list":["post-331","page","type-page","status-publish","hentry"],"jetpack_shortlink":"https:\/\/wp.me\/P8yKGp-5l","jetpack-related-posts":[{"id":345,"url":"https:\/\/efagundes.com\/networking\/transmissao-sem-fio\/radio-digital\/","url_meta":{"origin":331,"position":0},"title":"R\u00e1dio Digital","author":"Eduardo Fagundes","date":"16\/11\/2012","format":false,"excerpt":"\u00a0 Usa ondas eletromagn\u00e9ticas (r\u00e1dio ou infravermelho) para transmitir informa\u00e7\u00e3o de um ponto a outro, sem necessitar de alguma uma conex\u00e3o f\u00edsica. Ondas de r\u00e1dio s\u00e3o geralmente referidas como portadoras de r\u00e1dio porque simplesmente fazem a fun\u00e7\u00e3o de entregar energia para um receptor remoto. O dado a ser transmitido \u00e9\u2026","rel":"","context":"Post similar","block_context":{"text":"Post similar","link":""},"img":{"alt_text":"Slide9","src":"https:\/\/i0.wp.com\/efagundes.com\/networking\/wp-content\/uploads\/sites\/5\/2015\/03\/Slide93.jpg?resize=350%2C200","width":350,"height":200,"srcset":"https:\/\/i0.wp.com\/efagundes.com\/networking\/wp-content\/uploads\/sites\/5\/2015\/03\/Slide93.jpg?resize=350%2C200 1x, https:\/\/i0.wp.com\/efagundes.com\/networking\/wp-content\/uploads\/sites\/5\/2015\/03\/Slide93.jpg?resize=525%2C300 1.5x, https:\/\/i0.wp.com\/efagundes.com\/networking\/wp-content\/uploads\/sites\/5\/2015\/03\/Slide93.jpg?resize=700%2C400 2x"},"classes":[]},{"id":352,"url":"https:\/\/efagundes.com\/networking\/transmissao-sem-fio\/transmissao-de-microondas\/","url_meta":{"origin":331,"position":1},"title":"Transmiss\u00e3o de microondas","author":"Eduardo Fagundes","date":"16\/11\/2012","format":false,"excerpt":"\u00a0 Acima de 100 MHz, as ondas viajam em linhas retas e podem ser estreitamente focadas atrav\u00e9s do alinhamento do transmissor e receptor.\u00a0 Concentrando toda energia em um pequeno receptor, atrav\u00e9s de uma antena parab\u00f3lica (do tipo daquelas de TV por sat\u00e9lite), resulta em uma rela\u00e7\u00e3o sinal\/ru\u00eddo maior, mas as\u2026","rel":"","context":"Post similar","block_context":{"text":"Post similar","link":""},"img":{"alt_text":"Slide12","src":"https:\/\/i0.wp.com\/efagundes.com\/networking\/wp-content\/uploads\/sites\/5\/2015\/03\/Slide123.jpg?resize=350%2C200","width":350,"height":200,"srcset":"https:\/\/i0.wp.com\/efagundes.com\/networking\/wp-content\/uploads\/sites\/5\/2015\/03\/Slide123.jpg?resize=350%2C200 1x, https:\/\/i0.wp.com\/efagundes.com\/networking\/wp-content\/uploads\/sites\/5\/2015\/03\/Slide123.jpg?resize=525%2C300 1.5x, https:\/\/i0.wp.com\/efagundes.com\/networking\/wp-content\/uploads\/sites\/5\/2015\/03\/Slide123.jpg?resize=700%2C400 2x"},"classes":[]},{"id":354,"url":"https:\/\/efagundes.com\/networking\/transmissao-sem-fio\/ondas-de-infravermelho-e-milimetricas\/","url_meta":{"origin":331,"position":2},"title":"Ondas de infravermelho e milim\u00e9tricas","author":"Eduardo Fagundes","date":"16\/11\/2012","format":false,"excerpt":"\u00a0 Ondas infravermelhas s\u00e3o ondas milim\u00e9tricas, de alt\u00edssima freq\u00fc\u00eancia (invis\u00edveis a olho n\u00fa), amplamente utilizadas para comunica\u00e7\u00e3o em pequenas dist\u00e2ncias (controles remotos de aparelhos eletrodom\u00e9sticos utilizam esta tecnologia). Elas s\u00e3o relativamente direcionais, baratas e de baixa complexidade para gerar, transmitir e receber. Por\u00e9m, sofre de um grande problema: n\u00e3o atravessa\u2026","rel":"","context":"Post similar","block_context":{"text":"Post similar","link":""},"img":{"alt_text":"Slide13","src":"https:\/\/i0.wp.com\/efagundes.com\/networking\/wp-content\/uploads\/sites\/5\/2015\/03\/Slide133.jpg?resize=350%2C200","width":350,"height":200,"srcset":"https:\/\/i0.wp.com\/efagundes.com\/networking\/wp-content\/uploads\/sites\/5\/2015\/03\/Slide133.jpg?resize=350%2C200 1x, https:\/\/i0.wp.com\/efagundes.com\/networking\/wp-content\/uploads\/sites\/5\/2015\/03\/Slide133.jpg?resize=525%2C300 1.5x, https:\/\/i0.wp.com\/efagundes.com\/networking\/wp-content\/uploads\/sites\/5\/2015\/03\/Slide133.jpg?resize=700%2C400 2x"},"classes":[]},{"id":333,"url":"https:\/\/efagundes.com\/networking\/transmissao-sem-fio\/espectro-eletromagnetico-i\/","url_meta":{"origin":331,"position":3},"title":"Espectro eletromagn\u00e9tico (I)","author":"Eduardo Fagundes","date":"16\/11\/2012","format":false,"excerpt":"\u00a0 \u00a0 Quando el\u00e9trons se movem, eles criam ondas eletromagn\u00e9ticas que podem propagar-se atrav\u00e9s do espa\u00e7o livre, mesmo do v\u00e1cuo. Essas ondas foram inicialmente previstas pelo f\u00edsico brit\u00e2nico James Clerk Maxwell em 1865 e pela primeira vez produzidas pelo f\u00edsico alem\u00e3o Heinrich Hertz em 1887. O n\u00famero de oscila\u00e7\u00f5es por\u2026","rel":"","context":"Post similar","block_context":{"text":"Post similar","link":""},"img":{"alt_text":"Slide3","src":"https:\/\/i0.wp.com\/efagundes.com\/networking\/wp-content\/uploads\/sites\/5\/2015\/03\/Slide37.jpg?resize=350%2C200","width":350,"height":200,"srcset":"https:\/\/i0.wp.com\/efagundes.com\/networking\/wp-content\/uploads\/sites\/5\/2015\/03\/Slide37.jpg?resize=350%2C200 1x, https:\/\/i0.wp.com\/efagundes.com\/networking\/wp-content\/uploads\/sites\/5\/2015\/03\/Slide37.jpg?resize=525%2C300 1.5x, https:\/\/i0.wp.com\/efagundes.com\/networking\/wp-content\/uploads\/sites\/5\/2015\/03\/Slide37.jpg?resize=700%2C400 2x"},"classes":[]},{"id":337,"url":"https:\/\/efagundes.com\/networking\/transmissao-sem-fio\/o-espectro-eletromagnetico-iii\/","url_meta":{"origin":331,"position":4},"title":"O espectro eletromagn\u00e9tico (III)","author":"Eduardo Fagundes","date":"16\/11\/2012","format":false,"excerpt":"\u00a0 O que diferencia uma Onda Eletromagn\u00e9tica de outra \u00e9 sua freq\u00fc\u00eancia (ou seu comprimento de onda). Todas elas, entretanto, propagam-se no v\u00e1cuo (e, aproximadamente, no ar) com a mesma velocidade. Temos diversos tipos de ondas eletromagn\u00e9ticas Ondas de R\u00e1dio - Essas ondas apresentam freq\u00fc\u00eancias compreendidas entre 1000 e 100.000.000\u2026","rel":"","context":"Post similar","block_context":{"text":"Post similar","link":""},"img":{"alt_text":"Slide5","src":"https:\/\/i0.wp.com\/efagundes.com\/networking\/wp-content\/uploads\/sites\/5\/2015\/03\/Slide53.jpg?resize=350%2C200","width":350,"height":200,"srcset":"https:\/\/i0.wp.com\/efagundes.com\/networking\/wp-content\/uploads\/sites\/5\/2015\/03\/Slide53.jpg?resize=350%2C200 1x, https:\/\/i0.wp.com\/efagundes.com\/networking\/wp-content\/uploads\/sites\/5\/2015\/03\/Slide53.jpg?resize=525%2C300 1.5x, https:\/\/i0.wp.com\/efagundes.com\/networking\/wp-content\/uploads\/sites\/5\/2015\/03\/Slide53.jpg?resize=700%2C400 2x"},"classes":[]},{"id":341,"url":"https:\/\/efagundes.com\/networking\/transmissao-sem-fio\/propagacao-das-ondas-de-radio\/","url_meta":{"origin":331,"position":5},"title":"Propaga\u00e7\u00e3o das ondas de r\u00e1dio","author":"Eduardo Fagundes","date":"16\/11\/2012","format":false,"excerpt":"","rel":"","context":"Post similar","block_context":{"text":"Post similar","link":""},"img":{"alt_text":"Slide7","src":"https:\/\/i0.wp.com\/efagundes.com\/networking\/wp-content\/uploads\/sites\/5\/2015\/03\/Slide73.jpg?resize=350%2C200","width":350,"height":200,"srcset":"https:\/\/i0.wp.com\/efagundes.com\/networking\/wp-content\/uploads\/sites\/5\/2015\/03\/Slide73.jpg?resize=350%2C200 1x, https:\/\/i0.wp.com\/efagundes.com\/networking\/wp-content\/uploads\/sites\/5\/2015\/03\/Slide73.jpg?resize=525%2C300 1.5x, https:\/\/i0.wp.com\/efagundes.com\/networking\/wp-content\/uploads\/sites\/5\/2015\/03\/Slide73.jpg?resize=700%2C400 2x"},"classes":[]}],"jetpack_sharing_enabled":true,"_links":{"self":[{"href":"https:\/\/efagundes.com\/networking\/wp-json\/wp\/v2\/pages\/331","targetHints":{"allow":["GET"]}}],"collection":[{"href":"https:\/\/efagundes.com\/networking\/wp-json\/wp\/v2\/pages"}],"about":[{"href":"https:\/\/efagundes.com\/networking\/wp-json\/wp\/v2\/types\/page"}],"author":[{"embeddable":true,"href":"https:\/\/efagundes.com\/networking\/wp-json\/wp\/v2\/users\/1"}],"replies":[{"embeddable":true,"href":"https:\/\/efagundes.com\/networking\/wp-json\/wp\/v2\/comments?post=331"}],"version-history":[{"count":0,"href":"https:\/\/efagundes.com\/networking\/wp-json\/wp\/v2\/pages\/331\/revisions"}],"up":[{"embeddable":true,"href":"https:\/\/efagundes.com\/networking\/wp-json\/wp\/v2\/pages\/329"}],"wp:attachment":[{"href":"https:\/\/efagundes.com\/networking\/wp-json\/wp\/v2\/media?parent=331"}],"curies":[{"name":"wp","href":"https:\/\/api.w.org\/{rel}","templated":true}]}}