{"id":337,"date":"2012-11-16T23:23:15","date_gmt":"2012-11-17T01:23:15","guid":{"rendered":"http:\/\/efagundes.com\/openclass_networking\/?page_id=337"},"modified":"2022-01-16T17:50:19","modified_gmt":"2022-01-16T20:50:19","slug":"o-espectro-eletromagnetico-iii","status":"publish","type":"page","link":"https:\/\/efagundes.com\/networking\/transmissao-sem-fio\/o-espectro-eletromagnetico-iii\/","title":{"rendered":"O espectro eletromagn\u00e9tico (III)"},"content":{"rendered":"<p>&nbsp;<\/p>\n<p><a href=\"https:\/\/i0.wp.com\/efagundes.com\/networking\/wp-content\/uploads\/sites\/5\/2015\/03\/Slide53.jpg\"><img data-recalc-dims=\"1\" loading=\"lazy\" decoding=\"async\" data-attachment-id=\"2440\" data-permalink=\"https:\/\/efagundes.com\/networking\/transmissao-sem-fio\/o-espectro-eletromagnetico-iii\/slide5-4\/\" data-orig-file=\"https:\/\/i0.wp.com\/efagundes.com\/networking\/wp-content\/uploads\/sites\/5\/2015\/03\/Slide53.jpg?fit=960%2C720&amp;ssl=1\" data-orig-size=\"960,720\" data-comments-opened=\"1\" data-image-meta=\"{&quot;aperture&quot;:&quot;0&quot;,&quot;credit&quot;:&quot;&quot;,&quot;camera&quot;:&quot;&quot;,&quot;caption&quot;:&quot;&quot;,&quot;created_timestamp&quot;:&quot;0&quot;,&quot;copyright&quot;:&quot;&quot;,&quot;focal_length&quot;:&quot;0&quot;,&quot;iso&quot;:&quot;0&quot;,&quot;shutter_speed&quot;:&quot;0&quot;,&quot;title&quot;:&quot;&quot;,&quot;orientation&quot;:&quot;0&quot;}\" data-image-title=\"Slide5\" data-image-description=\"\" data-image-caption=\"\" data-large-file=\"https:\/\/i0.wp.com\/efagundes.com\/networking\/wp-content\/uploads\/sites\/5\/2015\/03\/Slide53.jpg?fit=960%2C720&amp;ssl=1\" class=\"alignnone size-full wp-image-2440\" src=\"https:\/\/i0.wp.com\/efagundes.com\/networking\/wp-content\/uploads\/sites\/5\/2015\/03\/Slide53.jpg?resize=960%2C720\" alt=\"Slide5\" width=\"960\" height=\"720\" srcset=\"https:\/\/i0.wp.com\/efagundes.com\/networking\/wp-content\/uploads\/sites\/5\/2015\/03\/Slide53.jpg?w=960&amp;ssl=1 960w, https:\/\/i0.wp.com\/efagundes.com\/networking\/wp-content\/uploads\/sites\/5\/2015\/03\/Slide53.jpg?resize=300%2C225&amp;ssl=1 300w\" sizes=\"auto, (max-width: 960px) 100vw, 960px\" \/><\/a>O que diferencia uma Onda Eletromagn\u00e9tica de outra \u00e9 sua freq\u00fc\u00eancia (ou seu comprimento de onda). Todas elas, entretanto, propagam-se no v\u00e1cuo (e, aproximadamente, no ar) com a mesma velocidade. Temos diversos tipos de ondas eletromagn\u00e9ticas<\/p>\n<p>Ondas de R\u00e1dio &#8211; Essas ondas apresentam freq\u00fc\u00eancias compreendidas entre 1000 e 100.000.000 Hz. Por serem facilmente refletidas pela camada ionizada da atmosfera (ionosfera), podem ser emitidas e captadas a grandes dist\u00e2ncias. S\u00e3o produzidas por oscila\u00e7\u00f5es de el\u00e9trons em antenas met\u00e1licas.<\/p>\n<p>Microondas &#8211; TV e Radar &#8211; De freq\u00fc\u00eancias compreendidas entre cem milh\u00f5es e um trilh\u00e3o de Hertz, as microondas s\u00e3o usadas amplamente em telecomunica\u00e7\u00f5es, transportando sinais de TV e transmiss\u00f5es telef\u00f4nicas. Como n\u00e3o s\u00e3o refletidos pela ionosfera, para serem captadas a longa dist\u00e2ncia, as microondas s\u00e3o transmitidas por esta\u00e7\u00f5es repetidoras ou via sat\u00e9lites.<\/p>\n<p>Radia\u00e7\u00e3o Infravermelha &#8211; S\u00e3o ondas eletromagn\u00e9ticas com freq\u00fc\u00eancia desde cerca de 10 (elevado a 11) Hz at\u00e9 10 (elevado a 14)Hz. Esse tipo de radia\u00e7\u00e3o \u00e9 emitido pelos \u00e1tomos em vibra\u00e7\u00e3o de um corpo aquecido. O calor abrasante que sentimos quando tomamos um banho de sol, ou quando estamos pr\u00f3ximos a uma lareira, \u00e9, em grande parte, devido \u00e0 radia\u00e7\u00e3o infravermelha (radia\u00e7\u00e3o t\u00e9rmica de calor).<\/p>\n<p>Raio Laser &#8211; Em 1960, foi inventado um processo, denominado emiss\u00e3o estimulada, por meio do qual se obt\u00e9m um feixe de luz de uma mesma cor (mesma freq\u00fc\u00eancia), concentrado e em fase. A palavra laser \u00e9 uma abrevia\u00e7\u00e3o de &#8220;light amplification by estimulated emission of radiation&#8221; (amplifica\u00e7\u00e3o da luz por emiss\u00e3o estimulada de radia\u00e7\u00e3o). Com o laser \u00e9 poss\u00edvel obter-se uma grande concentra\u00e7\u00e3o de energia em um estreito feixe de luz. \u00c9 poss\u00edvel conseguir um raio laser muito fino e de grande intensidade.<\/p>\n<p>Raio Ultravioleta &#8211; S\u00e3o ondas eletromagn\u00e9ticas de freq\u00fc\u00eancias superiores \u00e0 da luz violeta, podendo chegar at\u00e9 10 a oitava Hz (cem milh\u00f5es). Esse tipo de radia\u00e7\u00e3o \u00e9 emitido por \u00e1tomos excitados, por exemplo, em l\u00e2mpadas de vapor de Hg, acompanhando a luz por elas emitida. Raio X &#8211; Esse\u00a0 tipo de radia\u00e7\u00e3o possui alt\u00edssimas freq\u00fc\u00eancias (de 10 elevado \u00e0 17 Hz a 10 elevado a 21 Hz). Por desconhecer inicialmente a natureza desse tipo de radia\u00e7\u00e3o, R\u00f6ntren denominou-a raios X. Os raios x tem propriedades de atravessar materiais de baixa densidade, como, por exemplo, os m\u00fasculos de uma pessoa, e de serem absorvidos por materiais de densidade elevada, como, por exemplo, os ossos do corpo de qualquer pessoa. Essa propriedade permite que os raios x sejam amplamente utilizados para se obterem radiografias. , etc.<\/p>\n<p>Raios Gama &#8211; Ondas eletromagn\u00e9ticas que apresentam as mais altas freq\u00fc\u00eancias do aspecto eletromagn\u00e9tico;<\/p>\n<p>&nbsp;<\/p>\n","protected":false},"excerpt":{"rendered":"<p>&nbsp; O que diferencia uma Onda Eletromagn\u00e9tica de outra \u00e9 sua freq\u00fc\u00eancia (ou seu comprimento de onda). Todas elas, entretanto, propagam-se no v\u00e1cuo (e, aproximadamente, no ar) com a mesma velocidade. Temos diversos tipos de ondas eletromagn\u00e9ticas Ondas de R\u00e1dio &#8211; Essas ondas apresentam freq\u00fc\u00eancias compreendidas entre 1000 e 100.000.000 Hz. Por serem facilmente refletidas [&hellip;]<\/p>\n","protected":false},"author":1,"featured_media":0,"parent":329,"menu_order":3,"comment_status":"closed","ping_status":"closed","template":"","meta":{"footnotes":""},"class_list":["post-337","page","type-page","status-publish","hentry"],"jetpack_shortlink":"https:\/\/wp.me\/P8yKGp-5r","jetpack-related-posts":[{"id":352,"url":"https:\/\/efagundes.com\/networking\/transmissao-sem-fio\/transmissao-de-microondas\/","url_meta":{"origin":337,"position":0},"title":"Transmiss\u00e3o de microondas","author":"Eduardo Fagundes","date":"16\/11\/2012","format":false,"excerpt":"\u00a0 Acima de 100 MHz, as ondas viajam em linhas retas e podem ser estreitamente focadas atrav\u00e9s do alinhamento do transmissor e receptor.\u00a0 Concentrando toda energia em um pequeno receptor, atrav\u00e9s de uma antena parab\u00f3lica (do tipo daquelas de TV por sat\u00e9lite), resulta em uma rela\u00e7\u00e3o sinal\/ru\u00eddo maior, mas as\u2026","rel":"","context":"Post similar","block_context":{"text":"Post similar","link":""},"img":{"alt_text":"Slide12","src":"https:\/\/i0.wp.com\/efagundes.com\/networking\/wp-content\/uploads\/sites\/5\/2015\/03\/Slide123.jpg?resize=350%2C200","width":350,"height":200,"srcset":"https:\/\/i0.wp.com\/efagundes.com\/networking\/wp-content\/uploads\/sites\/5\/2015\/03\/Slide123.jpg?resize=350%2C200 1x, https:\/\/i0.wp.com\/efagundes.com\/networking\/wp-content\/uploads\/sites\/5\/2015\/03\/Slide123.jpg?resize=525%2C300 1.5x, https:\/\/i0.wp.com\/efagundes.com\/networking\/wp-content\/uploads\/sites\/5\/2015\/03\/Slide123.jpg?resize=700%2C400 2x"},"classes":[]},{"id":345,"url":"https:\/\/efagundes.com\/networking\/transmissao-sem-fio\/radio-digital\/","url_meta":{"origin":337,"position":1},"title":"R\u00e1dio Digital","author":"Eduardo Fagundes","date":"16\/11\/2012","format":false,"excerpt":"\u00a0 Usa ondas eletromagn\u00e9ticas (r\u00e1dio ou infravermelho) para transmitir informa\u00e7\u00e3o de um ponto a outro, sem necessitar de alguma uma conex\u00e3o f\u00edsica. Ondas de r\u00e1dio s\u00e3o geralmente referidas como portadoras de r\u00e1dio porque simplesmente fazem a fun\u00e7\u00e3o de entregar energia para um receptor remoto. O dado a ser transmitido \u00e9\u2026","rel":"","context":"Post similar","block_context":{"text":"Post similar","link":""},"img":{"alt_text":"Slide9","src":"https:\/\/i0.wp.com\/efagundes.com\/networking\/wp-content\/uploads\/sites\/5\/2015\/03\/Slide93.jpg?resize=350%2C200","width":350,"height":200,"srcset":"https:\/\/i0.wp.com\/efagundes.com\/networking\/wp-content\/uploads\/sites\/5\/2015\/03\/Slide93.jpg?resize=350%2C200 1x, https:\/\/i0.wp.com\/efagundes.com\/networking\/wp-content\/uploads\/sites\/5\/2015\/03\/Slide93.jpg?resize=525%2C300 1.5x, https:\/\/i0.wp.com\/efagundes.com\/networking\/wp-content\/uploads\/sites\/5\/2015\/03\/Slide93.jpg?resize=700%2C400 2x"},"classes":[]},{"id":331,"url":"https:\/\/efagundes.com\/networking\/transmissao-sem-fio\/ondas-e-energia\/","url_meta":{"origin":337,"position":2},"title":"Ondas e energia","author":"Eduardo Fagundes","date":"16\/11\/2012","format":false,"excerpt":"\u00a0 Voc\u00ea j\u00e1 deve ter atirado uma pedra em um lago, e mesmo que n\u00e3o o tenha feito, deve ter observado algum efeito semelhante. Quando atiramos uma pedra na \u00e1gua, ela agita a superf\u00edcie da \u00e1gua na forma de ondas. Estas ondas, na verdade, carregam a energia gerada pela queda\u2026","rel":"","context":"Post similar","block_context":{"text":"Post similar","link":""},"img":{"alt_text":"Slide2","src":"https:\/\/i0.wp.com\/efagundes.com\/networking\/wp-content\/uploads\/sites\/5\/2015\/03\/Slide214.jpg?resize=350%2C200","width":350,"height":200,"srcset":"https:\/\/i0.wp.com\/efagundes.com\/networking\/wp-content\/uploads\/sites\/5\/2015\/03\/Slide214.jpg?resize=350%2C200 1x, https:\/\/i0.wp.com\/efagundes.com\/networking\/wp-content\/uploads\/sites\/5\/2015\/03\/Slide214.jpg?resize=525%2C300 1.5x, https:\/\/i0.wp.com\/efagundes.com\/networking\/wp-content\/uploads\/sites\/5\/2015\/03\/Slide214.jpg?resize=700%2C400 2x"},"classes":[]},{"id":335,"url":"https:\/\/efagundes.com\/networking\/transmissao-sem-fio\/o-espectro-eletromagnetico-ii\/","url_meta":{"origin":337,"position":3},"title":"O espectro eletromagn\u00e9tico (II)","author":"Eduardo Fagundes","date":"16\/11\/2012","format":false,"excerpt":"\u00a0 A quantidade de informa\u00e7\u00e3o que uma onda eletromagn\u00e9tica pode transportar \u00e9 relacionada \u00e0 sua largura de banda. Com a tecnologia atual, \u00e9 poss\u00edvel codificar alguns bits por Hz em frequ\u00eancias baixas, mas em altas frequ\u00eancias pode-se codificar cerca de 40 bits, assim, um cabo de 500MHz transporta v\u00e1rios gigabits\/s.\u2026","rel":"","context":"Post similar","block_context":{"text":"Post similar","link":""},"img":{"alt_text":"Slide4","src":"https:\/\/i0.wp.com\/efagundes.com\/networking\/wp-content\/uploads\/sites\/5\/2015\/03\/Slide43.jpg?resize=350%2C200","width":350,"height":200,"srcset":"https:\/\/i0.wp.com\/efagundes.com\/networking\/wp-content\/uploads\/sites\/5\/2015\/03\/Slide43.jpg?resize=350%2C200 1x, https:\/\/i0.wp.com\/efagundes.com\/networking\/wp-content\/uploads\/sites\/5\/2015\/03\/Slide43.jpg?resize=525%2C300 1.5x, https:\/\/i0.wp.com\/efagundes.com\/networking\/wp-content\/uploads\/sites\/5\/2015\/03\/Slide43.jpg?resize=700%2C400 2x"},"classes":[]},{"id":418,"url":"https:\/\/efagundes.com\/networking\/sistema-telefonico\/tipos-de-modulacao-i\/","url_meta":{"origin":337,"position":4},"title":"Tipos de modula\u00e7\u00e3o (I)","author":"Eduardo Fagundes","date":"17\/11\/2012","format":false,"excerpt":"\u00a0 Para facilitar a transmiss\u00e3o do sinal atrav\u00e9s dos meios f\u00edsicos e adequar as frequ\u00eancias aos sistemas de comunica\u00e7\u00e3o se utiliza o que chamamos de onda portadora, sobre a qual \u00e9 transmitido o sinal com a informa\u00e7\u00e3o. A onda portadora \u00e9 um sinal senoidal caracterizado por tr\u00eas vari\u00e1veis: amplitude, freq\u00fc\u00eancia\u2026","rel":"","context":"Post similar","block_context":{"text":"Post similar","link":""},"img":{"alt_text":"Slide12","src":"https:\/\/i0.wp.com\/efagundes.com\/networking\/wp-content\/uploads\/sites\/5\/2015\/03\/Slide124.jpg?resize=350%2C200","width":350,"height":200,"srcset":"https:\/\/i0.wp.com\/efagundes.com\/networking\/wp-content\/uploads\/sites\/5\/2015\/03\/Slide124.jpg?resize=350%2C200 1x, https:\/\/i0.wp.com\/efagundes.com\/networking\/wp-content\/uploads\/sites\/5\/2015\/03\/Slide124.jpg?resize=525%2C300 1.5x, https:\/\/i0.wp.com\/efagundes.com\/networking\/wp-content\/uploads\/sites\/5\/2015\/03\/Slide124.jpg?resize=700%2C400 2x"},"classes":[]},{"id":333,"url":"https:\/\/efagundes.com\/networking\/transmissao-sem-fio\/espectro-eletromagnetico-i\/","url_meta":{"origin":337,"position":5},"title":"Espectro eletromagn\u00e9tico (I)","author":"Eduardo Fagundes","date":"16\/11\/2012","format":false,"excerpt":"\u00a0 \u00a0 Quando el\u00e9trons se movem, eles criam ondas eletromagn\u00e9ticas que podem propagar-se atrav\u00e9s do espa\u00e7o livre, mesmo do v\u00e1cuo. Essas ondas foram inicialmente previstas pelo f\u00edsico brit\u00e2nico James Clerk Maxwell em 1865 e pela primeira vez produzidas pelo f\u00edsico alem\u00e3o Heinrich Hertz em 1887. O n\u00famero de oscila\u00e7\u00f5es por\u2026","rel":"","context":"Post similar","block_context":{"text":"Post similar","link":""},"img":{"alt_text":"Slide3","src":"https:\/\/i0.wp.com\/efagundes.com\/networking\/wp-content\/uploads\/sites\/5\/2015\/03\/Slide37.jpg?resize=350%2C200","width":350,"height":200,"srcset":"https:\/\/i0.wp.com\/efagundes.com\/networking\/wp-content\/uploads\/sites\/5\/2015\/03\/Slide37.jpg?resize=350%2C200 1x, https:\/\/i0.wp.com\/efagundes.com\/networking\/wp-content\/uploads\/sites\/5\/2015\/03\/Slide37.jpg?resize=525%2C300 1.5x, https:\/\/i0.wp.com\/efagundes.com\/networking\/wp-content\/uploads\/sites\/5\/2015\/03\/Slide37.jpg?resize=700%2C400 2x"},"classes":[]}],"jetpack_sharing_enabled":true,"_links":{"self":[{"href":"https:\/\/efagundes.com\/networking\/wp-json\/wp\/v2\/pages\/337","targetHints":{"allow":["GET"]}}],"collection":[{"href":"https:\/\/efagundes.com\/networking\/wp-json\/wp\/v2\/pages"}],"about":[{"href":"https:\/\/efagundes.com\/networking\/wp-json\/wp\/v2\/types\/page"}],"author":[{"embeddable":true,"href":"https:\/\/efagundes.com\/networking\/wp-json\/wp\/v2\/users\/1"}],"replies":[{"embeddable":true,"href":"https:\/\/efagundes.com\/networking\/wp-json\/wp\/v2\/comments?post=337"}],"version-history":[{"count":0,"href":"https:\/\/efagundes.com\/networking\/wp-json\/wp\/v2\/pages\/337\/revisions"}],"up":[{"embeddable":true,"href":"https:\/\/efagundes.com\/networking\/wp-json\/wp\/v2\/pages\/329"}],"wp:attachment":[{"href":"https:\/\/efagundes.com\/networking\/wp-json\/wp\/v2\/media?parent=337"}],"curies":[{"name":"wp","href":"https:\/\/api.w.org\/{rel}","templated":true}]}}