{"id":339,"date":"2012-11-16T23:24:47","date_gmt":"2012-11-17T01:24:47","guid":{"rendered":"http:\/\/efagundes.com\/openclass_networking\/?page_id=339"},"modified":"2022-01-16T17:50:20","modified_gmt":"2022-01-16T20:50:20","slug":"ism-industrial-scientific-medical","status":"publish","type":"page","link":"https:\/\/efagundes.com\/networking\/transmissao-sem-fio\/ism-industrial-scientific-medical\/","title":{"rendered":"ISM (Industrial, Scientific, Medical)"},"content":{"rendered":"<p><a href=\"https:\/\/i0.wp.com\/efagundes.com\/networking\/wp-content\/uploads\/sites\/5\/2015\/03\/Slide63.jpg\"><img data-recalc-dims=\"1\" loading=\"lazy\" decoding=\"async\" data-attachment-id=\"2441\" data-permalink=\"https:\/\/efagundes.com\/networking\/transmissao-sem-fio\/ism-industrial-scientific-medical\/slide6-4\/\" data-orig-file=\"https:\/\/i0.wp.com\/efagundes.com\/networking\/wp-content\/uploads\/sites\/5\/2015\/03\/Slide63.jpg?fit=960%2C720&amp;ssl=1\" data-orig-size=\"960,720\" data-comments-opened=\"1\" data-image-meta=\"{&quot;aperture&quot;:&quot;0&quot;,&quot;credit&quot;:&quot;&quot;,&quot;camera&quot;:&quot;&quot;,&quot;caption&quot;:&quot;&quot;,&quot;created_timestamp&quot;:&quot;0&quot;,&quot;copyright&quot;:&quot;&quot;,&quot;focal_length&quot;:&quot;0&quot;,&quot;iso&quot;:&quot;0&quot;,&quot;shutter_speed&quot;:&quot;0&quot;,&quot;title&quot;:&quot;&quot;,&quot;orientation&quot;:&quot;0&quot;}\" data-image-title=\"Slide6\" data-image-description=\"\" data-image-caption=\"\" data-large-file=\"https:\/\/i0.wp.com\/efagundes.com\/networking\/wp-content\/uploads\/sites\/5\/2015\/03\/Slide63.jpg?fit=960%2C720&amp;ssl=1\" class=\"alignnone size-full wp-image-2441\" src=\"https:\/\/i0.wp.com\/efagundes.com\/networking\/wp-content\/uploads\/sites\/5\/2015\/03\/Slide63.jpg?resize=960%2C720\" alt=\"Slide6\" width=\"960\" height=\"720\" srcset=\"https:\/\/i0.wp.com\/efagundes.com\/networking\/wp-content\/uploads\/sites\/5\/2015\/03\/Slide63.jpg?w=960&amp;ssl=1 960w, https:\/\/i0.wp.com\/efagundes.com\/networking\/wp-content\/uploads\/sites\/5\/2015\/03\/Slide63.jpg?resize=300%2C225&amp;ssl=1 300w\" sizes=\"auto, (max-width: 960px) 100vw, 960px\" \/><\/a><\/p>\n","protected":false},"excerpt":{"rendered":"","protected":false},"author":1,"featured_media":0,"parent":329,"menu_order":4,"comment_status":"closed","ping_status":"closed","template":"","meta":{"footnotes":""},"class_list":["post-339","page","type-page","status-publish","hentry"],"jetpack_shortlink":"https:\/\/wp.me\/P8yKGp-5t","jetpack-related-posts":[{"id":88,"url":"https:\/\/efagundes.com\/networking\/hardware-de-rede\/wireless-lan\/","url_meta":{"origin":339,"position":0},"title":"Wireless LAN","author":"Eduardo Fagundes","date":"16\/11\/2012","format":false,"excerpt":"Antes de 1998, instalar uma rede sem fio significava uso de uma ou mais solu\u00e7\u00f5es propriet\u00e1rias. As conex\u00f5es eram feitas atrav\u00e9s de redes pouco confi\u00e1veis, com baixas taxas de transmiss\u00e3o e a com um m\u00ednimo de seguran\u00e7a. O resultado do esfor\u00e7o de padroniza\u00e7\u00e3o levou a cria\u00e7\u00e3o dos padr\u00f5es HiperLAN\/2, IEEE\u2026","rel":"","context":"Post similar","block_context":{"text":"Post similar","link":""},"img":{"alt_text":"Slide20","src":"https:\/\/i0.wp.com\/efagundes.com\/networking\/wp-content\/uploads\/sites\/5\/2015\/03\/Slide20.jpg?resize=350%2C200","width":350,"height":200,"srcset":"https:\/\/i0.wp.com\/efagundes.com\/networking\/wp-content\/uploads\/sites\/5\/2015\/03\/Slide20.jpg?resize=350%2C200 1x, https:\/\/i0.wp.com\/efagundes.com\/networking\/wp-content\/uploads\/sites\/5\/2015\/03\/Slide20.jpg?resize=525%2C300 1.5x, https:\/\/i0.wp.com\/efagundes.com\/networking\/wp-content\/uploads\/sites\/5\/2015\/03\/Slide20.jpg?resize=700%2C400 2x"},"classes":[]},{"id":91,"url":"https:\/\/efagundes.com\/networking\/lans-sem-fio\/bluetooth\/","url_meta":{"origin":339,"position":1},"title":"Bluetooth (I)","author":"Eduardo Fagundes","date":"16\/11\/2012","format":false,"excerpt":"Diferentemente dos objetivos das WLANs que s\u00e3o desenhadas para serem extens\u00e3o das redes locais, o Bluetooth tem o objetivo de substituir os cabos que conectam os perif\u00e9ricos das esta\u00e7\u00f5es de trabalho.\u00a0 O Bluetooth prov\u00ea as seguintes funcionalidades: Ponto de acesso para voz e dados Redes pessoais Substitui\u00e7\u00e3o de cabos entre\u2026","rel":"","context":"Post similar","block_context":{"text":"Post similar","link":""},"img":{"alt_text":"","src":"https:\/\/i0.wp.com\/efagundes.com\/networking\/wp-content\/uploads\/sites\/5\/2015\/03\/Slide451.jpg?resize=350%2C200","width":350,"height":200,"srcset":"https:\/\/i0.wp.com\/efagundes.com\/networking\/wp-content\/uploads\/sites\/5\/2015\/03\/Slide451.jpg?resize=350%2C200 1x, https:\/\/i0.wp.com\/efagundes.com\/networking\/wp-content\/uploads\/sites\/5\/2015\/03\/Slide451.jpg?resize=525%2C300 1.5x, https:\/\/i0.wp.com\/efagundes.com\/networking\/wp-content\/uploads\/sites\/5\/2015\/03\/Slide451.jpg?resize=700%2C400 2x"},"classes":[]},{"id":263,"url":"https:\/\/efagundes.com\/networking\/meios-magneticos\/par-trancado-ii\/","url_meta":{"origin":339,"position":2},"title":"Par tran\u00e7ado (II)","author":"Eduardo Fagundes","date":"16\/11\/2012","format":false,"excerpt":"\u00a0 O padr\u00e3o dos cabos foi definido pelo Comit\u00ea de normaliza\u00e7\u00e3o Internacional\u00a0 IEEE formado pelas empresas americanas Electrical Industrial American EIA, e as Telecomunications Industrial American TIA, se uniram no intuito de pesquisar e produzir um meio de comunica\u00e7\u00e3o eficiente e seguro para as redes de computadores, desenvolvendo o Standard\u2026","rel":"","context":"Post similar","block_context":{"text":"Post similar","link":""},"img":{"alt_text":"Slide12","src":"https:\/\/i0.wp.com\/efagundes.com\/networking\/wp-content\/uploads\/sites\/5\/2015\/03\/Slide122.jpg?resize=350%2C200","width":350,"height":200,"srcset":"https:\/\/i0.wp.com\/efagundes.com\/networking\/wp-content\/uploads\/sites\/5\/2015\/03\/Slide122.jpg?resize=350%2C200 1x, https:\/\/i0.wp.com\/efagundes.com\/networking\/wp-content\/uploads\/sites\/5\/2015\/03\/Slide122.jpg?resize=525%2C300 1.5x, https:\/\/i0.wp.com\/efagundes.com\/networking\/wp-content\/uploads\/sites\/5\/2015\/03\/Slide122.jpg?resize=700%2C400 2x"},"classes":[]}],"jetpack_sharing_enabled":true,"_links":{"self":[{"href":"https:\/\/efagundes.com\/networking\/wp-json\/wp\/v2\/pages\/339","targetHints":{"allow":["GET"]}}],"collection":[{"href":"https:\/\/efagundes.com\/networking\/wp-json\/wp\/v2\/pages"}],"about":[{"href":"https:\/\/efagundes.com\/networking\/wp-json\/wp\/v2\/types\/page"}],"author":[{"embeddable":true,"href":"https:\/\/efagundes.com\/networking\/wp-json\/wp\/v2\/users\/1"}],"replies":[{"embeddable":true,"href":"https:\/\/efagundes.com\/networking\/wp-json\/wp\/v2\/comments?post=339"}],"version-history":[{"count":0,"href":"https:\/\/efagundes.com\/networking\/wp-json\/wp\/v2\/pages\/339\/revisions"}],"up":[{"embeddable":true,"href":"https:\/\/efagundes.com\/networking\/wp-json\/wp\/v2\/pages\/329"}],"wp:attachment":[{"href":"https:\/\/efagundes.com\/networking\/wp-json\/wp\/v2\/media?parent=339"}],"curies":[{"name":"wp","href":"https:\/\/api.w.org\/{rel}","templated":true}]}}