{"id":352,"date":"2012-11-16T23:33:38","date_gmt":"2012-11-17T01:33:38","guid":{"rendered":"http:\/\/efagundes.com\/openclass_networking\/?page_id=352"},"modified":"2022-01-16T17:50:57","modified_gmt":"2022-01-16T20:50:57","slug":"transmissao-de-microondas","status":"publish","type":"page","link":"https:\/\/efagundes.com\/networking\/transmissao-sem-fio\/transmissao-de-microondas\/","title":{"rendered":"Transmiss\u00e3o de microondas"},"content":{"rendered":"<p>&nbsp;<\/p>\n<p><a href=\"https:\/\/i0.wp.com\/efagundes.com\/networking\/wp-content\/uploads\/sites\/5\/2015\/03\/Slide123.jpg\"><img data-recalc-dims=\"1\" loading=\"lazy\" decoding=\"async\" data-attachment-id=\"2447\" data-permalink=\"https:\/\/efagundes.com\/networking\/transmissao-sem-fio\/transmissao-de-microondas\/slide12-4\/\" data-orig-file=\"https:\/\/i0.wp.com\/efagundes.com\/networking\/wp-content\/uploads\/sites\/5\/2015\/03\/Slide123.jpg?fit=960%2C720&amp;ssl=1\" data-orig-size=\"960,720\" data-comments-opened=\"1\" data-image-meta=\"{&quot;aperture&quot;:&quot;0&quot;,&quot;credit&quot;:&quot;&quot;,&quot;camera&quot;:&quot;&quot;,&quot;caption&quot;:&quot;&quot;,&quot;created_timestamp&quot;:&quot;0&quot;,&quot;copyright&quot;:&quot;&quot;,&quot;focal_length&quot;:&quot;0&quot;,&quot;iso&quot;:&quot;0&quot;,&quot;shutter_speed&quot;:&quot;0&quot;,&quot;title&quot;:&quot;&quot;,&quot;orientation&quot;:&quot;0&quot;}\" data-image-title=\"Slide12\" data-image-description=\"\" data-image-caption=\"\" data-large-file=\"https:\/\/i0.wp.com\/efagundes.com\/networking\/wp-content\/uploads\/sites\/5\/2015\/03\/Slide123.jpg?fit=960%2C720&amp;ssl=1\" class=\"alignnone size-full wp-image-2447\" src=\"https:\/\/i0.wp.com\/efagundes.com\/networking\/wp-content\/uploads\/sites\/5\/2015\/03\/Slide123.jpg?resize=960%2C720\" alt=\"Slide12\" width=\"960\" height=\"720\" srcset=\"https:\/\/i0.wp.com\/efagundes.com\/networking\/wp-content\/uploads\/sites\/5\/2015\/03\/Slide123.jpg?w=960&amp;ssl=1 960w, https:\/\/i0.wp.com\/efagundes.com\/networking\/wp-content\/uploads\/sites\/5\/2015\/03\/Slide123.jpg?resize=300%2C225&amp;ssl=1 300w\" sizes=\"auto, (max-width: 960px) 100vw, 960px\" \/><\/a>Acima de 100 MHz, as ondas viajam em linhas retas e podem ser estreitamente focadas atrav\u00e9s do alinhamento do transmissor e receptor.\u00a0 Concentrando toda energia em um pequeno receptor, atrav\u00e9s de uma antena parab\u00f3lica (do tipo daquelas de TV por sat\u00e9lite), resulta em uma rela\u00e7\u00e3o sinal\/ru\u00eddo maior, mas as antenas de transmiss\u00e3o e recep\u00e7\u00e3o devem estar perfeitamente alinhadas.<\/p>\n<p>Por outro lado, devido a esta caracter\u00edstica de visada direta, pode-se ter m\u00faltiplos transmissores\u00a0 colocados em uma linha lateral, alinhados com seus receptores, sem que haja interfer\u00eancias.<\/p>\n<p>Antes do surgimento das fibras \u00f3ticas, os sistemas de transporte de sinal por microondas (MCIs \u2013 Microwave Communications Inc.) eram o cora\u00e7\u00e3o das telecomunica\u00e7\u00f5es.<\/p>\n<p>Como as microondas caminham em linha reta, as torres podem ser dispostas a longas dist\u00e2ncias. Considerando-se que possa haver objetos no caminho, sempre h\u00e1 a necessidade de repetidores. Em geral, a dist\u00e2ncia entre repetidores \u00e9 definida pela raiz quadrada da altura da torre. Por exemplo, em torres de 100m de altura os repetidores podem ficar a 80 km de dist\u00e2ncia.<\/p>\n<p>Ao contr\u00e1rio das ondas de r\u00e1dio, de baixa freq\u00fc\u00eancia, que passam pelos pr\u00e9dios e os atravessam, as microondas n\u00e3o atravessam bem os objetos pelo caminho. Al\u00e9m disso, mesmo sendo bem direcionadas, as antenas, as microondas sofrem da interfer\u00eancia da diverg\u00eancia atmosf\u00e9rica, isto \u00e9, s\u00e3o refratadas pelos n\u00edveis mais baixos da atmosfera, retardando sua chegada em rela\u00e7\u00e3o \u00e0s ondas diretas gerando diferen\u00e7as de fase (multipath fading), cancelando o sinal. A solu\u00e7\u00e3o adotada neste caso \u00e9 a reserva de certa por\u00e7\u00e3o, tipicamente 10%, da utiliza\u00e7\u00e3o do canal quando este fen\u00f4meno ocorre. As microondas s\u00e3o dependentes das condi\u00e7\u00f5es do tempo e da freq\u00fc\u00eancia em que trabalham.<\/p>\n<p>\u00c0 medida que se incrementa a freq\u00fc\u00eancia, o comprimento da onda diminui. Embora a tecnologia possa transmitir microondas a 10GHz, a partir de 8GHz o comprimento das ondas \u00e9 de alguns cent\u00edmetros e absorv\u00edveis pela chuva. A solu\u00e7\u00e3o \u00e9 encaminhar os sinais por caminhos alternativos.<\/p>\n<p>Muito baratas, se comparadas com as fibras \u00f3ticas e os cabos met\u00e1licos, as microondas s\u00e3o amplamente utilizadas, tendo sua banda dividida por \u00e1reas de aplica\u00e7\u00e3o, sendo utilizadas para telefonia, redes de dados, com bandas para ind\u00fastrias, cient\u00edficas e m\u00e9dicas.<\/p>\n<p>&nbsp;<\/p>\n","protected":false},"excerpt":{"rendered":"<p>&nbsp; Acima de 100 MHz, as ondas viajam em linhas retas e podem ser estreitamente focadas atrav\u00e9s do alinhamento do transmissor e receptor.\u00a0 Concentrando toda energia em um pequeno receptor, atrav\u00e9s de uma antena parab\u00f3lica (do tipo daquelas de TV por sat\u00e9lite), resulta em uma rela\u00e7\u00e3o sinal\/ru\u00eddo maior, mas as antenas de transmiss\u00e3o e recep\u00e7\u00e3o [&hellip;]<\/p>\n","protected":false},"author":1,"featured_media":0,"parent":329,"menu_order":10,"comment_status":"closed","ping_status":"closed","template":"","meta":{"footnotes":""},"class_list":["post-352","page","type-page","status-publish","hentry"],"jetpack_shortlink":"https:\/\/wp.me\/P8yKGp-5G","jetpack-related-posts":[{"id":412,"url":"https:\/\/efagundes.com\/networking\/sistema-telefonico\/transmissao-do-sinal-digital\/","url_meta":{"origin":352,"position":0},"title":"Transmiss\u00e3o do sinal digital","author":"Eduardo Fagundes","date":"17\/11\/2012","format":false,"excerpt":"Dados digitais s\u00e3o informa\u00e7\u00f5es codificadas sob a forma de d\u00edgitos que podem assumir um certo n\u00famero de estados poss\u00edveis. Quando esses d\u00edgitos podem assumir dois estados, dizemos que s\u00e3o d\u00edgitos bin\u00e1rios ou \u201cbits\u201d ( \u201cBInary digiTS). Importante observar a exist\u00eancia de apenas dois estados poss\u00edveis para o bit, ou o\u2026","rel":"","context":"Post similar","block_context":{"text":"Post similar","link":""},"img":{"alt_text":"Slide10","src":"https:\/\/i0.wp.com\/efagundes.com\/networking\/wp-content\/uploads\/sites\/5\/2015\/03\/Slide104.jpg?resize=350%2C200","width":350,"height":200,"srcset":"https:\/\/i0.wp.com\/efagundes.com\/networking\/wp-content\/uploads\/sites\/5\/2015\/03\/Slide104.jpg?resize=350%2C200 1x, https:\/\/i0.wp.com\/efagundes.com\/networking\/wp-content\/uploads\/sites\/5\/2015\/03\/Slide104.jpg?resize=525%2C300 1.5x, https:\/\/i0.wp.com\/efagundes.com\/networking\/wp-content\/uploads\/sites\/5\/2015\/03\/Slide104.jpg?resize=700%2C400 2x"},"classes":[]},{"id":249,"url":"https:\/\/efagundes.com\/networking\/teoria-da-transmissao-e-meios-magneticos\/relacao-entre-as-taxas-de-dados-e-as-harmonicas\/","url_meta":{"origin":352,"position":1},"title":"Rela\u00e7\u00e3o entre as taxas de dados e as harm\u00f4nicas","author":"Eduardo Fagundes","date":"16\/11\/2012","format":false,"excerpt":"\u00a0 Para certas taxas de dados, os n\u00fameros funcionam de acordo com o padr\u00e3o mostrado na tabela acima. Os n\u00fameros deixam claro que, quando se tenta fazer uma transmiss\u00e3o de 9.600bps usando uma linha telef\u00f4nica com restri\u00e7\u00f5es de largura de banda, modelo sugerido na figura (a) assume a forma mostrada\u2026","rel":"","context":"Post similar","block_context":{"text":"Post similar","link":""},"img":{"alt_text":"Slide6","src":"https:\/\/i0.wp.com\/efagundes.com\/networking\/wp-content\/uploads\/sites\/5\/2015\/03\/Slide62.jpg?resize=350%2C200","width":350,"height":200,"srcset":"https:\/\/i0.wp.com\/efagundes.com\/networking\/wp-content\/uploads\/sites\/5\/2015\/03\/Slide62.jpg?resize=350%2C200 1x, https:\/\/i0.wp.com\/efagundes.com\/networking\/wp-content\/uploads\/sites\/5\/2015\/03\/Slide62.jpg?resize=525%2C300 1.5x, https:\/\/i0.wp.com\/efagundes.com\/networking\/wp-content\/uploads\/sites\/5\/2015\/03\/Slide62.jpg?resize=700%2C400 2x"},"classes":[]},{"id":240,"url":"https:\/\/efagundes.com\/networking\/teoria-da-transmissao-e-meios-magneticos\/sinais-limitados-pela-largura-de-banda-i\/","url_meta":{"origin":352,"position":2},"title":"Sinais limitados pela largura de banda (I)","author":"Eduardo Fagundes","date":"16\/11\/2012","format":false,"excerpt":"Nenhum recurso de transmiss\u00e3o \u00e9 capaz de transmitir sinais sem perder parte da energia no processo. Se todos os coeficientes da s\u00e9rie de Fourier fossem igualmente reduzidos, o sinal resultante seria reduzido em amplitude, mas n\u00e3o seria distorcido. Entretanto, todos os meios de transmiss\u00e3o reduzem os componentes de Fourier ocasionando\u2026","rel":"","context":"Post similar","block_context":{"text":"Post similar","link":""},"img":{"alt_text":"Slide3","src":"https:\/\/i0.wp.com\/efagundes.com\/networking\/wp-content\/uploads\/sites\/5\/2015\/03\/Slide32.jpg?resize=350%2C200","width":350,"height":200,"srcset":"https:\/\/i0.wp.com\/efagundes.com\/networking\/wp-content\/uploads\/sites\/5\/2015\/03\/Slide32.jpg?resize=350%2C200 1x, https:\/\/i0.wp.com\/efagundes.com\/networking\/wp-content\/uploads\/sites\/5\/2015\/03\/Slide32.jpg?resize=525%2C300 1.5x, https:\/\/i0.wp.com\/efagundes.com\/networking\/wp-content\/uploads\/sites\/5\/2015\/03\/Slide32.jpg?resize=700%2C400 2x"},"classes":[]},{"id":436,"url":"https:\/\/efagundes.com\/networking\/transmissao-sem-fio\/lmds\/","url_meta":{"origin":352,"position":3},"title":"LMDS","author":"Eduardo Fagundes","date":"17\/11\/2012","format":false,"excerpt":"\u00a0 A tecnologia LMDS foi desenvolvida a partir de 1986, usando como meio de transmiss\u00e3o r\u00e1dios microondas em configura\u00e7\u00e3o ponto multiponto formando c\u00e9lulas para otimizar a cobertura de uma localidade. Inicialmente a tecnologia LMDS oferecia servi\u00e7os de TV por assinatura, a partir da transmiss\u00e3o anal\u00f3gica de sinais de televis\u00e3o. Hoje,\u2026","rel":"","context":"Post similar","block_context":{"text":"Post similar","link":""},"img":{"alt_text":"Slide13","src":"https:\/\/i0.wp.com\/efagundes.com\/networking\/wp-content\/uploads\/sites\/5\/2015\/03\/Slide133.jpg?resize=350%2C200","width":350,"height":200,"srcset":"https:\/\/i0.wp.com\/efagundes.com\/networking\/wp-content\/uploads\/sites\/5\/2015\/03\/Slide133.jpg?resize=350%2C200 1x, https:\/\/i0.wp.com\/efagundes.com\/networking\/wp-content\/uploads\/sites\/5\/2015\/03\/Slide133.jpg?resize=525%2C300 1.5x, https:\/\/i0.wp.com\/efagundes.com\/networking\/wp-content\/uploads\/sites\/5\/2015\/03\/Slide133.jpg?resize=700%2C400 2x"},"classes":[]},{"id":337,"url":"https:\/\/efagundes.com\/networking\/transmissao-sem-fio\/o-espectro-eletromagnetico-iii\/","url_meta":{"origin":352,"position":4},"title":"O espectro eletromagn\u00e9tico (III)","author":"Eduardo Fagundes","date":"16\/11\/2012","format":false,"excerpt":"\u00a0 O que diferencia uma Onda Eletromagn\u00e9tica de outra \u00e9 sua freq\u00fc\u00eancia (ou seu comprimento de onda). Todas elas, entretanto, propagam-se no v\u00e1cuo (e, aproximadamente, no ar) com a mesma velocidade. Temos diversos tipos de ondas eletromagn\u00e9ticas Ondas de R\u00e1dio - Essas ondas apresentam freq\u00fc\u00eancias compreendidas entre 1000 e 100.000.000\u2026","rel":"","context":"Post similar","block_context":{"text":"Post similar","link":""},"img":{"alt_text":"Slide5","src":"https:\/\/i0.wp.com\/efagundes.com\/networking\/wp-content\/uploads\/sites\/5\/2015\/03\/Slide53.jpg?resize=350%2C200","width":350,"height":200,"srcset":"https:\/\/i0.wp.com\/efagundes.com\/networking\/wp-content\/uploads\/sites\/5\/2015\/03\/Slide53.jpg?resize=350%2C200 1x, https:\/\/i0.wp.com\/efagundes.com\/networking\/wp-content\/uploads\/sites\/5\/2015\/03\/Slide53.jpg?resize=525%2C300 1.5x, https:\/\/i0.wp.com\/efagundes.com\/networking\/wp-content\/uploads\/sites\/5\/2015\/03\/Slide53.jpg?resize=700%2C400 2x"},"classes":[]},{"id":333,"url":"https:\/\/efagundes.com\/networking\/transmissao-sem-fio\/espectro-eletromagnetico-i\/","url_meta":{"origin":352,"position":5},"title":"Espectro eletromagn\u00e9tico (I)","author":"Eduardo Fagundes","date":"16\/11\/2012","format":false,"excerpt":"\u00a0 \u00a0 Quando el\u00e9trons se movem, eles criam ondas eletromagn\u00e9ticas que podem propagar-se atrav\u00e9s do espa\u00e7o livre, mesmo do v\u00e1cuo. Essas ondas foram inicialmente previstas pelo f\u00edsico brit\u00e2nico James Clerk Maxwell em 1865 e pela primeira vez produzidas pelo f\u00edsico alem\u00e3o Heinrich Hertz em 1887. O n\u00famero de oscila\u00e7\u00f5es por\u2026","rel":"","context":"Post similar","block_context":{"text":"Post similar","link":""},"img":{"alt_text":"Slide3","src":"https:\/\/i0.wp.com\/efagundes.com\/networking\/wp-content\/uploads\/sites\/5\/2015\/03\/Slide37.jpg?resize=350%2C200","width":350,"height":200,"srcset":"https:\/\/i0.wp.com\/efagundes.com\/networking\/wp-content\/uploads\/sites\/5\/2015\/03\/Slide37.jpg?resize=350%2C200 1x, https:\/\/i0.wp.com\/efagundes.com\/networking\/wp-content\/uploads\/sites\/5\/2015\/03\/Slide37.jpg?resize=525%2C300 1.5x, https:\/\/i0.wp.com\/efagundes.com\/networking\/wp-content\/uploads\/sites\/5\/2015\/03\/Slide37.jpg?resize=700%2C400 2x"},"classes":[]}],"jetpack_sharing_enabled":true,"_links":{"self":[{"href":"https:\/\/efagundes.com\/networking\/wp-json\/wp\/v2\/pages\/352","targetHints":{"allow":["GET"]}}],"collection":[{"href":"https:\/\/efagundes.com\/networking\/wp-json\/wp\/v2\/pages"}],"about":[{"href":"https:\/\/efagundes.com\/networking\/wp-json\/wp\/v2\/types\/page"}],"author":[{"embeddable":true,"href":"https:\/\/efagundes.com\/networking\/wp-json\/wp\/v2\/users\/1"}],"replies":[{"embeddable":true,"href":"https:\/\/efagundes.com\/networking\/wp-json\/wp\/v2\/comments?post=352"}],"version-history":[{"count":0,"href":"https:\/\/efagundes.com\/networking\/wp-json\/wp\/v2\/pages\/352\/revisions"}],"up":[{"embeddable":true,"href":"https:\/\/efagundes.com\/networking\/wp-json\/wp\/v2\/pages\/329"}],"wp:attachment":[{"href":"https:\/\/efagundes.com\/networking\/wp-json\/wp\/v2\/media?parent=352"}],"curies":[{"name":"wp","href":"https:\/\/api.w.org\/{rel}","templated":true}]}}