{"id":356,"date":"2012-11-16T23:36:24","date_gmt":"2012-11-17T01:36:24","guid":{"rendered":"http:\/\/efagundes.com\/openclass_networking\/?page_id=356"},"modified":"2022-01-16T17:50:58","modified_gmt":"2022-01-16T20:50:58","slug":"transmissao-por-ondas-de-luz","status":"publish","type":"page","link":"https:\/\/efagundes.com\/networking\/transmissao-sem-fio\/transmissao-por-ondas-de-luz\/","title":{"rendered":"Transmiss\u00e3o por ondas de luz"},"content":{"rendered":"<p>&nbsp;<\/p>\n<p><a href=\"https:\/\/i0.wp.com\/efagundes.com\/networking\/wp-content\/uploads\/sites\/5\/2015\/03\/Slide143.jpg\"><img data-recalc-dims=\"1\" loading=\"lazy\" decoding=\"async\" data-attachment-id=\"2449\" data-permalink=\"https:\/\/efagundes.com\/networking\/transmissao-sem-fio\/transmissao-por-ondas-de-luz\/slide14-4\/\" data-orig-file=\"https:\/\/i0.wp.com\/efagundes.com\/networking\/wp-content\/uploads\/sites\/5\/2015\/03\/Slide143.jpg?fit=960%2C720&amp;ssl=1\" data-orig-size=\"960,720\" data-comments-opened=\"1\" data-image-meta=\"{&quot;aperture&quot;:&quot;0&quot;,&quot;credit&quot;:&quot;&quot;,&quot;camera&quot;:&quot;&quot;,&quot;caption&quot;:&quot;&quot;,&quot;created_timestamp&quot;:&quot;0&quot;,&quot;copyright&quot;:&quot;&quot;,&quot;focal_length&quot;:&quot;0&quot;,&quot;iso&quot;:&quot;0&quot;,&quot;shutter_speed&quot;:&quot;0&quot;,&quot;title&quot;:&quot;&quot;,&quot;orientation&quot;:&quot;0&quot;}\" data-image-title=\"Slide14\" data-image-description=\"\" data-image-caption=\"\" data-large-file=\"https:\/\/i0.wp.com\/efagundes.com\/networking\/wp-content\/uploads\/sites\/5\/2015\/03\/Slide143.jpg?fit=960%2C720&amp;ssl=1\" class=\"alignnone size-full wp-image-2449\" src=\"https:\/\/i0.wp.com\/efagundes.com\/networking\/wp-content\/uploads\/sites\/5\/2015\/03\/Slide143.jpg?resize=960%2C720\" alt=\"Slide14\" width=\"960\" height=\"720\" srcset=\"https:\/\/i0.wp.com\/efagundes.com\/networking\/wp-content\/uploads\/sites\/5\/2015\/03\/Slide143.jpg?w=960&amp;ssl=1 960w, https:\/\/i0.wp.com\/efagundes.com\/networking\/wp-content\/uploads\/sites\/5\/2015\/03\/Slide143.jpg?resize=300%2C225&amp;ssl=1 300w\" sizes=\"auto, (max-width: 960px) 100vw, 960px\" \/><\/a>Sinaliza\u00e7\u00e3o \u00f3tica tem sido usada desde h\u00e1 muito tempo. Na marinha j\u00e1 se utilizava sinaliza\u00e7\u00e3o \u00f3tica codificada desde a primeira guerra. Atualmente, uma aplica\u00e7\u00e3o mais apropriada \u00e9 a conex\u00e3o de\u00a0 LANs em edif\u00edcios separados via lasers montados nos tetos. Um transmissor e um receptor de cada lado comp\u00f5em o sistema. O transmissor de um lado deve estar alinhado e com visada direta (j\u00e1 que a luz n\u00e3o atravessa um meio opaco) com o receptor do outro.<\/p>\n<p>Este sistema oferece uma banda larga de transmiss\u00e3o em alta velocidade a um baixo custo e do mesmo modo que o infravermelho n\u00e3o necessita de licen\u00e7a.<\/p>\n<p>O raio laser tem um feixe de luz bastante concentrado e estreito. Os raios caminham paralelos em uma reta. Ajustar a mira de um feixe de 1mm no emissor com um receptor de 1mm a 500m de dist\u00e2ncia requer um trabalho bastante complexo. Usualmente s\u00e3o colocadas lentes para abrir um pouco o feixe e facilitar o ajuste.<\/p>\n<p>A desvantagem \u00e9 que o laser tamb\u00e9m n\u00e3o consegue penetrar chuva ou fuma\u00e7a, por\u00e9m funcionam bem ao sol. Entretanto, o aquecimento do ar pode provocar desvios no sinal.<\/p>\n<p>&nbsp;<\/p>\n","protected":false},"excerpt":{"rendered":"<p>&nbsp; Sinaliza\u00e7\u00e3o \u00f3tica tem sido usada desde h\u00e1 muito tempo. Na marinha j\u00e1 se utilizava sinaliza\u00e7\u00e3o \u00f3tica codificada desde a primeira guerra. Atualmente, uma aplica\u00e7\u00e3o mais apropriada \u00e9 a conex\u00e3o de\u00a0 LANs em edif\u00edcios separados via lasers montados nos tetos. Um transmissor e um receptor de cada lado comp\u00f5em o sistema. O transmissor de um [&hellip;]<\/p>\n","protected":false},"author":1,"featured_media":0,"parent":329,"menu_order":13,"comment_status":"closed","ping_status":"open","template":"","meta":{"footnotes":""},"class_list":["post-356","page","type-page","status-publish","hentry"],"jetpack_shortlink":"https:\/\/wp.me\/P8yKGp-5K","jetpack-related-posts":[{"id":281,"url":"https:\/\/efagundes.com\/networking\/fibra-optica-2\/fibras-opticas\/","url_meta":{"origin":356,"position":0},"title":"Fibras \u00d3pticas (I)","author":"Eduardo Fagundes","date":"16\/11\/2012","format":false,"excerpt":"\u00a0 A fibra \u00f3ptica \u00e9 a tecnologia mais avan\u00e7ada em uso comercial para transmiss\u00e3o de dados, atualmente. A transmiss\u00e3o de dados por fibra \u00f3ptica \u00e9 realizada pelo envio de um sinal de luz codificado, dentro do dom\u00ednio de frequ\u00eancia do infravermelho a uma velocidade de 10 a 15 MHz. O\u2026","rel":"","context":"Post similar","block_context":{"text":"Post similar","link":""},"img":{"alt_text":"Slide22","src":"https:\/\/i0.wp.com\/efagundes.com\/networking\/wp-content\/uploads\/sites\/5\/2015\/03\/Slide222.jpg?resize=350%2C200","width":350,"height":200,"srcset":"https:\/\/i0.wp.com\/efagundes.com\/networking\/wp-content\/uploads\/sites\/5\/2015\/03\/Slide222.jpg?resize=350%2C200 1x, https:\/\/i0.wp.com\/efagundes.com\/networking\/wp-content\/uploads\/sites\/5\/2015\/03\/Slide222.jpg?resize=525%2C300 1.5x, https:\/\/i0.wp.com\/efagundes.com\/networking\/wp-content\/uploads\/sites\/5\/2015\/03\/Slide222.jpg?resize=700%2C400 2x"},"classes":[]},{"id":337,"url":"https:\/\/efagundes.com\/networking\/transmissao-sem-fio\/o-espectro-eletromagnetico-iii\/","url_meta":{"origin":356,"position":1},"title":"O espectro eletromagn\u00e9tico (III)","author":"Eduardo Fagundes","date":"16\/11\/2012","format":false,"excerpt":"\u00a0 O que diferencia uma Onda Eletromagn\u00e9tica de outra \u00e9 sua freq\u00fc\u00eancia (ou seu comprimento de onda). Todas elas, entretanto, propagam-se no v\u00e1cuo (e, aproximadamente, no ar) com a mesma velocidade. Temos diversos tipos de ondas eletromagn\u00e9ticas Ondas de R\u00e1dio - Essas ondas apresentam freq\u00fc\u00eancias compreendidas entre 1000 e 100.000.000\u2026","rel":"","context":"Post similar","block_context":{"text":"Post similar","link":""},"img":{"alt_text":"Slide5","src":"https:\/\/i0.wp.com\/efagundes.com\/networking\/wp-content\/uploads\/sites\/5\/2015\/03\/Slide53.jpg?resize=350%2C200","width":350,"height":200,"srcset":"https:\/\/i0.wp.com\/efagundes.com\/networking\/wp-content\/uploads\/sites\/5\/2015\/03\/Slide53.jpg?resize=350%2C200 1x, https:\/\/i0.wp.com\/efagundes.com\/networking\/wp-content\/uploads\/sites\/5\/2015\/03\/Slide53.jpg?resize=525%2C300 1.5x, https:\/\/i0.wp.com\/efagundes.com\/networking\/wp-content\/uploads\/sites\/5\/2015\/03\/Slide53.jpg?resize=700%2C400 2x"},"classes":[]},{"id":71,"url":"https:\/\/efagundes.com\/networking\/hardware-de-rede\/fibra-optica\/","url_meta":{"origin":356,"position":2},"title":"Fibra \u00f3ptica","author":"Eduardo Fagundes","date":"16\/11\/2012","format":false,"excerpt":"As fibras \u00f3pticas s\u00e3o fios de vidro que transmitem luz. Uma fibra \u00f3ptica \u00e9 um capilar formado por materiais cristalinos e homog\u00eaneos, transparentes o bastante para guiar um feixe de luz (vis\u00edvel ou infravermelho) atrav\u00e9s de um trajeto qualquer. Uma \u00fanica fibra \u00f3ptica \u00e9 capaz de transmitir trilh\u00f5es de bits\u2026","rel":"","context":"Post similar","block_context":{"text":"Post similar","link":""},"img":{"alt_text":"Slide10","src":"https:\/\/i0.wp.com\/efagundes.com\/networking\/wp-content\/uploads\/sites\/5\/2015\/03\/Slide10.jpg?resize=350%2C200","width":350,"height":200,"srcset":"https:\/\/i0.wp.com\/efagundes.com\/networking\/wp-content\/uploads\/sites\/5\/2015\/03\/Slide10.jpg?resize=350%2C200 1x, https:\/\/i0.wp.com\/efagundes.com\/networking\/wp-content\/uploads\/sites\/5\/2015\/03\/Slide10.jpg?resize=525%2C300 1.5x, https:\/\/i0.wp.com\/efagundes.com\/networking\/wp-content\/uploads\/sites\/5\/2015\/03\/Slide10.jpg?resize=700%2C400 2x"},"classes":[]},{"id":597,"url":"https:\/\/efagundes.com\/networking\/protocolos-elementares-de-enlace-de-dados\/um-protocolo-de-janela-deslizante-de-um-bit\/","url_meta":{"origin":356,"position":3},"title":"Um protocolo de janela deslizante de um bit","author":"Eduardo Fagundes","date":"17\/11\/2012","format":false,"excerpt":"A figura mostra a sequ\u00eancia de dados, confirma\u00e7\u00e3o e n\u00famero dos pacotes da janela deslizante de tamanho 1 e seq\u00fc\u00eancia variando de 0 a 1. Ademais, o protocolo \u00e9 bidirecional para transmiss\u00e3o de dados e usa a t\u00e9cnica de carona para a confirma\u00e7\u00e3o. A t\u00e9cnica de carona permite a transmiss\u00e3o\u2026","rel":"","context":"Post similar","block_context":{"text":"Post similar","link":""},"img":{"alt_text":"","src":"https:\/\/i0.wp.com\/efagundes.com\/networking\/wp-content\/uploads\/sites\/5\/2015\/03\/Slide155.jpg?resize=350%2C200","width":350,"height":200,"srcset":"https:\/\/i0.wp.com\/efagundes.com\/networking\/wp-content\/uploads\/sites\/5\/2015\/03\/Slide155.jpg?resize=350%2C200 1x, https:\/\/i0.wp.com\/efagundes.com\/networking\/wp-content\/uploads\/sites\/5\/2015\/03\/Slide155.jpg?resize=525%2C300 1.5x, https:\/\/i0.wp.com\/efagundes.com\/networking\/wp-content\/uploads\/sites\/5\/2015\/03\/Slide155.jpg?resize=700%2C400 2x"},"classes":[]},{"id":791,"url":"https:\/\/efagundes.com\/networking\/algoritmos-de-roteamento\/servicos-integrados-rsvp-the-reservation-protocol-2\/","url_meta":{"origin":356,"position":4},"title":"RSVP The ReSerVation Protocol (II)","author":"Eduardo Fagundes","date":"18\/11\/2012","format":false,"excerpt":"Para obter uma melhor recep\u00e7\u00e3o e eliminar o congestionamento, qualquer um dos receptores de um grupo pode enviar uma mensagem de reserva pela \u00e1rvore para o transmissor. A mensagem \u00e9 propagada com a utiliza\u00e7\u00e3o do algoritmo de encaminhamento pelo caminho inverso. Em cada hop, o roteador detecta a reserva e\u2026","rel":"","context":"Post similar","block_context":{"text":"Post similar","link":""},"img":{"alt_text":"","src":"https:\/\/i0.wp.com\/efagundes.com\/networking\/wp-content\/uploads\/sites\/5\/2015\/03\/Slide352.jpg?resize=350%2C200","width":350,"height":200,"srcset":"https:\/\/i0.wp.com\/efagundes.com\/networking\/wp-content\/uploads\/sites\/5\/2015\/03\/Slide352.jpg?resize=350%2C200 1x, https:\/\/i0.wp.com\/efagundes.com\/networking\/wp-content\/uploads\/sites\/5\/2015\/03\/Slide352.jpg?resize=525%2C300 1.5x, https:\/\/i0.wp.com\/efagundes.com\/networking\/wp-content\/uploads\/sites\/5\/2015\/03\/Slide352.jpg?resize=700%2C400 2x"},"classes":[]},{"id":109,"url":"https:\/\/efagundes.com\/networking\/software-de-rede\/questoes-de-projeto-relacionadas-as-camadas\/","url_meta":{"origin":356,"position":5},"title":"Quest\u00f5es de projeto relacionadas \u00e0s camadas","author":"Eduardo Fagundes","date":"16\/11\/2012","format":false,"excerpt":"Algumas quest\u00f5es importantes de projeto da arquitetura de computadores est\u00e3o presentes em v\u00e1rias camadas. Todas as camadas precisam de um mecanismo para identificar os transmissores e os receptores. Como \u00e9 poss\u00edvel trabalhar com v\u00e1rios destinos, surge a necessidade\u00a0 de se controlar a forma de endere\u00e7amento para definir o destino final.\u2026","rel":"","context":"Post similar","block_context":{"text":"Post similar","link":""},"img":{"alt_text":"Slide28","src":"https:\/\/i0.wp.com\/efagundes.com\/networking\/wp-content\/uploads\/sites\/5\/2015\/03\/Slide28.jpg?resize=350%2C200","width":350,"height":200,"srcset":"https:\/\/i0.wp.com\/efagundes.com\/networking\/wp-content\/uploads\/sites\/5\/2015\/03\/Slide28.jpg?resize=350%2C200 1x, https:\/\/i0.wp.com\/efagundes.com\/networking\/wp-content\/uploads\/sites\/5\/2015\/03\/Slide28.jpg?resize=525%2C300 1.5x, https:\/\/i0.wp.com\/efagundes.com\/networking\/wp-content\/uploads\/sites\/5\/2015\/03\/Slide28.jpg?resize=700%2C400 2x"},"classes":[]}],"jetpack_sharing_enabled":true,"_links":{"self":[{"href":"https:\/\/efagundes.com\/networking\/wp-json\/wp\/v2\/pages\/356","targetHints":{"allow":["GET"]}}],"collection":[{"href":"https:\/\/efagundes.com\/networking\/wp-json\/wp\/v2\/pages"}],"about":[{"href":"https:\/\/efagundes.com\/networking\/wp-json\/wp\/v2\/types\/page"}],"author":[{"embeddable":true,"href":"https:\/\/efagundes.com\/networking\/wp-json\/wp\/v2\/users\/1"}],"replies":[{"embeddable":true,"href":"https:\/\/efagundes.com\/networking\/wp-json\/wp\/v2\/comments?post=356"}],"version-history":[{"count":0,"href":"https:\/\/efagundes.com\/networking\/wp-json\/wp\/v2\/pages\/356\/revisions"}],"up":[{"embeddable":true,"href":"https:\/\/efagundes.com\/networking\/wp-json\/wp\/v2\/pages\/329"}],"wp:attachment":[{"href":"https:\/\/efagundes.com\/networking\/wp-json\/wp\/v2\/media?parent=356"}],"curies":[{"name":"wp","href":"https:\/\/api.w.org\/{rel}","templated":true}]}}