{"id":3904,"date":"2025-08-02T18:19:08","date_gmt":"2025-08-02T21:19:08","guid":{"rendered":"https:\/\/efagundes.com\/networking\/?page_id=3904"},"modified":"2025-08-02T18:19:12","modified_gmt":"2025-08-02T21:19:12","slug":"redes-de-computadores","status":"publish","type":"page","link":"https:\/\/efagundes.com\/networking\/","title":{"rendered":"Networking"},"content":{"rendered":"\n<div class=\"wp-block-group alignfull has-global-padding is-layout-constrained wp-container-core-group-is-layout-0c9c989a wp-block-group-is-layout-constrained\" style=\"min-height:0vh;margin-top:0;margin-bottom:0;padding-top:var(--wp--preset--spacing--70);padding-right:var(--wp--preset--spacing--40);padding-bottom:var(--wp--preset--spacing--70);padding-left:var(--wp--preset--spacing--40)\">\n<div class=\"wp-block-group has-global-padding is-layout-constrained wp-container-core-group-is-layout-346627ba wp-block-group-is-layout-constrained\">\n<h2 class=\"wp-block-heading has-text-align-center has-xx-large-font-size\" style=\"margin-right:0;margin-left:0;padding-right:0;padding-left:0\">Fundamentos de Redes de Computadores<\/h2>\n\n\n\n<p class=\"has-text-align-center\"><br>Entenda os princ\u00edpios que sustentam a internet, os sistemas corporativos e a transforma\u00e7\u00e3o digital. Aprenda com quem j\u00e1 formou gera\u00e7\u00f5es de profissionais de TI.<\/p>\n\n\n\n<div class=\"wp-block-buttons is-content-justification-center is-layout-flex wp-container-core-buttons-is-layout-a89b3969 wp-block-buttons-is-layout-flex\">\n<div class=\"wp-block-button\"><a class=\"wp-block-button__link wp-element-button\" href=\"https:\/\/efagundes.com\/networking\/redes-e-transmissao-de-dados\/\">Curso Gratuito<\/a><\/div>\n<\/div>\n<\/div>\n<\/div>\n\n\n\n<div class=\"wp-block-group alignfull is-style-section-1 has-global-padding is-layout-constrained wp-block-group-is-layout-constrained is-style-section-1--1\" style=\"margin-top:0;margin-bottom:0;padding-top:var(--wp--preset--spacing--80);padding-bottom:var(--wp--preset--spacing--80)\">\n<div class=\"wp-block-columns alignwide is-layout-flex wp-container-core-columns-is-layout-66fad18a wp-block-columns-is-layout-flex\">\n<div class=\"wp-block-column is-layout-flow wp-block-column-is-layout-flow\" style=\"padding-right:var(--wp--preset--spacing--50);flex-basis:45%\">\n<figure class=\"wp-block-image size-full\"><img data-recalc-dims=\"1\" loading=\"lazy\" decoding=\"async\" width=\"1080\" height=\"1080\" data-attachment-id=\"3905\" data-permalink=\"https:\/\/efagundes.com\/networking\/redes-de-computadores\/servicos-efagundes-com-8\/\" data-orig-file=\"https:\/\/i0.wp.com\/efagundes.com\/networking\/wp-content\/uploads\/sites\/5\/2025\/08\/servicos-efagundes-com-8.jpeg?fit=1080%2C1080&amp;ssl=1\" data-orig-size=\"1080,1080\" data-comments-opened=\"1\" data-image-meta=\"{&quot;aperture&quot;:&quot;0&quot;,&quot;credit&quot;:&quot;&quot;,&quot;camera&quot;:&quot;&quot;,&quot;caption&quot;:&quot;&quot;,&quot;created_timestamp&quot;:&quot;0&quot;,&quot;copyright&quot;:&quot;&quot;,&quot;focal_length&quot;:&quot;0&quot;,&quot;iso&quot;:&quot;0&quot;,&quot;shutter_speed&quot;:&quot;0&quot;,&quot;title&quot;:&quot;&quot;,&quot;orientation&quot;:&quot;0&quot;}\" data-image-title=\"servic\u0327os-efagundes-com-8\" data-image-description=\"\" data-image-caption=\"\" data-large-file=\"https:\/\/i0.wp.com\/efagundes.com\/networking\/wp-content\/uploads\/sites\/5\/2025\/08\/servicos-efagundes-com-8.jpeg?fit=1024%2C1024&amp;ssl=1\" src=\"https:\/\/i0.wp.com\/efagundes.com\/networking\/wp-content\/uploads\/sites\/5\/2025\/08\/servicos-efagundes-com-8.jpeg?resize=1080%2C1080&#038;ssl=1\" alt=\"\" class=\"wp-image-3905\" srcset=\"https:\/\/i0.wp.com\/efagundes.com\/networking\/wp-content\/uploads\/sites\/5\/2025\/08\/servicos-efagundes-com-8.jpeg?w=1080&amp;ssl=1 1080w, https:\/\/i0.wp.com\/efagundes.com\/networking\/wp-content\/uploads\/sites\/5\/2025\/08\/servicos-efagundes-com-8.jpeg?resize=300%2C300&amp;ssl=1 300w, https:\/\/i0.wp.com\/efagundes.com\/networking\/wp-content\/uploads\/sites\/5\/2025\/08\/servicos-efagundes-com-8.jpeg?resize=1024%2C1024&amp;ssl=1 1024w, https:\/\/i0.wp.com\/efagundes.com\/networking\/wp-content\/uploads\/sites\/5\/2025\/08\/servicos-efagundes-com-8.jpeg?resize=150%2C150&amp;ssl=1 150w, https:\/\/i0.wp.com\/efagundes.com\/networking\/wp-content\/uploads\/sites\/5\/2025\/08\/servicos-efagundes-com-8.jpeg?resize=768%2C768&amp;ssl=1 768w\" sizes=\"auto, (max-width: 1000px) 100vw, 1000px\" \/><\/figure>\n<\/div>\n\n\n\n<div class=\"wp-block-column is-vertically-aligned-center is-layout-flow wp-block-column-is-layout-flow\" style=\"padding-right:0;padding-left:0;flex-basis:50%\">\n<p class=\"is-style-text-subtitle has-large-font-size is-style-text-subtitle--2\">Este curso re\u00fane os materiais desenvolvidos originalmente para a disciplina de Redes de Computadores da gradua\u00e7\u00e3o em Tecnologia da Informa\u00e7\u00e3o da Universidade Presbiteriana Mackenzie, ministrada por Eduardo M. Fagundes at\u00e9 2008.<\/p>\n\n\n\n<p class=\"is-style-text-subtitle has-large-font-size is-style-text-subtitle--3\">De forma direta, visual e aplicada, o conte\u00fado cobre os fundamentos t\u00e9cnicos que seguem relevantes at\u00e9 hoje \u2014 como o modelo OSI, endere\u00e7amento IP, roteamento, protocolos e seguran\u00e7a b\u00e1sica em redes.<\/p>\n<\/div>\n<\/div>\n<\/div>\n\n\n\n<div style=\"height:40px\" aria-hidden=\"true\" class=\"wp-block-spacer\"><\/div>\n\n\n\n<div class=\"wp-block-columns alignwide is-layout-flex wp-container-core-columns-is-layout-28f84493 wp-block-columns-is-layout-flex\">\n<div class=\"wp-block-column is-layout-flow wp-block-column-is-layout-flow\" style=\"flex-basis:66.66%\">\n<p class=\"has-medium-font-size\"><strong>Eduardo M. Fagundes<\/strong>&nbsp;\u00e9 fundador da&nbsp;nMentors, onde lidera projetos estrat\u00e9gicos em energia limpa, automa\u00e7\u00e3o e intelig\u00eancia aplicada, em parceria com grandes empresas do setor el\u00e9trico no Brasil e no exterior. Atua na converg\u00eancia entre tecnologia e estrat\u00e9gia, com foco em SCADA, efici\u00eancia operacional, transforma\u00e7\u00e3o digital e intelig\u00eancia artificial.<\/p>\n\n\n\n<p class=\"has-medium-font-size\">Com s\u00f3lida experi\u00eancia internacional, foi executivo s\u00eanior em multinacionais dos setores automotivo e de energia, com atua\u00e7\u00e3o direta em projetos na Am\u00e9rica do Sul, Am\u00e9rica do Norte, Europa e \u00c1sia. Essa trajet\u00f3ria contribui para uma vis\u00e3o integrada dos desafios t\u00e9cnicos, regulat\u00f3rios e organizacionais que impactam conselhos, lideran\u00e7as e empreendedores.<\/p>\n\n\n\n<p class=\"has-medium-font-size\">Ao lado da atua\u00e7\u00e3o empresarial, construiu tamb\u00e9m uma carreira acad\u00eamica, atuando como professor em cursos de p\u00f3s-gradua\u00e7\u00e3o em institui\u00e7\u00f5es como&nbsp;Universidade Presbiteriana Mackenzie, FIAP e HSM Educa\u00e7\u00e3o, em disciplinas ligadas \u00e0 intelig\u00eancia artificial, inova\u00e7\u00e3o, ciberseguran\u00e7a, ESG e gest\u00e3o estrat\u00e9gica. Participa ativamente de projetos de pesquisa aplicada, com foco na digitaliza\u00e7\u00e3o do setor de energia e no uso de dados para efici\u00eancia e inova\u00e7\u00e3o.<\/p>\n\n\n\n<p class=\"has-medium-font-size\">Al\u00e9m dos projetos conduzidos pela nMentors, publica&nbsp;briefings estrat\u00e9gicos e an\u00e1lises independentes&nbsp;sobre energia, tecnologias emergentes e modelos de neg\u00f3cio. Esses conte\u00fados apoiam l\u00edderes e tomadores de decis\u00e3o na constru\u00e7\u00e3o de estrat\u00e9gias conectadas \u00e0&nbsp;transforma\u00e7\u00e3o energ\u00e9tica e tecnol\u00f3gica.<\/p>\n<\/div>\n\n\n\n<div class=\"wp-block-column is-layout-flow wp-block-column-is-layout-flow\" style=\"flex-basis:33.33%\">\n<figure class=\"wp-block-image size-large\"><a href=\"https:\/\/i0.wp.com\/efagundes.com\/networking\/wp-content\/uploads\/sites\/5\/2025\/08\/foto-colorida-fundo-cinza-emf-1.jpeg?ssl=1\"><img data-recalc-dims=\"1\" loading=\"lazy\" decoding=\"async\" width=\"1024\" height=\"618\" data-attachment-id=\"3907\" data-permalink=\"https:\/\/efagundes.com\/networking\/redes-de-computadores\/foto-colorida-fundo-cinza-emf-3\/\" data-orig-file=\"https:\/\/i0.wp.com\/efagundes.com\/networking\/wp-content\/uploads\/sites\/5\/2025\/08\/foto-colorida-fundo-cinza-emf-1.jpeg?fit=1066%2C643&amp;ssl=1\" data-orig-size=\"1066,643\" data-comments-opened=\"1\" data-image-meta=\"{&quot;aperture&quot;:&quot;0&quot;,&quot;credit&quot;:&quot;&quot;,&quot;camera&quot;:&quot;&quot;,&quot;caption&quot;:&quot;&quot;,&quot;created_timestamp&quot;:&quot;0&quot;,&quot;copyright&quot;:&quot;&quot;,&quot;focal_length&quot;:&quot;0&quot;,&quot;iso&quot;:&quot;0&quot;,&quot;shutter_speed&quot;:&quot;0&quot;,&quot;title&quot;:&quot;&quot;,&quot;orientation&quot;:&quot;1&quot;}\" data-image-title=\"foto-colorida-fundo-cinza-emf\" data-image-description=\"\" data-image-caption=\"\" data-large-file=\"https:\/\/i0.wp.com\/efagundes.com\/networking\/wp-content\/uploads\/sites\/5\/2025\/08\/foto-colorida-fundo-cinza-emf-1.jpeg?fit=1024%2C618&amp;ssl=1\" src=\"https:\/\/i0.wp.com\/efagundes.com\/networking\/wp-content\/uploads\/sites\/5\/2025\/08\/foto-colorida-fundo-cinza-emf-1-1024x618.jpeg?resize=1024%2C618&#038;ssl=1\" alt=\"\" class=\"wp-image-3907\" srcset=\"https:\/\/i0.wp.com\/efagundes.com\/networking\/wp-content\/uploads\/sites\/5\/2025\/08\/foto-colorida-fundo-cinza-emf-1.jpeg?resize=1024%2C618&amp;ssl=1 1024w, https:\/\/i0.wp.com\/efagundes.com\/networking\/wp-content\/uploads\/sites\/5\/2025\/08\/foto-colorida-fundo-cinza-emf-1.jpeg?resize=300%2C181&amp;ssl=1 300w, https:\/\/i0.wp.com\/efagundes.com\/networking\/wp-content\/uploads\/sites\/5\/2025\/08\/foto-colorida-fundo-cinza-emf-1.jpeg?resize=768%2C463&amp;ssl=1 768w, https:\/\/i0.wp.com\/efagundes.com\/networking\/wp-content\/uploads\/sites\/5\/2025\/08\/foto-colorida-fundo-cinza-emf-1.jpeg?w=1066&amp;ssl=1 1066w\" sizes=\"auto, (max-width: 1000px) 100vw, 1000px\" \/><\/a><\/figure>\n\n\n\n<div style=\"height:30px\" aria-hidden=\"true\" class=\"wp-block-spacer\"><\/div>\n\n\n\n<div class=\"badge-base LI-profile-badge\" data-locale=\"pt_BR\" data-size=\"medium\" data-theme=\"light\" data-type=\"VERTICAL\" data-vanity=\"efagundes\" data-version=\"v1\"><a class=\"badge-base__link LI-simple-link\" href=\"https:\/\/br.linkedin.com\/in\/efagundes\/pt?trk=profile-badge\">Eduardo Fagundes, M.Sc<\/a><\/div>\n<\/div>\n<\/div>\n\n\n\n<p><\/p>\n","protected":false},"excerpt":{"rendered":"<p>Fundamentos de Redes de Computadores Entenda os princ\u00edpios que sustentam a internet, os sistemas corporativos e a transforma\u00e7\u00e3o digital. Aprenda com quem j\u00e1 formou gera\u00e7\u00f5es de profissionais de TI. Este curso re\u00fane os materiais desenvolvidos originalmente para a disciplina de Redes de Computadores da gradua\u00e7\u00e3o em Tecnologia da Informa\u00e7\u00e3o da Universidade Presbiteriana Mackenzie, ministrada por [&hellip;]<\/p>\n","protected":false},"author":1,"featured_media":0,"parent":0,"menu_order":0,"comment_status":"closed","ping_status":"closed","template":"page-no-title","meta":{"footnotes":""},"class_list":["post-3904","page","type-page","status-publish","hentry"],"jetpack_shortlink":"https:\/\/wp.me\/P8yKGp-10Y","jetpack-related-posts":[{"id":49,"url":"https:\/\/efagundes.com\/networking\/curso-de-redes-de-computadores\/aplicacoes-pela-internet-2\/","url_meta":{"origin":3904,"position":0},"title":"Aplica\u00e7\u00f5es pela Internet","author":"Eduardo Fagundes","date":"16\/11\/2012","format":false,"excerpt":"T\u00f3picos do capitulo","rel":"","context":"Post similar","block_context":{"text":"Post similar","link":""},"img":{"alt_text":"Slide2","src":"https:\/\/i0.wp.com\/efagundes.com\/networking\/wp-content\/uploads\/sites\/5\/2015\/03\/Slide2-300x225.jpg?resize=350%2C200","width":350,"height":200,"srcset":"https:\/\/i0.wp.com\/efagundes.com\/networking\/wp-content\/uploads\/sites\/5\/2015\/03\/Slide2-300x225.jpg?resize=350%2C200 1x, https:\/\/i0.wp.com\/efagundes.com\/networking\/wp-content\/uploads\/sites\/5\/2015\/03\/Slide2-300x225.jpg?resize=525%2C300 1.5x"},"classes":[]},{"id":799,"url":"https:\/\/efagundes.com\/networking\/redes-e-transmissao-de-dados\/","url_meta":{"origin":3904,"position":1},"title":"Redes e Transmiss\u00e3o de Dados","author":"Eduardo Fagundes","date":"18\/11\/2012","format":false,"excerpt":"Este curso foi desenvolvido para cursos de gradua\u00e7\u00e3o de tecnologia da informa\u00e7\u00e3o. Aborda os assuntos fundamentais de redes de computadores e transmiss\u00e3o de dados. O curso tem como refer\u00eancia o\u00a0livro Redes de Computadores, quarta edi\u00e7\u00e3o, de Andrew S. Tanenbaum. Tanenbaum\u00a0\u00e9 um dos mais renomados professores de tecnologia da informa\u00e7\u00e3o e\u2026","rel":"","context":"Post similar","block_context":{"text":"Post similar","link":""},"img":{"alt_text":"","src":"","width":0,"height":0},"classes":[]},{"id":9,"url":"https:\/\/efagundes.com\/networking\/curso-de-redes-de-computadores\/","url_meta":{"origin":3904,"position":2},"title":"Uso de Redes de Computadores","author":"Eduardo Fagundes","date":"16\/11\/2012","format":false,"excerpt":"Antes de come\u00e7armos o estudo das quest\u00f5es t\u00e9cnicas de redes e transmiss\u00e3o de dados \u00e9 interessante entender a import\u00e2ncia das redes de computadores nas empresas e na vida das pessoas. Muitas empresas t\u00eam um n\u00famero significativo de computadores. Inicialmente, esses computadores funcionavam isoladamente, mas em um determinado momento, a ger\u00eancia\u2026","rel":"","context":"Post similar","block_context":{"text":"Post similar","link":""},"img":{"alt_text":"Slide1","src":"https:\/\/i0.wp.com\/efagundes.com\/networking\/wp-content\/uploads\/sites\/5\/2015\/03\/Slide1.jpg?resize=350%2C200","width":350,"height":200,"srcset":"https:\/\/i0.wp.com\/efagundes.com\/networking\/wp-content\/uploads\/sites\/5\/2015\/03\/Slide1.jpg?resize=350%2C200 1x, https:\/\/i0.wp.com\/efagundes.com\/networking\/wp-content\/uploads\/sites\/5\/2015\/03\/Slide1.jpg?resize=525%2C300 1.5x"},"classes":[]},{"id":1334,"url":"https:\/\/efagundes.com\/networking\/lista-do-conteudo\/","url_meta":{"origin":3904,"position":3},"title":"Index do Curso de Redes de Computadores","author":"Eduardo Fagundes","date":"23\/03\/2015","format":false,"excerpt":"","rel":"","context":"Post similar","block_context":{"text":"Post similar","link":""},"img":{"alt_text":"","src":"","width":0,"height":0},"classes":[]},{"id":59,"url":"https:\/\/efagundes.com\/networking\/curso-de-redes-de-computadores\/usuarios-moveis\/","url_meta":{"origin":3904,"position":4},"title":"Usu\u00e1rios M\u00f3veis","author":"Eduardo Fagundes","date":"16\/11\/2012","format":false,"excerpt":"A Internet e o telefone celular s\u00e3o itens indispens\u00e1veis no cotidiano das pessoas. Outro item que est\u00e1 com um crescimento exponencial \u00e9 o smart-phone (iPhone, Blackberry, Android, Windows Phone). Com isso, \u00e9 natural que a ind\u00fastria de inform\u00e1tica e telecomunica\u00e7\u00f5es esteja trabalhando para integrar as facilidades da Internet nos smart-phones.\u2026","rel":"","context":"Post similar","block_context":{"text":"Post similar","link":""},"img":{"alt_text":"Slide5","src":"https:\/\/i0.wp.com\/efagundes.com\/networking\/wp-content\/uploads\/sites\/5\/2015\/03\/Slide5.jpg?resize=350%2C200","width":350,"height":200,"srcset":"https:\/\/i0.wp.com\/efagundes.com\/networking\/wp-content\/uploads\/sites\/5\/2015\/03\/Slide5.jpg?resize=350%2C200 1x, https:\/\/i0.wp.com\/efagundes.com\/networking\/wp-content\/uploads\/sites\/5\/2015\/03\/Slide5.jpg?resize=525%2C300 1.5x, https:\/\/i0.wp.com\/efagundes.com\/networking\/wp-content\/uploads\/sites\/5\/2015\/03\/Slide5.jpg?resize=700%2C400 2x"},"classes":[]},{"id":170,"url":"https:\/\/efagundes.com\/networking\/redes-geograficamente-distribuidas\/a-internet\/","url_meta":{"origin":3904,"position":5},"title":"A Internet","author":"Eduardo Fagundes","date":"16\/11\/2012","format":false,"excerpt":"Para que a rede possa funcionar \u00e9 necess\u00e1rio procedimento detalhado para a troca de dados. As regras s\u00e3o implementadas atrav\u00e9s de \"protocolos de comunica\u00e7\u00e3o\". As regras de comunica\u00e7\u00e3o entre computadores s\u00e3o similares as de uma linguagem humana. Por exemplo, quando se estabelece uma conversa entre duas pessoas a etiqueta diz\u2026","rel":"","context":"Post similar","block_context":{"text":"Post similar","link":""},"img":{"alt_text":"Slide12","src":"https:\/\/i0.wp.com\/efagundes.com\/networking\/wp-content\/uploads\/sites\/5\/2015\/03\/Slide121.jpg?resize=350%2C200","width":350,"height":200,"srcset":"https:\/\/i0.wp.com\/efagundes.com\/networking\/wp-content\/uploads\/sites\/5\/2015\/03\/Slide121.jpg?resize=350%2C200 1x, https:\/\/i0.wp.com\/efagundes.com\/networking\/wp-content\/uploads\/sites\/5\/2015\/03\/Slide121.jpg?resize=525%2C300 1.5x, https:\/\/i0.wp.com\/efagundes.com\/networking\/wp-content\/uploads\/sites\/5\/2015\/03\/Slide121.jpg?resize=700%2C400 2x"},"classes":[]}],"jetpack_sharing_enabled":true,"_links":{"self":[{"href":"https:\/\/efagundes.com\/networking\/wp-json\/wp\/v2\/pages\/3904","targetHints":{"allow":["GET"]}}],"collection":[{"href":"https:\/\/efagundes.com\/networking\/wp-json\/wp\/v2\/pages"}],"about":[{"href":"https:\/\/efagundes.com\/networking\/wp-json\/wp\/v2\/types\/page"}],"author":[{"embeddable":true,"href":"https:\/\/efagundes.com\/networking\/wp-json\/wp\/v2\/users\/1"}],"replies":[{"embeddable":true,"href":"https:\/\/efagundes.com\/networking\/wp-json\/wp\/v2\/comments?post=3904"}],"version-history":[{"count":1,"href":"https:\/\/efagundes.com\/networking\/wp-json\/wp\/v2\/pages\/3904\/revisions"}],"predecessor-version":[{"id":3908,"href":"https:\/\/efagundes.com\/networking\/wp-json\/wp\/v2\/pages\/3904\/revisions\/3908"}],"wp:attachment":[{"href":"https:\/\/efagundes.com\/networking\/wp-json\/wp\/v2\/media?parent=3904"}],"curies":[{"name":"wp","href":"https:\/\/api.w.org\/{rel}","templated":true}]}}