{"id":394,"date":"2012-11-17T10:13:43","date_gmt":"2012-11-17T12:13:43","guid":{"rendered":"http:\/\/efagundes.com\/openclass_networking\/?page_id=394"},"modified":"2022-01-16T17:51:01","modified_gmt":"2022-01-16T20:51:01","slug":"sistema-telefonico","status":"publish","type":"page","link":"https:\/\/efagundes.com\/networking\/sistema-telefonico\/","title":{"rendered":"Sistema telef\u00f4nico"},"content":{"rendered":"<p><a href=\"https:\/\/i0.wp.com\/efagundes.com\/networking\/wp-content\/uploads\/sites\/5\/2015\/03\/Slide116.jpg\"><img data-recalc-dims=\"1\" loading=\"lazy\" decoding=\"async\" data-attachment-id=\"2451\" data-permalink=\"https:\/\/efagundes.com\/networking\/sistema-telefonico\/slide1-5\/\" data-orig-file=\"https:\/\/i0.wp.com\/efagundes.com\/networking\/wp-content\/uploads\/sites\/5\/2015\/03\/Slide116.jpg?fit=960%2C720&amp;ssl=1\" data-orig-size=\"960,720\" data-comments-opened=\"1\" data-image-meta=\"{&quot;aperture&quot;:&quot;0&quot;,&quot;credit&quot;:&quot;&quot;,&quot;camera&quot;:&quot;&quot;,&quot;caption&quot;:&quot;&quot;,&quot;created_timestamp&quot;:&quot;0&quot;,&quot;copyright&quot;:&quot;&quot;,&quot;focal_length&quot;:&quot;0&quot;,&quot;iso&quot;:&quot;0&quot;,&quot;shutter_speed&quot;:&quot;0&quot;,&quot;title&quot;:&quot;&quot;,&quot;orientation&quot;:&quot;0&quot;}\" data-image-title=\"Slide1\" data-image-description=\"\" data-image-caption=\"\" data-large-file=\"https:\/\/i0.wp.com\/efagundes.com\/networking\/wp-content\/uploads\/sites\/5\/2015\/03\/Slide116.jpg?fit=960%2C720&amp;ssl=1\" class=\"alignnone size-full wp-image-2451\" src=\"https:\/\/i0.wp.com\/efagundes.com\/networking\/wp-content\/uploads\/sites\/5\/2015\/03\/Slide116.jpg?resize=960%2C720\" alt=\"Slide1\" width=\"960\" height=\"720\" srcset=\"https:\/\/i0.wp.com\/efagundes.com\/networking\/wp-content\/uploads\/sites\/5\/2015\/03\/Slide116.jpg?w=960&amp;ssl=1 960w, https:\/\/i0.wp.com\/efagundes.com\/networking\/wp-content\/uploads\/sites\/5\/2015\/03\/Slide116.jpg?resize=300%2C225&amp;ssl=1 300w\" sizes=\"auto, (max-width: 960px) 100vw, 960px\" \/><\/a><\/p>\n<p><strong>T\u00f3picos do capitulo<\/strong><br \/>\n\n<!-- Page-list plugin v.5.9 wordpress.org\/plugins\/page-list\/ -->\n<ul class=\"page-list subpages-page-list \">\n<li class=\"page_item page-item-396\"><a href=\"https:\/\/efagundes.com\/networking\/sistema-telefonico\/historia-do-telefone-i\/\">Hist\u00f3ria do telefone (I)<\/a><\/li>\n<li class=\"page_item page-item-398\"><a href=\"https:\/\/efagundes.com\/networking\/sistema-telefonico\/historia-do-telefone-ii\/\">Hist\u00f3ria do telefone (II)<\/a><\/li>\n<li class=\"page_item page-item-400\"><a href=\"https:\/\/efagundes.com\/networking\/sistema-telefonico\/historia-do-telefone-iii\/\">Hist\u00f3ria do telefone (III)<\/a><\/li>\n<li class=\"page_item page-item-404\"><a href=\"https:\/\/efagundes.com\/networking\/sistema-telefonico\/estrutura-do-sistema-telefonico-i\/\">Estrutura do sistema telef\u00f4nico (I)<\/a><\/li>\n<li class=\"page_item page-item-406\"><a href=\"https:\/\/efagundes.com\/networking\/sistema-telefonico\/estrutura-do-sistema-telefonico-ii\/\">Estrutura do sistema telef\u00f4nico (II)<\/a><\/li>\n<li class=\"page_item page-item-402\"><a href=\"https:\/\/efagundes.com\/networking\/sistema-telefonico\/moderno-sistema-telefonico\/\">Moderno sistema telef\u00f4nico<\/a><\/li>\n<li class=\"page_item page-item-408\"><a href=\"https:\/\/efagundes.com\/networking\/sistema-telefonico\/os-metais-dos-cabos\/\">Os metais dos cabos<\/a><\/li>\n<li class=\"page_item page-item-410\"><a href=\"https:\/\/efagundes.com\/networking\/sistema-telefonico\/invencao-de-michael-pupin\/\">Inven\u00e7\u00e3o de Michael Pupin<\/a><\/li>\n<li class=\"page_item page-item-936\"><a href=\"https:\/\/efagundes.com\/networking\/sistema-telefonico\/caracteristicas-das-linhas\/\">Caracter\u00edsticas das linhas<\/a><\/li>\n<li class=\"page_item page-item-412\"><a href=\"https:\/\/efagundes.com\/networking\/sistema-telefonico\/transmissao-do-sinal-digital\/\">Transmiss\u00e3o do sinal digital<\/a><\/li>\n<li class=\"page_item page-item-942\"><a href=\"https:\/\/efagundes.com\/networking\/sistema-telefonico\/simbolos-versus-taxa-de-transmissao\/\">S\u00edmbolos versus Taxa de Transmiss\u00e3o<\/a><\/li>\n<li class=\"page_item page-item-414\"><a href=\"https:\/\/efagundes.com\/networking\/sistema-telefonico\/modulacao-digital\/\">Modula\u00e7\u00e3o digital<\/a><\/li>\n<li class=\"page_item page-item-945\"><a href=\"https:\/\/efagundes.com\/networking\/sistema-telefonico\/modulacao-codificada-por-trelicas\/\">Modula\u00e7\u00e3o codificada por treli\u00e7as<\/a><\/li>\n<li class=\"page_item page-item-418\"><a href=\"https:\/\/efagundes.com\/networking\/sistema-telefonico\/tipos-de-modulacao-i\/\">Tipos de modula\u00e7\u00e3o (I)<\/a><\/li>\n<li class=\"page_item page-item-420\"><a href=\"https:\/\/efagundes.com\/networking\/sistema-telefonico\/tipos-de-modulacao-ii\/\">Tipos de modula\u00e7\u00e3o (II)<\/a><\/li>\n<li class=\"page_item page-item-422\"><a href=\"https:\/\/efagundes.com\/networking\/sistema-telefonico\/tipos-de-modulacao-iii\/\">Tipos de modula\u00e7\u00e3o (III)<\/a><\/li>\n<li class=\"page_item page-item-424\"><a href=\"https:\/\/efagundes.com\/networking\/sistema-telefonico\/tipos-de-modulacao-iv\/\">Tipos de modula\u00e7\u00e3o (IV)<\/a><\/li>\n<li class=\"page_item page-item-426\"><a href=\"https:\/\/efagundes.com\/networking\/sistema-telefonico\/tipos-de-modulacao-v\/\">Tipos de modula\u00e7\u00e3o (V)<\/a><\/li>\n<li class=\"page_item page-item-428\"><a href=\"https:\/\/efagundes.com\/networking\/sistema-telefonico\/modem-i\/\">Modem (I)<\/a><\/li>\n<li class=\"page_item page-item-430\"><a href=\"https:\/\/efagundes.com\/networking\/sistema-telefonico\/modem-ii\/\">Modem (II)<\/a><\/li>\n<li class=\"page_item page-item-432\"><a href=\"https:\/\/efagundes.com\/networking\/sistema-telefonico\/instalando-um-modem\/\">Instalando um modem<\/a><\/li>\n<li class=\"page_item page-item-434\"><a href=\"https:\/\/efagundes.com\/networking\/sistema-telefonico\/wll-wire-local-loop\/\">WLL Wire Local Loop<\/a><\/li>\n\n<\/ul><\/p>\n","protected":false},"excerpt":{"rendered":"<p>T\u00f3picos do capitulo<\/p>\n","protected":false},"author":1,"featured_media":0,"parent":0,"menu_order":16,"comment_status":"closed","ping_status":"closed","template":"","meta":{"footnotes":""},"class_list":["post-394","page","type-page","status-publish","hentry"],"jetpack_shortlink":"https:\/\/wp.me\/P8yKGp-6m","jetpack-related-posts":[{"id":1001,"url":"https:\/\/efagundes.com\/networking\/comutacao\/","url_meta":{"origin":394,"position":0},"title":"Comuta\u00e7\u00e3o","author":"Eduardo Fagundes","date":"18\/11\/2012","format":false,"excerpt":"T\u00f3picos do capitulo","rel":"","context":"Post similar","block_context":{"text":"Post similar","link":""},"img":{"alt_text":"Slide1","src":"https:\/\/i0.wp.com\/efagundes.com\/networking\/wp-content\/uploads\/sites\/5\/2015\/03\/Slide118.jpg?resize=350%2C200","width":350,"height":200,"srcset":"https:\/\/i0.wp.com\/efagundes.com\/networking\/wp-content\/uploads\/sites\/5\/2015\/03\/Slide118.jpg?resize=350%2C200 1x, https:\/\/i0.wp.com\/efagundes.com\/networking\/wp-content\/uploads\/sites\/5\/2015\/03\/Slide118.jpg?resize=525%2C300 1.5x, https:\/\/i0.wp.com\/efagundes.com\/networking\/wp-content\/uploads\/sites\/5\/2015\/03\/Slide118.jpg?resize=700%2C400 2x"},"classes":[]},{"id":635,"url":"https:\/\/efagundes.com\/networking\/ethernet-2\/","url_meta":{"origin":394,"position":1},"title":"Ethernet","author":"Eduardo Fagundes","date":"17\/11\/2012","format":false,"excerpt":"T\u00f3picos do capitulo","rel":"","context":"Post similar","block_context":{"text":"Post similar","link":""},"img":{"alt_text":"","src":"https:\/\/i0.wp.com\/efagundes.com\/networking\/wp-content\/uploads\/sites\/5\/2015\/03\/Slide313.jpg?resize=350%2C200","width":350,"height":200,"srcset":"https:\/\/i0.wp.com\/efagundes.com\/networking\/wp-content\/uploads\/sites\/5\/2015\/03\/Slide313.jpg?resize=350%2C200 1x, https:\/\/i0.wp.com\/efagundes.com\/networking\/wp-content\/uploads\/sites\/5\/2015\/03\/Slide313.jpg?resize=525%2C300 1.5x, https:\/\/i0.wp.com\/efagundes.com\/networking\/wp-content\/uploads\/sites\/5\/2015\/03\/Slide313.jpg?resize=700%2C400 2x"},"classes":[]},{"id":1333,"url":"https:\/\/efagundes.com\/networking\/multiplexacao-2\/","url_meta":{"origin":394,"position":2},"title":"Multiplexa\u00e7\u00e3o","author":"Eduardo Fagundes","date":"19\/11\/2012","format":false,"excerpt":"T\u00f3picos do capitulo","rel":"","context":"Post similar","block_context":{"text":"Post similar","link":""},"img":{"alt_text":"Slide1","src":"https:\/\/i0.wp.com\/efagundes.com\/networking\/wp-content\/uploads\/sites\/5\/2015\/03\/Slide118.jpg?resize=350%2C200","width":350,"height":200,"srcset":"https:\/\/i0.wp.com\/efagundes.com\/networking\/wp-content\/uploads\/sites\/5\/2015\/03\/Slide118.jpg?resize=350%2C200 1x, https:\/\/i0.wp.com\/efagundes.com\/networking\/wp-content\/uploads\/sites\/5\/2015\/03\/Slide118.jpg?resize=525%2C300 1.5x, https:\/\/i0.wp.com\/efagundes.com\/networking\/wp-content\/uploads\/sites\/5\/2015\/03\/Slide118.jpg?resize=700%2C400 2x"},"classes":[]},{"id":956,"url":"https:\/\/efagundes.com\/networking\/banda-larga\/","url_meta":{"origin":394,"position":3},"title":"Banda Larga","author":"Eduardo Fagundes","date":"18\/11\/2012","format":false,"excerpt":"T\u00f3picos do capitulo","rel":"","context":"Post similar","block_context":{"text":"Post similar","link":""},"img":{"alt_text":"Slide1","src":"https:\/\/i0.wp.com\/efagundes.com\/networking\/wp-content\/uploads\/sites\/5\/2012\/11\/Slide1.jpg?resize=350%2C200","width":350,"height":200,"srcset":"https:\/\/i0.wp.com\/efagundes.com\/networking\/wp-content\/uploads\/sites\/5\/2012\/11\/Slide1.jpg?resize=350%2C200 1x, https:\/\/i0.wp.com\/efagundes.com\/networking\/wp-content\/uploads\/sites\/5\/2012\/11\/Slide1.jpg?resize=525%2C300 1.5x, https:\/\/i0.wp.com\/efagundes.com\/networking\/wp-content\/uploads\/sites\/5\/2012\/11\/Slide1.jpg?resize=700%2C400 2x"},"classes":[]},{"id":180,"url":"https:\/\/efagundes.com\/networking\/redes-locais\/","url_meta":{"origin":394,"position":4},"title":"Redes locais","author":"Eduardo Fagundes","date":"16\/11\/2012","format":false,"excerpt":"T\u00f3picos do capitulo","rel":"","context":"Post similar","block_context":{"text":"Post similar","link":""},"img":{"alt_text":"Slide17","src":"https:\/\/i0.wp.com\/efagundes.com\/networking\/wp-content\/uploads\/sites\/5\/2015\/03\/Slide171.jpg?resize=350%2C200","width":350,"height":200,"srcset":"https:\/\/i0.wp.com\/efagundes.com\/networking\/wp-content\/uploads\/sites\/5\/2015\/03\/Slide171.jpg?resize=350%2C200 1x, https:\/\/i0.wp.com\/efagundes.com\/networking\/wp-content\/uploads\/sites\/5\/2015\/03\/Slide171.jpg?resize=525%2C300 1.5x, https:\/\/i0.wp.com\/efagundes.com\/networking\/wp-content\/uploads\/sites\/5\/2015\/03\/Slide171.jpg?resize=700%2C400 2x"},"classes":[]},{"id":259,"url":"https:\/\/efagundes.com\/networking\/meios-magneticos\/","url_meta":{"origin":394,"position":5},"title":"Meios magn\u00e9ticos","author":"Eduardo Fagundes","date":"16\/11\/2012","format":false,"excerpt":"T\u00f3picos do capitulo","rel":"","context":"Post similar","block_context":{"text":"Post similar","link":""},"img":{"alt_text":"Slide10","src":"https:\/\/i0.wp.com\/efagundes.com\/networking\/wp-content\/uploads\/sites\/5\/2015\/03\/Slide102.jpg?resize=350%2C200","width":350,"height":200,"srcset":"https:\/\/i0.wp.com\/efagundes.com\/networking\/wp-content\/uploads\/sites\/5\/2015\/03\/Slide102.jpg?resize=350%2C200 1x, https:\/\/i0.wp.com\/efagundes.com\/networking\/wp-content\/uploads\/sites\/5\/2015\/03\/Slide102.jpg?resize=525%2C300 1.5x, https:\/\/i0.wp.com\/efagundes.com\/networking\/wp-content\/uploads\/sites\/5\/2015\/03\/Slide102.jpg?resize=700%2C400 2x"},"classes":[]}],"jetpack_sharing_enabled":true,"_links":{"self":[{"href":"https:\/\/efagundes.com\/networking\/wp-json\/wp\/v2\/pages\/394","targetHints":{"allow":["GET"]}}],"collection":[{"href":"https:\/\/efagundes.com\/networking\/wp-json\/wp\/v2\/pages"}],"about":[{"href":"https:\/\/efagundes.com\/networking\/wp-json\/wp\/v2\/types\/page"}],"author":[{"embeddable":true,"href":"https:\/\/efagundes.com\/networking\/wp-json\/wp\/v2\/users\/1"}],"replies":[{"embeddable":true,"href":"https:\/\/efagundes.com\/networking\/wp-json\/wp\/v2\/comments?post=394"}],"version-history":[{"count":0,"href":"https:\/\/efagundes.com\/networking\/wp-json\/wp\/v2\/pages\/394\/revisions"}],"wp:attachment":[{"href":"https:\/\/efagundes.com\/networking\/wp-json\/wp\/v2\/media?parent=394"}],"curies":[{"name":"wp","href":"https:\/\/api.w.org\/{rel}","templated":true}]}}