{"id":396,"date":"2012-11-17T10:15:05","date_gmt":"2012-11-17T12:15:05","guid":{"rendered":"http:\/\/efagundes.com\/openclass_networking\/?page_id=396"},"modified":"2022-01-16T17:51:03","modified_gmt":"2022-01-16T20:51:03","slug":"historia-do-telefone-i","status":"publish","type":"page","link":"https:\/\/efagundes.com\/networking\/sistema-telefonico\/historia-do-telefone-i\/","title":{"rendered":"Hist\u00f3ria do telefone (I)"},"content":{"rendered":"<p>&nbsp;<\/p>\n<p><a href=\"https:\/\/i0.wp.com\/efagundes.com\/networking\/wp-content\/uploads\/sites\/5\/2015\/03\/Slide215.jpg\"><img data-recalc-dims=\"1\" loading=\"lazy\" decoding=\"async\" data-attachment-id=\"2452\" data-permalink=\"https:\/\/efagundes.com\/networking\/sistema-telefonico\/historia-do-telefone-i\/slide2-5\/\" data-orig-file=\"https:\/\/i0.wp.com\/efagundes.com\/networking\/wp-content\/uploads\/sites\/5\/2015\/03\/Slide215.jpg?fit=960%2C720&amp;ssl=1\" data-orig-size=\"960,720\" data-comments-opened=\"1\" data-image-meta=\"{&quot;aperture&quot;:&quot;0&quot;,&quot;credit&quot;:&quot;&quot;,&quot;camera&quot;:&quot;&quot;,&quot;caption&quot;:&quot;&quot;,&quot;created_timestamp&quot;:&quot;0&quot;,&quot;copyright&quot;:&quot;&quot;,&quot;focal_length&quot;:&quot;0&quot;,&quot;iso&quot;:&quot;0&quot;,&quot;shutter_speed&quot;:&quot;0&quot;,&quot;title&quot;:&quot;&quot;,&quot;orientation&quot;:&quot;0&quot;}\" data-image-title=\"Slide2\" data-image-description=\"\" data-image-caption=\"\" data-large-file=\"https:\/\/i0.wp.com\/efagundes.com\/networking\/wp-content\/uploads\/sites\/5\/2015\/03\/Slide215.jpg?fit=960%2C720&amp;ssl=1\" class=\"alignnone size-full wp-image-2452\" src=\"https:\/\/i0.wp.com\/efagundes.com\/networking\/wp-content\/uploads\/sites\/5\/2015\/03\/Slide215.jpg?resize=960%2C720\" alt=\"Slide2\" width=\"960\" height=\"720\" srcset=\"https:\/\/i0.wp.com\/efagundes.com\/networking\/wp-content\/uploads\/sites\/5\/2015\/03\/Slide215.jpg?w=960&amp;ssl=1 960w, https:\/\/i0.wp.com\/efagundes.com\/networking\/wp-content\/uploads\/sites\/5\/2015\/03\/Slide215.jpg?resize=300%2C225&amp;ssl=1 300w\" sizes=\"auto, (max-width: 960px) 100vw, 960px\" \/><\/a>Samuel Morse, pintor e inventor, no dia 2 de dezembro de 1837, apresentou a um grupo de amigos a sua cria\u00e7\u00e3o: um circuito telegr\u00e1fico com o comprimento de 420 metros. Entre os que assistiram \u00e0 demonstra\u00e7\u00e3o estava Alfred Vail, rico propriet\u00e1rio de ferrarias, dotado de um not\u00e1vel tino comercial. Ofereceu a Morse o patroc\u00ednio do lan\u00e7amento da inven\u00e7\u00e3o, para a qual previa um grande futuro. Colocou \u00e0 sua disposi\u00e7\u00e3o dinheiro e locais nas ferrarias, para que o inventor pudesse prosseguir as experi\u00eancias. Morse aceitou e requereu imediatamente a patente para a sua inven\u00e7\u00e3o.<\/p>\n<p>Em 24 de janeiro de 1838, demonstrou o seu aparelho na Universidade de Nova York, transmitindo a primeira mensagem: &#8220;Aten\u00e7\u00e3o, Universo!&#8221; Em fevereiro do mesmo ano, repetiu-a diante do Congresso, onde teve um frio acolhimento. Como a Am\u00e9rica parecia n\u00e3o aceitar o tel\u00e9grafo, partiu para a Europa em busca de melhor sorte; mas, no Velho Continente, o desinteresse foi id\u00eantico.<br \/>\nA primeira id\u00e9ia havia sido a de utilizar sinais el\u00e9tricos, a segunda, a inven\u00e7\u00e3o do c\u00f3digo que leva o seu nome. A terceira foi a de adotar um sistema de rel\u00e9 para transmitir o sinal atrav\u00e9s de grandes dist\u00e2ncias. Um sinal el\u00e9tricos atenua-se se \u00e9 transmitido por um fio demasiado longo. Morse pensou ent\u00e3o em utiliz\u00e1-lo, antes que ficasse muito fraco, para acionar um rel\u00e9 que fizesse repartir um novo sinal potente num novo trecho da linha.<\/p>\n<p>Ao retomar \u00e0 Am\u00e9rica, estava reduzido \u00e0 mis\u00e9ria. Somente em 1843 obteve o primeiro levantamento de verba do congresso: 30.000 d\u00f3lares. O financiamento foi aprovado com maioria de apenas seis votos. A 24 de maio de 1844 inaugurou-se a primeira linha experimental, entre Washington e Baltimore (64 km de dist\u00e2ncia), com a transmiss\u00e3o e recep\u00e7\u00e3o da frase: &#8220;What hath God wrough&#8221; (Eis o que Deus realizou).<\/p>\n","protected":false},"excerpt":{"rendered":"<p>&nbsp; Samuel Morse, pintor e inventor, no dia 2 de dezembro de 1837, apresentou a um grupo de amigos a sua cria\u00e7\u00e3o: um circuito telegr\u00e1fico com o comprimento de 420 metros. Entre os que assistiram \u00e0 demonstra\u00e7\u00e3o estava Alfred Vail, rico propriet\u00e1rio de ferrarias, dotado de um not\u00e1vel tino comercial. Ofereceu a Morse o patroc\u00ednio [&hellip;]<\/p>\n","protected":false},"author":1,"featured_media":0,"parent":394,"menu_order":1,"comment_status":"closed","ping_status":"closed","template":"","meta":{"footnotes":""},"class_list":["post-396","page","type-page","status-publish","hentry"],"jetpack_shortlink":"https:\/\/wp.me\/P8yKGp-6o","jetpack-related-posts":[{"id":410,"url":"https:\/\/efagundes.com\/networking\/sistema-telefonico\/invencao-de-michael-pupin\/","url_meta":{"origin":396,"position":0},"title":"Inven\u00e7\u00e3o de Michael Pupin","author":"Eduardo Fagundes","date":"17\/11\/2012","format":false,"excerpt":"Load coil \u00e9 um dispositivo colocado em um circuito de telefone entre a companhia telef\u00f4nica e o assinante para aumentar a voltagem e compensar a perda do sinal devido as pontes de circuitos. load coil \u00e9 um dispositivo indutivo que age como um filtro para a alta-freq\u00fc\u00eancia e deve ser\u2026","rel":"","context":"Post similar","block_context":{"text":"Post similar","link":""},"img":{"alt_text":"Slide9","src":"https:\/\/i0.wp.com\/efagundes.com\/networking\/wp-content\/uploads\/sites\/5\/2015\/03\/Slide94.jpg?resize=350%2C200","width":350,"height":200,"srcset":"https:\/\/i0.wp.com\/efagundes.com\/networking\/wp-content\/uploads\/sites\/5\/2015\/03\/Slide94.jpg?resize=350%2C200 1x, https:\/\/i0.wp.com\/efagundes.com\/networking\/wp-content\/uploads\/sites\/5\/2015\/03\/Slide94.jpg?resize=525%2C300 1.5x, https:\/\/i0.wp.com\/efagundes.com\/networking\/wp-content\/uploads\/sites\/5\/2015\/03\/Slide94.jpg?resize=700%2C400 2x"},"classes":[]},{"id":398,"url":"https:\/\/efagundes.com\/networking\/sistema-telefonico\/historia-do-telefone-ii\/","url_meta":{"origin":396,"position":1},"title":"Hist\u00f3ria do telefone (II)","author":"Eduardo Fagundes","date":"17\/11\/2012","format":false,"excerpt":"De 1872 a 1875, Bell trabalhava no desenvolvimento de pesquisas que deram origem \u00e0 cria\u00e7\u00e3o do telefone. Ao sentir a necessidade de ter um modelista na confec\u00e7\u00e3o das pe\u00e7as de ferro dos seus inventos, come\u00e7ou a trabalhar com Thomas Watson. No dia 02 de julho de 1875, Bell e Watson\u2026","rel":"","context":"Post similar","block_context":{"text":"Post similar","link":""},"img":{"alt_text":"Slide3","src":"https:\/\/i0.wp.com\/efagundes.com\/networking\/wp-content\/uploads\/sites\/5\/2015\/03\/Slide38.jpg?resize=350%2C200","width":350,"height":200,"srcset":"https:\/\/i0.wp.com\/efagundes.com\/networking\/wp-content\/uploads\/sites\/5\/2015\/03\/Slide38.jpg?resize=350%2C200 1x, https:\/\/i0.wp.com\/efagundes.com\/networking\/wp-content\/uploads\/sites\/5\/2015\/03\/Slide38.jpg?resize=525%2C300 1.5x, https:\/\/i0.wp.com\/efagundes.com\/networking\/wp-content\/uploads\/sites\/5\/2015\/03\/Slide38.jpg?resize=700%2C400 2x"},"classes":[]},{"id":400,"url":"https:\/\/efagundes.com\/networking\/sistema-telefonico\/historia-do-telefone-iii\/","url_meta":{"origin":396,"position":2},"title":"Hist\u00f3ria do telefone (III)","author":"Eduardo Fagundes","date":"17\/11\/2012","format":false,"excerpt":"\u00a0 Demonstra\u00e7\u00f5es consecutivas superaram o ceticismo p\u00fablico sobre o telefone. A primeira conversa telef\u00f4nica externa foi entre Bell e Watson, em 9 de outubro de 1876, e ocorreu entre as cidades de Boston e Cambridge, em Massachusetts. Em 1877, foi instalado o primeiro telefone residencial, e foi conduzida uma conversa\u2026","rel":"","context":"Post similar","block_context":{"text":"Post similar","link":""},"img":{"alt_text":"Slide4","src":"https:\/\/i0.wp.com\/efagundes.com\/networking\/wp-content\/uploads\/sites\/5\/2015\/03\/Slide44.jpg?resize=350%2C200","width":350,"height":200,"srcset":"https:\/\/i0.wp.com\/efagundes.com\/networking\/wp-content\/uploads\/sites\/5\/2015\/03\/Slide44.jpg?resize=350%2C200 1x, https:\/\/i0.wp.com\/efagundes.com\/networking\/wp-content\/uploads\/sites\/5\/2015\/03\/Slide44.jpg?resize=525%2C300 1.5x, https:\/\/i0.wp.com\/efagundes.com\/networking\/wp-content\/uploads\/sites\/5\/2015\/03\/Slide44.jpg?resize=700%2C400 2x"},"classes":[]},{"id":300,"url":"https:\/\/efagundes.com\/networking\/multiplexacao-2\/aplicacao-de-fibra-com-dwdm\/","url_meta":{"origin":396,"position":3},"title":"Aplica\u00e7\u00e3o de fibra com DWDM","author":"Eduardo Fagundes","date":"16\/11\/2012","format":false,"excerpt":"Multiplexa\u00e7\u00e3o por Divis\u00e3o de Onda Densa (DWDM) Os sistemas submarinos atuais t\u00eam capacidade de transmitir v\u00e1rios sinais \u00f3pticos independentes, cada um com um comprimento de onda caracter\u00edstico (lambda). O m\u00e9todo pelo qual v\u00e1rios sinais em diferentes comprimentos de onda s\u00e3o combinados numa \u00fanica fibra \u00e9 conhecido pelo nome de multiplexa\u00e7\u00e3o\u2026","rel":"","context":"Post similar","block_context":{"text":"Post similar","link":""},"img":{"alt_text":"Slide30","src":"https:\/\/i0.wp.com\/efagundes.com\/networking\/wp-content\/uploads\/sites\/5\/2015\/03\/Slide301.jpg?resize=350%2C200","width":350,"height":200,"srcset":"https:\/\/i0.wp.com\/efagundes.com\/networking\/wp-content\/uploads\/sites\/5\/2015\/03\/Slide301.jpg?resize=350%2C200 1x, https:\/\/i0.wp.com\/efagundes.com\/networking\/wp-content\/uploads\/sites\/5\/2015\/03\/Slide301.jpg?resize=525%2C300 1.5x, https:\/\/i0.wp.com\/efagundes.com\/networking\/wp-content\/uploads\/sites\/5\/2015\/03\/Slide301.jpg?resize=700%2C400 2x"},"classes":[]},{"id":79,"url":"https:\/\/efagundes.com\/networking\/hardware-de-rede\/servidor-multihomed\/","url_meta":{"origin":396,"position":4},"title":"Servidor multihomed","author":"Eduardo Fagundes","date":"16\/11\/2012","format":false,"excerpt":"\u00a0 Tipo de roteamento comum para usu\u00e1rios de servi\u00e7os ADSL onde \u00e9 poss\u00edvel o compartilhamento de outros computadores na mesma linha de banda larga. Um servidor multihomed \u00e9 um computador que possui v\u00e1rias interfaces de rede. Cada interface de rede gera a sua pr\u00f3pria rede local l\u00f3gica, ou subnet para\u2026","rel":"","context":"Post similar","block_context":{"text":"Post similar","link":""},"img":{"alt_text":"Slide14","src":"https:\/\/i0.wp.com\/efagundes.com\/networking\/wp-content\/uploads\/sites\/5\/2015\/03\/Slide14.jpg?resize=350%2C200","width":350,"height":200,"srcset":"https:\/\/i0.wp.com\/efagundes.com\/networking\/wp-content\/uploads\/sites\/5\/2015\/03\/Slide14.jpg?resize=350%2C200 1x, https:\/\/i0.wp.com\/efagundes.com\/networking\/wp-content\/uploads\/sites\/5\/2015\/03\/Slide14.jpg?resize=525%2C300 1.5x, https:\/\/i0.wp.com\/efagundes.com\/networking\/wp-content\/uploads\/sites\/5\/2015\/03\/Slide14.jpg?resize=700%2C400 2x"},"classes":[]},{"id":452,"url":"https:\/\/efagundes.com\/networking\/sistema-de-telefonia-movel\/1xev\/","url_meta":{"origin":396,"position":5},"title":"1xEV","author":"Eduardo Fagundes","date":"17\/11\/2012","format":false,"excerpt":"Basicamente, 1xEV-DO \u00e9 um sistema de dados sem fio com alta velocidade e alta capacidade que combina a conveni\u00eancia da mobilidade com o desempenho de uma rede de dados fixa. \u00c9 verdadeiramente uma tecnologia 3G uma vez que permite transmiss\u00e3o de dados com taxas acima de 2.4Mbps e ao mesmo\u2026","rel":"","context":"Post similar","block_context":{"text":"Post similar","link":""},"img":{"alt_text":"","src":"https:\/\/i0.wp.com\/efagundes.com\/networking\/wp-content\/uploads\/sites\/5\/2015\/03\/Slide292.jpg?resize=350%2C200","width":350,"height":200,"srcset":"https:\/\/i0.wp.com\/efagundes.com\/networking\/wp-content\/uploads\/sites\/5\/2015\/03\/Slide292.jpg?resize=350%2C200 1x, https:\/\/i0.wp.com\/efagundes.com\/networking\/wp-content\/uploads\/sites\/5\/2015\/03\/Slide292.jpg?resize=525%2C300 1.5x, https:\/\/i0.wp.com\/efagundes.com\/networking\/wp-content\/uploads\/sites\/5\/2015\/03\/Slide292.jpg?resize=700%2C400 2x"},"classes":[]}],"jetpack_sharing_enabled":true,"_links":{"self":[{"href":"https:\/\/efagundes.com\/networking\/wp-json\/wp\/v2\/pages\/396","targetHints":{"allow":["GET"]}}],"collection":[{"href":"https:\/\/efagundes.com\/networking\/wp-json\/wp\/v2\/pages"}],"about":[{"href":"https:\/\/efagundes.com\/networking\/wp-json\/wp\/v2\/types\/page"}],"author":[{"embeddable":true,"href":"https:\/\/efagundes.com\/networking\/wp-json\/wp\/v2\/users\/1"}],"replies":[{"embeddable":true,"href":"https:\/\/efagundes.com\/networking\/wp-json\/wp\/v2\/comments?post=396"}],"version-history":[{"count":0,"href":"https:\/\/efagundes.com\/networking\/wp-json\/wp\/v2\/pages\/396\/revisions"}],"up":[{"embeddable":true,"href":"https:\/\/efagundes.com\/networking\/wp-json\/wp\/v2\/pages\/394"}],"wp:attachment":[{"href":"https:\/\/efagundes.com\/networking\/wp-json\/wp\/v2\/media?parent=396"}],"curies":[{"name":"wp","href":"https:\/\/api.w.org\/{rel}","templated":true}]}}