{"id":402,"date":"2012-11-17T10:19:11","date_gmt":"2012-11-17T12:19:11","guid":{"rendered":"http:\/\/efagundes.com\/openclass_networking\/?page_id=402"},"modified":"2022-01-16T17:51:04","modified_gmt":"2022-01-16T20:51:04","slug":"moderno-sistema-telefonico","status":"publish","type":"page","link":"https:\/\/efagundes.com\/networking\/sistema-telefonico\/moderno-sistema-telefonico\/","title":{"rendered":"Moderno sistema telef\u00f4nico"},"content":{"rendered":"<p>&nbsp;<\/p>\n<p><a href=\"https:\/\/i0.wp.com\/efagundes.com\/networking\/wp-content\/uploads\/sites\/5\/2015\/03\/Slide54.jpg\"><img data-recalc-dims=\"1\" loading=\"lazy\" decoding=\"async\" data-attachment-id=\"2455\" data-permalink=\"https:\/\/efagundes.com\/networking\/sistema-telefonico\/moderno-sistema-telefonico\/slide5-5\/\" data-orig-file=\"https:\/\/i0.wp.com\/efagundes.com\/networking\/wp-content\/uploads\/sites\/5\/2015\/03\/Slide54.jpg?fit=960%2C720&amp;ssl=1\" data-orig-size=\"960,720\" data-comments-opened=\"1\" data-image-meta=\"{&quot;aperture&quot;:&quot;0&quot;,&quot;credit&quot;:&quot;&quot;,&quot;camera&quot;:&quot;&quot;,&quot;caption&quot;:&quot;&quot;,&quot;created_timestamp&quot;:&quot;0&quot;,&quot;copyright&quot;:&quot;&quot;,&quot;focal_length&quot;:&quot;0&quot;,&quot;iso&quot;:&quot;0&quot;,&quot;shutter_speed&quot;:&quot;0&quot;,&quot;title&quot;:&quot;&quot;,&quot;orientation&quot;:&quot;0&quot;}\" data-image-title=\"Slide5\" data-image-description=\"\" data-image-caption=\"\" data-large-file=\"https:\/\/i0.wp.com\/efagundes.com\/networking\/wp-content\/uploads\/sites\/5\/2015\/03\/Slide54.jpg?fit=960%2C720&amp;ssl=1\" class=\"alignnone size-full wp-image-2455\" src=\"https:\/\/i0.wp.com\/efagundes.com\/networking\/wp-content\/uploads\/sites\/5\/2015\/03\/Slide54.jpg?resize=960%2C720\" alt=\"Slide5\" width=\"960\" height=\"720\" srcset=\"https:\/\/i0.wp.com\/efagundes.com\/networking\/wp-content\/uploads\/sites\/5\/2015\/03\/Slide54.jpg?w=960&amp;ssl=1 960w, https:\/\/i0.wp.com\/efagundes.com\/networking\/wp-content\/uploads\/sites\/5\/2015\/03\/Slide54.jpg?resize=300%2C225&amp;ssl=1 300w\" sizes=\"auto, (max-width: 960px) 100vw, 960px\" \/><\/a>A comunica\u00e7\u00e3o via redes de pacotes como IP, ATM e Frame Relay est\u00e3o tendo a prefer\u00eancia dos planejadores de redes corporativas. Alguns especialistas afirmam que o tr\u00e1fico de dados superar\u00e1 o tr\u00e1fico de voz. Se j\u00e1 n\u00e3o ultrapassou. Atualmente, as empresas est\u00e3o avaliando o transporte de voz sobre as redes IP para reduzir os custos de telefonia e fax, com a vantagem de utiliza\u00e7\u00e3o de aplica\u00e7\u00f5es multim\u00eddia avan\u00e7adas. Os servi\u00e7os de transmiss\u00e3o de voz sobre redes IP oferecem alta qualidade e podem ser integrados aos servi\u00e7os de dados e v\u00eddeo, tornando realidade a converg\u00eancia dos servi\u00e7os. A tecnologia de voz sobre IP (VoIP) est\u00e1 provando que pode ser vi\u00e1vel, adota padr\u00f5es internacionais e pode ser implementada em escala mundial. Os desafios encontrados pelos provedores de telecomunica\u00e7\u00f5es para liberar produtos comerciais est\u00e3o sendo vencidos. Esses desafios incluem a interoperacionalidade entre redes, perda de pacotes, retardo (delay), escalabilidade e confiabilidade. A Internet e as Intranet corporativas est\u00e3o sendo habilitadas para transportar todo o tr\u00e1fico de voz requerido pelas organiza\u00e7\u00f5es.<\/p>\n<p>Nos \u00faltimos anos os vendedores de solu\u00e7\u00f5es VoIP apresentavam as vantagens do uso da nova tecnologia. Atualmente, a tecnologia j\u00e1 est\u00e1 madura o suficiente para atender as expectativas das empresas com diferentes portes. Hoje os telefones baseados em IP j\u00e1 possuem as seguintes caracter\u00edsticas:<\/p>\n<p>Som igual aos telefones tradicionais. Com a implementa\u00e7\u00e3o da qualidade de servi\u00e7o (QoS) nas redes IP para executar aplica\u00e7\u00f5es VoIP possuem excelente qualidade.<\/p>\n<p>S\u00e3o confi\u00e1veis o suficiente para suporta os neg\u00f3cios das empresas. Apesar dos rumores de falta de confiabilidade da tecnologia VoIP difundida pelos vendedores de PBX tradicionais, a tecnologia VoIP est\u00e1 bastante confi\u00e1vel, com facilidades de roteamento autom\u00e1tico contra falhas e substitui\u00e7\u00e3o de componentes em opera\u00e7\u00e3o.<\/p>\n<p>Oferecer no m\u00ednimo os mesmos custos dos PBX tradicionais. Em \u00faltima an\u00e1lise o que se busca \u00e9 redu\u00e7\u00e3o dos custos mantendo no m\u00ednimo a mesma qualidade e isso a atual tecnologia de VoIP est\u00e1 conseguindo. Em alguns casos, onde a infra-estrutura de rede \u00e9 robusta e de grande capacidade para tr\u00e1fego de dados, existem cortes de custos no curto prazo.<\/p>\n<p>&nbsp;<\/p>\n","protected":false},"excerpt":{"rendered":"<p>&nbsp; A comunica\u00e7\u00e3o via redes de pacotes como IP, ATM e Frame Relay est\u00e3o tendo a prefer\u00eancia dos planejadores de redes corporativas. Alguns especialistas afirmam que o tr\u00e1fico de dados superar\u00e1 o tr\u00e1fico de voz. Se j\u00e1 n\u00e3o ultrapassou. Atualmente, as empresas est\u00e3o avaliando o transporte de voz sobre as redes IP para reduzir os [&hellip;]<\/p>\n","protected":false},"author":1,"featured_media":0,"parent":394,"menu_order":6,"comment_status":"closed","ping_status":"closed","template":"","meta":{"footnotes":""},"class_list":["post-402","page","type-page","status-publish","hentry"],"jetpack_shortlink":"https:\/\/wp.me\/P8yKGp-6u","jetpack-related-posts":[{"id":163,"url":"https:\/\/efagundes.com\/networking\/redes-geograficamente-distribuidas\/asynchronous-transfer-mode-atm\/","url_meta":{"origin":402,"position":0},"title":"Asynchronous Transfer Mode (ATM)","author":"Eduardo Fagundes","date":"16\/11\/2012","format":false,"excerpt":"O ATM (Asynchronous Transfer Mode) \u00e9 uma tecnologia de rede tanto para redes locais como para redes geograficamente distribu\u00eddas (LANs e WANs) que suporta voz em tempo real, bem como v\u00eddeo e dados. A topologia usa comutadores que estabelecem um circuito l\u00f3gico fim-a-fim que garante a qualidade de servi\u00e7o na\u2026","rel":"","context":"Post similar","block_context":{"text":"Post similar","link":""},"img":{"alt_text":"","src":"https:\/\/i0.wp.com\/efagundes.com.br\/networking\/wp-content\/uploads\/sites\/7\/2012\/11\/Slide101.jpg?resize=350%2C200","width":350,"height":200,"srcset":"https:\/\/i0.wp.com\/efagundes.com.br\/networking\/wp-content\/uploads\/sites\/7\/2012\/11\/Slide101.jpg?resize=350%2C200 1x, https:\/\/i0.wp.com\/efagundes.com.br\/networking\/wp-content\/uploads\/sites\/7\/2012\/11\/Slide101.jpg?resize=525%2C300 1.5x"},"classes":[]},{"id":161,"url":"https:\/\/efagundes.com\/networking\/redes-geograficamente-distribuidas\/frame-relay\/","url_meta":{"origin":402,"position":1},"title":"Frame Relay","author":"Eduardo Fagundes","date":"16\/11\/2012","format":false,"excerpt":"O Frame Relay \u00e9 um protocolo de WAN de alto-desempenho que opera nas camadas f\u00edsica e de enlace de dados do modelo OSI. O Frame Relay foi projetado originalmente para uso nas Redes Digitais de Servi\u00e7os Integrados (RDSI). Por\u00e9m, atualmente \u00e9 usado por uma variedade de outras interfaces de rede.\u2026","rel":"","context":"Post similar","block_context":{"text":"Post similar","link":""},"img":{"alt_text":"Slide9","src":"https:\/\/i0.wp.com\/efagundes.com\/networking\/wp-content\/uploads\/sites\/5\/2015\/03\/Slide91.jpg?resize=350%2C200","width":350,"height":200,"srcset":"https:\/\/i0.wp.com\/efagundes.com\/networking\/wp-content\/uploads\/sites\/5\/2015\/03\/Slide91.jpg?resize=350%2C200 1x, https:\/\/i0.wp.com\/efagundes.com\/networking\/wp-content\/uploads\/sites\/5\/2015\/03\/Slide91.jpg?resize=525%2C300 1.5x, https:\/\/i0.wp.com\/efagundes.com\/networking\/wp-content\/uploads\/sites\/5\/2015\/03\/Slide91.jpg?resize=700%2C400 2x"},"classes":[]},{"id":663,"url":"https:\/\/efagundes.com\/networking\/lans-sem-fio\/ieee-802-16\/","url_meta":{"origin":402,"position":2},"title":"IEEE 802.16","author":"Eduardo Fagundes","date":"17\/11\/2012","format":false,"excerpt":"O padr\u00e3o 802.16 \u00e9 tamb\u00e9m conhecido como a interface a\u00e9rea da IEEE para Wireless MAN, isto \u00e9, da rede metropolitana sem fios. Esta tecnologia est\u00e1 sendo especificada pelo grupo do IEEE que trata de acessos de banda larga para \u00faltima milha em \u00e1reas metropolitanas, com padr\u00f5es de desempenho equivalentes aos\u2026","rel":"","context":"Post similar","block_context":{"text":"Post similar","link":""},"img":{"alt_text":"","src":"https:\/\/i0.wp.com\/efagundes.com\/networking\/wp-content\/uploads\/sites\/5\/2015\/03\/Slide441.jpg?resize=350%2C200","width":350,"height":200,"srcset":"https:\/\/i0.wp.com\/efagundes.com\/networking\/wp-content\/uploads\/sites\/5\/2015\/03\/Slide441.jpg?resize=350%2C200 1x, https:\/\/i0.wp.com\/efagundes.com\/networking\/wp-content\/uploads\/sites\/5\/2015\/03\/Slide441.jpg?resize=525%2C300 1.5x, https:\/\/i0.wp.com\/efagundes.com\/networking\/wp-content\/uploads\/sites\/5\/2015\/03\/Slide441.jpg?resize=700%2C400 2x"},"classes":[]},{"id":458,"url":"https:\/\/efagundes.com\/networking\/sistema-de-telefonia-movel\/evolucao-da-telefonia-movel\/","url_meta":{"origin":402,"position":3},"title":"Evolu\u00e7\u00e3o da telefonia m\u00f3vel","author":"Eduardo Fagundes","date":"17\/11\/2012","format":false,"excerpt":"A primeira gera\u00e7\u00e3o (1G) de sistemas de comunica\u00e7\u00f5es celulares m\u00f3veis era anal\u00f3gico, como AMPS, TACS e NMT. Principalmente usado para voz, eles foram lan\u00e7ados no final dos anos 70 e inicio dos anos 80. No come\u00e7o dos anos 90, foi lan\u00e7ada a segunda gera\u00e7\u00e3o (2G) sistemas utilizando a codifica\u00e7\u00e3o digital,\u2026","rel":"","context":"Post similar","block_context":{"text":"Post similar","link":""},"img":{"alt_text":"","src":"https:\/\/i0.wp.com\/efagundes.com\/networking\/wp-content\/uploads\/sites\/5\/2015\/03\/Slide322.jpg?resize=350%2C200","width":350,"height":200,"srcset":"https:\/\/i0.wp.com\/efagundes.com\/networking\/wp-content\/uploads\/sites\/5\/2015\/03\/Slide322.jpg?resize=350%2C200 1x, https:\/\/i0.wp.com\/efagundes.com\/networking\/wp-content\/uploads\/sites\/5\/2015\/03\/Slide322.jpg?resize=525%2C300 1.5x, https:\/\/i0.wp.com\/efagundes.com\/networking\/wp-content\/uploads\/sites\/5\/2015\/03\/Slide322.jpg?resize=700%2C400 2x"},"classes":[]},{"id":450,"url":"https:\/\/efagundes.com\/networking\/sistema-de-telefonia-movel\/gprs\/","url_meta":{"origin":402,"position":4},"title":"GPRS","author":"Eduardo Fagundes","date":"17\/11\/2012","format":false,"excerpt":"No GSM, cada canal de RF ocupa uma banda de 200 kHz e transmite um sinal digital com taxa de 270,833 kbit\/s com uma estrutura de quadro (frame) com 8 intervalos de tempo (time slots). Nenhum canal ou slots f\u00edsico est\u00e1 designado a priori para uma tarefa em particular. O\u2026","rel":"","context":"Post similar","block_context":{"text":"Post similar","link":""},"img":{"alt_text":"","src":"https:\/\/i0.wp.com\/efagundes.com\/networking\/wp-content\/uploads\/sites\/5\/2015\/03\/Slide282.jpg?resize=350%2C200","width":350,"height":200,"srcset":"https:\/\/i0.wp.com\/efagundes.com\/networking\/wp-content\/uploads\/sites\/5\/2015\/03\/Slide282.jpg?resize=350%2C200 1x, https:\/\/i0.wp.com\/efagundes.com\/networking\/wp-content\/uploads\/sites\/5\/2015\/03\/Slide282.jpg?resize=525%2C300 1.5x, https:\/\/i0.wp.com\/efagundes.com\/networking\/wp-content\/uploads\/sites\/5\/2015\/03\/Slide282.jpg?resize=700%2C400 2x"},"classes":[]},{"id":156,"url":"https:\/\/efagundes.com\/networking\/redes-geograficamente-distribuidas\/protocolos-do-x-25\/","url_meta":{"origin":402,"position":5},"title":"Protocolos do X.25","author":"Eduardo Fagundes","date":"16\/11\/2012","format":false,"excerpt":"O conjunto de protocolos X.25 especifica as tr\u00eas camadas inferiores do modelo OSI. Os seguintes protocolos s\u00e3o tipicamente usados numa implementa\u00e7\u00e3o X.25: Packet-Layer Protocol (PLP), Link Access Procedure Balanced (LAPB), e outras interfaces seriais da camada f\u00edsica (como EIA\/TIA-232, EIA\/TIA-449, EIA-530 e G.703). Figura mostra os protocolos X.25 fundamentais para\u2026","rel":"","context":"Post similar","block_context":{"text":"Post similar","link":""},"img":{"alt_text":"Slide8","src":"https:\/\/i0.wp.com\/efagundes.com\/networking\/wp-content\/uploads\/sites\/5\/2015\/03\/Slide81.jpg?resize=350%2C200","width":350,"height":200,"srcset":"https:\/\/i0.wp.com\/efagundes.com\/networking\/wp-content\/uploads\/sites\/5\/2015\/03\/Slide81.jpg?resize=350%2C200 1x, https:\/\/i0.wp.com\/efagundes.com\/networking\/wp-content\/uploads\/sites\/5\/2015\/03\/Slide81.jpg?resize=525%2C300 1.5x, https:\/\/i0.wp.com\/efagundes.com\/networking\/wp-content\/uploads\/sites\/5\/2015\/03\/Slide81.jpg?resize=700%2C400 2x"},"classes":[]}],"jetpack_sharing_enabled":true,"_links":{"self":[{"href":"https:\/\/efagundes.com\/networking\/wp-json\/wp\/v2\/pages\/402","targetHints":{"allow":["GET"]}}],"collection":[{"href":"https:\/\/efagundes.com\/networking\/wp-json\/wp\/v2\/pages"}],"about":[{"href":"https:\/\/efagundes.com\/networking\/wp-json\/wp\/v2\/types\/page"}],"author":[{"embeddable":true,"href":"https:\/\/efagundes.com\/networking\/wp-json\/wp\/v2\/users\/1"}],"replies":[{"embeddable":true,"href":"https:\/\/efagundes.com\/networking\/wp-json\/wp\/v2\/comments?post=402"}],"version-history":[{"count":0,"href":"https:\/\/efagundes.com\/networking\/wp-json\/wp\/v2\/pages\/402\/revisions"}],"up":[{"embeddable":true,"href":"https:\/\/efagundes.com\/networking\/wp-json\/wp\/v2\/pages\/394"}],"wp:attachment":[{"href":"https:\/\/efagundes.com\/networking\/wp-json\/wp\/v2\/media?parent=402"}],"curies":[{"name":"wp","href":"https:\/\/api.w.org\/{rel}","templated":true}]}}