{"id":404,"date":"2012-11-17T10:20:21","date_gmt":"2012-11-17T12:20:21","guid":{"rendered":"http:\/\/efagundes.com\/openclass_networking\/?page_id=404"},"modified":"2022-01-16T17:51:04","modified_gmt":"2022-01-16T20:51:04","slug":"estrutura-do-sistema-telefonico-i","status":"publish","type":"page","link":"https:\/\/efagundes.com\/networking\/sistema-telefonico\/estrutura-do-sistema-telefonico-i\/","title":{"rendered":"Estrutura do sistema telef\u00f4nico (I)"},"content":{"rendered":"<p>&nbsp;<\/p>\n<p><a href=\"https:\/\/i0.wp.com\/efagundes.com\/networking\/wp-content\/uploads\/sites\/5\/2015\/03\/Slide64.jpg\"><img data-recalc-dims=\"1\" loading=\"lazy\" decoding=\"async\" data-attachment-id=\"2456\" data-permalink=\"https:\/\/efagundes.com\/networking\/sistema-telefonico\/estrutura-do-sistema-telefonico-i\/slide6-5\/\" data-orig-file=\"https:\/\/i0.wp.com\/efagundes.com\/networking\/wp-content\/uploads\/sites\/5\/2015\/03\/Slide64.jpg?fit=960%2C720&amp;ssl=1\" data-orig-size=\"960,720\" data-comments-opened=\"1\" data-image-meta=\"{&quot;aperture&quot;:&quot;0&quot;,&quot;credit&quot;:&quot;&quot;,&quot;camera&quot;:&quot;&quot;,&quot;caption&quot;:&quot;&quot;,&quot;created_timestamp&quot;:&quot;0&quot;,&quot;copyright&quot;:&quot;&quot;,&quot;focal_length&quot;:&quot;0&quot;,&quot;iso&quot;:&quot;0&quot;,&quot;shutter_speed&quot;:&quot;0&quot;,&quot;title&quot;:&quot;&quot;,&quot;orientation&quot;:&quot;0&quot;}\" data-image-title=\"Slide6\" data-image-description=\"\" data-image-caption=\"\" data-large-file=\"https:\/\/i0.wp.com\/efagundes.com\/networking\/wp-content\/uploads\/sites\/5\/2015\/03\/Slide64.jpg?fit=960%2C720&amp;ssl=1\" class=\"alignnone size-full wp-image-2456\" src=\"https:\/\/i0.wp.com\/efagundes.com\/networking\/wp-content\/uploads\/sites\/5\/2015\/03\/Slide64.jpg?resize=960%2C720\" alt=\"Slide6\" width=\"960\" height=\"720\" srcset=\"https:\/\/i0.wp.com\/efagundes.com\/networking\/wp-content\/uploads\/sites\/5\/2015\/03\/Slide64.jpg?w=960&amp;ssl=1 960w, https:\/\/i0.wp.com\/efagundes.com\/networking\/wp-content\/uploads\/sites\/5\/2015\/03\/Slide64.jpg?resize=300%2C225&amp;ssl=1 300w\" sizes=\"auto, (max-width: 960px) 100vw, 960px\" \/><\/a>Quando Alexander Graham Bell patenteou o telefone em 1876 existia uma grande demanda por novas inven\u00e7\u00f5es. Inicialmente, os telefones eram comercializados aos pares, ou seja, o cliente comprava um par de telefones e tamb\u00e9m o cabo para conecta-los. Utilizava-se apenas um fio e o retorno dos el\u00e9trons era feito pelo solo, a exemplo dos telefones rurais atuais. Alias, a tecnologia do sistema telef\u00f4nico \u00e9 praticamente a mesma a mais de 100 anos. Se o propriet\u00e1rio do telefone quisesse com n outros propriet\u00e1rios ele tinha que conectar n linhas, o que obviamente com o tempo isso seria imposs\u00edvel. Figura (a).<\/p>\n<p>Bell previu essa dificuldade e criou a Bell Telephone Company, em 1878. A empresa ligava um fio at\u00e9 a casa ou escrit\u00f3rio do cliente. Para fazer uma chamada, o usu\u00e1rio girava a manivela, o que emitia um som na companhia telef\u00f4nica e chamava a aten\u00e7\u00e3o de um operador. Este, por sua vez, conectava manualmente o emissor da chamada ao receptor usando um jumper. Observe a figura (b).<\/p>\n<p>Com o tempo, as esta\u00e7\u00f5es de comuta\u00e7\u00e3o da Bell System se espalharam por todos os locais. Logo as pessoas passaram a querer liga\u00e7\u00f5es interurbanas. Por isso, a Bell System passou a conectar uma esta\u00e7\u00e3o de comuta\u00e7\u00e3o \u00e0 outra. Contudo, o problema original veio \u00e0 tona mais uma vez: conectar cada esta\u00e7\u00e3o de comuta\u00e7\u00e3o \u00e0 outra atrav\u00e9s de um fio entre elas logo se tornou invi\u00e1vel. Ent\u00e3o, as esta\u00e7\u00f5es de comuta\u00e7\u00e3o de segundo n\u00edvel foram inventadas. Figura (c).<\/p>\n<p>Nos anos 70 as centrais telef\u00f4nicas iniciaram uma evolu\u00e7\u00e3o de uma concep\u00e7\u00e3o anal\u00f3gica para digital. Esta transforma\u00e7\u00e3o iniciada no n\u00facleo das centrais, pela substitui\u00e7\u00e3o de componentes eletromec\u00e2nicos por processadores digitais estendeu-se a outras \u00e1reas perif\u00e9ricas das centrais, dando origem \u00e0s centrais digitais CPA-T (Controle por Programa Armazenado -Temporal). Em 2002, no Brasil, 98 % das centrais eram digitais.<\/p>\n<p>Com as centrais digitais foi poss\u00edvel evoluir os m\u00e9todos de sinaliza\u00e7\u00e3o, passando de sistemas onde a sinaliza\u00e7\u00e3o \u00e9 feita utilizando o pr\u00f3prio canal onde se processa a chamada telef\u00f4nica (canal associado) para a padroniza\u00e7\u00e3o estabelecida pelo sistema de sinaliza\u00e7\u00e3o por canal comum n\u00famero 7 (SS7) que utiliza um canal dedicado para sinaliza\u00e7\u00e3o (Canal Comum). Esta evolu\u00e7\u00e3o trouxe flexibilidade e uma s\u00e9rie de benef\u00edcios ao sistema telef\u00f4nico principalmente quanto ao oferecimento de servi\u00e7os suplementares e de rede inteligente.<\/p>\n<p>&nbsp;<\/p>\n","protected":false},"excerpt":{"rendered":"<p>&nbsp; Quando Alexander Graham Bell patenteou o telefone em 1876 existia uma grande demanda por novas inven\u00e7\u00f5es. Inicialmente, os telefones eram comercializados aos pares, ou seja, o cliente comprava um par de telefones e tamb\u00e9m o cabo para conecta-los. Utilizava-se apenas um fio e o retorno dos el\u00e9trons era feito pelo solo, a exemplo dos [&hellip;]<\/p>\n","protected":false},"author":1,"featured_media":0,"parent":394,"menu_order":4,"comment_status":"closed","ping_status":"open","template":"","meta":{"footnotes":""},"class_list":["post-404","page","type-page","status-publish","hentry"],"jetpack_shortlink":"https:\/\/wp.me\/P8yKGp-6w","jetpack-related-posts":[{"id":398,"url":"https:\/\/efagundes.com\/networking\/sistema-telefonico\/historia-do-telefone-ii\/","url_meta":{"origin":404,"position":0},"title":"Hist\u00f3ria do telefone (II)","author":"Eduardo Fagundes","date":"17\/11\/2012","format":false,"excerpt":"De 1872 a 1875, Bell trabalhava no desenvolvimento de pesquisas que deram origem \u00e0 cria\u00e7\u00e3o do telefone. Ao sentir a necessidade de ter um modelista na confec\u00e7\u00e3o das pe\u00e7as de ferro dos seus inventos, come\u00e7ou a trabalhar com Thomas Watson. No dia 02 de julho de 1875, Bell e Watson\u2026","rel":"","context":"Post similar","block_context":{"text":"Post similar","link":""},"img":{"alt_text":"Slide3","src":"https:\/\/i0.wp.com\/efagundes.com\/networking\/wp-content\/uploads\/sites\/5\/2015\/03\/Slide38.jpg?resize=350%2C200","width":350,"height":200,"srcset":"https:\/\/i0.wp.com\/efagundes.com\/networking\/wp-content\/uploads\/sites\/5\/2015\/03\/Slide38.jpg?resize=350%2C200 1x, https:\/\/i0.wp.com\/efagundes.com\/networking\/wp-content\/uploads\/sites\/5\/2015\/03\/Slide38.jpg?resize=525%2C300 1.5x, https:\/\/i0.wp.com\/efagundes.com\/networking\/wp-content\/uploads\/sites\/5\/2015\/03\/Slide38.jpg?resize=700%2C400 2x"},"classes":[]},{"id":400,"url":"https:\/\/efagundes.com\/networking\/sistema-telefonico\/historia-do-telefone-iii\/","url_meta":{"origin":404,"position":1},"title":"Hist\u00f3ria do telefone (III)","author":"Eduardo Fagundes","date":"17\/11\/2012","format":false,"excerpt":"\u00a0 Demonstra\u00e7\u00f5es consecutivas superaram o ceticismo p\u00fablico sobre o telefone. A primeira conversa telef\u00f4nica externa foi entre Bell e Watson, em 9 de outubro de 1876, e ocorreu entre as cidades de Boston e Cambridge, em Massachusetts. Em 1877, foi instalado o primeiro telefone residencial, e foi conduzida uma conversa\u2026","rel":"","context":"Post similar","block_context":{"text":"Post similar","link":""},"img":{"alt_text":"Slide4","src":"https:\/\/i0.wp.com\/efagundes.com\/networking\/wp-content\/uploads\/sites\/5\/2015\/03\/Slide44.jpg?resize=350%2C200","width":350,"height":200,"srcset":"https:\/\/i0.wp.com\/efagundes.com\/networking\/wp-content\/uploads\/sites\/5\/2015\/03\/Slide44.jpg?resize=350%2C200 1x, https:\/\/i0.wp.com\/efagundes.com\/networking\/wp-content\/uploads\/sites\/5\/2015\/03\/Slide44.jpg?resize=525%2C300 1.5x, https:\/\/i0.wp.com\/efagundes.com\/networking\/wp-content\/uploads\/sites\/5\/2015\/03\/Slide44.jpg?resize=700%2C400 2x"},"classes":[]},{"id":402,"url":"https:\/\/efagundes.com\/networking\/sistema-telefonico\/moderno-sistema-telefonico\/","url_meta":{"origin":404,"position":2},"title":"Moderno sistema telef\u00f4nico","author":"Eduardo Fagundes","date":"17\/11\/2012","format":false,"excerpt":"\u00a0 A comunica\u00e7\u00e3o via redes de pacotes como IP, ATM e Frame Relay est\u00e3o tendo a prefer\u00eancia dos planejadores de redes corporativas. Alguns especialistas afirmam que o tr\u00e1fico de dados superar\u00e1 o tr\u00e1fico de voz. Se j\u00e1 n\u00e3o ultrapassou. Atualmente, as empresas est\u00e3o avaliando o transporte de voz sobre as\u2026","rel":"","context":"Post similar","block_context":{"text":"Post similar","link":""},"img":{"alt_text":"Slide5","src":"https:\/\/i0.wp.com\/efagundes.com\/networking\/wp-content\/uploads\/sites\/5\/2015\/03\/Slide54.jpg?resize=350%2C200","width":350,"height":200,"srcset":"https:\/\/i0.wp.com\/efagundes.com\/networking\/wp-content\/uploads\/sites\/5\/2015\/03\/Slide54.jpg?resize=350%2C200 1x, https:\/\/i0.wp.com\/efagundes.com\/networking\/wp-content\/uploads\/sites\/5\/2015\/03\/Slide54.jpg?resize=525%2C300 1.5x, https:\/\/i0.wp.com\/efagundes.com\/networking\/wp-content\/uploads\/sites\/5\/2015\/03\/Slide54.jpg?resize=700%2C400 2x"},"classes":[]},{"id":396,"url":"https:\/\/efagundes.com\/networking\/sistema-telefonico\/historia-do-telefone-i\/","url_meta":{"origin":404,"position":3},"title":"Hist\u00f3ria do telefone (I)","author":"Eduardo Fagundes","date":"17\/11\/2012","format":false,"excerpt":"\u00a0 Samuel Morse, pintor e inventor, no dia 2 de dezembro de 1837, apresentou a um grupo de amigos a sua cria\u00e7\u00e3o: um circuito telegr\u00e1fico com o comprimento de 420 metros. Entre os que assistiram \u00e0 demonstra\u00e7\u00e3o estava Alfred Vail, rico propriet\u00e1rio de ferrarias, dotado de um not\u00e1vel tino comercial.\u2026","rel":"","context":"Post similar","block_context":{"text":"Post similar","link":""},"img":{"alt_text":"Slide2","src":"https:\/\/i0.wp.com\/efagundes.com\/networking\/wp-content\/uploads\/sites\/5\/2015\/03\/Slide215.jpg?resize=350%2C200","width":350,"height":200,"srcset":"https:\/\/i0.wp.com\/efagundes.com\/networking\/wp-content\/uploads\/sites\/5\/2015\/03\/Slide215.jpg?resize=350%2C200 1x, https:\/\/i0.wp.com\/efagundes.com\/networking\/wp-content\/uploads\/sites\/5\/2015\/03\/Slide215.jpg?resize=525%2C300 1.5x, https:\/\/i0.wp.com\/efagundes.com\/networking\/wp-content\/uploads\/sites\/5\/2015\/03\/Slide215.jpg?resize=700%2C400 2x"},"classes":[]},{"id":406,"url":"https:\/\/efagundes.com\/networking\/sistema-telefonico\/estrutura-do-sistema-telefonico-ii\/","url_meta":{"origin":404,"position":4},"title":"Estrutura do sistema telef\u00f4nico (II)","author":"Eduardo Fagundes","date":"17\/11\/2012","format":false,"excerpt":"Em 1890, era poss\u00edvel notar a presen\u00e7a das tr\u00eas principais partes do sistema telef\u00f4nico: as esta\u00e7\u00f5es de comuta\u00e7\u00e3o, os fios que ligavam os usu\u00e1rios \u00e0s esta\u00e7\u00f5es de comuta\u00e7\u00e3o (agora j\u00e1 operando com cabos de pares tran\u00e7ados, isolados e balanceados em vez de cabos abertos com retorno por terra) e as\u2026","rel":"","context":"Post similar","block_context":{"text":"Post similar","link":""},"img":{"alt_text":"Slide7","src":"https:\/\/i0.wp.com\/efagundes.com\/networking\/wp-content\/uploads\/sites\/5\/2015\/03\/Slide74.jpg?resize=350%2C200","width":350,"height":200,"srcset":"https:\/\/i0.wp.com\/efagundes.com\/networking\/wp-content\/uploads\/sites\/5\/2015\/03\/Slide74.jpg?resize=350%2C200 1x, https:\/\/i0.wp.com\/efagundes.com\/networking\/wp-content\/uploads\/sites\/5\/2015\/03\/Slide74.jpg?resize=525%2C300 1.5x, https:\/\/i0.wp.com\/efagundes.com\/networking\/wp-content\/uploads\/sites\/5\/2015\/03\/Slide74.jpg?resize=700%2C400 2x"},"classes":[]},{"id":434,"url":"https:\/\/efagundes.com\/networking\/sistema-telefonico\/wll-wire-local-loop\/","url_meta":{"origin":404,"position":5},"title":"WLL Wire Local Loop","author":"Eduardo Fagundes","date":"17\/11\/2012","format":false,"excerpt":"\u00a0 A tecnologia WLL substitui, no todo ou em parte, os pares de cabos telef\u00f4nicos utilizados na conex\u00e3o do telefone do assinante at\u00e9 a central telef\u00f4nica. \u00c9 baseada em um terminal fixo que se comunica, via ondas de r\u00e1dio, com a central de telefonia p\u00fablica e que busca n\u00e3o utilizar\u2026","rel":"","context":"Post similar","block_context":{"text":"Post similar","link":""},"img":{"alt_text":"Slide20","src":"https:\/\/i0.wp.com\/efagundes.com\/networking\/wp-content\/uploads\/sites\/5\/2015\/03\/Slide203.jpg?resize=350%2C200","width":350,"height":200,"srcset":"https:\/\/i0.wp.com\/efagundes.com\/networking\/wp-content\/uploads\/sites\/5\/2015\/03\/Slide203.jpg?resize=350%2C200 1x, https:\/\/i0.wp.com\/efagundes.com\/networking\/wp-content\/uploads\/sites\/5\/2015\/03\/Slide203.jpg?resize=525%2C300 1.5x, https:\/\/i0.wp.com\/efagundes.com\/networking\/wp-content\/uploads\/sites\/5\/2015\/03\/Slide203.jpg?resize=700%2C400 2x"},"classes":[]}],"jetpack_sharing_enabled":true,"_links":{"self":[{"href":"https:\/\/efagundes.com\/networking\/wp-json\/wp\/v2\/pages\/404","targetHints":{"allow":["GET"]}}],"collection":[{"href":"https:\/\/efagundes.com\/networking\/wp-json\/wp\/v2\/pages"}],"about":[{"href":"https:\/\/efagundes.com\/networking\/wp-json\/wp\/v2\/types\/page"}],"author":[{"embeddable":true,"href":"https:\/\/efagundes.com\/networking\/wp-json\/wp\/v2\/users\/1"}],"replies":[{"embeddable":true,"href":"https:\/\/efagundes.com\/networking\/wp-json\/wp\/v2\/comments?post=404"}],"version-history":[{"count":0,"href":"https:\/\/efagundes.com\/networking\/wp-json\/wp\/v2\/pages\/404\/revisions"}],"up":[{"embeddable":true,"href":"https:\/\/efagundes.com\/networking\/wp-json\/wp\/v2\/pages\/394"}],"wp:attachment":[{"href":"https:\/\/efagundes.com\/networking\/wp-json\/wp\/v2\/media?parent=404"}],"curies":[{"name":"wp","href":"https:\/\/api.w.org\/{rel}","templated":true}]}}